{"id":17880,"date":"2012-01-30T19:09:18","date_gmt":"2012-01-30T18:09:18","guid":{"rendered":"http:\/\/www.denkfried.de\/wp\/?page_id=17880"},"modified":"2015-11-28T14:48:15","modified_gmt":"2015-11-28T13:48:15","slug":"parochialkirche","status":"publish","type":"page","link":"http:\/\/www.denkfried.de\/wp\/?page_id=17880","title":{"rendered":"Parochialkirche"},"content":{"rendered":"<p>&nbsp;<\/p>\n<p><strong>Berlin Mitte<\/strong> &#8211; Parochialkirche, Klosterstra\u00dfe<\/p>\n<p>BBericht und Bilder von Thomas\u00a0<a href=\"http:\/\/g-bb.jimdo.com\/\">Gefallenendenkm\u00e4ler Berlin\/Brandenburg<\/a><\/p>\n<div id='gallery-1' class='gallery galleryid-17880 gallery-columns-4 gallery-size-thumbnail'><dl class='gallery-item'>\n\t\t\t<dt class='gallery-icon portrait'>\n\t\t\t\t<a href='http:\/\/www.denkfried.de\/wp\/?attachment_id=17886'><img loading=\"lazy\" decoding=\"async\" width=\"150\" height=\"150\" src=\"http:\/\/www.denkfried.de\/wp\/wp-content\/uploads\/2012\/01\/DSCF0071-150x150.jpg\" class=\"attachment-thumbnail size-thumbnail\" alt=\"\" \/><\/a>\n\t\t\t<\/dt><\/dl><dl class='gallery-item'>\n\t\t\t<dt class='gallery-icon landscape'>\n\t\t\t\t<a href='http:\/\/www.denkfried.de\/wp\/?attachment_id=17883'><img loading=\"lazy\" decoding=\"async\" width=\"150\" height=\"150\" src=\"http:\/\/www.denkfried.de\/wp\/wp-content\/uploads\/2012\/01\/1813-Tafel-Bild-3-150x150.jpg\" class=\"attachment-thumbnail size-thumbnail\" alt=\"\" \/><\/a>\n\t\t\t<\/dt><\/dl><dl class='gallery-item'>\n\t\t\t<dt class='gallery-icon landscape'>\n\t\t\t\t<a href='http:\/\/www.denkfried.de\/wp\/?attachment_id=17885'><img loading=\"lazy\" decoding=\"async\" width=\"150\" height=\"150\" src=\"http:\/\/www.denkfried.de\/wp\/wp-content\/uploads\/2012\/01\/DSCF0066-150x150.jpg\" class=\"attachment-thumbnail size-thumbnail\" alt=\"\" \/><\/a>\n\t\t\t<\/dt><\/dl><dl class='gallery-item'>\n\t\t\t<dt class='gallery-icon portrait'>\n\t\t\t\t<a href='http:\/\/www.denkfried.de\/wp\/?attachment_id=17884'><img loading=\"lazy\" decoding=\"async\" width=\"150\" height=\"150\" src=\"http:\/\/www.denkfried.de\/wp\/wp-content\/uploads\/2012\/01\/DSCF0064-150x150.jpg\" class=\"attachment-thumbnail size-thumbnail\" alt=\"\" \/><\/a>\n\t\t\t<\/dt><\/dl><br style=\"clear: both\" \/>\n\t\t<\/div>\n\n<p>Die Kirche ist \u00e4u\u00dferlich wieder hergestellt. Nach dem sie am 24. Mai 1944 durch Brandbomben im Innenraum vollst\u00e4ndig ausbrannte.<\/p>\n<p><span style=\"text-decoration: underline;\"><strong>Gedenktafel<\/strong><\/span> in der Eingangshalle der Kirche<\/p>\n<p style=\"text-align: center;\"><em><strong>Aus dieser Gemeinde starben f\u00fcr K\u00f6nig und Vaterland<\/strong><\/em><\/p>\n<p style=\"text-align: center;\"><em><strong>im Freiheitskriege 1813-14<\/strong><\/em><\/p>\n<p>\u00dcber der Tafel aus Marmor mit den Namen, ist ein Eisernes Kreuz angebracht. Dar\u00fcber eingearbeitet, ein Helm mit Adler und ein Schwert.<\/p>\n<p><span style=\"color: #000000; font-size: large;\"><span style=\"color: #000000; font-size: large;\"><span style=\"color: #000000; font-size: large;\">Adler Carl-Friedrich \u2020 27.08.1813 bei Beelitz t\u00f6dlich verwundet<br \/>\n<span style=\"color: #000000; font-size: large;\">Graul August-Ludwig-Carl \u2020 22.11.1813 bei Leipzig t\u00f6dlich verwundet<br \/>\n<span style=\"color: #000000; font-size: large;\">Pichon Carl \u2020 16.09.1813 bei Goerde geblieben<br \/>\n<span style=\"color: #000000; font-size: large;\">Rosenstiel Ernst-Friedrich \u2020 21.05.1813 bei Gross-G\u00f6rschen t\u00f6dlich verwundet<br \/>\n<span style=\"color: #000000; font-size: large;\">Schmidt Joh.-Georg-Friedr. \u2020 24.04.1814 bei Montmartre t\u00f6dlich verwundet<br \/>\n<span style=\"color: #000000; font-size: large;\">Welper Carl \u2020 13.10.1813 bei M\u00f6ckern geblieben<br \/>\n<\/span><\/span><\/span><\/span><\/span><\/span><\/span><\/span><\/p>\n<p><span style=\"text-decoration: underline;\"><strong>Kriegsgrab 1939-1945<\/strong><\/span><\/p>\n<p>Auf dem Kirchhof sind zwei Kriegsgr\u00e4ber, es sind auch die letzten hier beigesetzten. Ein Gedenkkreuz eines Gefallenen wurde auch dokumentiert.<\/p>\n<p>Die Namen wurden in die Datenbank eingepflegt.<\/p>\n","protected":false},"excerpt":{"rendered":"<p>&nbsp; Berlin Mitte &#8211; Parochialkirche, Klosterstra\u00dfe BBericht und Bilder von Thomas\u00a0Gefallenendenkm\u00e4ler Berlin\/Brandenburg Die Kirche ist \u00e4u\u00dferlich wieder hergestellt. Nach dem sie am 24. Mai 1944 durch Brandbomben im Innenraum vollst\u00e4ndig ausbrannte. Gedenktafel in der Eingangshalle der Kirche Aus dieser Gemeinde &hellip; <a href=\"http:\/\/www.denkfried.de\/wp\/?page_id=17880\">Weiterlesen <span class=\"meta-nav\">&rarr;<\/span><\/a><\/p>\n","protected":false},"author":9,"featured_media":0,"parent":15729,"menu_order":0,"comment_status":"closed","ping_status":"open","template":"","meta":{"footnotes":""},"class_list":["post-17880","page","type-page","status-publish","hentry"],"_links":{"self":[{"href":"http:\/\/www.denkfried.de\/wp\/index.php?rest_route=\/wp\/v2\/pages\/17880","targetHints":{"allow":["GET"]}}],"collection":[{"href":"http:\/\/www.denkfried.de\/wp\/index.php?rest_route=\/wp\/v2\/pages"}],"about":[{"href":"http:\/\/www.denkfried.de\/wp\/index.php?rest_route=\/wp\/v2\/types\/page"}],"author":[{"embeddable":true,"href":"http:\/\/www.denkfried.de\/wp\/index.php?rest_route=\/wp\/v2\/users\/9"}],"replies":[{"embeddable":true,"href":"http:\/\/www.denkfried.de\/wp\/index.php?rest_route=%2Fwp%2Fv2%2Fcomments&post=17880"}],"version-history":[{"count":10,"href":"http:\/\/www.denkfried.de\/wp\/index.php?rest_route=\/wp\/v2\/pages\/17880\/revisions"}],"predecessor-version":[{"id":39549,"href":"http:\/\/www.denkfried.de\/wp\/index.php?rest_route=\/wp\/v2\/pages\/17880\/revisions\/39549"}],"up":[{"embeddable":true,"href":"http:\/\/www.denkfried.de\/wp\/index.php?rest_route=\/wp\/v2\/pages\/15729"}],"wp:attachment":[{"href":"http:\/\/www.denkfried.de\/wp\/index.php?rest_route=%2Fwp%2Fv2%2Fmedia&parent=17880"}],"curies":[{"name":"wp","href":"https:\/\/api.w.org\/{rel}","templated":true}]}}