{"id":1775,"date":"2011-04-09T22:20:39","date_gmt":"2011-04-09T20:20:39","guid":{"rendered":"http:\/\/www.denkfried.de\/wp\/?page_id=1775"},"modified":"2011-04-09T22:20:39","modified_gmt":"2011-04-09T20:20:39","slug":"siemianowice","status":"publish","type":"page","link":"http:\/\/www.denkfried.de\/wp\/?page_id=1775","title":{"rendered":"SIEMIANOWICE"},"content":{"rendered":"<p>&nbsp;<\/p>\n<p><span style=\"text-decoration: underline; color: #ff0000;\"><strong>Siemianowice<\/strong><\/span> (Laurah\u00fctte)<\/p>\n<p>Die Anlage der Kriegsgr\u00e4berst\u00e4tte wurde am 10.10.1998 der \u00d6ffentlichkeit \u00fcbergeben.<br \/>\nInsgesamt bietet sie Platz f\u00fcr rund 40.000 Tote. Bisher sind 28.000 Deutsche hier bestattet.<\/p>\n<p>&nbsp;<\/p>\n","protected":false},"excerpt":{"rendered":"<p>&nbsp; Siemianowice (Laurah\u00fctte) Die Anlage der Kriegsgr\u00e4berst\u00e4tte wurde am 10.10.1998 der \u00d6ffentlichkeit \u00fcbergeben. Insgesamt bietet sie Platz f\u00fcr rund 40.000 Tote. Bisher sind 28.000 Deutsche hier bestattet. &nbsp;<\/p>\n","protected":false},"author":2,"featured_media":0,"parent":331,"menu_order":0,"comment_status":"closed","ping_status":"open","template":"","meta":{"footnotes":""},"class_list":["post-1775","page","type-page","status-publish","hentry"],"_links":{"self":[{"href":"http:\/\/www.denkfried.de\/wp\/index.php?rest_route=\/wp\/v2\/pages\/1775","targetHints":{"allow":["GET"]}}],"collection":[{"href":"http:\/\/www.denkfried.de\/wp\/index.php?rest_route=\/wp\/v2\/pages"}],"about":[{"href":"http:\/\/www.denkfried.de\/wp\/index.php?rest_route=\/wp\/v2\/types\/page"}],"author":[{"embeddable":true,"href":"http:\/\/www.denkfried.de\/wp\/index.php?rest_route=\/wp\/v2\/users\/2"}],"replies":[{"embeddable":true,"href":"http:\/\/www.denkfried.de\/wp\/index.php?rest_route=%2Fwp%2Fv2%2Fcomments&post=1775"}],"version-history":[{"count":2,"href":"http:\/\/www.denkfried.de\/wp\/index.php?rest_route=\/wp\/v2\/pages\/1775\/revisions"}],"predecessor-version":[{"id":1777,"href":"http:\/\/www.denkfried.de\/wp\/index.php?rest_route=\/wp\/v2\/pages\/1775\/revisions\/1777"}],"up":[{"embeddable":true,"href":"http:\/\/www.denkfried.de\/wp\/index.php?rest_route=\/wp\/v2\/pages\/331"}],"wp:attachment":[{"href":"http:\/\/www.denkfried.de\/wp\/index.php?rest_route=%2Fwp%2Fv2%2Fmedia&parent=1775"}],"curies":[{"name":"wp","href":"https:\/\/api.w.org\/{rel}","templated":true}]}}