{"id":1772,"date":"2011-04-09T22:19:18","date_gmt":"2011-04-09T20:19:18","guid":{"rendered":"http:\/\/www.denkfried.de\/wp\/?page_id=1772"},"modified":"2011-04-09T22:19:18","modified_gmt":"2011-04-09T20:19:18","slug":"gdansk","status":"publish","type":"page","link":"http:\/\/www.denkfried.de\/wp\/?page_id=1772","title":{"rendered":"GDANSK"},"content":{"rendered":"<p>&nbsp;<\/p>\n<p><span style=\"text-decoration: underline; color: #ff0000;\"><strong>80-803 Gdansk<\/strong><\/span><\/p>\n<p><strong>DENKMAL<\/strong><br \/>\nzur Erinnerung an die Kindertransporte.<br \/>\nDie  Skulptur stellt eine Kindergruppe dar, die auf einem Bahnsteig warten  um die Reise nach England anzutreten. 100 Kinder aus Danzig wurden so  nach England gebracht.<br \/>\nDer Sch\u00f6pfer des Bronzedenkmals ist der  Bildhauer Frank Meisler, geboren in Danzig und geh\u00f6rte der Kindergruppe  an die nach England &#8222;verschickt&#8220; wurden.<\/p>\n<hr \/>\n<p>In Danzig gibt es ein Denkmal f\u00fcr die Friedh\u00f6fe die nicht mehr bestehen.<br \/>\nDAS DENKMAL &#8211; FRIEDHOF DER NICHT MEHR BESTEHENDEN FRIEDH\u00d6FE<br \/>\nEs ist den zerst\u00f6rten Friedh\u00f6fen gewidmet die im Kriege und durch sp\u00e4tere Ideologie vernichtet wurden.<br \/>\nDas Denkmal befindet sich an der Fronleichnamskirche.<\/p>\n<hr \/>\n<p>DENKMAL<br \/>\nf\u00fcr  die 50 Mitarbeiter der Polnischen Post, die am ersten Kriegstag  versucht hatten das Geb\u00e4ude vor den Angriffen der Deutschen zu  verteidigen.<\/p>\n<hr \/>\n<p>DENKMAL<br \/>\nf\u00fcr die polnischen Verteidiger der Westernplatte.<\/p>\n","protected":false},"excerpt":{"rendered":"<p>&nbsp; 80-803 Gdansk DENKMAL zur Erinnerung an die Kindertransporte. Die Skulptur stellt eine Kindergruppe dar, die auf einem Bahnsteig warten um die Reise nach England anzutreten. 100 Kinder aus Danzig wurden so nach England gebracht. Der Sch\u00f6pfer des Bronzedenkmals ist &hellip; <a href=\"http:\/\/www.denkfried.de\/wp\/?page_id=1772\">Weiterlesen <span class=\"meta-nav\">&rarr;<\/span><\/a><\/p>\n","protected":false},"author":2,"featured_media":0,"parent":331,"menu_order":0,"comment_status":"closed","ping_status":"open","template":"","meta":{"footnotes":""},"class_list":["post-1772","page","type-page","status-publish","hentry"],"_links":{"self":[{"href":"http:\/\/www.denkfried.de\/wp\/index.php?rest_route=\/wp\/v2\/pages\/1772","targetHints":{"allow":["GET"]}}],"collection":[{"href":"http:\/\/www.denkfried.de\/wp\/index.php?rest_route=\/wp\/v2\/pages"}],"about":[{"href":"http:\/\/www.denkfried.de\/wp\/index.php?rest_route=\/wp\/v2\/types\/page"}],"author":[{"embeddable":true,"href":"http:\/\/www.denkfried.de\/wp\/index.php?rest_route=\/wp\/v2\/users\/2"}],"replies":[{"embeddable":true,"href":"http:\/\/www.denkfried.de\/wp\/index.php?rest_route=%2Fwp%2Fv2%2Fcomments&post=1772"}],"version-history":[{"count":2,"href":"http:\/\/www.denkfried.de\/wp\/index.php?rest_route=\/wp\/v2\/pages\/1772\/revisions"}],"predecessor-version":[{"id":1774,"href":"http:\/\/www.denkfried.de\/wp\/index.php?rest_route=\/wp\/v2\/pages\/1772\/revisions\/1774"}],"up":[{"embeddable":true,"href":"http:\/\/www.denkfried.de\/wp\/index.php?rest_route=\/wp\/v2\/pages\/331"}],"wp:attachment":[{"href":"http:\/\/www.denkfried.de\/wp\/index.php?rest_route=%2Fwp%2Fv2%2Fmedia&parent=1772"}],"curies":[{"name":"wp","href":"https:\/\/api.w.org\/{rel}","templated":true}]}}