{"id":17515,"date":"2012-01-20T21:23:00","date_gmt":"2012-01-20T20:23:00","guid":{"rendered":"http:\/\/www.denkfried.de\/wp\/?page_id=17515"},"modified":"2013-08-02T21:41:41","modified_gmt":"2013-08-02T19:41:41","slug":"kriegsgraberstatte","status":"publish","type":"page","link":"http:\/\/www.denkfried.de\/wp\/?page_id=17515","title":{"rendered":"&#8211; Gedenkst\u00e4tte"},"content":{"rendered":"<p>&nbsp;<\/p>\n<p><span style=\"text-decoration: underline;\">14469 Potsdam &#8211; <strong>Bornstedt <\/strong><\/span><\/p>\n<p>Gedenkst\u00e4tte Eichenallee<\/p>\n<p>Bericht und Bilder von Thomas <a href=\"http:\/\/potsdamer-ehrenmale.de.tl\/Hauptseite.htm\">Potsdamer-Ehrenmale.de<\/a><\/p>\n<div id='gallery-1' class='gallery galleryid-17515 gallery-columns-3 gallery-size-thumbnail'><dl class='gallery-item'>\n\t\t\t<dt class='gallery-icon landscape'>\n\t\t\t\t<a href='http:\/\/www.denkfried.de\/wp\/?attachment_id=17519'><img loading=\"lazy\" decoding=\"async\" width=\"150\" height=\"150\" src=\"http:\/\/www.denkfried.de\/wp\/wp-content\/uploads\/2012\/01\/2-150x150.jpg\" class=\"attachment-thumbnail size-thumbnail\" alt=\"\" \/><\/a>\n\t\t\t<\/dt><\/dl><dl class='gallery-item'>\n\t\t\t<dt class='gallery-icon landscape'>\n\t\t\t\t<a href='http:\/\/www.denkfried.de\/wp\/?attachment_id=17521'><img loading=\"lazy\" decoding=\"async\" width=\"150\" height=\"150\" src=\"http:\/\/www.denkfried.de\/wp\/wp-content\/uploads\/2012\/01\/4-150x150.jpg\" class=\"attachment-thumbnail size-thumbnail\" alt=\"\" \/><\/a>\n\t\t\t<\/dt><\/dl><dl class='gallery-item'>\n\t\t\t<dt class='gallery-icon portrait'>\n\t\t\t\t<a href='http:\/\/www.denkfried.de\/wp\/?attachment_id=17520'><img loading=\"lazy\" decoding=\"async\" width=\"150\" height=\"150\" src=\"http:\/\/www.denkfried.de\/wp\/wp-content\/uploads\/2012\/01\/3-150x150.jpg\" class=\"attachment-thumbnail size-thumbnail\" alt=\"\" \/><\/a>\n\t\t\t<\/dt><\/dl><br style=\"clear: both\" \/><dl class='gallery-item'>\n\t\t\t<dt class='gallery-icon landscape'>\n\t\t\t\t<a href='http:\/\/www.denkfried.de\/wp\/?attachment_id=17522'><img loading=\"lazy\" decoding=\"async\" width=\"150\" height=\"150\" src=\"http:\/\/www.denkfried.de\/wp\/wp-content\/uploads\/2012\/01\/6-150x150.jpg\" class=\"attachment-thumbnail size-thumbnail\" alt=\"\" \/><\/a>\n\t\t\t<\/dt><\/dl><dl class='gallery-item'>\n\t\t\t<dt class='gallery-icon landscape'>\n\t\t\t\t<a href='http:\/\/www.denkfried.de\/wp\/?attachment_id=17523'><img loading=\"lazy\" decoding=\"async\" width=\"150\" height=\"150\" src=\"http:\/\/www.denkfried.de\/wp\/wp-content\/uploads\/2012\/01\/8-150x150.jpg\" class=\"attachment-thumbnail size-thumbnail\" alt=\"\" \/><\/a>\n\t\t\t<\/dt><\/dl><dl class='gallery-item'>\n\t\t\t<dt class='gallery-icon landscape'>\n\t\t\t\t<a href='http:\/\/www.denkfried.de\/wp\/?attachment_id=17560'><img loading=\"lazy\" decoding=\"async\" width=\"150\" height=\"150\" src=\"http:\/\/www.denkfried.de\/wp\/wp-content\/uploads\/2012\/01\/PICT0004-150x150.jpg\" class=\"attachment-thumbnail size-thumbnail\" alt=\"\" \/><\/a>\n\t\t\t<\/dt><\/dl><br style=\"clear: both\" \/>\n\t\t<\/div>\n\n<p><span style=\"text-decoration: underline;\"><strong>Gedenkanlage f\u00fcr die Gefallenen S\u00f6hne Bornstedts<\/strong><\/span><\/p>\n<p>Der Eingang befindet sich an der Eichenallee, mit der Eingliederung Bornstedt 1936 zu Potsdam, wurde vom Oberb\u00fcrgermeister Friedrichs die Leitung \u00fcbernommen.\u00a0Angrenzend an dem Bornstedter Friedhof, seitlich der Kirche.\u00a0\u00a0Rechts neben dem Eingang befindet sich ein Kriegerdenkmal. Das Denkmal wurde 1935\/36 in Auftrag gegeben, im Juni 1937 war die komplette Anlage fertiggestellt. Das Denkmal wurde vom Bildhauer W.E. Lemcke errichtet, auf einem Betonsockel ist eine liegen Bronzefigur.<\/p>\n<p>Der Mauer gegen\u00fcber liegend, 60 Gedenksteine, angefertigt aus wetterfestem Coltaer Sandstein. Die Anlage ist ledeglich eine Gedenkanlage, und keine Gr\u00e4ber. Die Schrift ist heut nur schwer lesbar, die Gefallenen sind auf zwei Gedenktafeln niedergeschrieben, welche in der Dorfkirche h\u00e4ngen. Eine kleine Einweihungsfeier der Anlage, fand am Sonntag dem 5. September 1937 statt.<\/p>\n<p>Die Namen werden in die Datenbanken eingepflegt.<\/p>\n","protected":false},"excerpt":{"rendered":"<p>&nbsp; 14469 Potsdam &#8211; Bornstedt Gedenkst\u00e4tte Eichenallee Bericht und Bilder von Thomas Potsdamer-Ehrenmale.de Gedenkanlage f\u00fcr die Gefallenen S\u00f6hne Bornstedts Der Eingang befindet sich an der Eichenallee, mit der Eingliederung Bornstedt 1936 zu Potsdam, wurde vom Oberb\u00fcrgermeister Friedrichs die Leitung \u00fcbernommen.\u00a0Angrenzend &hellip; <a href=\"http:\/\/www.denkfried.de\/wp\/?page_id=17515\">Weiterlesen <span class=\"meta-nav\">&rarr;<\/span><\/a><\/p>\n","protected":false},"author":9,"featured_media":0,"parent":17508,"menu_order":0,"comment_status":"closed","ping_status":"open","template":"","meta":{"footnotes":""},"class_list":["post-17515","page","type-page","status-publish","hentry"],"_links":{"self":[{"href":"http:\/\/www.denkfried.de\/wp\/index.php?rest_route=\/wp\/v2\/pages\/17515","targetHints":{"allow":["GET"]}}],"collection":[{"href":"http:\/\/www.denkfried.de\/wp\/index.php?rest_route=\/wp\/v2\/pages"}],"about":[{"href":"http:\/\/www.denkfried.de\/wp\/index.php?rest_route=\/wp\/v2\/types\/page"}],"author":[{"embeddable":true,"href":"http:\/\/www.denkfried.de\/wp\/index.php?rest_route=\/wp\/v2\/users\/9"}],"replies":[{"embeddable":true,"href":"http:\/\/www.denkfried.de\/wp\/index.php?rest_route=%2Fwp%2Fv2%2Fcomments&post=17515"}],"version-history":[{"count":10,"href":"http:\/\/www.denkfried.de\/wp\/index.php?rest_route=\/wp\/v2\/pages\/17515\/revisions"}],"predecessor-version":[{"id":17517,"href":"http:\/\/www.denkfried.de\/wp\/index.php?rest_route=\/wp\/v2\/pages\/17515\/revisions\/17517"}],"up":[{"embeddable":true,"href":"http:\/\/www.denkfried.de\/wp\/index.php?rest_route=\/wp\/v2\/pages\/17508"}],"wp:attachment":[{"href":"http:\/\/www.denkfried.de\/wp\/index.php?rest_route=%2Fwp%2Fv2%2Fmedia&parent=17515"}],"curies":[{"name":"wp","href":"https:\/\/api.w.org\/{rel}","templated":true}]}}