{"id":1702,"date":"2011-04-09T18:24:03","date_gmt":"2011-04-09T16:24:03","guid":{"rendered":"http:\/\/www.denkfried.de\/wp\/?page_id=1702"},"modified":"2011-05-16T15:36:57","modified_gmt":"2011-05-16T13:36:57","slug":"luxemburg-hamm","status":"publish","type":"page","link":"http:\/\/www.denkfried.de\/wp\/?page_id=1702","title":{"rendered":"LUXEMBURG-HAMM"},"content":{"rendered":"<p>&nbsp;<\/p>\n<p><strong><span style=\"text-decoration: underline; color: #ff0000;\">Luxemburg-Hamm<\/span> (Stadt)<\/strong><\/p>\n<p>In Hamm befindet sich ein amerikanischer Soldatenfriedhof (Luxembourg  American Cemetery and Memorial) mit 5.076 Gefallenen des Zweiten  Weltkriegs, unter ihnen auch General George S. Patton jr.<\/p>\n<p style=\"text-align: justify;\"><span style=\"text-decoration: underline;\">Aus dem Reisebericht von Hubert M. :<\/span><\/p>\n<p style=\"text-align: justify;\">Auf der Heimreise unserer Tour durch Frankreich u.Belgien besuchten wir auch den Amerikanischen Friedhof Luxemburg-Hamm.<br \/>\nDer  Friedhof liegt an der Val du Scheid 50 und erstreckt sich \u00fcber 20  Hektar und liegt an einer gro\u00dfen\u00a0 Lichtung. Er ist einer von 14  amerikanischen Friedh\u00f6fen des Zweiten Weltkrieges die im Ausland  angelegt wurden. Ein provisorischer Friedhof wurde hier am 29.Dezember  1944 angelegt.<\/p>\n<p style=\"text-align: justify;\">Die Anlage wird betreten durch ein hohes Tor am  Nordostrand mit eisengeschmiedeten Fl\u00fcgeln, die mit vergoldeten  Lorbeerkr\u00e4nzen als Symbol der Tapferkeit geschm\u00fcckt sind und von denen  jeder \u00fcber eine Tonne wiegt.<br \/>\nEin kurzer, breiter Weg f\u00fchrt vom  Eingang am Empfangsgeb\u00e4ude vorbei zum Denkmal und m\u00fcndet in den  gepflasterten Weg ein, der die Kapelle umkreist. Das Denkmal besteht aus  der hohen, rechteckigen Kapelle sowie der Terrasse oberhalb der  Grabparzellen. Die Mauern tragen gro\u00dfe Landkarten mit den  Kriegsgeschehen in diesem Teil Europas. Die Kapelle ist aus wei\u00dfem  Valore Stein aus dem franz.Juragebirge und etwa 15m hoch. Auf ihrer  Ostwand, dem Haupteingang zugekehrt, steht eine Skulptur des Wappens der  USA. Darunter ist eingraviert: &#8222;IN STOLZER ERINNERUNG AN DIE TATEN IHRER  S\u00d6HNE UND ALS BESCHEIDENE ANERKENNUNG VON IHREM OPFER HABEN DIE  VEREINIGTEN STAATEN VON AMERIKA DIESES DENKMAL ERRICHTET&#8220;.<br \/>\nAuf den  Gr\u00e4berfeldern jenseits der Terasse befinden sich die sterblichen  \u00dcberreste von 5076 amerikanischen Kriegstoten. Sie kamen aus 50 Staaten  und dem Distrikt von Columbia. In 22 F\u00e4llen sind zwei Br\u00fcder  nebeneinander begraben,w\u00e4hrend 101 Gr\u00e4ber unbekannte Leichname  enthalten. Unter ihnen ruht auch eine einzige Frau, eine  Krankenschwester. Die Architekten des Friedhofs und das Denkmal waren  Keally und Patterson aus New York City. Der Bau des Friedhofs wurde 1960  vollendet und am 4.Juli 1960 eingeweiht.<\/p>\n<div id='gallery-1' class='gallery galleryid-1702 gallery-columns-4 gallery-size-thumbnail'><dl class='gallery-item'>\n\t\t\t<dt class='gallery-icon portrait'>\n\t\t\t\t<a href='http:\/\/www.denkfried.de\/wp\/?attachment_id=1704'><img loading=\"lazy\" decoding=\"async\" width=\"150\" height=\"150\" src=\"http:\/\/www.denkfried.de\/wp\/wp-content\/uploads\/2011\/04\/Soldatenfriedhof-U.S.Hamm-Grablage-Krankenschwester-01-150x150.jpg\" class=\"attachment-thumbnail size-thumbnail\" alt=\"\" \/><\/a>\n\t\t\t<\/dt><\/dl><dl class='gallery-item'>\n\t\t\t<dt class='gallery-icon portrait'>\n\t\t\t\t<a href='http:\/\/www.denkfried.de\/wp\/?attachment_id=1710'><img loading=\"lazy\" decoding=\"async\" width=\"150\" height=\"150\" src=\"http:\/\/www.denkfried.de\/wp\/wp-content\/uploads\/2011\/04\/U.S.Hamm-Kriegerkapelle-003-150x150.jpg\" class=\"attachment-thumbnail size-thumbnail\" alt=\"\" \/><\/a>\n\t\t\t<\/dt><\/dl><dl class='gallery-item'>\n\t\t\t<dt class='gallery-icon landscape'>\n\t\t\t\t<a href='http:\/\/www.denkfried.de\/wp\/?attachment_id=1709'><img loading=\"lazy\" decoding=\"async\" width=\"150\" height=\"150\" src=\"http:\/\/www.denkfried.de\/wp\/wp-content\/uploads\/2011\/04\/U.S.Hamm-Karte-Ardennenoffensive-002-150x150.jpg\" class=\"attachment-thumbnail size-thumbnail\" alt=\"\" \/><\/a>\n\t\t\t<\/dt><\/dl><dl class='gallery-item'>\n\t\t\t<dt class='gallery-icon portrait'>\n\t\t\t\t<a href='http:\/\/www.denkfried.de\/wp\/?attachment_id=1708'><img loading=\"lazy\" decoding=\"async\" width=\"150\" height=\"150\" src=\"http:\/\/www.denkfried.de\/wp\/wp-content\/uploads\/2011\/04\/U.S.Hamm-Grablage-Georg-S.Patton-JR.009-150x150.jpg\" class=\"attachment-thumbnail size-thumbnail\" alt=\"\" \/><\/a>\n\t\t\t<\/dt><\/dl><br style=\"clear: both\" \/><dl class='gallery-item'>\n\t\t\t<dt class='gallery-icon landscape'>\n\t\t\t\t<a href='http:\/\/www.denkfried.de\/wp\/?attachment_id=1705'><img loading=\"lazy\" decoding=\"async\" width=\"150\" height=\"150\" src=\"http:\/\/www.denkfried.de\/wp\/wp-content\/uploads\/2011\/04\/U.S.-Hamm-Ansicht-Gr\u00e4berfeld-004-150x150.jpg\" class=\"attachment-thumbnail size-thumbnail\" alt=\"\" \/><\/a>\n\t\t\t<\/dt><\/dl><dl class='gallery-item'>\n\t\t\t<dt class='gallery-icon landscape'>\n\t\t\t\t<a href='http:\/\/www.denkfried.de\/wp\/?attachment_id=1707'><img loading=\"lazy\" decoding=\"async\" width=\"150\" height=\"150\" src=\"http:\/\/www.denkfried.de\/wp\/wp-content\/uploads\/2011\/04\/U.S.Hamm-Gr\u00e4berfeld-006-150x150.jpg\" class=\"attachment-thumbnail size-thumbnail\" alt=\"\" \/><\/a>\n\t\t\t<\/dt><\/dl><dl class='gallery-item'>\n\t\t\t<dt class='gallery-icon landscape'>\n\t\t\t\t<a href='http:\/\/www.denkfried.de\/wp\/?attachment_id=1703'><img loading=\"lazy\" decoding=\"async\" width=\"150\" height=\"150\" src=\"http:\/\/www.denkfried.de\/wp\/wp-content\/uploads\/2011\/04\/U.S.Hamm-linkes-Gr\u00e4berfeld-008-150x150.jpg\" class=\"attachment-thumbnail size-thumbnail\" alt=\"\" \/><\/a>\n\t\t\t<\/dt><\/dl><dl class='gallery-item'>\n\t\t\t<dt class='gallery-icon landscape'>\n\t\t\t\t<a href='http:\/\/www.denkfried.de\/wp\/?attachment_id=1706'><img loading=\"lazy\" decoding=\"async\" width=\"150\" height=\"150\" src=\"http:\/\/www.denkfried.de\/wp\/wp-content\/uploads\/2011\/04\/U.S.Hamm-Eingang-001-150x150.jpg\" class=\"attachment-thumbnail size-thumbnail\" alt=\"\" \/><\/a>\n\t\t\t<\/dt><\/dl><br style=\"clear: both\" \/>\n\t\t<\/div>\n\n","protected":false},"excerpt":{"rendered":"<p>&nbsp; Luxemburg-Hamm (Stadt) In Hamm befindet sich ein amerikanischer Soldatenfriedhof (Luxembourg American Cemetery and Memorial) mit 5.076 Gefallenen des Zweiten Weltkriegs, unter ihnen auch General George S. Patton jr. Aus dem Reisebericht von Hubert M. : Auf der Heimreise unserer &hellip; <a href=\"http:\/\/www.denkfried.de\/wp\/?page_id=1702\">Weiterlesen <span class=\"meta-nav\">&rarr;<\/span><\/a><\/p>\n","protected":false},"author":2,"featured_media":0,"parent":313,"menu_order":0,"comment_status":"closed","ping_status":"open","template":"","meta":{"footnotes":""},"class_list":["post-1702","page","type-page","status-publish","hentry"],"_links":{"self":[{"href":"http:\/\/www.denkfried.de\/wp\/index.php?rest_route=\/wp\/v2\/pages\/1702","targetHints":{"allow":["GET"]}}],"collection":[{"href":"http:\/\/www.denkfried.de\/wp\/index.php?rest_route=\/wp\/v2\/pages"}],"about":[{"href":"http:\/\/www.denkfried.de\/wp\/index.php?rest_route=\/wp\/v2\/types\/page"}],"author":[{"embeddable":true,"href":"http:\/\/www.denkfried.de\/wp\/index.php?rest_route=\/wp\/v2\/users\/2"}],"replies":[{"embeddable":true,"href":"http:\/\/www.denkfried.de\/wp\/index.php?rest_route=%2Fwp%2Fv2%2Fcomments&post=1702"}],"version-history":[{"count":4,"href":"http:\/\/www.denkfried.de\/wp\/index.php?rest_route=\/wp\/v2\/pages\/1702\/revisions"}],"predecessor-version":[{"id":1713,"href":"http:\/\/www.denkfried.de\/wp\/index.php?rest_route=\/wp\/v2\/pages\/1702\/revisions\/1713"}],"up":[{"embeddable":true,"href":"http:\/\/www.denkfried.de\/wp\/index.php?rest_route=\/wp\/v2\/pages\/313"}],"wp:attachment":[{"href":"http:\/\/www.denkfried.de\/wp\/index.php?rest_route=%2Fwp%2Fv2%2Fmedia&parent=1702"}],"curies":[{"name":"wp","href":"https:\/\/api.w.org\/{rel}","templated":true}]}}