{"id":16845,"date":"2011-12-30T11:08:53","date_gmt":"2011-12-30T10:08:53","guid":{"rendered":"http:\/\/www.denkfried.de\/wp\/?page_id=16845"},"modified":"2012-01-09T21:46:04","modified_gmt":"2012-01-09T20:46:04","slug":"jagervorstadt","status":"publish","type":"page","link":"http:\/\/www.denkfried.de\/wp\/?page_id=16845","title":{"rendered":"J\u00e4gervorstadt"},"content":{"rendered":"<p>&nbsp;<\/p>\n<p>Die\u00a0<strong>J\u00e4gervorstadt<\/strong>\u00a0geh\u00f6rte, wie alle anderen Vorst\u00e4dte \u2013 au\u00dfer der\u00a0Teltower Vorstadt\u00a0\u2013 bereits im\u00a018. Jahrhundert\u00a0zu\u00a0Potsdam. Sie liegt n\u00f6rdlich der\u00a0Hegelallee\u00a0und wird im Osten durch die\u00a0J\u00e4gerallee\u00a0sowie im Westen durch den\u00a0Park Sanssouci\u00a0begrenzt. Hier befand sich die Kurf\u00fcrstliche\u00a0Fasanerie, die in dem Plan von\u00a0Johann Gregor Memhardt\u00a0aus dem Jahr 1672 bereits eingezeichnet war. Diese Fasanerie wurde sp\u00e4ter als J\u00e4gerhof genutzt und 1765 zu einer Seidenfabrik umgebaut. Ab 1826 ersetzte\u00a0Karl Friedrich Schinkel\u00a0den abgerissenen Bau durch eine\u00a0Unteroffiziersschule.<\/p>\n<p>Um die Mitte des\u00a019. Jahrhunderts\u00a0begann eine rege Baut\u00e4tigkeit. Die hier befindlichen G\u00e4rten und 12 Geb\u00e4ude wurden vornehmlich durch\u00a0Villen\u00a0und\u00a0Kasernen\u00a0ersetzt. <a href=\"http:\/\/www.potsdam-wiki.de\/index.php\/PotsdamWiki:Hauptseite\">(Potsdam-Wiki)<\/a><\/p>\n<p>&nbsp;<\/p>\n<ul>\n<li><a href=\"http:\/\/www.denkfried.de\/wp\/?page_id=16849\">Denkmal 1. Garde-Ulanen-Regiment<\/a><\/li>\n<li><a href=\"http:\/\/www.denkfried.de\/wp\/?page_id=16351\">Denkmal 3. Garde Ulanen-Regiment<\/a><\/li>\n<li><a href=\"http:\/\/www.denkfried.de\/wp\/?page_id=4530\">Denkmal 4. Garde Feldartillerie Regiment<\/a><\/li>\n<li><a href=\"http:\/\/www.denkfried.de\/wp\/?page_id=15325\">Gedenktafel Viktoria-Gym. (heute Helmholtzschule)<\/a><\/li>\n<\/ul>\n","protected":false},"excerpt":{"rendered":"<p>&nbsp; Die\u00a0J\u00e4gervorstadt\u00a0geh\u00f6rte, wie alle anderen Vorst\u00e4dte \u2013 au\u00dfer der\u00a0Teltower Vorstadt\u00a0\u2013 bereits im\u00a018. Jahrhundert\u00a0zu\u00a0Potsdam. Sie liegt n\u00f6rdlich der\u00a0Hegelallee\u00a0und wird im Osten durch die\u00a0J\u00e4gerallee\u00a0sowie im Westen durch den\u00a0Park Sanssouci\u00a0begrenzt. Hier befand sich die Kurf\u00fcrstliche\u00a0Fasanerie, die in dem Plan von\u00a0Johann Gregor Memhardt\u00a0aus dem &hellip; <a href=\"http:\/\/www.denkfried.de\/wp\/?page_id=16845\">Weiterlesen <span class=\"meta-nav\">&rarr;<\/span><\/a><\/p>\n","protected":false},"author":9,"featured_media":0,"parent":4652,"menu_order":0,"comment_status":"closed","ping_status":"open","template":"","meta":{"footnotes":""},"class_list":["post-16845","page","type-page","status-publish","hentry"],"_links":{"self":[{"href":"http:\/\/www.denkfried.de\/wp\/index.php?rest_route=\/wp\/v2\/pages\/16845","targetHints":{"allow":["GET"]}}],"collection":[{"href":"http:\/\/www.denkfried.de\/wp\/index.php?rest_route=\/wp\/v2\/pages"}],"about":[{"href":"http:\/\/www.denkfried.de\/wp\/index.php?rest_route=\/wp\/v2\/types\/page"}],"author":[{"embeddable":true,"href":"http:\/\/www.denkfried.de\/wp\/index.php?rest_route=\/wp\/v2\/users\/9"}],"replies":[{"embeddable":true,"href":"http:\/\/www.denkfried.de\/wp\/index.php?rest_route=%2Fwp%2Fv2%2Fcomments&post=16845"}],"version-history":[{"count":7,"href":"http:\/\/www.denkfried.de\/wp\/index.php?rest_route=\/wp\/v2\/pages\/16845\/revisions"}],"predecessor-version":[{"id":17302,"href":"http:\/\/www.denkfried.de\/wp\/index.php?rest_route=\/wp\/v2\/pages\/16845\/revisions\/17302"}],"up":[{"embeddable":true,"href":"http:\/\/www.denkfried.de\/wp\/index.php?rest_route=\/wp\/v2\/pages\/4652"}],"wp:attachment":[{"href":"http:\/\/www.denkfried.de\/wp\/index.php?rest_route=%2Fwp%2Fv2%2Fmedia&parent=16845"}],"curies":[{"name":"wp","href":"https:\/\/api.w.org\/{rel}","templated":true}]}}