{"id":16804,"date":"2011-12-29T17:09:13","date_gmt":"2011-12-29T16:09:13","guid":{"rendered":"http:\/\/www.denkfried.de\/wp\/?page_id=16804"},"modified":"2014-01-28T21:17:40","modified_gmt":"2014-01-28T20:17:40","slug":"mariendorf","status":"publish","type":"page","link":"http:\/\/www.denkfried.de\/wp\/?page_id=16804","title":{"rendered":"Mariendorf"},"content":{"rendered":"<p>&nbsp;<\/p>\n<p><strong>Mariendorf<\/strong>\u00a0ist ein\u00a0Ortsteil\u00a0im\u00a0Bezirk Tempelhof-Sch\u00f6neberg\u00a0von\u00a0Berlin, im S\u00fcden der Stadt. \u00dcberregional bekannt ist Mariendorf haupts\u00e4chlich durch seine\u00a0Trabrennbahn. Mariendorf ist gemeinsam mit dem Nachbarortsteil\u00a0Marienfelde\u00a0eine Gr\u00fcndung der\u00a0Tempelritter\u00a0mit Sitz im\u00a0Komturhof Tempelhof. (Wikipedia)<\/p>\n<p>&nbsp;<\/p>\n<ul>\n<li><a href=\"http:\/\/www.denkfried.de\/wp\/?page_id=21759\">Dreifaltigkeitskirchhof III<\/a><\/li>\n<li><a href=\"http:\/\/www.denkfried.de\/wp\/?page_id=12781\">Alt Mariendorf &#8211; Friedhof 2<\/a><\/li>\n<li><a href=\"http:\/\/www.denkfried.de\/wp\/?page_id=21745\">Ev. Kirchof Mariendorf-Ost<\/a><\/li>\n<li><a href=\"http:\/\/www.denkfried.de\/wp\/?page_id=12798\">Ev. Christus Friedhof<\/a><\/li>\n<li><a href=\"http:\/\/www.denkfried.de\/wp\/?page_id=21778\">Heilig-Kreuz Kirchhof<\/a><\/li>\n<li><a href=\"http:\/\/www.denkfried.de\/wp\/?page_id=12767\">Heidefriedhof<\/a><\/li>\n<\/ul>\n","protected":false},"excerpt":{"rendered":"<p>&nbsp; Mariendorf\u00a0ist ein\u00a0Ortsteil\u00a0im\u00a0Bezirk Tempelhof-Sch\u00f6neberg\u00a0von\u00a0Berlin, im S\u00fcden der Stadt. \u00dcberregional bekannt ist Mariendorf haupts\u00e4chlich durch seine\u00a0Trabrennbahn. Mariendorf ist gemeinsam mit dem Nachbarortsteil\u00a0Marienfelde\u00a0eine Gr\u00fcndung der\u00a0Tempelritter\u00a0mit Sitz im\u00a0Komturhof Tempelhof. (Wikipedia) &nbsp; Dreifaltigkeitskirchhof III Alt Mariendorf &#8211; Friedhof 2 Ev. Kirchof Mariendorf-Ost Ev. Christus &hellip; <a href=\"http:\/\/www.denkfried.de\/wp\/?page_id=16804\">Weiterlesen <span class=\"meta-nav\">&rarr;<\/span><\/a><\/p>\n","protected":false},"author":9,"featured_media":0,"parent":8842,"menu_order":0,"comment_status":"closed","ping_status":"open","template":"","meta":{"footnotes":""},"class_list":["post-16804","page","type-page","status-publish","hentry"],"_links":{"self":[{"href":"http:\/\/www.denkfried.de\/wp\/index.php?rest_route=\/wp\/v2\/pages\/16804","targetHints":{"allow":["GET"]}}],"collection":[{"href":"http:\/\/www.denkfried.de\/wp\/index.php?rest_route=\/wp\/v2\/pages"}],"about":[{"href":"http:\/\/www.denkfried.de\/wp\/index.php?rest_route=\/wp\/v2\/types\/page"}],"author":[{"embeddable":true,"href":"http:\/\/www.denkfried.de\/wp\/index.php?rest_route=\/wp\/v2\/users\/9"}],"replies":[{"embeddable":true,"href":"http:\/\/www.denkfried.de\/wp\/index.php?rest_route=%2Fwp%2Fv2%2Fcomments&post=16804"}],"version-history":[{"count":11,"href":"http:\/\/www.denkfried.de\/wp\/index.php?rest_route=\/wp\/v2\/pages\/16804\/revisions"}],"predecessor-version":[{"id":34002,"href":"http:\/\/www.denkfried.de\/wp\/index.php?rest_route=\/wp\/v2\/pages\/16804\/revisions\/34002"}],"up":[{"embeddable":true,"href":"http:\/\/www.denkfried.de\/wp\/index.php?rest_route=\/wp\/v2\/pages\/8842"}],"wp:attachment":[{"href":"http:\/\/www.denkfried.de\/wp\/index.php?rest_route=%2Fwp%2Fv2%2Fmedia&parent=16804"}],"curies":[{"name":"wp","href":"https:\/\/api.w.org\/{rel}","templated":true}]}}