{"id":16797,"date":"2011-12-29T17:00:31","date_gmt":"2011-12-29T16:00:31","guid":{"rendered":"http:\/\/www.denkfried.de\/wp\/?page_id=16797"},"modified":"2011-12-29T17:00:31","modified_gmt":"2011-12-29T16:00:31","slug":"friedenau","status":"publish","type":"page","link":"http:\/\/www.denkfried.de\/wp\/?page_id=16797","title":{"rendered":"Friedenau"},"content":{"rendered":"<p>&nbsp;<\/p>\n<p><strong>Friedenau<\/strong>\u00a0ist ein\u00a0Berliner\u00a0Ortsteil im\u00a0Bezirk Tempelhof-Sch\u00f6neberg. Er ist verh\u00e4ltnism\u00e4\u00dfig zentral gelegen (bis zur\u00a0City West\u00a0sind es rund drei Kilometer) und wird unter anderem durch die\u00a0Rhein-\u00a0und\u00a0Hauptstra\u00dfe\u00a0als Einkaufsmeilen gepr\u00e4gt. Gleichzeitig haben die vielen kleinen und teilweise engen Wohnstra\u00dfen mit ihren Vorg\u00e4rten und zahlreichen Stra\u00dfenb\u00e4umen sowie den alten H\u00e4usern mit einer vergleichsweise hohen\u00a0Baudenkmaldichte\u00a0einen ruhigen Charakter. Eine Besonderheit des Ortsteils liegt in der seinerzeitigen Planung durch die teilweise hufeisenf\u00f6rmige Aufteilung der Stra\u00dfen. Der Ortsteil ist einer der fl\u00e4chenm\u00e4\u00dfig kleinsten und der am dichtesten besiedelte unter den 95 Ortsteilen Berlins. (Wikipedia)<\/p>\n<ul>\n<li><a href=\"http:\/\/www.denkfried.de\/wp\/?page_id=14710\">Denkmal am Parelsplatz<\/a><\/li>\n<li><a href=\"http:\/\/www.denkfried.de\/wp\/?page_id=14962\">Gedenktafel der Turnerschaften<\/a><\/li>\n<li><a href=\"http:\/\/www.denkfried.de\/wp\/?page_id=14722\">St\u00e4dtischer Friedhof<\/a><\/li>\n<li><a href=\"http:\/\/www.denkfried.de\/wp\/?page_id=14702\">Kirche \u201cZum guten Hirten\u201d<\/a><\/li>\n<\/ul>\n","protected":false},"excerpt":{"rendered":"<p>&nbsp; Friedenau\u00a0ist ein\u00a0Berliner\u00a0Ortsteil im\u00a0Bezirk Tempelhof-Sch\u00f6neberg. Er ist verh\u00e4ltnism\u00e4\u00dfig zentral gelegen (bis zur\u00a0City West\u00a0sind es rund drei Kilometer) und wird unter anderem durch die\u00a0Rhein-\u00a0und\u00a0Hauptstra\u00dfe\u00a0als Einkaufsmeilen gepr\u00e4gt. Gleichzeitig haben die vielen kleinen und teilweise engen Wohnstra\u00dfen mit ihren Vorg\u00e4rten und zahlreichen Stra\u00dfenb\u00e4umen &hellip; <a href=\"http:\/\/www.denkfried.de\/wp\/?page_id=16797\">Weiterlesen <span class=\"meta-nav\">&rarr;<\/span><\/a><\/p>\n","protected":false},"author":9,"featured_media":0,"parent":8842,"menu_order":0,"comment_status":"closed","ping_status":"open","template":"","meta":{"footnotes":""},"class_list":["post-16797","page","type-page","status-publish","hentry"],"_links":{"self":[{"href":"http:\/\/www.denkfried.de\/wp\/index.php?rest_route=\/wp\/v2\/pages\/16797","targetHints":{"allow":["GET"]}}],"collection":[{"href":"http:\/\/www.denkfried.de\/wp\/index.php?rest_route=\/wp\/v2\/pages"}],"about":[{"href":"http:\/\/www.denkfried.de\/wp\/index.php?rest_route=\/wp\/v2\/types\/page"}],"author":[{"embeddable":true,"href":"http:\/\/www.denkfried.de\/wp\/index.php?rest_route=\/wp\/v2\/users\/9"}],"replies":[{"embeddable":true,"href":"http:\/\/www.denkfried.de\/wp\/index.php?rest_route=%2Fwp%2Fv2%2Fcomments&post=16797"}],"version-history":[{"count":1,"href":"http:\/\/www.denkfried.de\/wp\/index.php?rest_route=\/wp\/v2\/pages\/16797\/revisions"}],"predecessor-version":[{"id":16798,"href":"http:\/\/www.denkfried.de\/wp\/index.php?rest_route=\/wp\/v2\/pages\/16797\/revisions\/16798"}],"up":[{"embeddable":true,"href":"http:\/\/www.denkfried.de\/wp\/index.php?rest_route=\/wp\/v2\/pages\/8842"}],"wp:attachment":[{"href":"http:\/\/www.denkfried.de\/wp\/index.php?rest_route=%2Fwp%2Fv2%2Fmedia&parent=16797"}],"curies":[{"name":"wp","href":"https:\/\/api.w.org\/{rel}","templated":true}]}}