{"id":1672,"date":"2011-04-09T17:46:38","date_gmt":"2011-04-09T15:46:38","guid":{"rendered":"http:\/\/www.denkfried.de\/wp\/?page_id=1672"},"modified":"2011-04-09T17:46:38","modified_gmt":"2011-04-09T15:46:38","slug":"taurage","status":"publish","type":"page","link":"http:\/\/www.denkfried.de\/wp\/?page_id=1672","title":{"rendered":"TAURAGE"},"content":{"rendered":"<p><a rel=\"attachment wp-att-1673\" href=\"http:\/\/www.denkfried.de\/wp\/?attachment_id=1673\"><img loading=\"lazy\" decoding=\"async\" class=\"alignleft size-full wp-image-1673\" title=\"Taurage Wappen\" src=\"http:\/\/www.denkfried.de\/wp\/wp-content\/uploads\/2011\/04\/Taurage-Wappen.gif\" alt=\"\" width=\"93\" height=\"110\" \/><\/a><\/p>\n<p><span style=\"text-decoration: underline; color: #ff0000;\"><strong>Taurage<\/strong><\/span> (Tauroggen)<\/p>\n<p>&nbsp;<\/p>\n<p>Verwaltungsbezirk:\u00a0 \u00a0 \u00a0 Distrikt Taurag\u00e9<br \/>\nLandkreis:\u00a0 \u00a0 \u00a0 \u00a0 \u00a0 \u00a0 \u00a0 \u00a0 \u00a0Taurag\u00e9<\/p>\n<p>Kriegsgr\u00e4berst\u00e4tte:<br \/>\nEinweihung:\u00a0 \u00a0 \u00a0 \u00a0 \u00a0 \u00a0 \u00a0 \u00a0 08.08.1999<br \/>\n1.und 2.Weltkrieg:\u00a0 \u00a0 \u00a0 \u00a0790 Bestattete<\/p>\n","protected":false},"excerpt":{"rendered":"<p>Taurage (Tauroggen) &nbsp; Verwaltungsbezirk:\u00a0 \u00a0 \u00a0 Distrikt Taurag\u00e9 Landkreis:\u00a0 \u00a0 \u00a0 \u00a0 \u00a0 \u00a0 \u00a0 \u00a0 \u00a0Taurag\u00e9 Kriegsgr\u00e4berst\u00e4tte: Einweihung:\u00a0 \u00a0 \u00a0 \u00a0 \u00a0 \u00a0 \u00a0 \u00a0 08.08.1999 1.und 2.Weltkrieg:\u00a0 \u00a0 \u00a0 \u00a0790 Bestattete<\/p>\n","protected":false},"author":2,"featured_media":0,"parent":311,"menu_order":0,"comment_status":"closed","ping_status":"open","template":"","meta":{"footnotes":""},"class_list":["post-1672","page","type-page","status-publish","hentry"],"_links":{"self":[{"href":"http:\/\/www.denkfried.de\/wp\/index.php?rest_route=\/wp\/v2\/pages\/1672","targetHints":{"allow":["GET"]}}],"collection":[{"href":"http:\/\/www.denkfried.de\/wp\/index.php?rest_route=\/wp\/v2\/pages"}],"about":[{"href":"http:\/\/www.denkfried.de\/wp\/index.php?rest_route=\/wp\/v2\/types\/page"}],"author":[{"embeddable":true,"href":"http:\/\/www.denkfried.de\/wp\/index.php?rest_route=\/wp\/v2\/users\/2"}],"replies":[{"embeddable":true,"href":"http:\/\/www.denkfried.de\/wp\/index.php?rest_route=%2Fwp%2Fv2%2Fcomments&post=1672"}],"version-history":[{"count":5,"href":"http:\/\/www.denkfried.de\/wp\/index.php?rest_route=\/wp\/v2\/pages\/1672\/revisions"}],"predecessor-version":[{"id":1679,"href":"http:\/\/www.denkfried.de\/wp\/index.php?rest_route=\/wp\/v2\/pages\/1672\/revisions\/1679"}],"up":[{"embeddable":true,"href":"http:\/\/www.denkfried.de\/wp\/index.php?rest_route=\/wp\/v2\/pages\/311"}],"wp:attachment":[{"href":"http:\/\/www.denkfried.de\/wp\/index.php?rest_route=%2Fwp%2Fv2%2Fmedia&parent=1672"}],"curies":[{"name":"wp","href":"https:\/\/api.w.org\/{rel}","templated":true}]}}