{"id":167,"date":"2011-04-01T10:26:11","date_gmt":"2011-04-01T08:26:11","guid":{"rendered":"http:\/\/www.bilderstapel.de\/test\/wp\/?page_id=167"},"modified":"2017-02-24T10:10:35","modified_gmt":"2017-02-24T09:10:35","slug":"libyen","status":"publish","type":"page","link":"http:\/\/www.denkfried.de\/wp\/?page_id=167","title":{"rendered":"L I B Y E N"},"content":{"rendered":"<p>Republik Libyen und liegt in Nordafrika<\/p>\n<p>Hauptstadt: Tripolis<\/p>\n<p>*************************************************************<\/p>\n<p>Kriegsgr\u00e4berabkommen: Januar 1965<br \/>\n<a href=\"http:\/\/www.denkfried.de\/wp\/?page_id=18163\"><strong>Tobruk<\/strong><\/a>\u00a0 \u00a0 \u00a0 \u00a0 \u00a0 \u00a02. WK &#8211; 6.026 Tote<\/p>\n<p>Auf einer Anh\u00f6he in Tobruk befindet sich ein quadratischer Bau, 40 mal 40 Meter, es ist das Wahrzeichen der deutschen Kriegsgr\u00e4berst\u00e4tte. Das Denkmal wurde 1955 vom Volksbund Deutsche Kriegsgr\u00e4berf\u00fcrsorge eingeweiht.<\/p>\n<p>Unter den Toten befindet sich auch der deutsche Jagdflieger Hans-Joachim Marseille.<\/p>\n<p>++++++++++++++++++++++++++++++++++++++++++++++++++++++++++++++<\/p>\n<p>Im M\u00e4rz 2012 sch\u00e4ndeten vermutlich\u00a0 islamistische Kr\u00e4fte in Bengasi zirka 200 Kriegsgr\u00e4ber. Hier sind etwa 1000 \u00fcberwiegend britische Soldaten, Italiener und Australier die im Zweiten Weltkrieg gefallen sind bestattet. Die Zerst\u00f6rer kamen mit Hammern und filmten sich sogar bei den Schandtaten.<\/p>\n","protected":false},"excerpt":{"rendered":"<p>Republik Libyen und liegt in Nordafrika Hauptstadt: Tripolis ************************************************************* Kriegsgr\u00e4berabkommen: Januar 1965 Tobruk\u00a0 \u00a0 \u00a0 \u00a0 \u00a0 \u00a02. WK &#8211; 6.026 Tote Auf einer Anh\u00f6he in Tobruk befindet sich ein quadratischer Bau, 40 mal 40 Meter, es ist das Wahrzeichen &hellip; <a href=\"http:\/\/www.denkfried.de\/wp\/?page_id=167\">Weiterlesen <span class=\"meta-nav\">&rarr;<\/span><\/a><\/p>\n","protected":false},"author":1,"featured_media":0,"parent":130,"menu_order":3,"comment_status":"open","ping_status":"closed","template":"","meta":{"footnotes":""},"class_list":["post-167","page","type-page","status-publish","hentry"],"_links":{"self":[{"href":"http:\/\/www.denkfried.de\/wp\/index.php?rest_route=\/wp\/v2\/pages\/167","targetHints":{"allow":["GET"]}}],"collection":[{"href":"http:\/\/www.denkfried.de\/wp\/index.php?rest_route=\/wp\/v2\/pages"}],"about":[{"href":"http:\/\/www.denkfried.de\/wp\/index.php?rest_route=\/wp\/v2\/types\/page"}],"author":[{"embeddable":true,"href":"http:\/\/www.denkfried.de\/wp\/index.php?rest_route=\/wp\/v2\/users\/1"}],"replies":[{"embeddable":true,"href":"http:\/\/www.denkfried.de\/wp\/index.php?rest_route=%2Fwp%2Fv2%2Fcomments&post=167"}],"version-history":[{"count":10,"href":"http:\/\/www.denkfried.de\/wp\/index.php?rest_route=\/wp\/v2\/pages\/167\/revisions"}],"predecessor-version":[{"id":41123,"href":"http:\/\/www.denkfried.de\/wp\/index.php?rest_route=\/wp\/v2\/pages\/167\/revisions\/41123"}],"up":[{"embeddable":true,"href":"http:\/\/www.denkfried.de\/wp\/index.php?rest_route=\/wp\/v2\/pages\/130"}],"wp:attachment":[{"href":"http:\/\/www.denkfried.de\/wp\/index.php?rest_route=%2Fwp%2Fv2%2Fmedia&parent=167"}],"curies":[{"name":"wp","href":"https:\/\/api.w.org\/{rel}","templated":true}]}}