{"id":16641,"date":"2011-12-25T17:17:52","date_gmt":"2011-12-25T16:17:52","guid":{"rendered":"http:\/\/www.denkfried.de\/wp\/?page_id=16641"},"modified":"2016-01-06T19:07:47","modified_gmt":"2016-01-06T18:07:47","slug":"alter-markt","status":"publish","type":"page","link":"http:\/\/www.denkfried.de\/wp\/?page_id=16641","title":{"rendered":"Alter Markt"},"content":{"rendered":"<p>&nbsp;<\/p>\n<p>Der\u00a0<strong>Alte Markt<\/strong>\u00a0ist ein zentral gelegener Platz in der\u00a0Potsdamer\u00a0Innenstadt, er bildet den historischen Kern der Stadt. Der Alte Markt umfasst eigentlich die gesamte Fl\u00e4che rund um die\u00a0Nikolaikirche\u00a0bis zur Havel. Der Begriff wird heute vor allem f\u00fcr den Platz vor der Nikolaikirche benutzt.<\/p>\n<p>Bericht und Bilder von Thomas\u00a0<a href=\"http:\/\/g-bb.jimdo.com\/\">Gefallenendenkm\u00e4ler Berlin\/Brandenburg<\/a><\/p>\n<div id='gallery-1' class='gallery galleryid-16641 gallery-columns-3 gallery-size-thumbnail'><dl class='gallery-item'>\n\t\t\t<dt class='gallery-icon portrait'>\n\t\t\t\t<a href='http:\/\/www.denkfried.de\/wp\/?attachment_id=16648'><img loading=\"lazy\" decoding=\"async\" width=\"150\" height=\"150\" src=\"http:\/\/www.denkfried.de\/wp\/wp-content\/uploads\/2011\/12\/DSCF1281-150x150.jpg\" class=\"attachment-thumbnail size-thumbnail\" alt=\"\" aria-describedby=\"gallery-1-16648\" \/><\/a>\n\t\t\t<\/dt>\n\t\t\t\t<dd class='wp-caption-text gallery-caption' id='gallery-1-16648'>\n\t\t\t\tVertriebenendenkmal\n\t\t\t\t<\/dd><\/dl><dl class='gallery-item'>\n\t\t\t<dt class='gallery-icon portrait'>\n\t\t\t\t<a href='http:\/\/www.denkfried.de\/wp\/?attachment_id=16650'><img loading=\"lazy\" decoding=\"async\" width=\"150\" height=\"150\" src=\"http:\/\/www.denkfried.de\/wp\/wp-content\/uploads\/2011\/12\/DSCF1282-150x150.jpg\" class=\"attachment-thumbnail size-thumbnail\" alt=\"\" aria-describedby=\"gallery-1-16650\" \/><\/a>\n\t\t\t<\/dt>\n\t\t\t\t<dd class='wp-caption-text gallery-caption' id='gallery-1-16650'>\n\t\t\t\tVertriebenendenkmal\n\t\t\t\t<\/dd><\/dl><dl class='gallery-item'>\n\t\t\t<dt class='gallery-icon portrait'>\n\t\t\t\t<a href='http:\/\/www.denkfried.de\/wp\/?attachment_id=16647'><img loading=\"lazy\" decoding=\"async\" width=\"150\" height=\"150\" src=\"http:\/\/www.denkfried.de\/wp\/wp-content\/uploads\/2011\/12\/23102011783-150x150.jpg\" class=\"attachment-thumbnail size-thumbnail\" alt=\"\" aria-describedby=\"gallery-1-16647\" \/><\/a>\n\t\t\t<\/dt>\n\t\t\t\t<dd class='wp-caption-text gallery-caption' id='gallery-1-16647'>\n\t\t\t\tWartenburg\n\t\t\t\t<\/dd><\/dl><br style=\"clear: both\" \/><dl class='gallery-item'>\n\t\t\t<dt class='gallery-icon portrait'>\n\t\t\t\t<a href='http:\/\/www.denkfried.de\/wp\/?attachment_id=16649'><img loading=\"lazy\" decoding=\"async\" width=\"150\" height=\"150\" src=\"http:\/\/www.denkfried.de\/wp\/wp-content\/uploads\/2011\/12\/23102011781-150x150.jpg\" class=\"attachment-thumbnail size-thumbnail\" alt=\"\" aria-describedby=\"gallery-1-16649\" \/><\/a>\n\t\t\t<\/dt>\n\t\t\t\t<dd class='wp-caption-text gallery-caption' id='gallery-1-16649'>\n\t\t\t\tWartenburg\n\t\t\t\t<\/dd><\/dl><dl class='gallery-item'>\n\t\t\t<dt class='gallery-icon landscape'>\n\t\t\t\t<a href='http:\/\/www.denkfried.de\/wp\/?attachment_id=16651'><img loading=\"lazy\" decoding=\"async\" width=\"150\" height=\"150\" src=\"http:\/\/www.denkfried.de\/wp\/wp-content\/uploads\/2011\/12\/DSCF1283-150x150.jpg\" class=\"attachment-thumbnail size-thumbnail\" alt=\"\" aria-describedby=\"gallery-1-16651\" \/><\/a>\n\t\t\t<\/dt>\n\t\t\t\t<dd class='wp-caption-text gallery-caption' id='gallery-1-16651'>\n\t\t\t\tBl\u00fccher\n\t\t\t\t<\/dd><\/dl><dl class='gallery-item'>\n\t\t\t<dt class='gallery-icon landscape'>\n\t\t\t\t<a href='http:\/\/www.denkfried.de\/wp\/?attachment_id=16652'><img loading=\"lazy\" decoding=\"async\" width=\"150\" height=\"150\" src=\"http:\/\/www.denkfried.de\/wp\/wp-content\/uploads\/2011\/12\/DSCF1284-150x150.jpg\" class=\"attachment-thumbnail size-thumbnail\" alt=\"\" aria-describedby=\"gallery-1-16652\" \/><\/a>\n\t\t\t<\/dt>\n\t\t\t\t<dd class='wp-caption-text gallery-caption' id='gallery-1-16652'>\n\t\t\t\tBl\u00fccher\n\t\t\t\t<\/dd><\/dl><br style=\"clear: both\" \/>\n\t\t<\/div>\n\n<p><strong>Vertriebenendenkmal<\/strong><\/p>\n<p>In Potsdam gab es nach langer\u00a0Diskussion\u00a0doch den\u00a0geeigneten\u00a0Platz um ein Denkmal f\u00fcr die\u00a0Vertriebenen\u00a0zu errichten. Nach Vorstellungen vom Bund f\u00fcr Heimatvertriebene, sollte das Denkmal einst am Bassinplatz aufgestellt werden. Dies schien aber nicht passend zu sein, somit wurde am 15. November 2003 ein Denkmal\u00a0vor dem Alten Rathaus, am Alten Markt aufgestellt. Auf der Platte steht, folgender Spruch von Albert Schweitzer.<\/p>\n<p style=\"text-align: center;\"><em><strong>&#8222;In schlimmster Weise vergeht man sich gegen das Recht, wenn man V\u00f6lkerschaften das Recht auf das Land, das sie bewohnen, in der Art nimmt, da\u00df man sie zwingt, sich anderswo anzusiedeln.&#8220;<\/strong><\/em><\/p>\n<p><strong>Gedenksteine der Befreiungskriege<\/strong><\/p>\n<p>Hinter dem Alten Rathaus befindet sich ein Gedenkstein.<\/p>\n<p style=\"text-align: center;\"><em><strong>Dieser Gedenkstein wurde anl\u00e4\u00dflich des 250. Geburtstag des Befehlshabers der Schlesischen Armee in den Befreiungskriegen, des preu\u00dfischen Generalfeldmarschalls Gebhard Leberecht von Bl\u00fccher F\u00fcrst von Wahlstatt *\u00a016.12.1742 \u2020\u00a012.09.1819 auf dem ehemaligen Bl\u00fccherplatz in Potsdam feierlich enth\u00fcllt. BZR AGAPHI 1992<\/strong><\/em><\/p>\n<p>Ein weiterer Gedenkstein steht in unmittelbarer n\u00e4he.<\/p>\n<p style=\"text-align: center;\"><em><strong>Hier stand das Geburtshaus von Johann David Ludwig Graf Yorck von Wartenburg *\u00a026.09.1759 \u2020\u00a004.10.1830. Als preu\u00dfischer General Unterzeichnete er gegen den Willen K\u00f6nig Friedrich Wilhelm III. Am 30.12.1812 mit dem russischen General Diebitsch die Konvention von Tauroggen. Diese Tat wurde das Signal zur Volkserhebung in Preussen gegen die Napoleonische Fremdherrschaft.<\/strong><\/em><\/p>\n","protected":false},"excerpt":{"rendered":"<p>&nbsp; Der\u00a0Alte Markt\u00a0ist ein zentral gelegener Platz in der\u00a0Potsdamer\u00a0Innenstadt, er bildet den historischen Kern der Stadt. Der Alte Markt umfasst eigentlich die gesamte Fl\u00e4che rund um die\u00a0Nikolaikirche\u00a0bis zur Havel. Der Begriff wird heute vor allem f\u00fcr den Platz vor der &hellip; <a href=\"http:\/\/www.denkfried.de\/wp\/?page_id=16641\">Weiterlesen <span class=\"meta-nav\">&rarr;<\/span><\/a><\/p>\n","protected":false},"author":9,"featured_media":0,"parent":16534,"menu_order":0,"comment_status":"closed","ping_status":"open","template":"","meta":{"footnotes":""},"class_list":["post-16641","page","type-page","status-publish","hentry"],"_links":{"self":[{"href":"http:\/\/www.denkfried.de\/wp\/index.php?rest_route=\/wp\/v2\/pages\/16641","targetHints":{"allow":["GET"]}}],"collection":[{"href":"http:\/\/www.denkfried.de\/wp\/index.php?rest_route=\/wp\/v2\/pages"}],"about":[{"href":"http:\/\/www.denkfried.de\/wp\/index.php?rest_route=\/wp\/v2\/types\/page"}],"author":[{"embeddable":true,"href":"http:\/\/www.denkfried.de\/wp\/index.php?rest_route=\/wp\/v2\/users\/9"}],"replies":[{"embeddable":true,"href":"http:\/\/www.denkfried.de\/wp\/index.php?rest_route=%2Fwp%2Fv2%2Fcomments&post=16641"}],"version-history":[{"count":11,"href":"http:\/\/www.denkfried.de\/wp\/index.php?rest_route=\/wp\/v2\/pages\/16641\/revisions"}],"predecessor-version":[{"id":40370,"href":"http:\/\/www.denkfried.de\/wp\/index.php?rest_route=\/wp\/v2\/pages\/16641\/revisions\/40370"}],"up":[{"embeddable":true,"href":"http:\/\/www.denkfried.de\/wp\/index.php?rest_route=\/wp\/v2\/pages\/16534"}],"wp:attachment":[{"href":"http:\/\/www.denkfried.de\/wp\/index.php?rest_route=%2Fwp%2Fv2%2Fmedia&parent=16641"}],"curies":[{"name":"wp","href":"https:\/\/api.w.org\/{rel}","templated":true}]}}