{"id":16593,"date":"2011-12-17T11:35:43","date_gmt":"2011-12-17T10:35:43","guid":{"rendered":"http:\/\/www.denkfried.de\/wp\/?page_id=16593"},"modified":"2012-07-29T22:14:38","modified_gmt":"2012-07-29T20:14:38","slug":"semper-talis","status":"publish","type":"page","link":"http:\/\/www.denkfried.de\/wp\/?page_id=16593","title":{"rendered":"Semper-Talis"},"content":{"rendered":"<p>&nbsp;<\/p>\n<address>Das Denkmal des Ersten Garde Regiment (Semper Talis Denkmal)<\/address>\n<address>Es stand in der Breiten Stra\u00dfe, vor der Garnisonkirche.<\/address>\n<address>\u00a0<\/address>\n<p>Bericht von Thomas <a href=\"http:\/\/potsdamer-ehrenmale.de.tl\/Hauptseite.htm\">Potsdamer-Ehrenmale.de<\/a><\/p>\n<div id='gallery-1' class='gallery galleryid-16593 gallery-columns-3 gallery-size-thumbnail'><dl class='gallery-item'>\n\t\t\t<dt class='gallery-icon portrait'>\n\t\t\t\t<a href='http:\/\/www.denkfried.de\/wp\/?attachment_id=16599'><img loading=\"lazy\" decoding=\"async\" width=\"150\" height=\"150\" src=\"http:\/\/www.denkfried.de\/wp\/wp-content\/uploads\/2011\/12\/00001345-150x150.jpg\" class=\"attachment-thumbnail size-thumbnail\" alt=\"\" \/><\/a>\n\t\t\t<\/dt><\/dl><dl class='gallery-item'>\n\t\t\t<dt class='gallery-icon landscape'>\n\t\t\t\t<a href='http:\/\/www.denkfried.de\/wp\/?attachment_id=16600'><img loading=\"lazy\" decoding=\"async\" width=\"150\" height=\"150\" src=\"http:\/\/www.denkfried.de\/wp\/wp-content\/uploads\/2011\/12\/00001925-150x150.jpg\" class=\"attachment-thumbnail size-thumbnail\" alt=\"\" \/><\/a>\n\t\t\t<\/dt><\/dl><dl class='gallery-item'>\n\t\t\t<dt class='gallery-icon portrait'>\n\t\t\t\t<a href='http:\/\/www.denkfried.de\/wp\/?attachment_id=16607'><img loading=\"lazy\" decoding=\"async\" width=\"150\" height=\"150\" src=\"http:\/\/www.denkfried.de\/wp\/wp-content\/uploads\/2011\/12\/Bunde-150x150.jpg\" class=\"attachment-thumbnail size-thumbnail\" alt=\"\" \/><\/a>\n\t\t\t<\/dt><\/dl><br style=\"clear: both\" \/>\n\t\t<\/div>\n\n<p>Nach einen \u00a0Entwurf des Bildhauers Dorrenbach, wurde am 24.06.1924 wurde das\u00a0\u201eSEMPER-TALIS-Denkmal\u201c neben der Potsdamer Garnisonkirche eingeweiht. Auf ihm sind die Gefallenen\u00a0des Ersten Garderegiment zu Fu\u00df geehrt worden. Aber auch die aus dem Regiment hervorgegangenen Truppen, wie das 1. Garde-Reserve-Regiment sind mit aufgenommen worden. Das Denkmal trug auf der Vorderseite die Inschrift:<\/p>\n<address style=\"text-align: center;\"><strong><em>SEMPER TALIS<\/em><\/strong><\/address>\n<address style=\"text-align: center;\"><strong><em><\/em><em>Dem Ersten Garderegiment zu Fu\u00df und seinen treuen Toten 1914-1918<\/em><\/strong><\/address>\n<address style=\"text-align: center;\">\u00a0<\/address>\n<p style=\"text-align: left;\" align=\"center\">Auf der hinteren Seite:<\/p>\n<address style=\"text-align: center;\"><strong><em>F\u00fcr Kaiser und Reich<\/em><\/strong><\/address>\n<address style=\"text-align: center;\"><strong><em>F\u00fcr K\u00f6nig und Vaterland starben im Weltkrieg den Heldentod<\/em><\/strong><\/address>\n<address style=\"text-align: center;\"><strong><em>Im Ersten Garderegiment zu Fu\u00df<\/em><\/strong><\/address>\n<address style=\"text-align: center;\"><strong><em>sein Regimentsf\u00fchrer Oberstleutnant von Bismarck<\/em><\/strong><\/address>\n<address style=\"text-align: center;\"><strong><em>96 Offiziere, 480 Unteroffiziere, 4025 Mannschaften<\/em><\/strong><\/address>\n<address style=\"text-align: center;\"><strong><em>Im ersten Garde-Reserve-Regiment<\/em><\/strong><\/address>\n<address style=\"text-align: center;\"><strong><em>sein F\u00fchrer Oberstleutnant von Schmidt,<\/em><\/strong><\/address>\n<address style=\"text-align: center;\"><strong><em>106 Offiziere, 353 Unteroffiziere, 3059 Mannschaften<\/em><\/strong><\/address>\n<address style=\"text-align: center;\"><strong><em>und\u00a0<\/em><em>in anderen Truppenteilen zahllose aus beiden Regimentern stammende Kameraden.<\/em><\/strong><\/address>\n<address style=\"text-align: center;\">\u00a0<\/address>\n<p style=\"text-align: left;\" align=\"center\">Nach der Bombennacht war das Denkmal fast zerst\u00f6rt, es wurde 1946 gesprengt. Die Kommunisten befahlen ehemaligen angeh\u00f6rige des Regiment dies zu tun, dabei stand den Gardisten die Tr\u00e4nen in den Augen. 100 Namen, von angeh\u00f6rigen des 1. Garde Regiment zu Fu\u00df und von der Reserve konnten aus dem Buch Potsdamer Ehrenmal entnommen werden. <strong><a href=\"http:\/\/www.denkfried.de\/wp\/wp-content\/uploads\/2011\/12\/Namensliste-1gardReg.html\">Namensliste<\/a><\/strong><\/p>\n<p style=\"text-align: left;\" align=\"center\">Archiv Bilder wurden von <a href=\"http:\/\/www.grussauspotsdam.de\/\">Gruss aus Potsdam.de<\/a> zur Verf\u00fcgung gestellt.<\/p>\n","protected":false},"excerpt":{"rendered":"<p>&nbsp; Das Denkmal des Ersten Garde Regiment (Semper Talis Denkmal) Es stand in der Breiten Stra\u00dfe, vor der Garnisonkirche. \u00a0 Bericht von Thomas Potsdamer-Ehrenmale.de Nach einen \u00a0Entwurf des Bildhauers Dorrenbach, wurde am 24.06.1924 wurde das\u00a0\u201eSEMPER-TALIS-Denkmal\u201c neben der Potsdamer Garnisonkirche eingeweiht. &hellip; <a href=\"http:\/\/www.denkfried.de\/wp\/?page_id=16593\">Weiterlesen <span class=\"meta-nav\">&rarr;<\/span><\/a><\/p>\n","protected":false},"author":9,"featured_media":0,"parent":16534,"menu_order":0,"comment_status":"closed","ping_status":"open","template":"","meta":{"footnotes":""},"class_list":["post-16593","page","type-page","status-publish","hentry"],"_links":{"self":[{"href":"http:\/\/www.denkfried.de\/wp\/index.php?rest_route=\/wp\/v2\/pages\/16593","targetHints":{"allow":["GET"]}}],"collection":[{"href":"http:\/\/www.denkfried.de\/wp\/index.php?rest_route=\/wp\/v2\/pages"}],"about":[{"href":"http:\/\/www.denkfried.de\/wp\/index.php?rest_route=\/wp\/v2\/types\/page"}],"author":[{"embeddable":true,"href":"http:\/\/www.denkfried.de\/wp\/index.php?rest_route=\/wp\/v2\/users\/9"}],"replies":[{"embeddable":true,"href":"http:\/\/www.denkfried.de\/wp\/index.php?rest_route=%2Fwp%2Fv2%2Fcomments&post=16593"}],"version-history":[{"count":11,"href":"http:\/\/www.denkfried.de\/wp\/index.php?rest_route=\/wp\/v2\/pages\/16593\/revisions"}],"predecessor-version":[{"id":23783,"href":"http:\/\/www.denkfried.de\/wp\/index.php?rest_route=\/wp\/v2\/pages\/16593\/revisions\/23783"}],"up":[{"embeddable":true,"href":"http:\/\/www.denkfried.de\/wp\/index.php?rest_route=\/wp\/v2\/pages\/16534"}],"wp:attachment":[{"href":"http:\/\/www.denkfried.de\/wp\/index.php?rest_route=%2Fwp%2Fv2%2Fmedia&parent=16593"}],"curies":[{"name":"wp","href":"https:\/\/api.w.org\/{rel}","templated":true}]}}