{"id":16571,"date":"2011-12-15T19:56:23","date_gmt":"2011-12-15T18:56:23","guid":{"rendered":"http:\/\/www.denkfried.de\/wp\/?page_id=16571"},"modified":"2015-01-03T14:18:14","modified_gmt":"2015-01-03T13:18:14","slug":"nowawes","status":"publish","type":"page","link":"http:\/\/www.denkfried.de\/wp\/?page_id=16571","title":{"rendered":"Nowawes"},"content":{"rendered":"<p>&nbsp;<\/p>\n<p><span style=\"text-decoration: underline;\">14482 Potsdam &#8211; <strong>Babelsberg-Nowawes<\/strong><\/span><\/p>\n<p><strong>Nowawes<\/strong>\u00a0war der Name einer Ortschaft \u00f6stlich von\u00a0Potsdam\u00a0auf dem Gebiet des heutigen Stadtteils\u00a0Babelsberg. Heute Neundorfer Anger.<\/p>\n<p>Bericht von Thomas <a href=\"http:\/\/potsdamer-ehrenmale.de.tl\/Hauptseite.htm\">Potsdamer-Ehrenmale.de<\/a><\/p>\n<div id='gallery-1' class='gallery galleryid-16571 gallery-columns-4 gallery-size-thumbnail'><dl class='gallery-item'>\n\t\t\t<dt class='gallery-icon portrait'>\n\t\t\t\t<a href='http:\/\/www.denkfried.de\/wp\/?attachment_id=29434'><img loading=\"lazy\" decoding=\"async\" width=\"150\" height=\"150\" src=\"http:\/\/www.denkfried.de\/wp\/wp-content\/uploads\/2011\/12\/00003105-150x150.jpg\" class=\"attachment-thumbnail size-thumbnail\" alt=\"\" \/><\/a>\n\t\t\t<\/dt><\/dl><dl class='gallery-item'>\n\t\t\t<dt class='gallery-icon portrait'>\n\t\t\t\t<a href='http:\/\/www.denkfried.de\/wp\/?attachment_id=17751'><img loading=\"lazy\" decoding=\"async\" width=\"150\" height=\"150\" src=\"http:\/\/www.denkfried.de\/wp\/wp-content\/uploads\/2011\/12\/00002470-150x150.jpg\" class=\"attachment-thumbnail size-thumbnail\" alt=\"\" \/><\/a>\n\t\t\t<\/dt><\/dl><dl class='gallery-item'>\n\t\t\t<dt class='gallery-icon landscape'>\n\t\t\t\t<a href='http:\/\/www.denkfried.de\/wp\/?attachment_id=16574'><img loading=\"lazy\" decoding=\"async\" width=\"150\" height=\"150\" src=\"http:\/\/www.denkfried.de\/wp\/wp-content\/uploads\/2011\/12\/00000578-150x150.jpg\" class=\"attachment-thumbnail size-thumbnail\" alt=\"\" \/><\/a>\n\t\t\t<\/dt><\/dl><dl class='gallery-item'>\n\t\t\t<dt class='gallery-icon landscape'>\n\t\t\t\t<a href='http:\/\/www.denkfried.de\/wp\/?attachment_id=16573'><img loading=\"lazy\" decoding=\"async\" width=\"150\" height=\"150\" src=\"http:\/\/www.denkfried.de\/wp\/wp-content\/uploads\/2011\/12\/00000578-Kopie-150x150.jpg\" class=\"attachment-thumbnail size-thumbnail\" alt=\"\" \/><\/a>\n\t\t\t<\/dt><\/dl><br style=\"clear: both\" \/>\n\t\t<\/div>\n\n<p>Die Bethlehemkirche wurde 1898-99 erbaut, ende des Zweiten Weltkrieges durch Bomben 1941 und 1945 stark besch\u00e4digt. 1952 wurde sie gesprengt. In der Kirche hingen zwei Gedenktafeln, 1918 wurden sie f\u00fcr <strong>783 gefallene Soldaten<\/strong> aus Nowawes angebracht.<\/p>\n<p>Das Denkmal &#8222;<strong>Der Feldgraue<\/strong>&#8220; wurde unmittelbar vor der Kirche aufgestellt.<\/p>\n<p style=\"text-align: center;\"><strong>\u00a0Unseren im Weltkrieg gefallenen Helden &#8211; Das dankbare Nowawes 1914-1918<\/strong><\/p>\n<p style=\"text-align: left;\"><strong>Befreiungskrieg \u00a01813-15<\/strong><\/p>\n<p>Die Befreiungskriege gegen das Joch der Unterdr\u00fcckung durch Napoleon I. Bonaparte.\u00a0In der Vergangenheit waren die Einwanderer vom Milit\u00e4rdienst befreit. In den Befreiungskriegen werden jedoch auch S\u00f6hne der Einwanderer Soldaten sein.<\/p>\n<p>Der vormalige Lehrer, Cantor und K\u00fcster <strong>Johann Christian Chraust<\/strong> stirbt am Nervenfieber. Wieder r\u00fccken uns am 22. August die Franzosen n\u00e4her aber auch unsere K\u00e4mpfer des Befreiungskrieges. Die Wehre der Nuthe sind bereit, die tief liegenden Wiesen zu \u00fcberfluten, um ein Weiterkommen der napoleonischen Truppen und ihren Helfern zu verhindern. Nicht weit entfernt, bei Gro\u00dfbeeren formiert sich der Feind. General Reynier, dort mit seinem 7. Corps zugegen, wiegt sich in Sicherheit. Die Soldaten w\u00e4rmen sich am Feuer und suchen die Uniformkleidung zu trocknen. Bei dem str\u00f6menden Regen wird kein Scharm\u00fctzel stattfinden, denn das Pulver w\u00fcrde vor dem ersten Schuss nass. \u2013 Doch jene Vermutung ist eine falsche. Der preu\u00dfische General Wilhelm B\u00fclow v. Dennewitz beginnt, unterst\u00fctzt von russischer Artillerie, am 23. August gegen 1\/2 vor 7 Uhr des Abends den Angriff auf die kleine \u201eGrande Armee\u201c. Da wegen des Regens viele Gewehre tats\u00e4chlich nicht schie\u00dfen, entsteht ein entsetzliches Handgemetzel, Mann gegen Mann, das bis gegen 9 Uhr anh\u00e4lt. Dann schweigen die Waffen, die franz\u00f6sischen Truppen sind weitaus unterlegen. Deren Plan, nach Berlin vorzusto\u00dfen ward zunichte gemacht. Franzosen und Verb\u00fcndete ziehen sich endg\u00fcltig wieder \u00fcber die Nuthe zur\u00fcck.<\/p>\n<p><strong>1816<\/strong> Erstmals begehen wir am letzten Sonntage des Monats November die Ehrung der unter der franz\u00f6sischen Herrschaft Gestorbenen und der in den Befreiungskriegen Gefallenen. Diese Ehrung wird die Bezeichnung \u201eTotensonntag\u201c erhalten.<\/p>\n<p>Die Namen stehen auch auf den Gedenktafeln, die in der Friedrichskirche sind. <strong><a href=\"http:\/\/www.denkfried.de\/wp\/wp-content\/uploads\/2011\/12\/Namensliste-Babelsberg.html\">Namensliste<\/a><\/strong><\/p>\n<p>Archiv Bilder wurden von <a href=\"http:\/\/www.grussauspotsdam.de\/\">Gruss aus Potsdam.de<\/a> zu\u00a0Verf\u00fcgung\u00a0gestellt.<\/p>\n<p>&nbsp;<\/p>\n<p>&nbsp;<\/p>\n","protected":false},"excerpt":{"rendered":"<p>&nbsp; 14482 Potsdam &#8211; Babelsberg-Nowawes Nowawes\u00a0war der Name einer Ortschaft \u00f6stlich von\u00a0Potsdam\u00a0auf dem Gebiet des heutigen Stadtteils\u00a0Babelsberg. Heute Neundorfer Anger. Bericht von Thomas Potsdamer-Ehrenmale.de Die Bethlehemkirche wurde 1898-99 erbaut, ende des Zweiten Weltkrieges durch Bomben 1941 und 1945 stark besch\u00e4digt. &hellip; <a href=\"http:\/\/www.denkfried.de\/wp\/?page_id=16571\">Weiterlesen <span class=\"meta-nav\">&rarr;<\/span><\/a><\/p>\n","protected":false},"author":9,"featured_media":0,"parent":16216,"menu_order":0,"comment_status":"closed","ping_status":"open","template":"","meta":{"footnotes":""},"class_list":["post-16571","page","type-page","status-publish","hentry"],"_links":{"self":[{"href":"http:\/\/www.denkfried.de\/wp\/index.php?rest_route=\/wp\/v2\/pages\/16571","targetHints":{"allow":["GET"]}}],"collection":[{"href":"http:\/\/www.denkfried.de\/wp\/index.php?rest_route=\/wp\/v2\/pages"}],"about":[{"href":"http:\/\/www.denkfried.de\/wp\/index.php?rest_route=\/wp\/v2\/types\/page"}],"author":[{"embeddable":true,"href":"http:\/\/www.denkfried.de\/wp\/index.php?rest_route=\/wp\/v2\/users\/9"}],"replies":[{"embeddable":true,"href":"http:\/\/www.denkfried.de\/wp\/index.php?rest_route=%2Fwp%2Fv2%2Fcomments&post=16571"}],"version-history":[{"count":14,"href":"http:\/\/www.denkfried.de\/wp\/index.php?rest_route=\/wp\/v2\/pages\/16571\/revisions"}],"predecessor-version":[{"id":37184,"href":"http:\/\/www.denkfried.de\/wp\/index.php?rest_route=\/wp\/v2\/pages\/16571\/revisions\/37184"}],"up":[{"embeddable":true,"href":"http:\/\/www.denkfried.de\/wp\/index.php?rest_route=\/wp\/v2\/pages\/16216"}],"wp:attachment":[{"href":"http:\/\/www.denkfried.de\/wp\/index.php?rest_route=%2Fwp%2Fv2%2Fmedia&parent=16571"}],"curies":[{"name":"wp","href":"https:\/\/api.w.org\/{rel}","templated":true}]}}