{"id":16492,"date":"2011-12-12T22:26:37","date_gmt":"2011-12-12T21:26:37","guid":{"rendered":"http:\/\/www.denkfried.de\/wp\/?page_id=16492"},"modified":"2013-04-05T21:59:31","modified_gmt":"2013-04-05T19:59:31","slug":"kraftfahrtruppe","status":"publish","type":"page","link":"http:\/\/www.denkfried.de\/wp\/?page_id=16492","title":{"rendered":"Kraftfahrtruppe"},"content":{"rendered":"<p>&nbsp;<\/p>\n<p>Zerst\u00f6rtes Denkmal der Kraftfahrtruppe, Michendorfer Chaussee<\/p>\n<p>Bericht von Thomas <a href=\"http:\/\/potsdamer-ehrenmale.de.tl\/Hauptseite.htm\">Potsdamer-Ehrenmale.de<\/a><\/p>\n<div id='gallery-1' class='gallery galleryid-16492 gallery-columns-3 gallery-size-thumbnail'><dl class='gallery-item'>\n\t\t\t<dt class='gallery-icon landscape'>\n\t\t\t\t<a href='http:\/\/www.denkfried.de\/wp\/?attachment_id=16495'><img loading=\"lazy\" decoding=\"async\" width=\"150\" height=\"150\" src=\"http:\/\/www.denkfried.de\/wp\/wp-content\/uploads\/2011\/12\/00001576-150x150.jpg\" class=\"attachment-thumbnail size-thumbnail\" alt=\"\" \/><\/a>\n\t\t\t<\/dt><\/dl><dl class='gallery-item'>\n\t\t\t<dt class='gallery-icon landscape'>\n\t\t\t\t<a href='http:\/\/www.denkfried.de\/wp\/?attachment_id=16493'><img loading=\"lazy\" decoding=\"async\" width=\"150\" height=\"150\" src=\"http:\/\/www.denkfried.de\/wp\/wp-content\/uploads\/2011\/12\/00001576-Kopie-Kop-150x150.jpg\" class=\"attachment-thumbnail size-thumbnail\" alt=\"\" \/><\/a>\n\t\t\t<\/dt><\/dl><dl class='gallery-item'>\n\t\t\t<dt class='gallery-icon landscape'>\n\t\t\t\t<a href='http:\/\/www.denkfried.de\/wp\/?attachment_id=16494'><img loading=\"lazy\" decoding=\"async\" width=\"150\" height=\"150\" src=\"http:\/\/www.denkfried.de\/wp\/wp-content\/uploads\/2011\/12\/00001576-Kopie-Kopie-150x150.jpg\" class=\"attachment-thumbnail size-thumbnail\" alt=\"\" \/><\/a>\n\t\t\t<\/dt><\/dl><br style=\"clear: both\" \/><dl class='gallery-item'>\n\t\t\t<dt class='gallery-icon landscape'>\n\t\t\t\t<a href='http:\/\/www.denkfried.de\/wp\/?attachment_id=30149'><img loading=\"lazy\" decoding=\"async\" width=\"150\" height=\"150\" src=\"http:\/\/www.denkfried.de\/wp\/wp-content\/uploads\/2011\/12\/Teil-des-Felsens-\u00fcber-den-der-Tank-rollt-150x150.jpg\" class=\"attachment-thumbnail size-thumbnail\" alt=\"\" \/><\/a>\n\t\t\t<\/dt><\/dl><dl class='gallery-item'>\n\t\t\t<dt class='gallery-icon landscape'>\n\t\t\t\t<a href='http:\/\/www.denkfried.de\/wp\/?attachment_id=30147'><img loading=\"lazy\" decoding=\"async\" width=\"150\" height=\"150\" src=\"http:\/\/www.denkfried.de\/wp\/wp-content\/uploads\/2011\/12\/Teil-der-Kette-1-150x150.jpg\" class=\"attachment-thumbnail size-thumbnail\" alt=\"\" \/><\/a>\n\t\t\t<\/dt><\/dl><dl class='gallery-item'>\n\t\t\t<dt class='gallery-icon landscape'>\n\t\t\t\t<a href='http:\/\/www.denkfried.de\/wp\/?attachment_id=30148'><img loading=\"lazy\" decoding=\"async\" width=\"150\" height=\"150\" src=\"http:\/\/www.denkfried.de\/wp\/wp-content\/uploads\/2011\/12\/Teil-der-Kette-2-150x150.jpg\" class=\"attachment-thumbnail size-thumbnail\" alt=\"\" \/><\/a>\n\t\t\t<\/dt><\/dl><br style=\"clear: both\" \/>\n\t\t<\/div>\n\n<p>Eingeweiht wurde das Denkmal\u00a007. Juni 1931, welches von Fritz Ebhardt erschaffen wurde,\u00a0f\u00fcr die 2400 im Ersten Weltkrieg gefallenen Kraftfahrsoldaten.\u00a0Es zeigte auf einem monumentalen Unterbau einen Kampfwagen, von dem sich ein Bruchst\u00fcck erhalten hat.<\/p>\n<p style=\"text-align: center;\"><em><strong>1914-1918 Den Deutschen Kraftfahrtruppen<\/strong><\/em><\/p>\n<p>Nachdem die Stadt Potsdam den Antrag des Denkmalausschusses auf einen innerst\u00e4dtischen Standort abgelehnt hatte, kaufte dieser das damals in Provinzeigentum befindliche Grundst\u00fcck an der Michendorfer Chaussee. 1935 wurde es der Stadt Potsdam \u00fcbereignet, die daf\u00fcr die Pflege des Denkmals \u00fcbernahm. Nach 1945 wurde es zerst\u00f6rt; die genauen Umst\u00e4nde sind nicht bekannt.<\/p>\n<p>Im Januar 2008 wurde Teile des gesprengten Denkmals gefunden.<\/p>\n<p>Ein Bild \u00a0von ca. 1935 wurde von <a href=\"http:\/\/www.grussauspotsdam.de\/\">www.Gruss Aus Potsdam.de<\/a> zu\u00a0Verf\u00fcgung\u00a0gestellt.<\/p>\n","protected":false},"excerpt":{"rendered":"<p>&nbsp; Zerst\u00f6rtes Denkmal der Kraftfahrtruppe, Michendorfer Chaussee Bericht von Thomas Potsdamer-Ehrenmale.de Eingeweiht wurde das Denkmal\u00a007. Juni 1931, welches von Fritz Ebhardt erschaffen wurde,\u00a0f\u00fcr die 2400 im Ersten Weltkrieg gefallenen Kraftfahrsoldaten.\u00a0Es zeigte auf einem monumentalen Unterbau einen Kampfwagen, von dem sich &hellip; <a href=\"http:\/\/www.denkfried.de\/wp\/?page_id=16492\">Weiterlesen <span class=\"meta-nav\">&rarr;<\/span><\/a><\/p>\n","protected":false},"author":9,"featured_media":0,"parent":16367,"menu_order":0,"comment_status":"closed","ping_status":"open","template":"","meta":{"footnotes":""},"class_list":["post-16492","page","type-page","status-publish","hentry"],"_links":{"self":[{"href":"http:\/\/www.denkfried.de\/wp\/index.php?rest_route=\/wp\/v2\/pages\/16492","targetHints":{"allow":["GET"]}}],"collection":[{"href":"http:\/\/www.denkfried.de\/wp\/index.php?rest_route=\/wp\/v2\/pages"}],"about":[{"href":"http:\/\/www.denkfried.de\/wp\/index.php?rest_route=\/wp\/v2\/types\/page"}],"author":[{"embeddable":true,"href":"http:\/\/www.denkfried.de\/wp\/index.php?rest_route=\/wp\/v2\/users\/9"}],"replies":[{"embeddable":true,"href":"http:\/\/www.denkfried.de\/wp\/index.php?rest_route=%2Fwp%2Fv2%2Fcomments&post=16492"}],"version-history":[{"count":10,"href":"http:\/\/www.denkfried.de\/wp\/index.php?rest_route=\/wp\/v2\/pages\/16492\/revisions"}],"predecessor-version":[{"id":16499,"href":"http:\/\/www.denkfried.de\/wp\/index.php?rest_route=\/wp\/v2\/pages\/16492\/revisions\/16499"}],"up":[{"embeddable":true,"href":"http:\/\/www.denkfried.de\/wp\/index.php?rest_route=\/wp\/v2\/pages\/16367"}],"wp:attachment":[{"href":"http:\/\/www.denkfried.de\/wp\/index.php?rest_route=%2Fwp%2Fv2%2Fmedia&parent=16492"}],"curies":[{"name":"wp","href":"https:\/\/api.w.org\/{rel}","templated":true}]}}