{"id":1633,"date":"2011-04-09T17:27:48","date_gmt":"2011-04-09T15:27:48","guid":{"rendered":"http:\/\/www.denkfried.de\/wp\/?page_id=1633"},"modified":"2011-04-09T17:27:48","modified_gmt":"2011-04-09T15:27:48","slug":"riga-waldfriedhof","status":"publish","type":"page","link":"http:\/\/www.denkfried.de\/wp\/?page_id=1633","title":{"rendered":"RIGA-Waldfriedhof"},"content":{"rendered":"<p>&nbsp;<\/p>\n<p><span style=\"text-decoration: underline; color: #ff0000;\"><strong>Riga<\/strong><\/span><\/p>\n<p>Waldfriedhof<\/p>\n<p>Auf  dem sogenannten &#8222;Ehrenfriedhof Riga-Ost&#8220;, dem heutigen &#8222;Waldfriedhof&#8220;  wurden w\u00e4hrend des Krieges die Wehrmachtsangeh\u00f6rigen bestattet.<br \/>\nNach dem Krieg wurden diese Gr\u00e4ber mit Ziviltoten \u00fcberbettet, d.h.das sie nicht mehr sichtbar sind.<br \/>\nHier sind 6110 Deutsche bestattet worden.<br \/>\nDie Namen der hier Bestatteten sind auf Natursteinstelen auf dem Friedhof Riga-Beberbeki verzeichnet.<br \/>\nAuf dem &#8222;Waldfriedhof&#8220; wurde vom Volksbund ein kleiner Gedenkplatz eingerichtet.<\/p>\n","protected":false},"excerpt":{"rendered":"<p>&nbsp; Riga Waldfriedhof Auf dem sogenannten &#8222;Ehrenfriedhof Riga-Ost&#8220;, dem heutigen &#8222;Waldfriedhof&#8220; wurden w\u00e4hrend des Krieges die Wehrmachtsangeh\u00f6rigen bestattet. Nach dem Krieg wurden diese Gr\u00e4ber mit Ziviltoten \u00fcberbettet, d.h.das sie nicht mehr sichtbar sind. Hier sind 6110 Deutsche bestattet worden. Die &hellip; <a href=\"http:\/\/www.denkfried.de\/wp\/?page_id=1633\">Weiterlesen <span class=\"meta-nav\">&rarr;<\/span><\/a><\/p>\n","protected":false},"author":2,"featured_media":0,"parent":1625,"menu_order":0,"comment_status":"closed","ping_status":"open","template":"","meta":{"footnotes":""},"class_list":["post-1633","page","type-page","status-publish","hentry"],"_links":{"self":[{"href":"http:\/\/www.denkfried.de\/wp\/index.php?rest_route=\/wp\/v2\/pages\/1633","targetHints":{"allow":["GET"]}}],"collection":[{"href":"http:\/\/www.denkfried.de\/wp\/index.php?rest_route=\/wp\/v2\/pages"}],"about":[{"href":"http:\/\/www.denkfried.de\/wp\/index.php?rest_route=\/wp\/v2\/types\/page"}],"author":[{"embeddable":true,"href":"http:\/\/www.denkfried.de\/wp\/index.php?rest_route=\/wp\/v2\/users\/2"}],"replies":[{"embeddable":true,"href":"http:\/\/www.denkfried.de\/wp\/index.php?rest_route=%2Fwp%2Fv2%2Fcomments&post=1633"}],"version-history":[{"count":2,"href":"http:\/\/www.denkfried.de\/wp\/index.php?rest_route=\/wp\/v2\/pages\/1633\/revisions"}],"predecessor-version":[{"id":1635,"href":"http:\/\/www.denkfried.de\/wp\/index.php?rest_route=\/wp\/v2\/pages\/1633\/revisions\/1635"}],"up":[{"embeddable":true,"href":"http:\/\/www.denkfried.de\/wp\/index.php?rest_route=\/wp\/v2\/pages\/1625"}],"wp:attachment":[{"href":"http:\/\/www.denkfried.de\/wp\/index.php?rest_route=%2Fwp%2Fv2%2Fmedia&parent=1633"}],"curies":[{"name":"wp","href":"https:\/\/api.w.org\/{rel}","templated":true}]}}