{"id":16250,"date":"2011-12-08T22:01:41","date_gmt":"2011-12-08T21:01:41","guid":{"rendered":"http:\/\/www.denkfried.de\/wp\/?page_id=16250"},"modified":"2013-11-27T18:05:47","modified_gmt":"2013-11-27T17:05:47","slug":"kriegsgraberstatte","status":"publish","type":"page","link":"http:\/\/www.denkfried.de\/wp\/?page_id=16250","title":{"rendered":"&#8211; Neuer Friedhof\/Kriegsgr\u00e4berst\u00e4tte"},"content":{"rendered":"<p>&nbsp;<\/p>\n<p>14469 Potsdam &#8211; <strong>Bornim <\/strong>Neuer Friedhof,\u00a0Golmer Chaussee<\/p>\n<p>Bericht und Bilder von Thomas <a href=\"http:\/\/potsdamer-ehrenmale.de.tl\/Hauptseite.htm\">Potsdamer-Ehrenmale.de<\/a><\/p>\n<div id='gallery-1' class='gallery galleryid-16250 gallery-columns-4 gallery-size-thumbnail'><dl class='gallery-item'>\n\t\t\t<dt class='gallery-icon landscape'>\n\t\t\t\t<a href='http:\/\/www.denkfried.de\/wp\/?attachment_id=16256'><img loading=\"lazy\" decoding=\"async\" width=\"150\" height=\"150\" src=\"http:\/\/www.denkfried.de\/wp\/wp-content\/uploads\/2011\/12\/Ehrenfeld-Bild-1-150x150.jpg\" class=\"attachment-thumbnail size-thumbnail\" alt=\"\" \/><\/a>\n\t\t\t<\/dt><\/dl><dl class='gallery-item'>\n\t\t\t<dt class='gallery-icon landscape'>\n\t\t\t\t<a href='http:\/\/www.denkfried.de\/wp\/?attachment_id=16259'><img loading=\"lazy\" decoding=\"async\" width=\"150\" height=\"150\" src=\"http:\/\/www.denkfried.de\/wp\/wp-content\/uploads\/2011\/12\/Ehrenfeld-Bild-5-150x150.jpg\" class=\"attachment-thumbnail size-thumbnail\" alt=\"\" \/><\/a>\n\t\t\t<\/dt><\/dl><dl class='gallery-item'>\n\t\t\t<dt class='gallery-icon landscape'>\n\t\t\t\t<a href='http:\/\/www.denkfried.de\/wp\/?attachment_id=29852'><img loading=\"lazy\" decoding=\"async\" width=\"150\" height=\"150\" src=\"http:\/\/www.denkfried.de\/wp\/wp-content\/uploads\/2011\/12\/Bornim-kriegsgr\u00e4ber-150x150.jpg\" class=\"attachment-thumbnail size-thumbnail\" alt=\"\" \/><\/a>\n\t\t\t<\/dt><\/dl><dl class='gallery-item'>\n\t\t\t<dt class='gallery-icon landscape'>\n\t\t\t\t<a href='http:\/\/www.denkfried.de\/wp\/?attachment_id=16258'><img loading=\"lazy\" decoding=\"async\" width=\"150\" height=\"150\" src=\"http:\/\/www.denkfried.de\/wp\/wp-content\/uploads\/2011\/12\/Ehrenfeld-Bild-4-150x150.jpg\" class=\"attachment-thumbnail size-thumbnail\" alt=\"\" \/><\/a>\n\t\t\t<\/dt><\/dl><br style=\"clear: both\" \/><dl class='gallery-item'>\n\t\t\t<dt class='gallery-icon landscape'>\n\t\t\t\t<a href='http:\/\/www.denkfried.de\/wp\/?attachment_id=16254'><img loading=\"lazy\" decoding=\"async\" width=\"150\" height=\"150\" src=\"http:\/\/www.denkfried.de\/wp\/wp-content\/uploads\/2011\/12\/Bornim-1914-1918-150x150.jpg\" class=\"attachment-thumbnail size-thumbnail\" alt=\"\" \/><\/a>\n\t\t\t<\/dt><\/dl><dl class='gallery-item'>\n\t\t\t<dt class='gallery-icon landscape'>\n\t\t\t\t<a href='http:\/\/www.denkfried.de\/wp\/?attachment_id=16255'><img loading=\"lazy\" decoding=\"async\" width=\"150\" height=\"150\" src=\"http:\/\/www.denkfried.de\/wp\/wp-content\/uploads\/2011\/12\/DSCF0005-150x150.jpg\" class=\"attachment-thumbnail size-thumbnail\" alt=\"\" \/><\/a>\n\t\t\t<\/dt><\/dl><dl class='gallery-item'>\n\t\t\t<dt class='gallery-icon landscape'>\n\t\t\t\t<a href='http:\/\/www.denkfried.de\/wp\/?attachment_id=16261'><img loading=\"lazy\" decoding=\"async\" width=\"150\" height=\"150\" src=\"http:\/\/www.denkfried.de\/wp\/wp-content\/uploads\/2011\/12\/Schramm-150x150.jpg\" class=\"attachment-thumbnail size-thumbnail\" alt=\"\" \/><\/a>\n\t\t\t<\/dt><\/dl><dl class='gallery-item'>\n\t\t\t<dt class='gallery-icon landscape'>\n\t\t\t\t<a href='http:\/\/www.denkfried.de\/wp\/?attachment_id=29854'><img loading=\"lazy\" decoding=\"async\" width=\"150\" height=\"150\" src=\"http:\/\/www.denkfried.de\/wp\/wp-content\/uploads\/2011\/12\/PICT0785-150x150.jpg\" class=\"attachment-thumbnail size-thumbnail\" alt=\"\" \/><\/a>\n\t\t\t<\/dt><\/dl><br style=\"clear: both\" \/>\n\t\t<\/div>\n\n<p><strong>Kriegsgr\u00e4berfeld<\/strong> am Eingang Angelegt wurde dieses Feld 1945 mit den au\u00dfen liegenden Grabstellen\u00a0an der West- und Nordseite sowie den 12 Reihen im Feld. Ab 1984 begann die Zweitbelegung der au\u00dfen liegenden Wahlstellen. Bestattet wurden im Mittelfeld 259 namentlich erfasste Kriegsopfer. Es waren Bombenopfer aus Potsdam vom 14.04.1945 und Soldaten, die im Potsdamer Lazarett starben, Zwangsarbeiter, M\u00e4nner vom Volkssturm sowie Zivilpersonen. Die Zahl der unbekannten Soldaten bel\u00e4uft sich auf 262. 1995 konnte das Kriegsgr\u00e4berfeld neu gestaltet werden. Betonsteine ersetzte man durch kleine Kissensteine aus hellem Granit. Durch das Entfernen der kleinen Buchsbaumhecken wurde der Blick frei auf das gesamte Gr\u00e4berfeld mit den jetzt 13 Reihen und dem in der Mitte stehenden Holzkreuz. Ca. <strong>517 Kriegstote<\/strong> ruhen jetzt hier, davon blieben 260 Unbekannt (auf einem Grabstein Unbekannte Tote).<\/p>\n<p>Deweiteren konnten noch 9 (1 priv. Grab 1 WK) private Gr\u00e4ber und 7 private Gedenken dokumentiert werden.<\/p>\n<p>Die Namen wurden in die Datenbanken eingepflegt.<\/p>\n<p><strong><em>Zubettung:<\/em><\/strong><\/p>\n<p><em>Im Herbst 2012 konnten am ehemaligen Garnisonszlazerett, in der Pappelallee, <strong>83 Wehrmachtssoldaten<\/strong> geborgen werden. Diese wurden am 29.04.2013 zu dieser Kriegsgr\u00e4berst\u00e4tte Umgebettet.\u00a0Die WaSt ist zur Zeit noch dabei die Toten zu Identifizieren. <a href=\"http:\/\/potsdamer-ehrenmale.de.tl\/Einbettung-von-Kriegstote-in-Bornim.htm\"><strong>Hier eine Bildersammlung<\/strong><\/a><br \/>\n<\/em><\/p>\n<p><strong>Zusatz zum Kriegsgeschehen:<\/strong><\/p>\n<p>Westseite Nr. 21\/22 \u2013 Paul Schulze (1895 \u2013 1945) Der Bornimer Lehrer f\u00fcr Sport, Deutsch und Naturkunde wohnte in der Potsdamer Str. 90 und sp\u00e4ter in der Gutsstra\u00dfe. Am 25.04.1945 beim Volkssturmeinsatz wurde er in einem Deckungsloch von einem russischen Panzer \u00fcberrollt. Der beschriftete Feldstein als Grabmal existiert noch. Seine Frau Luzie (1894 \u2013 1945), die in einem Seniorenheim lebte, wurde aus Sparsamkeitsgr\u00fcnden auf der Urnenwahlstelle 9\/Reihe 2\/Nr. 3 beigesetzt. Westseite Nr. 9\/10 \u2013 Walter Rolwin (1894 \u2013 1945) und Uta Rolwin (1935 \u2013 1945) Der \u00fcberzeugte Nationalsozialist und Hauptmann der Reserve Rolwin war von 1936 \u2013 1945 als Rektor in der Bornimer Schule t\u00e4tig. Sein Grabstein wurde vor kurzem abger\u00e4umt. Nordseite Nr. 2 Gertrud Kirsch (1898 \u2013 1945) Frau Kirsch war ab 1918 die erste Lehrerin in der Schule zurzeit des Rektors Schl\u00f6sser. Wie auch Familie Rolwin wohnte sie in der Koloniestra\u00dfe I. Ihr Grabmal mit dem schlichten h\u00f6lzernen Kreuz ist noch nicht eingeebnet. Herr Rolwin f\u00fchlte sich bis zum Ende des Krieges als Volkssturmoffizier. Am 27.04.1945, bei der Ann\u00e4herung der Roten Armee, zog er seine Uniform an, entsicherte die Pistole und wollte sich einer versprengten deutschen Einheit bei Eiche anschlie\u00dfen. Fr\u00e4ulein Kirsch, die Witwe Kienast mit ihren beiden T\u00f6chtern sowie seine Tochter Uta waren im Gefolge. Rolwin fing mit den ann\u00e4herten russischen Soldaten ein Gefecht an. Dabei wurden die Tochter Uta, Fr\u00e4ulein Kirsch und Herr Rolwin get\u00f6tet. Kriegsgr\u00e4berfeld Reihe 2 Nr. 44 \u2013 Heinrich Kattein (1860-1945) war der M\u00fchlenmeister der Bockwindm\u00fchle am Heineberg, die nach dem Tod Katteins verfiel und vermutlich um 1959 abgerissen wurde. Im M\u00fchlenhaus an der Maulbeerallee wohnte Frau Puhlmann mit Tochter. Kattein wohnte in T\u00f6plitz und nutzte das Haus nicht. Vermutet wird, dass der 85j\u00e4hrige das sittliche Vergehen an den Frauen verhindern wollte und wurde von den russischen Soldaten am 25.04.1945 an den Windm\u00fchlenfl\u00fcgeln aufgeh\u00e4ngt.<\/p>\n<p>Text entnommen eines Berichts von Herrn Broschke &#8222;Bornims Friedhofgeschichte&#8220;<\/p>\n","protected":false},"excerpt":{"rendered":"<p>&nbsp; 14469 Potsdam &#8211; Bornim Neuer Friedhof,\u00a0Golmer Chaussee Bericht und Bilder von Thomas Potsdamer-Ehrenmale.de Kriegsgr\u00e4berfeld am Eingang Angelegt wurde dieses Feld 1945 mit den au\u00dfen liegenden Grabstellen\u00a0an der West- und Nordseite sowie den 12 Reihen im Feld. Ab 1984 begann &hellip; <a href=\"http:\/\/www.denkfried.de\/wp\/?page_id=16250\">Weiterlesen <span class=\"meta-nav\">&rarr;<\/span><\/a><\/p>\n","protected":false},"author":9,"featured_media":0,"parent":16266,"menu_order":0,"comment_status":"closed","ping_status":"open","template":"","meta":{"footnotes":""},"class_list":["post-16250","page","type-page","status-publish","hentry"],"_links":{"self":[{"href":"http:\/\/www.denkfried.de\/wp\/index.php?rest_route=\/wp\/v2\/pages\/16250","targetHints":{"allow":["GET"]}}],"collection":[{"href":"http:\/\/www.denkfried.de\/wp\/index.php?rest_route=\/wp\/v2\/pages"}],"about":[{"href":"http:\/\/www.denkfried.de\/wp\/index.php?rest_route=\/wp\/v2\/types\/page"}],"author":[{"embeddable":true,"href":"http:\/\/www.denkfried.de\/wp\/index.php?rest_route=\/wp\/v2\/users\/9"}],"replies":[{"embeddable":true,"href":"http:\/\/www.denkfried.de\/wp\/index.php?rest_route=%2Fwp%2Fv2%2Fcomments&post=16250"}],"version-history":[{"count":17,"href":"http:\/\/www.denkfried.de\/wp\/index.php?rest_route=\/wp\/v2\/pages\/16250\/revisions"}],"predecessor-version":[{"id":33707,"href":"http:\/\/www.denkfried.de\/wp\/index.php?rest_route=\/wp\/v2\/pages\/16250\/revisions\/33707"}],"up":[{"embeddable":true,"href":"http:\/\/www.denkfried.de\/wp\/index.php?rest_route=\/wp\/v2\/pages\/16266"}],"wp:attachment":[{"href":"http:\/\/www.denkfried.de\/wp\/index.php?rest_route=%2Fwp%2Fv2%2Fmedia&parent=16250"}],"curies":[{"name":"wp","href":"https:\/\/api.w.org\/{rel}","templated":true}]}}