{"id":1625,"date":"2011-04-09T17:25:42","date_gmt":"2011-04-09T15:25:42","guid":{"rendered":"http:\/\/www.denkfried.de\/wp\/?page_id=1625"},"modified":"2011-04-09T17:26:41","modified_gmt":"2011-04-09T15:26:41","slug":"riga-bikernieki","status":"publish","type":"page","link":"http:\/\/www.denkfried.de\/wp\/?page_id=1625","title":{"rendered":"RIGA &#8211; Bikernieki"},"content":{"rendered":"<p><a rel=\"attachment wp-att-1626\" href=\"http:\/\/www.denkfried.de\/wp\/?attachment_id=1626\"><img loading=\"lazy\" decoding=\"async\" class=\"alignleft size-full wp-image-1626\" title=\"Wappen-Riga\" src=\"http:\/\/www.denkfried.de\/wp\/wp-content\/uploads\/2011\/04\/Wappen-Riga.png\" alt=\"\" width=\"95\" height=\"99\" \/><\/a><\/p>\n<p><span style=\"text-decoration: underline; color: #ff0000;\"><strong>Riga Bikernieki<\/strong><\/span> (Beberbeki)<\/p>\n<p>Gebiet: Livland (lettisch: Vidzeme)<\/p>\n<p>Auf  dieser Kriegsgr\u00e4berst\u00e4tte sollen einmal\u00a0 die um Riga sowie in den  mittleren und \u00f6stlichen Landesteilen Lettlands ruhenden Kriegstoten  zusammengebettet werden.<br \/>\nDie Verlustzahlen\u00a0 liegt bei \u00fcber 20.000.<\/p>\n<p>Einweihung am 22.09.2007<br \/>\nBestattete:\u00a0 \u00a0 2.414<\/p>\n<p>Am 30.November 2001 wurde die hergerichtete Gr\u00e4berst\u00e4tte f\u00fcr deutsche und \u00f6sterreichische Juden der \u00d6ffentlichkeit \u00fcbergeben.<\/p>\n","protected":false},"excerpt":{"rendered":"<p>Riga Bikernieki (Beberbeki) Gebiet: Livland (lettisch: Vidzeme) Auf dieser Kriegsgr\u00e4berst\u00e4tte sollen einmal\u00a0 die um Riga sowie in den mittleren und \u00f6stlichen Landesteilen Lettlands ruhenden Kriegstoten zusammengebettet werden. Die Verlustzahlen\u00a0 liegt bei \u00fcber 20.000. Einweihung am 22.09.2007 Bestattete:\u00a0 \u00a0 2.414 Am &hellip; <a href=\"http:\/\/www.denkfried.de\/wp\/?page_id=1625\">Weiterlesen <span class=\"meta-nav\">&rarr;<\/span><\/a><\/p>\n","protected":false},"author":2,"featured_media":0,"parent":304,"menu_order":0,"comment_status":"closed","ping_status":"open","template":"","meta":{"footnotes":""},"class_list":["post-1625","page","type-page","status-publish","hentry"],"_links":{"self":[{"href":"http:\/\/www.denkfried.de\/wp\/index.php?rest_route=\/wp\/v2\/pages\/1625","targetHints":{"allow":["GET"]}}],"collection":[{"href":"http:\/\/www.denkfried.de\/wp\/index.php?rest_route=\/wp\/v2\/pages"}],"about":[{"href":"http:\/\/www.denkfried.de\/wp\/index.php?rest_route=\/wp\/v2\/types\/page"}],"author":[{"embeddable":true,"href":"http:\/\/www.denkfried.de\/wp\/index.php?rest_route=\/wp\/v2\/users\/2"}],"replies":[{"embeddable":true,"href":"http:\/\/www.denkfried.de\/wp\/index.php?rest_route=%2Fwp%2Fv2%2Fcomments&post=1625"}],"version-history":[{"count":6,"href":"http:\/\/www.denkfried.de\/wp\/index.php?rest_route=\/wp\/v2\/pages\/1625\/revisions"}],"predecessor-version":[{"id":1632,"href":"http:\/\/www.denkfried.de\/wp\/index.php?rest_route=\/wp\/v2\/pages\/1625\/revisions\/1632"}],"up":[{"embeddable":true,"href":"http:\/\/www.denkfried.de\/wp\/index.php?rest_route=\/wp\/v2\/pages\/304"}],"wp:attachment":[{"href":"http:\/\/www.denkfried.de\/wp\/index.php?rest_route=%2Fwp%2Fv2%2Fmedia&parent=1625"}],"curies":[{"name":"wp","href":"https:\/\/api.w.org\/{rel}","templated":true}]}}