{"id":16187,"date":"2011-12-01T23:50:27","date_gmt":"2011-12-01T22:50:27","guid":{"rendered":"http:\/\/www.denkfried.de\/wp\/?page_id=16187"},"modified":"2016-11-22T14:03:46","modified_gmt":"2016-11-22T13:03:46","slug":"berliner-vorstadt","status":"publish","type":"page","link":"http:\/\/www.denkfried.de\/wp\/?page_id=16187","title":{"rendered":"&#8211; Berliner Vorstadt"},"content":{"rendered":"<p>&nbsp;<\/p>\n<p><span style=\"text-decoration: underline;\">14467 Potsdam &#8211; <strong>Berliner Vorstadt<\/strong><\/span><\/p>\n<p>Bericht und Bilder von Thomas <a href=\"http:\/\/potsdamer-ehrenmale.de.tl\/Hauptseite.htm\">Potsdamer-Ehrenmale.de<\/a><\/p>\n<p><strong>Denkm\u00e4ler<\/strong> im Wandel der Zeit<\/p>\n<p>Hier ist ein guter Einblick wie sich die Zeiten ge\u00e4ndert haben.<br \/>\nV\u00f6llig unscheinbar, steht ein altes Denkmal vor einem Geb\u00e4ude in Potsdam.<br \/>\nJegliche Inschriften sind entfernt. Durch eine Anfrage bei Bildindex.de konnte ich ein Bild der alten Zeit zum gegen\u00fcberstellen einbinden.<\/p>\n<p>Denkmal des Leibgarde-Husaren-Regiment<\/p>\n<div id='gallery-1' class='gallery galleryid-16187 gallery-columns-3 gallery-size-thumbnail'><dl class='gallery-item'>\n\t\t\t<dt class='gallery-icon landscape'>\n\t\t\t\t<a href='http:\/\/www.denkfried.de\/wp\/?attachment_id=16189'><img loading=\"lazy\" decoding=\"async\" width=\"150\" height=\"150\" src=\"http:\/\/www.denkfried.de\/wp\/wp-content\/uploads\/2011\/12\/DSCF1336-150x150.jpg\" class=\"attachment-thumbnail size-thumbnail\" alt=\"\" \/><\/a>\n\t\t\t<\/dt><\/dl><dl class='gallery-item'>\n\t\t\t<dt class='gallery-icon portrait'>\n\t\t\t\t<a href='http:\/\/www.denkfried.de\/wp\/?attachment_id=16190'><img loading=\"lazy\" decoding=\"async\" width=\"150\" height=\"150\" src=\"http:\/\/www.denkfried.de\/wp\/wp-content\/uploads\/2011\/12\/DSCF1337-150x150.jpg\" class=\"attachment-thumbnail size-thumbnail\" alt=\"\" \/><\/a>\n\t\t\t<\/dt><\/dl><dl class='gallery-item'>\n\t\t\t<dt class='gallery-icon landscape'>\n\t\t\t\t<a href='http:\/\/www.denkfried.de\/wp\/?attachment_id=16191'><img loading=\"lazy\" decoding=\"async\" width=\"150\" height=\"150\" src=\"http:\/\/www.denkfried.de\/wp\/wp-content\/uploads\/2011\/12\/DSCF1338-150x150.jpg\" class=\"attachment-thumbnail size-thumbnail\" alt=\"\" \/><\/a>\n\t\t\t<\/dt><\/dl><br style=\"clear: both\" \/><dl class='gallery-item'>\n\t\t\t<dt class='gallery-icon landscape'>\n\t\t\t\t<a href='http:\/\/www.denkfried.de\/wp\/?attachment_id=16240'><img loading=\"lazy\" decoding=\"async\" width=\"150\" height=\"150\" src=\"http:\/\/www.denkfried.de\/wp\/wp-content\/uploads\/2011\/12\/mi13105a02apotsdam1-150x150.jpg\" class=\"attachment-thumbnail size-thumbnail\" alt=\"\" \/><\/a>\n\t\t\t<\/dt><\/dl><dl class='gallery-item'>\n\t\t\t<dt class='gallery-icon portrait'>\n\t\t\t\t<a href='http:\/\/www.denkfried.de\/wp\/?attachment_id=16238'><img loading=\"lazy\" decoding=\"async\" width=\"150\" height=\"150\" src=\"http:\/\/www.denkfried.de\/wp\/wp-content\/uploads\/2011\/12\/fm829835-150x150.jpg\" class=\"attachment-thumbnail size-thumbnail\" alt=\"\" \/><\/a>\n\t\t\t<\/dt><\/dl><dl class='gallery-item'>\n\t\t\t<dt class='gallery-icon landscape'>\n\t\t\t\t<a href='http:\/\/www.denkfried.de\/wp\/?attachment_id=16237'><img loading=\"lazy\" decoding=\"async\" width=\"150\" height=\"150\" src=\"http:\/\/www.denkfried.de\/wp\/wp-content\/uploads\/2011\/12\/fm829835-Kopie-2-150x150.jpg\" class=\"attachment-thumbnail size-thumbnail\" alt=\"\" \/><\/a>\n\t\t\t<\/dt><\/dl><br style=\"clear: both\" \/>\n\t\t<\/div>\n\n<p>Das Denkmal befindet sich an der Berliner Stra\u00dfe 27, auf der anderen Stra\u00dfenseite ist die ehemalige Kaserne, in der ehemaligen Offiziersspeiseanstalt. Es\u00a0ist als Denkmal nicht mehr zu erkennen! Die Bronzeplatten sowie Buchstaben sind entfernt worden. Das Denkmal wurde in den 20er Jahren eingeweiht. \u00a0Einst standen hier die Namen von Gefallenen aus den Kriegen 1864, 1866, 1870-71, 1894-1905 Kolonialkriege und des Ersten Weltkrieges. Geordnet nach den Kriegen und den Todesdatum.<\/p>\n<p>Einst war auf den Felsen ein Adler, vorne ein Eisernes Kreuz, drunter stand\u00a0<strong>Leib Garde Husaren Regiment.\u00a0<\/strong><\/p>\n<p style=\"text-align: left;\">4 Namensplatten<\/p>\n<address style=\"text-align: center;\"><em><strong>Mit Gott f\u00fcr K\u00f6nig und Vaterland starben den Heldentod<\/strong><\/em><\/address>\n<address style=\"text-align: center;\"><em><strong>vom\u00a0Leib-Garde-Husarenregiment<\/strong><\/em><\/address>\n<address style=\"text-align: center;\">\u00a0<\/address>\n<address style=\"text-align: center;\">\u00a0\u00a0<\/address>\n<p style=\"text-align: left; padding-left: 30px;\">Ein Bild von 1940 wurde vom\u00a0<a href=\"http:\/\/www.fotomarburg.de\/\">Bildarchiv Foto Marburg<\/a>\u00a0zur\u00a0Verf\u00fcgung\u00a0gestellt.<\/p>\n<p style=\"text-align: left; padding-left: 30px;\"><strong>\u00a0<a href=\"http:\/\/www.denkfried.de\/wp\/wp-content\/uploads\/2011\/12\/Leib-Garde.html\">Namensliste<\/a>\u00a0(unvollst\u00e4ndig)<\/strong><\/p>\n","protected":false},"excerpt":{"rendered":"<p>&nbsp; 14467 Potsdam &#8211; Berliner Vorstadt Bericht und Bilder von Thomas Potsdamer-Ehrenmale.de Denkm\u00e4ler im Wandel der Zeit Hier ist ein guter Einblick wie sich die Zeiten ge\u00e4ndert haben. V\u00f6llig unscheinbar, steht ein altes Denkmal vor einem Geb\u00e4ude in Potsdam. Jegliche &hellip; <a href=\"http:\/\/www.denkfried.de\/wp\/?page_id=16187\">Weiterlesen <span class=\"meta-nav\">&rarr;<\/span><\/a><\/p>\n","protected":false},"author":9,"featured_media":0,"parent":4652,"menu_order":0,"comment_status":"closed","ping_status":"open","template":"","meta":{"footnotes":""},"class_list":["post-16187","page","type-page","status-publish","hentry"],"_links":{"self":[{"href":"http:\/\/www.denkfried.de\/wp\/index.php?rest_route=\/wp\/v2\/pages\/16187","targetHints":{"allow":["GET"]}}],"collection":[{"href":"http:\/\/www.denkfried.de\/wp\/index.php?rest_route=\/wp\/v2\/pages"}],"about":[{"href":"http:\/\/www.denkfried.de\/wp\/index.php?rest_route=\/wp\/v2\/types\/page"}],"author":[{"embeddable":true,"href":"http:\/\/www.denkfried.de\/wp\/index.php?rest_route=\/wp\/v2\/users\/9"}],"replies":[{"embeddable":true,"href":"http:\/\/www.denkfried.de\/wp\/index.php?rest_route=%2Fwp%2Fv2%2Fcomments&post=16187"}],"version-history":[{"count":31,"href":"http:\/\/www.denkfried.de\/wp\/index.php?rest_route=\/wp\/v2\/pages\/16187\/revisions"}],"predecessor-version":[{"id":40945,"href":"http:\/\/www.denkfried.de\/wp\/index.php?rest_route=\/wp\/v2\/pages\/16187\/revisions\/40945"}],"up":[{"embeddable":true,"href":"http:\/\/www.denkfried.de\/wp\/index.php?rest_route=\/wp\/v2\/pages\/4652"}],"wp:attachment":[{"href":"http:\/\/www.denkfried.de\/wp\/index.php?rest_route=%2Fwp%2Fv2%2Fmedia&parent=16187"}],"curies":[{"name":"wp","href":"https:\/\/api.w.org\/{rel}","templated":true}]}}