{"id":16177,"date":"2011-12-01T23:32:49","date_gmt":"2011-12-01T22:32:49","guid":{"rendered":"http:\/\/www.denkfried.de\/wp\/?page_id=16177"},"modified":"2013-07-25T23:40:07","modified_gmt":"2013-07-25T21:40:07","slug":"denkmal-neuer-friedhof","status":"publish","type":"page","link":"http:\/\/www.denkfried.de\/wp\/?page_id=16177","title":{"rendered":"&#8211; Denkmal-Neuer Friedhof"},"content":{"rendered":"<p>&nbsp;<\/p>\n<p><strong>Potsdam<\/strong> Neuer Friedhof Denkmal f\u00fcr Ausl\u00e4ndische Kriegstote<\/p>\n<div id='gallery-1' class='gallery galleryid-16177 gallery-columns-3 gallery-size-thumbnail'><dl class='gallery-item'>\n\t\t\t<dt class='gallery-icon landscape'>\n\t\t\t\t<a href='http:\/\/www.denkfried.de\/wp\/?attachment_id=16178'><img loading=\"lazy\" decoding=\"async\" width=\"150\" height=\"150\" src=\"http:\/\/www.denkfried.de\/wp\/wp-content\/uploads\/2011\/12\/DSCF1339-150x150.jpg\" class=\"attachment-thumbnail size-thumbnail\" alt=\"\" \/><\/a>\n\t\t\t<\/dt><\/dl><dl class='gallery-item'>\n\t\t\t<dt class='gallery-icon portrait'>\n\t\t\t\t<a href='http:\/\/www.denkfried.de\/wp\/?attachment_id=16180'><img loading=\"lazy\" decoding=\"async\" width=\"150\" height=\"150\" src=\"http:\/\/www.denkfried.de\/wp\/wp-content\/uploads\/2011\/12\/DSCF1354-150x150.jpg\" class=\"attachment-thumbnail size-thumbnail\" alt=\"\" \/><\/a>\n\t\t\t<\/dt><\/dl><dl class='gallery-item'>\n\t\t\t<dt class='gallery-icon portrait'>\n\t\t\t\t<a href='http:\/\/www.denkfried.de\/wp\/?attachment_id=16179'><img loading=\"lazy\" decoding=\"async\" width=\"150\" height=\"150\" src=\"http:\/\/www.denkfried.de\/wp\/wp-content\/uploads\/2011\/12\/DSCF1353-150x150.jpg\" class=\"attachment-thumbnail size-thumbnail\" alt=\"\" \/><\/a>\n\t\t\t<\/dt><\/dl><br style=\"clear: both\" \/>\n\t\t<\/div>\n\n<p>Die Begr\u00e4bnisst\u00e4tte f\u00fcr 139 ausl\u00e4ndische Kriegstote aus den Jahren 1939 bis 1945 ist heute eine am Hang gelegene Rasenanlage. Urspr\u00fcnglich befanden sich hier Einzelgr\u00e4ber, von denen jedoch keine Lageverzeichnisse existieren. Hier ruhen Tote der verschiedenen V\u00f6lker der Sowjetunion, Franzosen, Belgier, Holl\u00e4nder, Polen, Tschechen, Italiener, Jugoslawen und unbekannte Nationalit\u00e4ten. Eine 1976\/77 errichtete Stelle erinnert an sie.<\/p>\n<p>Unter alten Eichen bestattete man 1945 etwa 25 bis 30 unbekannte Tote der ehemaligen Sowjetunion ohne Grabzeichen.<\/p>\n","protected":false},"excerpt":{"rendered":"<p>&nbsp; Potsdam Neuer Friedhof Denkmal f\u00fcr Ausl\u00e4ndische Kriegstote Die Begr\u00e4bnisst\u00e4tte f\u00fcr 139 ausl\u00e4ndische Kriegstote aus den Jahren 1939 bis 1945 ist heute eine am Hang gelegene Rasenanlage. Urspr\u00fcnglich befanden sich hier Einzelgr\u00e4ber, von denen jedoch keine Lageverzeichnisse existieren. Hier ruhen &hellip; <a href=\"http:\/\/www.denkfried.de\/wp\/?page_id=16177\">Weiterlesen <span class=\"meta-nav\">&rarr;<\/span><\/a><\/p>\n","protected":false},"author":9,"featured_media":0,"parent":13795,"menu_order":0,"comment_status":"closed","ping_status":"open","template":"","meta":{"footnotes":""},"class_list":["post-16177","page","type-page","status-publish","hentry"],"_links":{"self":[{"href":"http:\/\/www.denkfried.de\/wp\/index.php?rest_route=\/wp\/v2\/pages\/16177","targetHints":{"allow":["GET"]}}],"collection":[{"href":"http:\/\/www.denkfried.de\/wp\/index.php?rest_route=\/wp\/v2\/pages"}],"about":[{"href":"http:\/\/www.denkfried.de\/wp\/index.php?rest_route=\/wp\/v2\/types\/page"}],"author":[{"embeddable":true,"href":"http:\/\/www.denkfried.de\/wp\/index.php?rest_route=\/wp\/v2\/users\/9"}],"replies":[{"embeddable":true,"href":"http:\/\/www.denkfried.de\/wp\/index.php?rest_route=%2Fwp%2Fv2%2Fcomments&post=16177"}],"version-history":[{"count":3,"href":"http:\/\/www.denkfried.de\/wp\/index.php?rest_route=\/wp\/v2\/pages\/16177\/revisions"}],"predecessor-version":[{"id":31885,"href":"http:\/\/www.denkfried.de\/wp\/index.php?rest_route=\/wp\/v2\/pages\/16177\/revisions\/31885"}],"up":[{"embeddable":true,"href":"http:\/\/www.denkfried.de\/wp\/index.php?rest_route=\/wp\/v2\/pages\/13795"}],"wp:attachment":[{"href":"http:\/\/www.denkfried.de\/wp\/index.php?rest_route=%2Fwp%2Fv2%2Fmedia&parent=16177"}],"curies":[{"name":"wp","href":"https:\/\/api.w.org\/{rel}","templated":true}]}}