{"id":16171,"date":"2011-12-01T23:25:18","date_gmt":"2011-12-01T22:25:18","guid":{"rendered":"http:\/\/www.denkfried.de\/wp\/?page_id=16171"},"modified":"2013-07-27T15:34:20","modified_gmt":"2013-07-27T13:34:20","slug":"bassingplatz-russ-fhf","status":"publish","type":"page","link":"http:\/\/www.denkfried.de\/wp\/?page_id=16171","title":{"rendered":"Bassingplatz Russ. Fhf"},"content":{"rendered":"<p>&nbsp;<\/p>\n<p><span style=\"text-decoration: underline;\"><strong>14476 Potsdam <\/strong><\/span><strong>Russischer Friedhof<\/strong> Bassingplatz<\/p>\n<div id='gallery-1' class='gallery galleryid-16171 gallery-columns-3 gallery-size-thumbnail'><dl class='gallery-item'>\n\t\t\t<dt class='gallery-icon landscape'>\n\t\t\t\t<a href='http:\/\/www.denkfried.de\/wp\/?attachment_id=27058'><img loading=\"lazy\" decoding=\"async\" width=\"150\" height=\"150\" src=\"http:\/\/www.denkfried.de\/wp\/wp-content\/uploads\/2011\/12\/potsdamrussischerFriedhof-150x150.jpg\" class=\"attachment-thumbnail size-thumbnail\" alt=\"\" \/><\/a>\n\t\t\t<\/dt><\/dl><dl class='gallery-item'>\n\t\t\t<dt class='gallery-icon landscape'>\n\t\t\t\t<a href='http:\/\/www.denkfried.de\/wp\/?attachment_id=16173'><img loading=\"lazy\" decoding=\"async\" width=\"150\" height=\"150\" src=\"http:\/\/www.denkfried.de\/wp\/wp-content\/uploads\/2011\/12\/DSCF1335-150x150.jpg\" class=\"attachment-thumbnail size-thumbnail\" alt=\"\" \/><\/a>\n\t\t\t<\/dt><\/dl><dl class='gallery-item'>\n\t\t\t<dt class='gallery-icon portrait'>\n\t\t\t\t<a href='http:\/\/www.denkfried.de\/wp\/?attachment_id=16174'><img loading=\"lazy\" decoding=\"async\" width=\"150\" height=\"150\" src=\"http:\/\/www.denkfried.de\/wp\/wp-content\/uploads\/2011\/12\/DSCF13359-150x150.jpg\" class=\"attachment-thumbnail size-thumbnail\" alt=\"\" \/><\/a>\n\t\t\t<\/dt><\/dl><br style=\"clear: both\" \/>\n\t\t<\/div>\n\n<p>1946 begann die damalige Sowjetische Milit\u00e4radministration in Deutschland (SMAD), im Zentrum Potsdams einen Ehrenfriedhof f\u00fcr die in den letzten Kriegstagen in und um Potsdam gefallenen und bis 1947 an den Kriegsfolgen gestorbenen Soldaten der Sowjetarmee anzulegen. 383 Armeeangeh\u00f6rige haben auf dem Friedhof ihre letzte Ruhest\u00e4tte gefunden. Sterbedaten nach 1945 k\u00f6nnen sich auch auf die Umbettung aus \u201eFeld und Flur\u201c beziehen. Im Zuge der Errichtung des Friedhofs wurde von Oktober bis Dezember 1946 die \u201eGloriette\u201c auf dem Bassinplatz abgerissen. Die Gloriette, ein Pavillon (von 1739) aus Backstein im holl\u00e4ndischen Stil, der urspr\u00fcnglich auf einer Insel stehend das Zentrum des 1890 zugesch\u00fctteten barocken Bassins an diesem Ort bildete. 1949 wird mit der Errichtung eines zentralen Denkmals des Bildhauers A. Brahms die Gestaltung zum Sowjetischen Friedhof beendet. Das 14 m hohe Denkmal aus Lausitzer Granit besitzt im Sockelbereich Soldatenplastiken, welche die vier Waffengattungen der Roten Armee darstellen. Im Eingangsbereich des Friedhofs stehen zwei Granitstelen mit aufgesetzten Flammenschalen aus Bronze. Die Grabsteine auf dem Friedhof wurden in zwei Gestaltungsvarianten aus rotem Betonwerkstein hergestellt. Den \u00fcberwiegenden Grabmaltyp bildet ein f\u00fcnfeckiger Stein mit Sockel, auf dessen Ansicht erhaben ein f\u00fcnfzackiger Stern dargestellt ist. Die Inschriften sind in die Fl\u00e4chen des Sterns vertieft eingearbeitet. Der zweite Grabmaltyp (f\u00fcr Offiziere) besitzt eine Trapezform, auf dessen Oberseite ein f\u00fcnfzackiger Stern aufgesetzt ist. Die Inschriften sind ebenfalls vertieft eingearbeitet. Die Gleichf\u00f6rmigkeit der Anlage wird durch mehrere individuell gestaltete Grabmale aus Naturstein von teilweise erheblicher Dimension sowie aufwendiger Gestaltung unterbrochen. Alle Grabst\u00e4tten besitzen eine offene Betoneinfassung, die dicht mit Efeu bepflanzt ist. Die Gesamtanlage steht seit 1987 unter Denkmalschutz. Das zentrale Denkmal und die Grabsteine wurden, beginnend Ende der neunziger Jahre bis 2001, grundlegend saniert und teilweise erneuert. Die Bundesrepublik Deutschland hat sich vertraglich zur dauernden Erhaltung der sowjetischen Kriegsgr\u00e4ber verpflichtet. Der Friedhof auf dem Bassinplatz steht in Tr\u00e4gerschaft der Stadt Potsdam. An Gedenktagen, wie dem Tag der Befreiung und dem Volkstrauertag, wird mit offiziellen Kranzniederlegungen der Kriegstoten gedacht.<\/p>\n<p><strong>Quelle:\u00a0<a href=\"http:\/\/www.mobil-potsdam.de\/\">http:\/\/www.mobil-potsdam.de<\/a><\/strong><\/p>\n<p>&nbsp;<\/p>\n","protected":false},"excerpt":{"rendered":"<p>&nbsp; 14476 Potsdam Russischer Friedhof Bassingplatz 1946 begann die damalige Sowjetische Milit\u00e4radministration in Deutschland (SMAD), im Zentrum Potsdams einen Ehrenfriedhof f\u00fcr die in den letzten Kriegstagen in und um Potsdam gefallenen und bis 1947 an den Kriegsfolgen gestorbenen Soldaten der &hellip; <a href=\"http:\/\/www.denkfried.de\/wp\/?page_id=16171\">Weiterlesen <span class=\"meta-nav\">&rarr;<\/span><\/a><\/p>\n","protected":false},"author":9,"featured_media":0,"parent":16183,"menu_order":0,"comment_status":"closed","ping_status":"open","template":"","meta":{"footnotes":""},"class_list":["post-16171","page","type-page","status-publish","hentry"],"_links":{"self":[{"href":"http:\/\/www.denkfried.de\/wp\/index.php?rest_route=\/wp\/v2\/pages\/16171","targetHints":{"allow":["GET"]}}],"collection":[{"href":"http:\/\/www.denkfried.de\/wp\/index.php?rest_route=\/wp\/v2\/pages"}],"about":[{"href":"http:\/\/www.denkfried.de\/wp\/index.php?rest_route=\/wp\/v2\/types\/page"}],"author":[{"embeddable":true,"href":"http:\/\/www.denkfried.de\/wp\/index.php?rest_route=\/wp\/v2\/users\/9"}],"replies":[{"embeddable":true,"href":"http:\/\/www.denkfried.de\/wp\/index.php?rest_route=%2Fwp%2Fv2%2Fcomments&post=16171"}],"version-history":[{"count":7,"href":"http:\/\/www.denkfried.de\/wp\/index.php?rest_route=\/wp\/v2\/pages\/16171\/revisions"}],"predecessor-version":[{"id":31931,"href":"http:\/\/www.denkfried.de\/wp\/index.php?rest_route=\/wp\/v2\/pages\/16171\/revisions\/31931"}],"up":[{"embeddable":true,"href":"http:\/\/www.denkfried.de\/wp\/index.php?rest_route=\/wp\/v2\/pages\/16183"}],"wp:attachment":[{"href":"http:\/\/www.denkfried.de\/wp\/index.php?rest_route=%2Fwp%2Fv2%2Fmedia&parent=16171"}],"curies":[{"name":"wp","href":"https:\/\/api.w.org\/{rel}","templated":true}]}}