{"id":1612,"date":"2011-04-09T17:18:10","date_gmt":"2011-04-09T15:18:10","guid":{"rendered":"http:\/\/www.denkfried.de\/wp\/?page_id=1612"},"modified":"2011-04-09T17:18:10","modified_gmt":"2011-04-09T15:18:10","slug":"dzukste","status":"publish","type":"page","link":"http:\/\/www.denkfried.de\/wp\/?page_id=1612","title":{"rendered":"DZUKSTE"},"content":{"rendered":"<p>&nbsp;<\/p>\n<p><span style=\"text-decoration: underline; color: #ff0000;\"><strong>3147 Dzukste<\/strong><\/span> (Siuxt\/Dzukste)<\/p>\n<p>Deutscher Zivilfriedhof<\/p>\n<p>In der N\u00e4he der Kirche gelegene Friedhof ist die Gr\u00e4berst\u00e4tte von ca.400 deutsche Soldaten der 290.Infanterie Division.<br \/>\nBei  der Neugestaltung im Jahr 1996 wurde festgestellt, das nur noch die  drei inneren Gr\u00e4berreihen von 135 Toten erhalten geblieben sind. Die  au\u00dferhalb der Bl\u00f6cke IX-XI gelegenen Gr\u00e4ber waren durch \u00dcberbettungen  (63) verlorengegangen.<br \/>\nAn Hand des urspr\u00fcnglichen Belegungsplanes  konnte ein Teil rekonstruiert werden und die Namen der Soldaten auf  Namenstafeln verewigt werden.<\/p>\n<p>Die Einweihung der Kriegsgr\u00e4berst\u00e4tte war am 14.06.1997<\/p>\n","protected":false},"excerpt":{"rendered":"<p>&nbsp; 3147 Dzukste (Siuxt\/Dzukste) Deutscher Zivilfriedhof In der N\u00e4he der Kirche gelegene Friedhof ist die Gr\u00e4berst\u00e4tte von ca.400 deutsche Soldaten der 290.Infanterie Division. Bei der Neugestaltung im Jahr 1996 wurde festgestellt, das nur noch die drei inneren Gr\u00e4berreihen von 135 &hellip; <a href=\"http:\/\/www.denkfried.de\/wp\/?page_id=1612\">Weiterlesen <span class=\"meta-nav\">&rarr;<\/span><\/a><\/p>\n","protected":false},"author":2,"featured_media":0,"parent":304,"menu_order":0,"comment_status":"closed","ping_status":"open","template":"","meta":{"footnotes":""},"class_list":["post-1612","page","type-page","status-publish","hentry"],"_links":{"self":[{"href":"http:\/\/www.denkfried.de\/wp\/index.php?rest_route=\/wp\/v2\/pages\/1612","targetHints":{"allow":["GET"]}}],"collection":[{"href":"http:\/\/www.denkfried.de\/wp\/index.php?rest_route=\/wp\/v2\/pages"}],"about":[{"href":"http:\/\/www.denkfried.de\/wp\/index.php?rest_route=\/wp\/v2\/types\/page"}],"author":[{"embeddable":true,"href":"http:\/\/www.denkfried.de\/wp\/index.php?rest_route=\/wp\/v2\/users\/2"}],"replies":[{"embeddable":true,"href":"http:\/\/www.denkfried.de\/wp\/index.php?rest_route=%2Fwp%2Fv2%2Fcomments&post=1612"}],"version-history":[{"count":3,"href":"http:\/\/www.denkfried.de\/wp\/index.php?rest_route=\/wp\/v2\/pages\/1612\/revisions"}],"predecessor-version":[{"id":8529,"href":"http:\/\/www.denkfried.de\/wp\/index.php?rest_route=\/wp\/v2\/pages\/1612\/revisions\/8529"}],"up":[{"embeddable":true,"href":"http:\/\/www.denkfried.de\/wp\/index.php?rest_route=\/wp\/v2\/pages\/304"}],"wp:attachment":[{"href":"http:\/\/www.denkfried.de\/wp\/index.php?rest_route=%2Fwp%2Fv2%2Fmedia&parent=1612"}],"curies":[{"name":"wp","href":"https:\/\/api.w.org\/{rel}","templated":true}]}}