{"id":15771,"date":"2011-11-24T17:57:57","date_gmt":"2011-11-24T16:57:57","guid":{"rendered":"http:\/\/www.denkfried.de\/wp\/?page_id=15771"},"modified":"2015-11-28T16:14:55","modified_gmt":"2015-11-28T15:14:55","slug":"st-elisabeth-friedhof-2","status":"publish","type":"page","link":"http:\/\/www.denkfried.de\/wp\/?page_id=15771","title":{"rendered":"St. Elisabeth Friedhof 2"},"content":{"rendered":"<p>&nbsp;<\/p>\n<p><strong>Berlin &#8211; Wedding<\/strong> St Elisabeth Friedhof 2, Wollankstra\u00dfe 66<\/p>\n<p>Bericht und Bilder von Thomas\u00a0<a href=\"http:\/\/g-bb.jimdo.com\/\">Gefallenendenkm\u00e4ler Berlin\/Brandenburg<\/a><\/p>\n<div id='gallery-1' class='gallery galleryid-15771 gallery-columns-4 gallery-size-thumbnail'><dl class='gallery-item'>\n\t\t\t<dt class='gallery-icon landscape'>\n\t\t\t\t<a href='http:\/\/www.denkfried.de\/wp\/?attachment_id=15774'><img loading=\"lazy\" decoding=\"async\" width=\"150\" height=\"150\" src=\"http:\/\/www.denkfried.de\/wp\/wp-content\/uploads\/2011\/11\/1939-1945-Feld-1-Bild-2-150x150.jpg\" class=\"attachment-thumbnail size-thumbnail\" alt=\"\" aria-describedby=\"gallery-1-15774\" \/><\/a>\n\t\t\t<\/dt>\n\t\t\t\t<dd class='wp-caption-text gallery-caption' id='gallery-1-15774'>\n\t\t\t\tBlock 9\n\t\t\t\t<\/dd><\/dl><dl class='gallery-item'>\n\t\t\t<dt class='gallery-icon landscape'>\n\t\t\t\t<a href='http:\/\/www.denkfried.de\/wp\/?attachment_id=15775'><img loading=\"lazy\" decoding=\"async\" width=\"150\" height=\"150\" src=\"http:\/\/www.denkfried.de\/wp\/wp-content\/uploads\/2011\/11\/1939-1945-Feld-1-Bild-3-150x150.jpg\" class=\"attachment-thumbnail size-thumbnail\" alt=\"\" aria-describedby=\"gallery-1-15775\" \/><\/a>\n\t\t\t<\/dt>\n\t\t\t\t<dd class='wp-caption-text gallery-caption' id='gallery-1-15775'>\n\t\t\t\tBlock 9 Denkmal\n\t\t\t\t<\/dd><\/dl><dl class='gallery-item'>\n\t\t\t<dt class='gallery-icon landscape'>\n\t\t\t\t<a href='http:\/\/www.denkfried.de\/wp\/?attachment_id=35743'><img loading=\"lazy\" decoding=\"async\" width=\"150\" height=\"150\" src=\"http:\/\/www.denkfried.de\/wp\/wp-content\/uploads\/2011\/11\/Sammelgrab-St.-Elisabeth-Friedhof-2-150x150.jpg\" class=\"attachment-thumbnail size-thumbnail\" alt=\"\" aria-describedby=\"gallery-1-35743\" \/><\/a>\n\t\t\t<\/dt>\n\t\t\t\t<dd class='wp-caption-text gallery-caption' id='gallery-1-35743'>\n\t\t\t\tSammelgrab\n\t\t\t\t<\/dd><\/dl><dl class='gallery-item'>\n\t\t\t<dt class='gallery-icon landscape'>\n\t\t\t\t<a href='http:\/\/www.denkfried.de\/wp\/?attachment_id=15779'><img loading=\"lazy\" decoding=\"async\" width=\"150\" height=\"150\" src=\"http:\/\/www.denkfried.de\/wp\/wp-content\/uploads\/2011\/11\/Weltkriege-Feld-3-Bild-1-150x150.jpg\" class=\"attachment-thumbnail size-thumbnail\" alt=\"\" aria-describedby=\"gallery-1-15779\" \/><\/a>\n\t\t\t<\/dt>\n\t\t\t\t<dd class='wp-caption-text gallery-caption' id='gallery-1-15779'>\n\t\t\t\tBlock 33\n\t\t\t\t<\/dd><\/dl><br style=\"clear: both\" \/><dl class='gallery-item'>\n\t\t\t<dt class='gallery-icon landscape'>\n\t\t\t\t<a href='http:\/\/www.denkfried.de\/wp\/?attachment_id=15776'><img loading=\"lazy\" decoding=\"async\" width=\"150\" height=\"150\" src=\"http:\/\/www.denkfried.de\/wp\/wp-content\/uploads\/2011\/11\/1939-1945-Feld-2-Bild-1-150x150.jpg\" class=\"attachment-thumbnail size-thumbnail\" alt=\"\" \/><\/a>\n\t\t\t<\/dt><\/dl><dl class='gallery-item'>\n\t\t\t<dt class='gallery-icon landscape'>\n\t\t\t\t<a href='http:\/\/www.denkfried.de\/wp\/?attachment_id=15777'><img loading=\"lazy\" decoding=\"async\" width=\"150\" height=\"150\" src=\"http:\/\/www.denkfried.de\/wp\/wp-content\/uploads\/2011\/11\/1939-1945-Feld-2-Bild-3-150x150.jpg\" class=\"attachment-thumbnail size-thumbnail\" alt=\"\" \/><\/a>\n\t\t\t<\/dt><\/dl><dl class='gallery-item'>\n\t\t\t<dt class='gallery-icon landscape'>\n\t\t\t\t<a href='http:\/\/www.denkfried.de\/wp\/?attachment_id=15778'><img loading=\"lazy\" decoding=\"async\" width=\"150\" height=\"150\" src=\"http:\/\/www.denkfried.de\/wp\/wp-content\/uploads\/2011\/11\/PICT0609-150x150.jpg\" class=\"attachment-thumbnail size-thumbnail\" alt=\"\" aria-describedby=\"gallery-1-15778\" \/><\/a>\n\t\t\t<\/dt>\n\t\t\t\t<dd class='wp-caption-text gallery-caption' id='gallery-1-15778'>\n\t\t\t\tEinzelgrab\n\t\t\t\t<\/dd><\/dl><dl class='gallery-item'>\n\t\t\t<dt class='gallery-icon landscape'>\n\t\t\t\t<a href='http:\/\/www.denkfried.de\/wp\/?attachment_id=35744'><img loading=\"lazy\" decoding=\"async\" width=\"150\" height=\"150\" src=\"http:\/\/www.denkfried.de\/wp\/wp-content\/uploads\/2011\/11\/St.-Elisabeth-Grabfeld-150x150.jpg\" class=\"attachment-thumbnail size-thumbnail\" alt=\"\" aria-describedby=\"gallery-1-35744\" \/><\/a>\n\t\t\t<\/dt>\n\t\t\t\t<dd class='wp-caption-text gallery-caption' id='gallery-1-35744'>\n\t\t\t\tKriegsgr\u00e4berfeld?\n\t\t\t\t<\/dd><\/dl><br style=\"clear: both\" \/>\n\t\t<\/div>\n\n<p>Auf dem Friedhof sind 3 angelegte Felder mit Kriegsgr\u00e4ber. Von Eingang Freieinwalder Str. befindet sich links eine Anlage. Hier sind mehre Einzel- und Sammelgrablagen, mittig steht eine Jesusfigur. Hier gegen\u00fcber, in richtung des Hauptweges in der 2 Reihe befindet sich ein Sammelgrab. Etwas weiter befindet sich der Block 9, vorne ist ein Gedenkstein:<\/p>\n<address style=\"text-align: center;\"><em><strong>1939 &#8211; 1945<\/strong><\/em><\/address>\n<address style=\"text-align: center;\"><em><strong>Zu Ehren<\/strong><\/em><\/address>\n<address style=\"text-align: center;\"><em><strong>der Toten<\/strong><\/em><\/address>\n<address style=\"text-align: center;\"><em><strong>des Krieges<\/strong><\/em><\/address>\n<address style=\"text-align: center;\">\u00a0<\/address>\n<p>Im hinteren Friedhofsteil, ruhen im Block 33 weitere Kriegsopfer. Die meisten sind zivile Opfer, aus den letzten Kriegstagen des Zweiten Weltkrieges. Bei meinem Besuch am 6. Juli 2014 habe ich ein weiteres Grabfeld gesehen, hier sind die f\u00fcr den Volksbund typischen Einfassungen f\u00fcr die Kissensteine. Da hier viele Gr\u00e4ber noch verteilt liegen, werden diese hier warscheinlich Zusammengetragen.<\/p>\n<p><strong><a href=\"http:\/\/www.deutsche-ehrenmale.de\/ehren\/brand\/Namenslisten\/D-B-Mitte-St.Elisabeth-Friedhof2.HTML\">Namensliste<\/a><\/strong> \u00a0(Einzusehen bei Deutsche-Ehrenmale.de) Die Namen werden in die Datenbank Eingepflegt.<\/p>\n","protected":false},"excerpt":{"rendered":"<p>&nbsp; Berlin &#8211; Wedding St Elisabeth Friedhof 2, Wollankstra\u00dfe 66 Bericht und Bilder von Thomas\u00a0Gefallenendenkm\u00e4ler Berlin\/Brandenburg Auf dem Friedhof sind 3 angelegte Felder mit Kriegsgr\u00e4ber. Von Eingang Freieinwalder Str. befindet sich links eine Anlage. Hier sind mehre Einzel- und Sammelgrablagen, &hellip; <a href=\"http:\/\/www.denkfried.de\/wp\/?page_id=15771\">Weiterlesen <span class=\"meta-nav\">&rarr;<\/span><\/a><\/p>\n","protected":false},"author":9,"featured_media":0,"parent":15757,"menu_order":0,"comment_status":"closed","ping_status":"open","template":"","meta":{"footnotes":""},"class_list":["post-15771","page","type-page","status-publish","hentry"],"_links":{"self":[{"href":"http:\/\/www.denkfried.de\/wp\/index.php?rest_route=\/wp\/v2\/pages\/15771","targetHints":{"allow":["GET"]}}],"collection":[{"href":"http:\/\/www.denkfried.de\/wp\/index.php?rest_route=\/wp\/v2\/pages"}],"about":[{"href":"http:\/\/www.denkfried.de\/wp\/index.php?rest_route=\/wp\/v2\/types\/page"}],"author":[{"embeddable":true,"href":"http:\/\/www.denkfried.de\/wp\/index.php?rest_route=\/wp\/v2\/users\/9"}],"replies":[{"embeddable":true,"href":"http:\/\/www.denkfried.de\/wp\/index.php?rest_route=%2Fwp%2Fv2%2Fcomments&post=15771"}],"version-history":[{"count":9,"href":"http:\/\/www.denkfried.de\/wp\/index.php?rest_route=\/wp\/v2\/pages\/15771\/revisions"}],"predecessor-version":[{"id":39589,"href":"http:\/\/www.denkfried.de\/wp\/index.php?rest_route=\/wp\/v2\/pages\/15771\/revisions\/39589"}],"up":[{"embeddable":true,"href":"http:\/\/www.denkfried.de\/wp\/index.php?rest_route=\/wp\/v2\/pages\/15757"}],"wp:attachment":[{"href":"http:\/\/www.denkfried.de\/wp\/index.php?rest_route=%2Fwp%2Fv2%2Fmedia&parent=15771"}],"curies":[{"name":"wp","href":"https:\/\/api.w.org\/{rel}","templated":true}]}}