{"id":15763,"date":"2011-11-23T22:35:33","date_gmt":"2011-11-23T21:35:33","guid":{"rendered":"http:\/\/www.denkfried.de\/wp\/?page_id=15763"},"modified":"2013-02-16T14:19:46","modified_gmt":"2013-02-16T13:19:46","slug":"mahlsdorf-2","status":"publish","type":"page","link":"http:\/\/www.denkfried.de\/wp\/?page_id=15763","title":{"rendered":"Mahlsdorf"},"content":{"rendered":"<p>&nbsp;<\/p>\n<p><strong>Mahlsdorf<\/strong>\u00a0ist ein\u00a0Ortsteil\u00a0im\u00a0Bezirk Marzahn-Hellersdorf\u00a0von\u00a0Berlin. Erstmals urkundlich erw\u00e4hnt wurde es 1345 als \u201eMalterstorp\u201c. Zusammen mit\u00a0Kaulsdorf\u00a0und\u00a0Biesdorf\u00a0befindet sich hier Deutschlands gr\u00f6\u00dftes zusammenh\u00e4ngendes Gebiet mit\u00a0Ein- und\u00a0Zweifamilienh\u00e4usern.<\/p>\n<ul>\n<li><a title=\"Dorfkirche\" href=\"http:\/\/www.denkfried.de\/wp\/?page_id=12853\">Dorfkirche<\/a><\/li>\n<li><a title=\"Friedh\u00f6fe (Kgst)\" href=\"http:\/\/www.denkfried.de\/wp\/?page_id=12867\">Friedhof<\/a><\/li>\n<li><a href=\"http:\/\/www.denkfried.de\/wp\/?page_id=29398\">Waldfriedhof<\/a><\/li>\n<\/ul>\n","protected":false},"excerpt":{"rendered":"<p>&nbsp; Mahlsdorf\u00a0ist ein\u00a0Ortsteil\u00a0im\u00a0Bezirk Marzahn-Hellersdorf\u00a0von\u00a0Berlin. Erstmals urkundlich erw\u00e4hnt wurde es 1345 als \u201eMalterstorp\u201c. Zusammen mit\u00a0Kaulsdorf\u00a0und\u00a0Biesdorf\u00a0befindet sich hier Deutschlands gr\u00f6\u00dftes zusammenh\u00e4ngendes Gebiet mit\u00a0Ein- und\u00a0Zweifamilienh\u00e4usern. Dorfkirche Friedhof Waldfriedhof<\/p>\n","protected":false},"author":9,"featured_media":0,"parent":4539,"menu_order":0,"comment_status":"closed","ping_status":"open","template":"","meta":{"footnotes":""},"class_list":["post-15763","page","type-page","status-publish","hentry"],"_links":{"self":[{"href":"http:\/\/www.denkfried.de\/wp\/index.php?rest_route=\/wp\/v2\/pages\/15763","targetHints":{"allow":["GET"]}}],"collection":[{"href":"http:\/\/www.denkfried.de\/wp\/index.php?rest_route=\/wp\/v2\/pages"}],"about":[{"href":"http:\/\/www.denkfried.de\/wp\/index.php?rest_route=\/wp\/v2\/types\/page"}],"author":[{"embeddable":true,"href":"http:\/\/www.denkfried.de\/wp\/index.php?rest_route=\/wp\/v2\/users\/9"}],"replies":[{"embeddable":true,"href":"http:\/\/www.denkfried.de\/wp\/index.php?rest_route=%2Fwp%2Fv2%2Fcomments&post=15763"}],"version-history":[{"count":5,"href":"http:\/\/www.denkfried.de\/wp\/index.php?rest_route=\/wp\/v2\/pages\/15763\/revisions"}],"predecessor-version":[{"id":29411,"href":"http:\/\/www.denkfried.de\/wp\/index.php?rest_route=\/wp\/v2\/pages\/15763\/revisions\/29411"}],"up":[{"embeddable":true,"href":"http:\/\/www.denkfried.de\/wp\/index.php?rest_route=\/wp\/v2\/pages\/4539"}],"wp:attachment":[{"href":"http:\/\/www.denkfried.de\/wp\/index.php?rest_route=%2Fwp%2Fv2%2Fmedia&parent=15763"}],"curies":[{"name":"wp","href":"https:\/\/api.w.org\/{rel}","templated":true}]}}