{"id":15594,"date":"2011-11-21T21:05:16","date_gmt":"2011-11-21T20:05:16","guid":{"rendered":"http:\/\/www.denkfried.de\/wp\/?page_id=15594"},"modified":"2016-02-22T15:38:38","modified_gmt":"2016-02-22T14:38:38","slug":"steglitz","status":"publish","type":"page","link":"http:\/\/www.denkfried.de\/wp\/?page_id=15594","title":{"rendered":"Steglitz"},"content":{"rendered":"<p>&nbsp;<\/p>\n<p><strong>12157\u00a0Berlin &#8211; Steglitz<\/strong><\/p>\n<p><strong>Steglitz<\/strong>\u00a0ist ein\u00a0Berliner\u00a0Ortsteil im sechsten\u00a0Verwaltungsbezirk\u00a0Steglitz-Zehlendorf, der auf das historische\u00a0brandenburgische\u00a0Dorf Steglitz zur\u00fcckgeht.<\/p>\n<ul>\n<ul>\n<li><a title=\"Steglitz - Gedenktafeln\" href=\"http:\/\/www.denkfried.de\/wp\/?page_id=13211\">Steglitz &#8211; Gedenktafeln<\/a><\/li>\n<li><a href=\"http:\/\/www.denkfried.de\/wp\/?page_id=19383\">Steglitz Gymnasium<\/a><\/li>\n<li><a title=\"Steglitz - St\u00e4dtischer Friedhof\" href=\"http:\/\/www.denkfried.de\/wp\/?page_id=13262\">Steglitz &#8211; St\u00e4dtischer Friedhof<\/a><\/li>\n<li><a href=\"http:\/\/www.denkfried.de\/wp\/?page_id=40419\">Steglitz &#8211; Lukas Kirche<\/a><\/li>\n<li><a title=\"Steglitz - Matth\u00e4uskirche\" href=\"http:\/\/www.denkfried.de\/wp\/?page_id=13360\">Steglitz &#8211; Matth\u00e4uskirche<\/a><\/li>\n<li><a href=\"http:\/\/www.denkfried.de\/wp\/?page_id=40454\">Steglitz &#8211; Kirche &#8222;Rosenkranzk\u00f6nigin&#8220;<\/a><\/li>\n<li><a href=\"http:\/\/www.denkfried.de\/wp\/?page_id=34598\">Steglitz &#8222;Spiegelwand&#8220;<\/a><\/li>\n<\/ul>\n<\/ul>\n","protected":false},"excerpt":{"rendered":"<p>&nbsp; 12157\u00a0Berlin &#8211; Steglitz Steglitz\u00a0ist ein\u00a0Berliner\u00a0Ortsteil im sechsten\u00a0Verwaltungsbezirk\u00a0Steglitz-Zehlendorf, der auf das historische\u00a0brandenburgische\u00a0Dorf Steglitz zur\u00fcckgeht. Steglitz &#8211; Gedenktafeln Steglitz Gymnasium Steglitz &#8211; St\u00e4dtischer Friedhof Steglitz &#8211; Lukas Kirche Steglitz &#8211; Matth\u00e4uskirche Steglitz &#8211; Kirche &#8222;Rosenkranzk\u00f6nigin&#8220; Steglitz &#8222;Spiegelwand&#8220;<\/p>\n","protected":false},"author":9,"featured_media":0,"parent":4571,"menu_order":0,"comment_status":"closed","ping_status":"open","template":"","meta":{"footnotes":""},"class_list":["post-15594","page","type-page","status-publish","hentry"],"_links":{"self":[{"href":"http:\/\/www.denkfried.de\/wp\/index.php?rest_route=\/wp\/v2\/pages\/15594","targetHints":{"allow":["GET"]}}],"collection":[{"href":"http:\/\/www.denkfried.de\/wp\/index.php?rest_route=\/wp\/v2\/pages"}],"about":[{"href":"http:\/\/www.denkfried.de\/wp\/index.php?rest_route=\/wp\/v2\/types\/page"}],"author":[{"embeddable":true,"href":"http:\/\/www.denkfried.de\/wp\/index.php?rest_route=\/wp\/v2\/users\/9"}],"replies":[{"embeddable":true,"href":"http:\/\/www.denkfried.de\/wp\/index.php?rest_route=%2Fwp%2Fv2%2Fcomments&post=15594"}],"version-history":[{"count":10,"href":"http:\/\/www.denkfried.de\/wp\/index.php?rest_route=\/wp\/v2\/pages\/15594\/revisions"}],"predecessor-version":[{"id":40457,"href":"http:\/\/www.denkfried.de\/wp\/index.php?rest_route=\/wp\/v2\/pages\/15594\/revisions\/40457"}],"up":[{"embeddable":true,"href":"http:\/\/www.denkfried.de\/wp\/index.php?rest_route=\/wp\/v2\/pages\/4571"}],"wp:attachment":[{"href":"http:\/\/www.denkfried.de\/wp\/index.php?rest_route=%2Fwp%2Fv2%2Fmedia&parent=15594"}],"curies":[{"name":"wp","href":"https:\/\/api.w.org\/{rel}","templated":true}]}}