{"id":15450,"date":"2011-11-19T20:56:28","date_gmt":"2011-11-19T19:56:28","guid":{"rendered":"http:\/\/www.denkfried.de\/wp\/?page_id=15450"},"modified":"2015-12-27T19:31:52","modified_gmt":"2015-12-27T18:31:52","slug":"spandau-hakenfelde-johannisstift","status":"publish","type":"page","link":"http:\/\/www.denkfried.de\/wp\/?page_id=15450","title":{"rendered":"Spandau-Hakenfelde"},"content":{"rendered":"<p>&nbsp;<\/p>\n<p><strong>13587 Berlin Spandau<\/strong> OT-Hakenfelde<\/p>\n<p>Bericht und Bilder von Thomas\u00a0<a href=\"http:\/\/g-bb.jimdo.com\/\">Gefallenendenkm\u00e4ler Berlin\/Brandenburg<\/a><\/p>\n<div id='gallery-1' class='gallery galleryid-15450 gallery-columns-3 gallery-size-thumbnail'><dl class='gallery-item'>\n\t\t\t<dt class='gallery-icon landscape'>\n\t\t\t\t<a href='http:\/\/www.denkfried.de\/wp\/?attachment_id=15489'><img loading=\"lazy\" decoding=\"async\" width=\"150\" height=\"150\" src=\"http:\/\/www.denkfried.de\/wp\/wp-content\/uploads\/2011\/11\/PICT0030-150x150.jpg\" class=\"attachment-thumbnail size-thumbnail\" alt=\"\" \/><\/a>\n\t\t\t<\/dt><\/dl><dl class='gallery-item'>\n\t\t\t<dt class='gallery-icon portrait'>\n\t\t\t\t<a href='http:\/\/www.denkfried.de\/wp\/?attachment_id=15488'><img loading=\"lazy\" decoding=\"async\" width=\"150\" height=\"150\" src=\"http:\/\/www.denkfried.de\/wp\/wp-content\/uploads\/2011\/11\/1870BSp2-150x150.jpg\" class=\"attachment-thumbnail size-thumbnail\" alt=\"\" \/><\/a>\n\t\t\t<\/dt><\/dl><dl class='gallery-item'>\n\t\t\t<dt class='gallery-icon portrait'>\n\t\t\t\t<a href='http:\/\/www.denkfried.de\/wp\/?attachment_id=15490'><img loading=\"lazy\" decoding=\"async\" width=\"150\" height=\"150\" src=\"http:\/\/www.denkfried.de\/wp\/wp-content\/uploads\/2011\/11\/PICT0032-150x150.jpg\" class=\"attachment-thumbnail size-thumbnail\" alt=\"\" \/><\/a>\n\t\t\t<\/dt><\/dl><br style=\"clear: both\" \/><dl class='gallery-item'>\n\t\t\t<dt class='gallery-icon landscape'>\n\t\t\t\t<a href='http:\/\/www.denkfried.de\/wp\/?attachment_id=15454'><img loading=\"lazy\" decoding=\"async\" width=\"150\" height=\"150\" src=\"http:\/\/www.denkfried.de\/wp\/wp-content\/uploads\/2011\/11\/PICT0029-150x150.jpg\" class=\"attachment-thumbnail size-thumbnail\" alt=\"\" \/><\/a>\n\t\t\t<\/dt><\/dl><dl class='gallery-item'>\n\t\t\t<dt class='gallery-icon portrait'>\n\t\t\t\t<a href='http:\/\/www.denkfried.de\/wp\/?attachment_id=15452'><img loading=\"lazy\" decoding=\"async\" width=\"150\" height=\"150\" src=\"http:\/\/www.denkfried.de\/wp\/wp-content\/uploads\/2011\/11\/PICT0024-150x150.jpg\" class=\"attachment-thumbnail size-thumbnail\" alt=\"\" \/><\/a>\n\t\t\t<\/dt><\/dl><dl class='gallery-item'>\n\t\t\t<dt class='gallery-icon landscape'>\n\t\t\t\t<a href='http:\/\/www.denkfried.de\/wp\/?attachment_id=15459'><img loading=\"lazy\" decoding=\"async\" width=\"150\" height=\"150\" src=\"http:\/\/www.denkfried.de\/wp\/wp-content\/uploads\/2011\/11\/PICT0028-150x150.jpg\" class=\"attachment-thumbnail size-thumbnail\" alt=\"\" \/><\/a>\n\t\t\t<\/dt><\/dl><br style=\"clear: both\" \/>\n\t\t<\/div>\n\n<p><strong>1864 Denkmal<\/strong> Sch\u00f6nwalder Allee am Klinkeplatz<\/p>\n<p><em><strong>Mit Taten schm\u00fcckt sich die Treue, nicht mit Worten<\/strong><\/em><\/p>\n<p><em><strong>Unseren in den Feldz\u00fcgen von 1864, 1866 und 1870\/71 f\u00fcr K\u00f6nig und Vaterland sowie in China und S\u00fcdwestafrika f\u00fcr Kaiser und Reich gefallenen und gestorbenen Kameraden Insonderheit dem Pionier Karl Klinke der 4. Komp., welcher bei dem Sturm auf die D\u00fcppeler Schanzen am 18. April 1864 seine aufopferungsvollen Heldentod fand zum Ged\u00e4chtnis. Dem Bataillon in treuer Anh\u00e4nglichkeit zum 18. April 1909 zugeeignet vom Verein der Kameraden vom Pionier Bataillon von Rauch (Brdbg.) No3 zu Berlin<\/strong><\/em><\/p>\n<p>Der am 18. Juni 1840 in Bohsdorf (Lausitz) geborene Arbeiter und Soldat Carl Klinke starb am 18. April 1864\u00a0bei dem Sturm auf die D\u00fcppeler Schanzen vor Sonderburg im Preu\u00dfisch-D\u00e4nischen Krieg. In Preu\u00dfen wurde\u00a0Klinke f\u00fcr seinen aufopferungsvollen Heldentod verehrt; er sprengte sich mit einem Pulversack in der Schanze\u00a0in die Luft und erm\u00f6glichte so die Einnahme der Befestigungsanlage durch die Truppen des Deutschen Bundes.\u00a0Das am 31. Mai 1908 enth\u00fcllte Denkmal befindet sich in einer Gr\u00fcnanlage am gleichnamigen Klinkeplatz (bis 1937 D\u00fcppelplatz). Der Entwurf der 2,3 m hohen Bronzeplastik auf zwei Meter hohem Sockel aus geschliffenem bayerischen Granit stammt von Professor Wilhelm Wandschneider und wurde bei Gladenbeck in Friedrichshagen gegossen. Zu F\u00fc\u00dfen des zum Sturm ausger\u00fcsteten Pioniers \u2013 zwischen zersprengten Schanzk\u00f6rben \u2013 liegt zerbrochen die d\u00e4nische Flagge, der Danebrog.<\/p>\n<p><strong>Denkmal im Johannisstift<\/strong>,\u00a0Sch\u00f6nwalder Allee 26<\/p>\n<p>Dieses schlichte Gedenkkreuz befindet sich auf dem Gel\u00e4nde des\u00a0Evangelischen Johannesstifts Berlin\u00a0in\u00a0Hakenfelde, n\u00f6rdlich vom Wichern-Krankenhaus und dem Karpfenteich. Es erinnert an die auf dem Gel\u00e4nde beerdigten Toten des Zweiten Weltkrieges.<\/p>\n<p style=\"text-align: center;\"><strong><em>Dieses Kreuz erinnert an die Toten, die am Ende des 2. Weltkrieges im Evangelischen Johannesstift beerdigt worden sind<\/em><\/strong><\/p>\n<p style=\"text-align: left;\">Der Friedhof auf dem Gel\u00e4nde des Ev. Johannesstifts ist Anfang der achtziger Jahre aufgehoben,\u00a0die sterblichen \u00dcberreste auf den Friedhof In den Kisseln \u00fcberf\u00fchrt worden.<\/p>\n","protected":false},"excerpt":{"rendered":"<p>&nbsp; 13587 Berlin Spandau OT-Hakenfelde Bericht und Bilder von Thomas\u00a0Gefallenendenkm\u00e4ler Berlin\/Brandenburg 1864 Denkmal Sch\u00f6nwalder Allee am Klinkeplatz Mit Taten schm\u00fcckt sich die Treue, nicht mit Worten Unseren in den Feldz\u00fcgen von 1864, 1866 und 1870\/71 f\u00fcr K\u00f6nig und Vaterland sowie &hellip; <a href=\"http:\/\/www.denkfried.de\/wp\/?page_id=15450\">Weiterlesen <span class=\"meta-nav\">&rarr;<\/span><\/a><\/p>\n","protected":false},"author":9,"featured_media":0,"parent":4568,"menu_order":0,"comment_status":"closed","ping_status":"open","template":"","meta":{"footnotes":""},"class_list":["post-15450","page","type-page","status-publish","hentry"],"_links":{"self":[{"href":"http:\/\/www.denkfried.de\/wp\/index.php?rest_route=\/wp\/v2\/pages\/15450","targetHints":{"allow":["GET"]}}],"collection":[{"href":"http:\/\/www.denkfried.de\/wp\/index.php?rest_route=\/wp\/v2\/pages"}],"about":[{"href":"http:\/\/www.denkfried.de\/wp\/index.php?rest_route=\/wp\/v2\/types\/page"}],"author":[{"embeddable":true,"href":"http:\/\/www.denkfried.de\/wp\/index.php?rest_route=\/wp\/v2\/users\/9"}],"replies":[{"embeddable":true,"href":"http:\/\/www.denkfried.de\/wp\/index.php?rest_route=%2Fwp%2Fv2%2Fcomments&post=15450"}],"version-history":[{"count":10,"href":"http:\/\/www.denkfried.de\/wp\/index.php?rest_route=\/wp\/v2\/pages\/15450\/revisions"}],"predecessor-version":[{"id":39903,"href":"http:\/\/www.denkfried.de\/wp\/index.php?rest_route=\/wp\/v2\/pages\/15450\/revisions\/39903"}],"up":[{"embeddable":true,"href":"http:\/\/www.denkfried.de\/wp\/index.php?rest_route=\/wp\/v2\/pages\/4568"}],"wp:attachment":[{"href":"http:\/\/www.denkfried.de\/wp\/index.php?rest_route=%2Fwp%2Fv2%2Fmedia&parent=15450"}],"curies":[{"name":"wp","href":"https:\/\/api.w.org\/{rel}","templated":true}]}}