{"id":15240,"date":"2011-11-15T10:54:59","date_gmt":"2011-11-15T09:54:59","guid":{"rendered":"http:\/\/www.denkfried.de\/wp\/?page_id=15240"},"modified":"2015-12-30T21:13:51","modified_gmt":"2015-12-30T20:13:51","slug":"grosbeeren-kirche","status":"publish","type":"page","link":"http:\/\/www.denkfried.de\/wp\/?page_id=15240","title":{"rendered":"Schinkelkirche"},"content":{"rendered":"<p>&nbsp;<\/p>\n<p><strong>Gro\u00dfbeeren<\/strong> &#8211; Schinkel Kirche<\/p>\n<p>Bericht und Bilder von Thomas\u00a0 <a href=\"http:\/\/g-bb.jimdo.com\/\">Gefallenendenkm\u00e4ler Berlin\/Brandenburg<\/a><\/p>\n<div id='gallery-1' class='gallery galleryid-15240 gallery-columns-4 gallery-size-thumbnail'><dl class='gallery-item'>\n\t\t\t<dt class='gallery-icon portrait'>\n\t\t\t\t<a href='http:\/\/www.denkfried.de\/wp\/?attachment_id=32078'><img loading=\"lazy\" decoding=\"async\" width=\"150\" height=\"150\" src=\"http:\/\/www.denkfried.de\/wp\/wp-content\/uploads\/2011\/11\/Kirchenfenster-gro\u00dfbeeren-150x150.jpg\" class=\"attachment-thumbnail size-thumbnail\" alt=\"\" \/><\/a>\n\t\t\t<\/dt><\/dl><dl class='gallery-item'>\n\t\t\t<dt class='gallery-icon landscape'>\n\t\t\t\t<a href='http:\/\/www.denkfried.de\/wp\/?attachment_id=32077'><img loading=\"lazy\" decoding=\"async\" width=\"150\" height=\"150\" src=\"http:\/\/www.denkfried.de\/wp\/wp-content\/uploads\/2011\/11\/Gro\u00dfbeeren-Kirche-150x150.jpg\" class=\"attachment-thumbnail size-thumbnail\" alt=\"\" \/><\/a>\n\t\t\t<\/dt><\/dl><dl class='gallery-item'>\n\t\t\t<dt class='gallery-icon portrait'>\n\t\t\t\t<a href='http:\/\/www.denkfried.de\/wp\/?attachment_id=32076'><img loading=\"lazy\" decoding=\"async\" width=\"150\" height=\"150\" src=\"http:\/\/www.denkfried.de\/wp\/wp-content\/uploads\/2011\/11\/Gro\u00dfbeeren-Gedenken-Weltkriege-150x150.jpg\" class=\"attachment-thumbnail size-thumbnail\" alt=\"\" \/><\/a>\n\t\t\t<\/dt><\/dl><dl class='gallery-item'>\n\t\t\t<dt class='gallery-icon landscape'>\n\t\t\t\t<a href='http:\/\/www.denkfried.de\/wp\/?attachment_id=15243'><img loading=\"lazy\" decoding=\"async\" width=\"150\" height=\"150\" src=\"http:\/\/www.denkfried.de\/wp\/wp-content\/uploads\/2011\/11\/39-150x150.jpg\" class=\"attachment-thumbnail size-thumbnail\" alt=\"\" \/><\/a>\n\t\t\t<\/dt><\/dl><br style=\"clear: both\" \/>\n\t\t<\/div>\n\n<p>Fensterbild hinter dem Altar, f\u00fcr die in der Schlacht um Gro\u00dfbeeren gefallenen Soldaten. Gestaltet 1898, Michael der Erzengel, vertreibt hier das B\u00f6se aus dem Himmel. Unter ihm der preu\u00dfische Adler im Eisernem Kreuz. Darunter: Patronus Germania<\/p>\n<p>Eine <strong>Gedenktafel<\/strong> f\u00fcr die Opfer beider Weltkriege<\/p>\n<p style=\"text-align: center;\"><strong>Ihrer im Weltkriege gefallenen Heldens\u00f6hnen die<\/strong><\/p>\n<p style=\"text-align: center;\"><strong>dankbare<\/strong>\u00a0<em><strong>evangelische Kircheng. Gro\u00dfbeeren<\/strong><\/em><br \/>\n<em><strong>Deine taten werden Leben!<\/strong><\/em><\/p>\n<address>\u00a0<\/address>\n<address>Infos oder Namenstafeln zu gefallenend der Weltkriege gibt es nicht.<\/address>\n<address>\u00a0<\/address>\n","protected":false},"excerpt":{"rendered":"<p>&nbsp; Gro\u00dfbeeren &#8211; Schinkel Kirche Bericht und Bilder von Thomas\u00a0 Gefallenendenkm\u00e4ler Berlin\/Brandenburg Fensterbild hinter dem Altar, f\u00fcr die in der Schlacht um Gro\u00dfbeeren gefallenen Soldaten. Gestaltet 1898, Michael der Erzengel, vertreibt hier das B\u00f6se aus dem Himmel. Unter ihm der &hellip; <a href=\"http:\/\/www.denkfried.de\/wp\/?page_id=15240\">Weiterlesen <span class=\"meta-nav\">&rarr;<\/span><\/a><\/p>\n","protected":false},"author":9,"featured_media":0,"parent":15698,"menu_order":0,"comment_status":"closed","ping_status":"open","template":"","meta":{"footnotes":""},"class_list":["post-15240","page","type-page","status-publish","hentry"],"_links":{"self":[{"href":"http:\/\/www.denkfried.de\/wp\/index.php?rest_route=\/wp\/v2\/pages\/15240","targetHints":{"allow":["GET"]}}],"collection":[{"href":"http:\/\/www.denkfried.de\/wp\/index.php?rest_route=\/wp\/v2\/pages"}],"about":[{"href":"http:\/\/www.denkfried.de\/wp\/index.php?rest_route=\/wp\/v2\/types\/page"}],"author":[{"embeddable":true,"href":"http:\/\/www.denkfried.de\/wp\/index.php?rest_route=\/wp\/v2\/users\/9"}],"replies":[{"embeddable":true,"href":"http:\/\/www.denkfried.de\/wp\/index.php?rest_route=%2Fwp%2Fv2%2Fcomments&post=15240"}],"version-history":[{"count":12,"href":"http:\/\/www.denkfried.de\/wp\/index.php?rest_route=\/wp\/v2\/pages\/15240\/revisions"}],"predecessor-version":[{"id":40294,"href":"http:\/\/www.denkfried.de\/wp\/index.php?rest_route=\/wp\/v2\/pages\/15240\/revisions\/40294"}],"up":[{"embeddable":true,"href":"http:\/\/www.denkfried.de\/wp\/index.php?rest_route=\/wp\/v2\/pages\/15698"}],"wp:attachment":[{"href":"http:\/\/www.denkfried.de\/wp\/index.php?rest_route=%2Fwp%2Fv2%2Fmedia&parent=15240"}],"curies":[{"name":"wp","href":"https:\/\/api.w.org\/{rel}","templated":true}]}}