{"id":15215,"date":"2011-11-14T21:40:07","date_gmt":"2011-11-14T20:40:07","guid":{"rendered":"http:\/\/www.denkfried.de\/wp\/?page_id=15215"},"modified":"2015-12-27T19:24:04","modified_gmt":"2015-12-27T18:24:04","slug":"denkmal-pionier-bataillon","status":"publish","type":"page","link":"http:\/\/www.denkfried.de\/wp\/?page_id=15215","title":{"rendered":"Denkmal Pionier-Bataillon"},"content":{"rendered":"<p>&nbsp;<\/p>\n<p><strong>Spandau<\/strong> &#8211; Denkmal Pionier-Bataillon<\/p>\n<p>Bericht und Bilder von Thomas\u00a0<a href=\"http:\/\/g-bb.jimdo.com\/\">Gefallenendenkm\u00e4ler Berlin\/Brandenburg<\/a><\/p>\n<p><div id='gallery-1' class='gallery galleryid-15215 gallery-columns-4 gallery-size-thumbnail'><dl class='gallery-item'>\n\t\t\t<dt class='gallery-icon landscape'>\n\t\t\t\t<a href='http:\/\/www.denkfried.de\/wp\/?attachment_id=15217'><img loading=\"lazy\" decoding=\"async\" width=\"150\" height=\"150\" src=\"http:\/\/www.denkfried.de\/wp\/wp-content\/uploads\/2011\/11\/Pionierb-150x150.jpg\" class=\"attachment-thumbnail size-thumbnail\" alt=\"\" \/><\/a>\n\t\t\t<\/dt><\/dl><dl class='gallery-item'>\n\t\t\t<dt class='gallery-icon portrait'>\n\t\t\t\t<a href='http:\/\/www.denkfried.de\/wp\/?attachment_id=15218'><img loading=\"lazy\" decoding=\"async\" width=\"150\" height=\"150\" src=\"http:\/\/www.denkfried.de\/wp\/wp-content\/uploads\/2011\/11\/Pionierb2-150x150.jpg\" class=\"attachment-thumbnail size-thumbnail\" alt=\"\" \/><\/a>\n\t\t\t<\/dt><\/dl><dl class='gallery-item'>\n\t\t\t<dt class='gallery-icon landscape'>\n\t\t\t\t<a href='http:\/\/www.denkfried.de\/wp\/?attachment_id=15219'><img loading=\"lazy\" decoding=\"async\" width=\"150\" height=\"150\" src=\"http:\/\/www.denkfried.de\/wp\/wp-content\/uploads\/2011\/11\/Pionierb3-150x150.jpg\" class=\"attachment-thumbnail size-thumbnail\" alt=\"\" \/><\/a>\n\t\t\t<\/dt><\/dl><dl class='gallery-item'>\n\t\t\t<dt class='gallery-icon landscape'>\n\t\t\t\t<a href='http:\/\/www.denkfried.de\/wp\/?attachment_id=15220'><img loading=\"lazy\" decoding=\"async\" width=\"150\" height=\"150\" src=\"http:\/\/www.denkfried.de\/wp\/wp-content\/uploads\/2011\/11\/Pionierb4-150x150.jpg\" class=\"attachment-thumbnail size-thumbnail\" alt=\"\" \/><\/a>\n\t\t\t<\/dt><\/dl><br style=\"clear: both\" \/>\n\t\t<\/div>\n<br \/>\nRadelandstra\u00dfe 1, in der Gr\u00fcnanlage an der Ecke Hohenzollernring. Auf einem gemauerten Unterbau, aus grob behauenen Feldsteinen bildet ein heller Granitblock\u00a0(Granitwerk Wunsiedel im Fichtelgebirge) das Denkmal, das von dem Bildhauer Wilhelm Wandschneider,\u00a0der auch das Klinke-Denkmal schuf, ausgef\u00fchrt wurde. Auf einem oberen, kleineren Block liegen Eichenlaub, Seitengewehr und Stahlhelm. Die zun\u00e4chst am 18. April 1922, dann am 25. Juni 1922 vorgesehene Einweihung\u00a0des Denkmals wurde wegen der einen Tag zuvor erfolgten Ermordung von Walther Rathenau abgesagt bzw.\u00a0nur im Stillen durchgef\u00fchrt. Die r\u00fcckseitige Bronzetafel wurde am 12. Oktober 1935 feierlich eingeweiht.<\/p>\n<p style=\"text-align: center;\"><em><strong>Pionier-Bataillon von Rauch seinen Gefallenen zum Ged\u00e4chtnis.<\/strong><\/em><br \/>\n<em><strong>Es fielen getreu ihrem Fahneneid f\u00fcr K\u00f6nig und Vaterland P.B.V.Rauch<\/strong><\/em><br \/>\n<em><strong>70 Offiziere, 238 Unteroffiziere, 1564 Gefreite u. Pioniere. Ehre Ihrem Andenken<\/strong><\/em><\/p>\n<p>\u00a0<span style=\"text-decoration: underline;\"><strong>Ehemaliger Gedenkstein<\/strong><\/span><\/p>\n<p>Auf dem Hof der ehemaligen Kaserne, in der Sch\u00f6nwalder Stra\u00dfe gab es einen Gedenkstein. Ein Findling wurde hier 1916 aufgestellt. An diesem Gedenkstein war ein gro\u00dfes Eisernes Kreuz angebracht.<\/p>\n","protected":false},"excerpt":{"rendered":"<p>&nbsp; Spandau &#8211; Denkmal Pionier-Bataillon Bericht und Bilder von Thomas\u00a0Gefallenendenkm\u00e4ler Berlin\/Brandenburg Radelandstra\u00dfe 1, in der Gr\u00fcnanlage an der Ecke Hohenzollernring. Auf einem gemauerten Unterbau, aus grob behauenen Feldsteinen bildet ein heller Granitblock\u00a0(Granitwerk Wunsiedel im Fichtelgebirge) das Denkmal, das von dem &hellip; <a href=\"http:\/\/www.denkfried.de\/wp\/?page_id=15215\">Weiterlesen <span class=\"meta-nav\">&rarr;<\/span><\/a><\/p>\n","protected":false},"author":9,"featured_media":0,"parent":4568,"menu_order":0,"comment_status":"closed","ping_status":"open","template":"","meta":{"footnotes":""},"class_list":["post-15215","page","type-page","status-publish","hentry"],"_links":{"self":[{"href":"http:\/\/www.denkfried.de\/wp\/index.php?rest_route=\/wp\/v2\/pages\/15215","targetHints":{"allow":["GET"]}}],"collection":[{"href":"http:\/\/www.denkfried.de\/wp\/index.php?rest_route=\/wp\/v2\/pages"}],"about":[{"href":"http:\/\/www.denkfried.de\/wp\/index.php?rest_route=\/wp\/v2\/types\/page"}],"author":[{"embeddable":true,"href":"http:\/\/www.denkfried.de\/wp\/index.php?rest_route=\/wp\/v2\/users\/9"}],"replies":[{"embeddable":true,"href":"http:\/\/www.denkfried.de\/wp\/index.php?rest_route=%2Fwp%2Fv2%2Fcomments&post=15215"}],"version-history":[{"count":9,"href":"http:\/\/www.denkfried.de\/wp\/index.php?rest_route=\/wp\/v2\/pages\/15215\/revisions"}],"predecessor-version":[{"id":39898,"href":"http:\/\/www.denkfried.de\/wp\/index.php?rest_route=\/wp\/v2\/pages\/15215\/revisions\/39898"}],"up":[{"embeddable":true,"href":"http:\/\/www.denkfried.de\/wp\/index.php?rest_route=\/wp\/v2\/pages\/4568"}],"wp:attachment":[{"href":"http:\/\/www.denkfried.de\/wp\/index.php?rest_route=%2Fwp%2Fv2%2Fmedia&parent=15215"}],"curies":[{"name":"wp","href":"https:\/\/api.w.org\/{rel}","templated":true}]}}