{"id":15088,"date":"2011-11-12T16:34:45","date_gmt":"2011-11-12T15:34:45","guid":{"rendered":"http:\/\/www.denkfried.de\/wp\/?page_id=15088"},"modified":"2015-12-30T20:49:32","modified_gmt":"2015-12-30T19:49:32","slug":"werder-havel-ehrenhain","status":"publish","type":"page","link":"http:\/\/www.denkfried.de\/wp\/?page_id=15088","title":{"rendered":"Ehrenhain"},"content":{"rendered":"<p>&nbsp;<\/p>\n<p><strong>15452 Werder Havel<\/strong> &#8211; Ehrenhain im Stadtpark<\/p>\n<p>Bericht und Bilder von Thomas\u00a0 <a href=\"http:\/\/g-bb.jimdo.com\/\">Gefallenendenkm\u00e4ler Berlin\/Brandenburg<\/a><\/p>\n<div id='gallery-1' class='gallery galleryid-15088 gallery-columns-3 gallery-size-thumbnail'><dl class='gallery-item'>\n\t\t\t<dt class='gallery-icon landscape'>\n\t\t\t\t<a href='http:\/\/www.denkfried.de\/wp\/?attachment_id=15093'><img loading=\"lazy\" decoding=\"async\" width=\"150\" height=\"150\" src=\"http:\/\/www.denkfried.de\/wp\/wp-content\/uploads\/2011\/11\/DSCF12412-150x150.jpg\" class=\"attachment-thumbnail size-thumbnail\" alt=\"\" \/><\/a>\n\t\t\t<\/dt><\/dl><dl class='gallery-item'>\n\t\t\t<dt class='gallery-icon landscape'>\n\t\t\t\t<a href='http:\/\/www.denkfried.de\/wp\/?attachment_id=15092'><img loading=\"lazy\" decoding=\"async\" width=\"150\" height=\"150\" src=\"http:\/\/www.denkfried.de\/wp\/wp-content\/uploads\/2011\/11\/DSCF12401-150x150.jpg\" class=\"attachment-thumbnail size-thumbnail\" alt=\"\" \/><\/a>\n\t\t\t<\/dt><\/dl><dl class='gallery-item'>\n\t\t\t<dt class='gallery-icon landscape'>\n\t\t\t\t<a href='http:\/\/www.denkfried.de\/wp\/?attachment_id=15097'><img loading=\"lazy\" decoding=\"async\" width=\"150\" height=\"150\" src=\"http:\/\/www.denkfried.de\/wp\/wp-content\/uploads\/2011\/11\/DSCF12641-150x150.jpg\" class=\"attachment-thumbnail size-thumbnail\" alt=\"\" \/><\/a>\n\t\t\t<\/dt><\/dl><br style=\"clear: both\" \/><dl class='gallery-item'>\n\t\t\t<dt class='gallery-icon landscape'>\n\t\t\t\t<a href='http:\/\/www.denkfried.de\/wp\/?attachment_id=15094'><img loading=\"lazy\" decoding=\"async\" width=\"150\" height=\"150\" src=\"http:\/\/www.denkfried.de\/wp\/wp-content\/uploads\/2011\/11\/DSCF12453-150x150.jpg\" class=\"attachment-thumbnail size-thumbnail\" alt=\"\" \/><\/a>\n\t\t\t<\/dt><\/dl><dl class='gallery-item'>\n\t\t\t<dt class='gallery-icon portrait'>\n\t\t\t\t<a href='http:\/\/www.denkfried.de\/wp\/?attachment_id=15096'><img loading=\"lazy\" decoding=\"async\" width=\"150\" height=\"150\" src=\"http:\/\/www.denkfried.de\/wp\/wp-content\/uploads\/2011\/11\/DSCF1251-150x150.jpg\" class=\"attachment-thumbnail size-thumbnail\" alt=\"\" \/><\/a>\n\t\t\t<\/dt><\/dl><dl class='gallery-item'>\n\t\t\t<dt class='gallery-icon landscape'>\n\t\t\t\t<a href='http:\/\/www.denkfried.de\/wp\/?attachment_id=15095'><img loading=\"lazy\" decoding=\"async\" width=\"150\" height=\"150\" src=\"http:\/\/www.denkfried.de\/wp\/wp-content\/uploads\/2011\/11\/DSCF1250-150x150.jpg\" class=\"attachment-thumbnail size-thumbnail\" alt=\"\" \/><\/a>\n\t\t\t<\/dt><\/dl><br style=\"clear: both\" \/>\n\t\t<\/div>\n\n<p>Nach dem Ersten Weltkrieg sollte ein Gedenkort f\u00fcr die <strong>257 S\u00f6hne<\/strong> der Stadt, welche im Krieg gebliebenen, an Verletzung verstorbenen oder im Lazarett ihrer Kriegsverwundung erlegen sind, \u00a0errichtet werden. Am 24. September 1920 wurde beschlossen den Heldenhain anzulegen, sofort begann die Planung und das Objekt im Park \u00a0wurde am 20. Mai 1923 eingeweiht. Mittig wurde, auf einem Rundplatz eine Friedenslinde gepflanzt. Um diesen Platz sind 12 Gedenkstein im Wechsel mit Pyramiedeneichen aufgestellt worden. Ein gro\u00dfer Gedenkstein steht in der an einem Weg zu einem Brunnen, und tr\u00e4gt folgende Inschrift:<\/p>\n<address style=\"text-align: center;\"><strong><em>Den im Weltkrieg gefallenen Helden widmet<\/em><\/strong><\/address>\n<address style=\"text-align: center;\"><strong>diesen Hain die \u00a0<em>Stadt Werder 1914-1918<\/em><\/strong><\/address>\n<address style=\"text-align: center;\">\u00a0<\/address>\n<p>Ein Platz zum Trost und zum Gedenken, so weite Pfarrer R\u00e4ttig im beiseihen des damaligen B\u00fcrgermeisters Dr. Dietzel und hunderte B\u00fcrger der Stadt diesen Platz.<\/p>\n<p>&nbsp;<\/p>\n<p>Die Namen der Gefallenen, werden demn\u00e4chst in der Datenbank eingepflegt.<\/p>\n","protected":false},"excerpt":{"rendered":"<p>&nbsp; 15452 Werder Havel &#8211; Ehrenhain im Stadtpark Bericht und Bilder von Thomas\u00a0 Gefallenendenkm\u00e4ler Berlin\/Brandenburg Nach dem Ersten Weltkrieg sollte ein Gedenkort f\u00fcr die 257 S\u00f6hne der Stadt, welche im Krieg gebliebenen, an Verletzung verstorbenen oder im Lazarett ihrer Kriegsverwundung &hellip; <a href=\"http:\/\/www.denkfried.de\/wp\/?page_id=15088\">Weiterlesen <span class=\"meta-nav\">&rarr;<\/span><\/a><\/p>\n","protected":false},"author":9,"featured_media":0,"parent":15828,"menu_order":0,"comment_status":"closed","ping_status":"open","template":"","meta":{"footnotes":""},"class_list":["post-15088","page","type-page","status-publish","hentry"],"_links":{"self":[{"href":"http:\/\/www.denkfried.de\/wp\/index.php?rest_route=\/wp\/v2\/pages\/15088","targetHints":{"allow":["GET"]}}],"collection":[{"href":"http:\/\/www.denkfried.de\/wp\/index.php?rest_route=\/wp\/v2\/pages"}],"about":[{"href":"http:\/\/www.denkfried.de\/wp\/index.php?rest_route=\/wp\/v2\/types\/page"}],"author":[{"embeddable":true,"href":"http:\/\/www.denkfried.de\/wp\/index.php?rest_route=\/wp\/v2\/users\/9"}],"replies":[{"embeddable":true,"href":"http:\/\/www.denkfried.de\/wp\/index.php?rest_route=%2Fwp%2Fv2%2Fcomments&post=15088"}],"version-history":[{"count":22,"href":"http:\/\/www.denkfried.de\/wp\/index.php?rest_route=\/wp\/v2\/pages\/15088\/revisions"}],"predecessor-version":[{"id":40273,"href":"http:\/\/www.denkfried.de\/wp\/index.php?rest_route=\/wp\/v2\/pages\/15088\/revisions\/40273"}],"up":[{"embeddable":true,"href":"http:\/\/www.denkfried.de\/wp\/index.php?rest_route=\/wp\/v2\/pages\/15828"}],"wp:attachment":[{"href":"http:\/\/www.denkfried.de\/wp\/index.php?rest_route=%2Fwp%2Fv2%2Fmedia&parent=15088"}],"curies":[{"name":"wp","href":"https:\/\/api.w.org\/{rel}","templated":true}]}}