{"id":15023,"date":"2011-11-10T22:27:54","date_gmt":"2011-11-10T21:27:54","guid":{"rendered":"http:\/\/www.denkfried.de\/wp\/?page_id=15023"},"modified":"2015-07-25T10:35:50","modified_gmt":"2015-07-25T08:35:50","slug":"charlottenburg-denkmaler","status":"publish","type":"page","link":"http:\/\/www.denkfried.de\/wp\/?page_id=15023","title":{"rendered":"Denkm\u00e4ler"},"content":{"rendered":"<p>&nbsp;<\/p>\n<p><span style=\"text-decoration: underline;\"><strong>Berlin-Charlottenburg<\/strong><\/span><strong> Denkm\u00e4ler<\/strong><\/p>\n<p>Bericht und Bilder von Thomas\u00a0<a href=\"http:\/\/g-bb.jimdo.com\/\">Gefallenendenkm\u00e4ler Berlin\/Brandenburg<\/a><\/p>\n<div id='gallery-1' class='gallery galleryid-15023 gallery-columns-3 gallery-size-thumbnail'><dl class='gallery-item'>\n\t\t\t<dt class='gallery-icon landscape'>\n\t\t\t\t<a href='http:\/\/www.denkfried.de\/wp\/?attachment_id=15038'><img loading=\"lazy\" decoding=\"async\" width=\"150\" height=\"150\" src=\"http:\/\/www.denkfried.de\/wp\/wp-content\/uploads\/2011\/11\/Weltkriege-3-150x150.jpg\" class=\"attachment-thumbnail size-thumbnail\" alt=\"\" aria-describedby=\"gallery-1-15038\" \/><\/a>\n\t\t\t<\/dt>\n\t\t\t\t<dd class='wp-caption-text gallery-caption' id='gallery-1-15038'>\n\t\t\t\tEhemaliges Heereswaffenamt\n\t\t\t\t<\/dd><\/dl><dl class='gallery-item'>\n\t\t\t<dt class='gallery-icon portrait'>\n\t\t\t\t<a href='http:\/\/www.denkfried.de\/wp\/?attachment_id=15037'><img loading=\"lazy\" decoding=\"async\" width=\"150\" height=\"150\" src=\"http:\/\/www.denkfried.de\/wp\/wp-content\/uploads\/2011\/11\/Weltkriege-2-150x150.jpg\" class=\"attachment-thumbnail size-thumbnail\" alt=\"\" aria-describedby=\"gallery-1-15037\" \/><\/a>\n\t\t\t<\/dt>\n\t\t\t\t<dd class='wp-caption-text gallery-caption' id='gallery-1-15037'>\n\t\t\t\tEhemaliges Heereswaffenamt\n\t\t\t\t<\/dd><\/dl><dl class='gallery-item'>\n\t\t\t<dt class='gallery-icon portrait'>\n\t\t\t\t<a href='http:\/\/www.denkfried.de\/wp\/?attachment_id=15039'><img loading=\"lazy\" decoding=\"async\" width=\"150\" height=\"150\" src=\"http:\/\/www.denkfried.de\/wp\/wp-content\/uploads\/2011\/11\/Weltkriege-4-150x150.jpg\" class=\"attachment-thumbnail size-thumbnail\" alt=\"\" aria-describedby=\"gallery-1-15039\" \/><\/a>\n\t\t\t<\/dt>\n\t\t\t\t<dd class='wp-caption-text gallery-caption' id='gallery-1-15039'>\n\t\t\t\tEhemaliges Heereswaffenamt\n\t\t\t\t<\/dd><\/dl><br style=\"clear: both\" \/><dl class='gallery-item'>\n\t\t\t<dt class='gallery-icon portrait'>\n\t\t\t\t<a href='http:\/\/www.denkfried.de\/wp\/?attachment_id=34991'><img loading=\"lazy\" decoding=\"async\" width=\"150\" height=\"150\" src=\"http:\/\/www.denkfried.de\/wp\/wp-content\/uploads\/2011\/11\/Berlin-Bahnhof-Zoo-Denkmal-Offizierskorps-3-150x150.jpg\" class=\"attachment-thumbnail size-thumbnail\" alt=\"\" aria-describedby=\"gallery-1-34991\" \/><\/a>\n\t\t\t<\/dt>\n\t\t\t\t<dd class='wp-caption-text gallery-caption' id='gallery-1-34991'>\n\t\t\t\tOffizierskorps\n\t\t\t\t<\/dd><\/dl><dl class='gallery-item'>\n\t\t\t<dt class='gallery-icon portrait'>\n\t\t\t\t<a href='http:\/\/www.denkfried.de\/wp\/?attachment_id=34989'><img loading=\"lazy\" decoding=\"async\" width=\"150\" height=\"150\" src=\"http:\/\/www.denkfried.de\/wp\/wp-content\/uploads\/2011\/11\/Berlin-Bahnhof-Zoo-Denkmal-Offizierskorps-150x150.jpg\" class=\"attachment-thumbnail size-thumbnail\" alt=\"\" aria-describedby=\"gallery-1-34989\" \/><\/a>\n\t\t\t<\/dt>\n\t\t\t\t<dd class='wp-caption-text gallery-caption' id='gallery-1-34989'>\n\t\t\t\tOffizierskorps\n\t\t\t\t<\/dd><\/dl><dl class='gallery-item'>\n\t\t\t<dt class='gallery-icon landscape'>\n\t\t\t\t<a href='http:\/\/www.denkfried.de\/wp\/?attachment_id=34990'><img loading=\"lazy\" decoding=\"async\" width=\"150\" height=\"150\" src=\"http:\/\/www.denkfried.de\/wp\/wp-content\/uploads\/2011\/11\/Berlin-Bahnhof-Zoo-Denkmal-Offizierskorps-2-150x150.jpg\" class=\"attachment-thumbnail size-thumbnail\" alt=\"\" aria-describedby=\"gallery-1-34990\" \/><\/a>\n\t\t\t<\/dt>\n\t\t\t\t<dd class='wp-caption-text gallery-caption' id='gallery-1-34990'>\n\t\t\t\tOffizierskorps\n\t\t\t\t<\/dd><\/dl><br style=\"clear: both\" \/><dl class='gallery-item'>\n\t\t\t<dt class='gallery-icon landscape'>\n\t\t\t\t<a href='http:\/\/www.denkfried.de\/wp\/?attachment_id=17654'><img loading=\"lazy\" decoding=\"async\" width=\"150\" height=\"150\" src=\"http:\/\/www.denkfried.de\/wp\/wp-content\/uploads\/2012\/01\/01011003-Kopie-150x150.jpg\" class=\"attachment-thumbnail size-thumbnail\" alt=\"\" aria-describedby=\"gallery-1-17654\" \/><\/a>\n\t\t\t<\/dt>\n\t\t\t\t<dd class='wp-caption-text gallery-caption' id='gallery-1-17654'>\n\t\t\t\tLietzenseepark\n\t\t\t\t<\/dd><\/dl><dl class='gallery-item'>\n\t\t\t<dt class='gallery-icon landscape'>\n\t\t\t\t<a href='http:\/\/www.denkfried.de\/wp\/?attachment_id=17648'><img loading=\"lazy\" decoding=\"async\" width=\"150\" height=\"150\" src=\"http:\/\/www.denkfried.de\/wp\/wp-content\/uploads\/2012\/01\/1-150x150.jpg\" class=\"attachment-thumbnail size-thumbnail\" alt=\"\" aria-describedby=\"gallery-1-17648\" \/><\/a>\n\t\t\t<\/dt>\n\t\t\t\t<dd class='wp-caption-text gallery-caption' id='gallery-1-17648'>\n\t\t\t\tLietzenseepark\n\t\t\t\t<\/dd><\/dl><dl class='gallery-item'>\n\t\t\t<dt class='gallery-icon portrait'>\n\t\t\t\t<a href='http:\/\/www.denkfried.de\/wp\/?attachment_id=17649'><img loading=\"lazy\" decoding=\"async\" width=\"150\" height=\"150\" src=\"http:\/\/www.denkfried.de\/wp\/wp-content\/uploads\/2012\/01\/31-150x150.jpg\" class=\"attachment-thumbnail size-thumbnail\" alt=\"\" aria-describedby=\"gallery-1-17649\" \/><\/a>\n\t\t\t<\/dt>\n\t\t\t\t<dd class='wp-caption-text gallery-caption' id='gallery-1-17649'>\n\t\t\t\tLietzenseepark\n\t\t\t\t<\/dd><\/dl><br style=\"clear: both\" \/>\n\t\t<\/div>\n\n<p><strong>Denkmal<\/strong> Ehemaliges Heereswaffenamt, Jebenstra\u00dfe<\/p>\n<p style=\"text-align: left;\">Einst zum Gedenken der Gefallenen des Ersten Weltkrieges,<br \/>\nsp\u00e4ter auch f\u00fcr die des zweiten erg\u00e4nzt.<\/p>\n<p>Errichtet wurde das Denkmal 1936. Auf einem Granitsockel befindet sich eine Kugel, auf der die Heilige Barbara steht. Figur und Kugel sind vergoldet. Auf der S\u00e4ule befindet sich ein Eisernes Kreuz und die unten aufgelistete Inschrift in reliefartigen Buchstaben.<\/p>\n<address style=\"text-align: center;\"><em><strong>Zum Ged\u00e4chtnis der im Weltkriege 1914-1918<\/strong><\/em><br \/>\n<em><strong>Gefallenen der Artillerie-Pr\u00fcfungskommission 1939-1945\u00a0<\/strong><\/em><\/address>\n<address style=\"text-align: center;\">\u00a0<\/address>\n<p><strong>Denkmal <\/strong>am Bahnhof Zoo, Jebenstra\u00dfe<\/p>\n<address style=\"text-align: center;\"><em><strong>TRIARIIS BELLO OCCISIS 1914 \u2013 1918<\/strong><\/em><br \/>\n<em><strong>Reserve und Landwehr-Offizierkorps Berlin<\/strong><\/em><\/address>\n<address style=\"text-align: center;\">\u00a0<\/address>\n<p>Errichtet wurde es von Hans Dammann und Heinrich Rochlitz aus dem Jahre 1927.<\/p>\n<p>Auf einem Muschelkalk-Sockel (etwa 3 m x 2 m x 1 m) steht die etwa 4 m hohe gr\u00fcnlich-schwarze Bronzefigur eines Ritters. In der Linken h\u00e4lt er einen etwa 3 m gro\u00dfen Schild mit Kreuz und in der Rechten ein ebenso gro\u00dfes Schwert. Er tr\u00e4gt R\u00fcstung, gepanzerte Hosen, Umhang und Stiefel. Durch den Bezug auf das mittelalterliche Rittertum wurde eine Heroisierung der Gefallenen versucht.<\/p>\n<p><strong>Denkmal<\/strong> im Lietzenseepark<\/p>\n<p>Das Denkmal des K\u00f6nigin-Elisabeth-Garde-Grenadier-Regiments Nr. 3 wurde 1925 von Eugen Schmohl geschaffen. Es wurde und im n\u00f6rdlichen Teil\u00a0des Lietzenseeparks an der Wundtstra\u00dfe aufgestellt.\u00a0Es ist den Gefallenen der Kriege: 1864, 1866, 1870-71, 1914-1918 gewidmet.\u00a0Eine liegende Bronzetafel mit tr\u00e4gt folgende Inschrift:<\/p>\n<address><strong>PER ASPERA AD ASTRA<\/strong><\/address>\n<address>\u00a0<\/address>\n<p>\u00dcbersetzt: \u201e<em>Durch das Raue zu den Sternen\u201c<\/em><\/p>\n<address>\u00a0<\/address>\n<address><strong><em>K\u00f6nigin-Elisabeth-Garde-Grenadier-Regiments Nr. 3<\/em><\/strong><br \/>\n<strong><em>Unseren Gefallenen Helden 1864, 1866, 1870-1871, 1914 -1918<\/em><\/strong><\/address>\n<address><strong><em>Vom K\u00f6nigin-Elisabeth-Garde-Grenadier-Regiments Nr. 3 starben im Weltkriege 1914-18 den Heldentod<\/em><\/strong><\/address>\n<address>\u00a0<\/address>\n<p><em>142 Offiziere \u2013 375 Unteroffiziere \u2013 3687 Grenadiere und F\u00fcsiliere<\/em><\/p>\n<p><strong>Frankreich 1914\/15<\/strong><\/p>\n<p>Jemeppe \u2013 Auvelais \u2013\u00a0 Mettet \u2013 Voulpaix \u2013 St Quentin \u2013 Marfaux \u2013 Normee \u2013 Fere Champenoise \/ Marne \u2013 Nauroy \u2013 Reims \u2013 Puisieux \u2013 Serre Hebuterne Gommecourt Monchy<\/p>\n<p><strong>Russland 1915<\/strong><\/p>\n<p>Staszkowka \u2013 Gorlice \u2013 Jaroslau \u2013 San Makowisko \u2013 Miekisz Stary \u2013<br \/>\nTuchla Niemierow \u2013 Grodeck Stllg. Magierow \u2013 Male Rawkie Staniec \u2013\u00a0Krasne Isbica \u2013 Krasnostaw Krupe \u2013 Oszechow Stary Tuliske<\/p>\n<p><strong>Frankreich 1915\/18<\/strong><\/p>\n<p>Souchez Givenchy \u2013 Beuvraignes Maurepas \u2013 Rancourt Bouchavesnes \u2013\u00a0Roiglise Villers Carbonel \u2013 Craonne Chemin des Dames \u2013\u00a0Winterberg Malmaison \u2013 Pargny-Flain \u2013 St. Quentin \u2013 Golancourt \u2013\u00a0Collezy \u2013 Roye sur Matz \u2013 Corbeny \u2013 Magneux -Vincelles Dormans Marne \u2013\u00a0Licy Clignon Bussiares \u2013 Laffaux \u2013 Vauxaillon \u2013 Montblainville \u2013\u00a0Chehery \u2013 Argonnen \u2013 Etain<\/p>\n<p><span style=\"color: #000000;\"><strong><br \/>\n<\/strong><\/span><\/p>\n","protected":false},"excerpt":{"rendered":"<p>&nbsp; Berlin-Charlottenburg Denkm\u00e4ler Bericht und Bilder von Thomas\u00a0Gefallenendenkm\u00e4ler Berlin\/Brandenburg Denkmal Ehemaliges Heereswaffenamt, Jebenstra\u00dfe Einst zum Gedenken der Gefallenen des Ersten Weltkrieges, sp\u00e4ter auch f\u00fcr die des zweiten erg\u00e4nzt. Errichtet wurde das Denkmal 1936. Auf einem Granitsockel befindet sich eine Kugel, &hellip; <a href=\"http:\/\/www.denkfried.de\/wp\/?page_id=15023\">Weiterlesen <span class=\"meta-nav\">&rarr;<\/span><\/a><\/p>\n","protected":false},"author":9,"featured_media":0,"parent":16107,"menu_order":0,"comment_status":"closed","ping_status":"open","template":"","meta":{"footnotes":""},"class_list":["post-15023","page","type-page","status-publish","hentry"],"_links":{"self":[{"href":"http:\/\/www.denkfried.de\/wp\/index.php?rest_route=\/wp\/v2\/pages\/15023","targetHints":{"allow":["GET"]}}],"collection":[{"href":"http:\/\/www.denkfried.de\/wp\/index.php?rest_route=\/wp\/v2\/pages"}],"about":[{"href":"http:\/\/www.denkfried.de\/wp\/index.php?rest_route=\/wp\/v2\/types\/page"}],"author":[{"embeddable":true,"href":"http:\/\/www.denkfried.de\/wp\/index.php?rest_route=\/wp\/v2\/users\/9"}],"replies":[{"embeddable":true,"href":"http:\/\/www.denkfried.de\/wp\/index.php?rest_route=%2Fwp%2Fv2%2Fcomments&post=15023"}],"version-history":[{"count":26,"href":"http:\/\/www.denkfried.de\/wp\/index.php?rest_route=\/wp\/v2\/pages\/15023\/revisions"}],"predecessor-version":[{"id":38816,"href":"http:\/\/www.denkfried.de\/wp\/index.php?rest_route=\/wp\/v2\/pages\/15023\/revisions\/38816"}],"up":[{"embeddable":true,"href":"http:\/\/www.denkfried.de\/wp\/index.php?rest_route=\/wp\/v2\/pages\/16107"}],"wp:attachment":[{"href":"http:\/\/www.denkfried.de\/wp\/index.php?rest_route=%2Fwp%2Fv2%2Fmedia&parent=15023"}],"curies":[{"name":"wp","href":"https:\/\/api.w.org\/{rel}","templated":true}]}}