{"id":15008,"date":"2011-11-10T22:12:43","date_gmt":"2011-11-10T21:12:43","guid":{"rendered":"http:\/\/www.denkfried.de\/wp\/?page_id=15008"},"modified":"2015-07-25T10:26:59","modified_gmt":"2015-07-25T08:26:59","slug":"charlottenburg-bezirksamt","status":"publish","type":"page","link":"http:\/\/www.denkfried.de\/wp\/?page_id=15008","title":{"rendered":"Gedenktafeln im Bezirksamt"},"content":{"rendered":"<p>&nbsp;<\/p>\n<p><strong>\u00a0<span style=\"text-decoration: underline;\">10585 Charlottenburg, Otto-Suhr Allee 100<\/span><\/strong><\/p>\n<p><strong>Gedenktafeln im Bezirksamt<br \/>\n<\/strong><\/p>\n<p>Bericht und Bilder von Thomas\u00a0<a href=\"http:\/\/g-bb.jimdo.com\/\">Gefallenendenkm\u00e4ler Berlin\/Brandenburg<\/a><\/p>\n<div id='gallery-1' class='gallery galleryid-15008 gallery-columns-3 gallery-size-thumbnail'><dl class='gallery-item'>\n\t\t\t<dt class='gallery-icon landscape'>\n\t\t\t\t<a href='http:\/\/www.denkfried.de\/wp\/?attachment_id=15011'><img loading=\"lazy\" decoding=\"async\" width=\"150\" height=\"150\" src=\"http:\/\/www.denkfried.de\/wp\/wp-content\/uploads\/2011\/11\/17-150x150.jpg\" class=\"attachment-thumbnail size-thumbnail\" alt=\"\" \/><\/a>\n\t\t\t<\/dt><\/dl><dl class='gallery-item'>\n\t\t\t<dt class='gallery-icon landscape'>\n\t\t\t\t<a href='http:\/\/www.denkfried.de\/wp\/?attachment_id=15012'><img loading=\"lazy\" decoding=\"async\" width=\"150\" height=\"150\" src=\"http:\/\/www.denkfried.de\/wp\/wp-content\/uploads\/2011\/11\/28-150x150.jpg\" class=\"attachment-thumbnail size-thumbnail\" alt=\"\" \/><\/a>\n\t\t\t<\/dt><\/dl><dl class='gallery-item'>\n\t\t\t<dt class='gallery-icon landscape'>\n\t\t\t\t<a href='http:\/\/www.denkfried.de\/wp\/?attachment_id=15013'><img loading=\"lazy\" decoding=\"async\" width=\"150\" height=\"150\" src=\"http:\/\/www.denkfried.de\/wp\/wp-content\/uploads\/2011\/11\/43-150x150.jpg\" class=\"attachment-thumbnail size-thumbnail\" alt=\"\" \/><\/a>\n\t\t\t<\/dt><\/dl><br style=\"clear: both\" \/><dl class='gallery-item'>\n\t\t\t<dt class='gallery-icon landscape'>\n\t\t\t\t<a href='http:\/\/www.denkfried.de\/wp\/?attachment_id=15016'><img loading=\"lazy\" decoding=\"async\" width=\"150\" height=\"150\" src=\"http:\/\/www.denkfried.de\/wp\/wp-content\/uploads\/2011\/11\/DSCF0047-150x150.jpg\" class=\"attachment-thumbnail size-thumbnail\" alt=\"\" \/><\/a>\n\t\t\t<\/dt><\/dl><dl class='gallery-item'>\n\t\t\t<dt class='gallery-icon landscape'>\n\t\t\t\t<a href='http:\/\/www.denkfried.de\/wp\/?attachment_id=15015'><img loading=\"lazy\" decoding=\"async\" width=\"150\" height=\"150\" src=\"http:\/\/www.denkfried.de\/wp\/wp-content\/uploads\/2011\/11\/DSCF0044-150x150.jpg\" class=\"attachment-thumbnail size-thumbnail\" alt=\"\" \/><\/a>\n\t\t\t<\/dt><\/dl><dl class='gallery-item'>\n\t\t\t<dt class='gallery-icon portrait'>\n\t\t\t\t<a href='http:\/\/www.denkfried.de\/wp\/?attachment_id=15014'><img loading=\"lazy\" decoding=\"async\" width=\"150\" height=\"150\" src=\"http:\/\/www.denkfried.de\/wp\/wp-content\/uploads\/2011\/11\/54-150x150.jpg\" class=\"attachment-thumbnail size-thumbnail\" alt=\"\" \/><\/a>\n\t\t\t<\/dt><\/dl><br style=\"clear: both\" \/>\n\t\t<\/div>\n\n<p>Ein Ehrenmal ist im 1 OG, f\u00fcr\u00a0Gefallene und Vermi\u00dften des ersten Weltkrieges,<br \/>\nsp\u00e4ter auch den des Zweiten hinzugef\u00fcgt worden.<\/p>\n<p style=\"text-align: center;\"><em><strong>Charlottenburg &#8211; Den in seinem Dienst Getreuen<\/strong><\/em><br \/>\n<em><strong>im grossen Kriege f\u00fcrs Vaterland gefallenen<\/strong><\/em><\/p>\n<p style=\"text-align: center;\"><em><strong>Den Opfern des Krieges 1939 &#8211; 1945<\/strong><\/em><\/p>\n<p>Insgesamt sind 304 Namen verzeichnet.<br \/>\nAngegeben sind Namen, Beruf und Todesdatum<\/p>\n<p>Die Namen wurden in die Datenbank eingepflegt.<\/p>\n","protected":false},"excerpt":{"rendered":"<p>&nbsp; \u00a010585 Charlottenburg, Otto-Suhr Allee 100 Gedenktafeln im Bezirksamt Bericht und Bilder von Thomas\u00a0Gefallenendenkm\u00e4ler Berlin\/Brandenburg Ein Ehrenmal ist im 1 OG, f\u00fcr\u00a0Gefallene und Vermi\u00dften des ersten Weltkrieges, sp\u00e4ter auch den des Zweiten hinzugef\u00fcgt worden. Charlottenburg &#8211; Den in seinem Dienst &hellip; <a href=\"http:\/\/www.denkfried.de\/wp\/?page_id=15008\">Weiterlesen <span class=\"meta-nav\">&rarr;<\/span><\/a><\/p>\n","protected":false},"author":9,"featured_media":0,"parent":16107,"menu_order":0,"comment_status":"closed","ping_status":"open","template":"","meta":{"footnotes":""},"class_list":["post-15008","page","type-page","status-publish","hentry"],"_links":{"self":[{"href":"http:\/\/www.denkfried.de\/wp\/index.php?rest_route=\/wp\/v2\/pages\/15008","targetHints":{"allow":["GET"]}}],"collection":[{"href":"http:\/\/www.denkfried.de\/wp\/index.php?rest_route=\/wp\/v2\/pages"}],"about":[{"href":"http:\/\/www.denkfried.de\/wp\/index.php?rest_route=\/wp\/v2\/types\/page"}],"author":[{"embeddable":true,"href":"http:\/\/www.denkfried.de\/wp\/index.php?rest_route=\/wp\/v2\/users\/9"}],"replies":[{"embeddable":true,"href":"http:\/\/www.denkfried.de\/wp\/index.php?rest_route=%2Fwp%2Fv2%2Fcomments&post=15008"}],"version-history":[{"count":14,"href":"http:\/\/www.denkfried.de\/wp\/index.php?rest_route=\/wp\/v2\/pages\/15008\/revisions"}],"predecessor-version":[{"id":38812,"href":"http:\/\/www.denkfried.de\/wp\/index.php?rest_route=\/wp\/v2\/pages\/15008\/revisions\/38812"}],"up":[{"embeddable":true,"href":"http:\/\/www.denkfried.de\/wp\/index.php?rest_route=\/wp\/v2\/pages\/16107"}],"wp:attachment":[{"href":"http:\/\/www.denkfried.de\/wp\/index.php?rest_route=%2Fwp%2Fv2%2Fmedia&parent=15008"}],"curies":[{"name":"wp","href":"https:\/\/api.w.org\/{rel}","templated":true}]}}