{"id":1497,"date":"2011-04-09T13:11:42","date_gmt":"2011-04-09T11:11:42","guid":{"rendered":"http:\/\/www.denkfried.de\/wp\/?page_id=1497"},"modified":"2012-12-17T21:28:44","modified_gmt":"2012-12-17T20:28:44","slug":"bruneck","status":"publish","type":"page","link":"http:\/\/www.denkfried.de\/wp\/?page_id=1497","title":{"rendered":"Bruneck"},"content":{"rendered":"<p>&nbsp;<\/p>\n<p><span style=\"text-decoration: underline; color: #ff0000;\"><strong>039031 Bruneck<\/strong><\/span><\/p>\n<p>Provinz: Bozen<br \/>\nRegion:\u00a0 Trentino-S\u00fcdtirol<\/p>\n<p><strong>Waldfriedhof Bruneck<\/strong><\/p>\n<p>Im Pustertatl, an der Stra\u00dfe und Bahnlinie Franzensfeste nach Innichen liegt der kleine Waldfriedhof.<br \/>\nHier ruhen aus dem 1.Weltkrieg 677 \u00f6sterreichisch-ungarischen Gefallenen und 25 Deutsche aus dem Zweiten Weltkrieg.<\/p>\n","protected":false},"excerpt":{"rendered":"<p>&nbsp; 039031 Bruneck Provinz: Bozen Region:\u00a0 Trentino-S\u00fcdtirol Waldfriedhof Bruneck Im Pustertatl, an der Stra\u00dfe und Bahnlinie Franzensfeste nach Innichen liegt der kleine Waldfriedhof. Hier ruhen aus dem 1.Weltkrieg 677 \u00f6sterreichisch-ungarischen Gefallenen und 25 Deutsche aus dem Zweiten Weltkrieg.<\/p>\n","protected":false},"author":2,"featured_media":0,"parent":28128,"menu_order":0,"comment_status":"closed","ping_status":"open","template":"","meta":{"footnotes":""},"class_list":["post-1497","page","type-page","status-publish","hentry"],"_links":{"self":[{"href":"http:\/\/www.denkfried.de\/wp\/index.php?rest_route=\/wp\/v2\/pages\/1497","targetHints":{"allow":["GET"]}}],"collection":[{"href":"http:\/\/www.denkfried.de\/wp\/index.php?rest_route=\/wp\/v2\/pages"}],"about":[{"href":"http:\/\/www.denkfried.de\/wp\/index.php?rest_route=\/wp\/v2\/types\/page"}],"author":[{"embeddable":true,"href":"http:\/\/www.denkfried.de\/wp\/index.php?rest_route=\/wp\/v2\/users\/2"}],"replies":[{"embeddable":true,"href":"http:\/\/www.denkfried.de\/wp\/index.php?rest_route=%2Fwp%2Fv2%2Fcomments&post=1497"}],"version-history":[{"count":4,"href":"http:\/\/www.denkfried.de\/wp\/index.php?rest_route=\/wp\/v2\/pages\/1497\/revisions"}],"predecessor-version":[{"id":28157,"href":"http:\/\/www.denkfried.de\/wp\/index.php?rest_route=\/wp\/v2\/pages\/1497\/revisions\/28157"}],"up":[{"embeddable":true,"href":"http:\/\/www.denkfried.de\/wp\/index.php?rest_route=\/wp\/v2\/pages\/28128"}],"wp:attachment":[{"href":"http:\/\/www.denkfried.de\/wp\/index.php?rest_route=%2Fwp%2Fv2%2Fmedia&parent=1497"}],"curies":[{"name":"wp","href":"https:\/\/api.w.org\/{rel}","templated":true}]}}