{"id":1475,"date":"2011-04-08T22:30:13","date_gmt":"2011-04-08T20:30:13","guid":{"rendered":"http:\/\/www.denkfried.de\/wp\/?page_id=1475"},"modified":"2012-12-22T13:38:14","modified_gmt":"2012-12-22T12:38:14","slug":"dionyssos-rapendoza","status":"publish","type":"page","link":"http:\/\/www.denkfried.de\/wp\/?page_id=1475","title":{"rendered":"Dionyssos-Rapendoza"},"content":{"rendered":"<p>&nbsp;<\/p>\n<p><span style=\"text-decoration: underline; color: #ff0000;\"><strong>Dionyssos-Rapendoza<\/strong><\/span> Deutsche Kriegsgr\u00e4berst\u00e4tte<\/p>\n<p>Einweihung: 28.09.1975 &#8211; 1. Weltkrieg 68\/2.Weltkrieg: 9.905<\/p>\n<p>Beitrag von Thomas <a href=\"http:\/\/potsdamer-ehrenmale.de.tl\/Hauptseite.htm\">Potsdamer-Ehrenmale.de<\/a><\/p>\n<div id='gallery-1' class='gallery galleryid-1475 gallery-columns-4 gallery-size-thumbnail'><dl class='gallery-item'>\n\t\t\t<dt class='gallery-icon portrait'>\n\t\t\t\t<a href='http:\/\/www.denkfried.de\/wp\/?attachment_id=28279'><img loading=\"lazy\" decoding=\"async\" width=\"150\" height=\"150\" src=\"http:\/\/www.denkfried.de\/wp\/wp-content\/uploads\/2011\/04\/Namenbuch-Deutsche-Gefallene-Griechenland-150x150.jpg\" class=\"attachment-thumbnail size-thumbnail\" alt=\"\" \/><\/a>\n\t\t\t<\/dt><\/dl><dl class='gallery-item'>\n\t\t\t<dt class='gallery-icon landscape'>\n\t\t\t\t<a href='http:\/\/www.denkfried.de\/wp\/?attachment_id=28280'><img loading=\"lazy\" decoding=\"async\" width=\"150\" height=\"150\" src=\"http:\/\/www.denkfried.de\/wp\/wp-content\/uploads\/2011\/04\/Griechenland-kriegsgr\u00e4berst\u00e4tte-Namenbuch-Dionyssos-Rapendoza-3-150x150.jpg\" class=\"attachment-thumbnail size-thumbnail\" alt=\"\" \/><\/a>\n\t\t\t<\/dt><\/dl><dl class='gallery-item'>\n\t\t\t<dt class='gallery-icon portrait'>\n\t\t\t\t<a href='http:\/\/www.denkfried.de\/wp\/?attachment_id=28281'><img loading=\"lazy\" decoding=\"async\" width=\"150\" height=\"150\" src=\"http:\/\/www.denkfried.de\/wp\/wp-content\/uploads\/2011\/04\/Griechenland-kriegsgr\u00e4berst\u00e4tte-Namenbuch-Dionyssos-Rapendoza-2-150x150.jpg\" class=\"attachment-thumbnail size-thumbnail\" alt=\"\" \/><\/a>\n\t\t\t<\/dt><\/dl><dl class='gallery-item'>\n\t\t\t<dt class='gallery-icon landscape'>\n\t\t\t\t<a href='http:\/\/www.denkfried.de\/wp\/?attachment_id=28282'><img loading=\"lazy\" decoding=\"async\" width=\"150\" height=\"150\" src=\"http:\/\/www.denkfried.de\/wp\/wp-content\/uploads\/2011\/04\/Griechenland-kriegsgr\u00e4berst\u00e4tte-Namenbuch-Dionyssos-Rapendoza-150x150.jpg\" class=\"attachment-thumbnail size-thumbnail\" alt=\"\" \/><\/a>\n\t\t\t<\/dt><\/dl><br style=\"clear: both\" \/><dl class='gallery-item'>\n\t\t\t<dt class='gallery-icon landscape'>\n\t\t\t\t<a href='http:\/\/www.denkfried.de\/wp\/?attachment_id=28319'><img loading=\"lazy\" decoding=\"async\" width=\"150\" height=\"150\" src=\"http:\/\/www.denkfried.de\/wp\/wp-content\/uploads\/2012\/12\/Griechenland-Deutsche-Kriegsgr\u00e4ber-Dionyssos-Rapendoza-3-150x150.jpg\" class=\"attachment-thumbnail size-thumbnail\" alt=\"\" \/><\/a>\n\t\t\t<\/dt><\/dl><dl class='gallery-item'>\n\t\t\t<dt class='gallery-icon landscape'>\n\t\t\t\t<a href='http:\/\/www.denkfried.de\/wp\/?attachment_id=28320'><img loading=\"lazy\" decoding=\"async\" width=\"150\" height=\"150\" src=\"http:\/\/www.denkfried.de\/wp\/wp-content\/uploads\/2012\/12\/Griechenland-Deutsche-Kriegsgr\u00e4ber-Dionyssos-Rapendoza-150x150.jpg\" class=\"attachment-thumbnail size-thumbnail\" alt=\"\" \/><\/a>\n\t\t\t<\/dt><\/dl><dl class='gallery-item'>\n\t\t\t<dt class='gallery-icon landscape'>\n\t\t\t\t<a href='http:\/\/www.denkfried.de\/wp\/?attachment_id=28322'><img loading=\"lazy\" decoding=\"async\" width=\"150\" height=\"150\" src=\"http:\/\/www.denkfried.de\/wp\/wp-content\/uploads\/2012\/12\/Griechenland-Deutsche-Kriegsgr\u00e4ber-Dionyssos-Rapendoza-2-150x150.jpg\" class=\"attachment-thumbnail size-thumbnail\" alt=\"\" \/><\/a>\n\t\t\t<\/dt><\/dl>\n\t\t\t<br style='clear: both' \/>\n\t\t<\/div>\n\n<p style=\"text-align: justify;\"><strong>Kriegsgr\u00e4berst\u00e4tte:<\/strong> 30 km nord\u00f6stlich von Athen, am Berg Pendeli, in einer unbewohnten Gegend liegt die deutsche Kriegsgr\u00e4berst\u00e4tte. In 12 unterirdischen Gruftkammern ruhen 9.905 Soldaten aus dem Zweiten Weltkrieg, und 68 Soldaten aus dem Ersten Weltkrieg. Die Sarkophage sind in unterirdischen Gruftkammern untergebracht. In diesen Gruftkammern (7 x 7 m) ruhen jeweils 850 Tote. Die grufth\u00f6hlen sind jeweils \u00fcber eine drei Meter breite \u00d6ffnung in den Umfassungsmauern zu betreten. Durch die 2,20 Meter hohe Umfassungsmauer aus naturstein wurde eine v\u00f6llige Abgeschlossenheit in den H\u00f6fen erreicht. Die Namen der Gefallenen stehen auf liegenden Steintafeln und k\u00f6nnen den hier Bestatteten zugeordnet werden. Weitere 843 Namen stehen f\u00fcr die Gefallenen, die nicht geborgen werden konnten.<\/p>\n<p style=\"text-align: justify;\">Das <strong>Gedenkbuch<\/strong> wurde in Kassel am 02.09.1975 aufgestellt von der Deutschen Dienststelle (WASt) f\u00fcr die Benachrichtigung der n\u00e4chsten Angeh\u00f6rigen von Gefallenen der ehemaligen deutschen Wehrmacht. Es erschien im Juli 1977 in Berlin. Hier sind alle Namen der Gefallenen alphabetisch geordnet. Ob in der KGSt ein Buch ausliegt kann ich nicht in erfahrung bringen.<\/p>\n<p style=\"text-align: justify;\">\n","protected":false},"excerpt":{"rendered":"<p>&nbsp; Dionyssos-Rapendoza Deutsche Kriegsgr\u00e4berst\u00e4tte Einweihung: 28.09.1975 &#8211; 1. Weltkrieg 68\/2.Weltkrieg: 9.905 Beitrag von Thomas Potsdamer-Ehrenmale.de Kriegsgr\u00e4berst\u00e4tte: 30 km nord\u00f6stlich von Athen, am Berg Pendeli, in einer unbewohnten Gegend liegt die deutsche Kriegsgr\u00e4berst\u00e4tte. In 12 unterirdischen Gruftkammern ruhen 9.905 Soldaten aus &hellip; <a href=\"http:\/\/www.denkfried.de\/wp\/?page_id=1475\">Weiterlesen <span class=\"meta-nav\">&rarr;<\/span><\/a><\/p>\n","protected":false},"author":2,"featured_media":0,"parent":294,"menu_order":0,"comment_status":"closed","ping_status":"open","template":"","meta":{"footnotes":""},"class_list":["post-1475","page","type-page","status-publish","hentry"],"_links":{"self":[{"href":"http:\/\/www.denkfried.de\/wp\/index.php?rest_route=\/wp\/v2\/pages\/1475","targetHints":{"allow":["GET"]}}],"collection":[{"href":"http:\/\/www.denkfried.de\/wp\/index.php?rest_route=\/wp\/v2\/pages"}],"about":[{"href":"http:\/\/www.denkfried.de\/wp\/index.php?rest_route=\/wp\/v2\/types\/page"}],"author":[{"embeddable":true,"href":"http:\/\/www.denkfried.de\/wp\/index.php?rest_route=\/wp\/v2\/users\/2"}],"replies":[{"embeddable":true,"href":"http:\/\/www.denkfried.de\/wp\/index.php?rest_route=%2Fwp%2Fv2%2Fcomments&post=1475"}],"version-history":[{"count":18,"href":"http:\/\/www.denkfried.de\/wp\/index.php?rest_route=\/wp\/v2\/pages\/1475\/revisions"}],"predecessor-version":[{"id":28327,"href":"http:\/\/www.denkfried.de\/wp\/index.php?rest_route=\/wp\/v2\/pages\/1475\/revisions\/28327"}],"up":[{"embeddable":true,"href":"http:\/\/www.denkfried.de\/wp\/index.php?rest_route=\/wp\/v2\/pages\/294"}],"wp:attachment":[{"href":"http:\/\/www.denkfried.de\/wp\/index.php?rest_route=%2Fwp%2Fv2%2Fmedia&parent=1475"}],"curies":[{"name":"wp","href":"https:\/\/api.w.org\/{rel}","templated":true}]}}