{"id":14674,"date":"2011-11-06T18:18:50","date_gmt":"2011-11-06T17:18:50","guid":{"rendered":"http:\/\/www.denkfried.de\/wp\/?page_id=14674"},"modified":"2015-11-22T19:24:22","modified_gmt":"2015-11-22T18:24:22","slug":"karlshorst-denkmal","status":"publish","type":"page","link":"http:\/\/www.denkfried.de\/wp\/?page_id=14674","title":{"rendered":"Karlshorst &#8211; Reiterdenkmal"},"content":{"rendered":"<p>&nbsp;<\/p>\n<p><strong>10318 Berlin Karlshorst <\/strong>Trabrennbahn,\u00a0Treskowallee 129<\/p>\n<p>Bericht und Bilder von Thomas\u00a0<a href=\"http:\/\/g-bb.jimdo.com\/\">Gefallenendenkm\u00e4ler Berlin\/Brandenburg<\/a><\/p>\n<div id='gallery-1' class='gallery galleryid-14674 gallery-columns-3 gallery-size-thumbnail'><dl class='gallery-item'>\n\t\t\t<dt class='gallery-icon landscape'>\n\t\t\t\t<a href='http:\/\/www.denkfried.de\/wp\/?attachment_id=17128'><img loading=\"lazy\" decoding=\"async\" width=\"150\" height=\"150\" src=\"http:\/\/www.denkfried.de\/wp\/wp-content\/uploads\/2011\/11\/Bundesarchiv-150x150.jpg\" class=\"attachment-thumbnail size-thumbnail\" alt=\"\" \/><\/a>\n\t\t\t<\/dt><\/dl><dl class='gallery-item'>\n\t\t\t<dt class='gallery-icon landscape'>\n\t\t\t\t<a href='http:\/\/www.denkfried.de\/wp\/?attachment_id=36000'><img loading=\"lazy\" decoding=\"async\" width=\"150\" height=\"150\" src=\"http:\/\/www.denkfried.de\/wp\/wp-content\/uploads\/2011\/11\/Berlin-Karlshorst-Reiterdenkmal-Ehrenmal-7-150x150.jpg\" class=\"attachment-thumbnail size-thumbnail\" alt=\"\" \/><\/a>\n\t\t\t<\/dt><\/dl><dl class='gallery-item'>\n\t\t\t<dt class='gallery-icon landscape'>\n\t\t\t\t<a href='http:\/\/www.denkfried.de\/wp\/?attachment_id=35996'><img loading=\"lazy\" decoding=\"async\" width=\"150\" height=\"150\" src=\"http:\/\/www.denkfried.de\/wp\/wp-content\/uploads\/2011\/11\/Berlin-Karlshorst-Reiterdenkmal-Ehrenmal-1-150x150.jpg\" class=\"attachment-thumbnail size-thumbnail\" alt=\"\" \/><\/a>\n\t\t\t<\/dt><\/dl><br style=\"clear: both\" \/><dl class='gallery-item'>\n\t\t\t<dt class='gallery-icon landscape'>\n\t\t\t\t<a href='http:\/\/www.denkfried.de\/wp\/?attachment_id=35997'><img loading=\"lazy\" decoding=\"async\" width=\"150\" height=\"150\" src=\"http:\/\/www.denkfried.de\/wp\/wp-content\/uploads\/2011\/11\/Berlin-Karlshorst-Reiterdenkmal-Ehrenmal-3-150x150.jpg\" class=\"attachment-thumbnail size-thumbnail\" alt=\"\" \/><\/a>\n\t\t\t<\/dt><\/dl><dl class='gallery-item'>\n\t\t\t<dt class='gallery-icon landscape'>\n\t\t\t\t<a href='http:\/\/www.denkfried.de\/wp\/?attachment_id=35998'><img loading=\"lazy\" decoding=\"async\" width=\"150\" height=\"150\" src=\"http:\/\/www.denkfried.de\/wp\/wp-content\/uploads\/2011\/11\/Berlin-Karlshorst-Reiterdenkmal-Ehrenmal-4-150x150.jpg\" class=\"attachment-thumbnail size-thumbnail\" alt=\"\" \/><\/a>\n\t\t\t<\/dt><\/dl><dl class='gallery-item'>\n\t\t\t<dt class='gallery-icon landscape'>\n\t\t\t\t<a href='http:\/\/www.denkfried.de\/wp\/?attachment_id=35999'><img loading=\"lazy\" decoding=\"async\" width=\"150\" height=\"150\" src=\"http:\/\/www.denkfried.de\/wp\/wp-content\/uploads\/2011\/11\/Berlin-Karlshorst-Reiterdenkmal-Ehrenmal-6-150x150.jpg\" class=\"attachment-thumbnail size-thumbnail\" alt=\"\" \/><\/a>\n\t\t\t<\/dt><\/dl><br style=\"clear: both\" \/>\n\t\t<\/div>\n\n<p>Das Reiterdenkmal steht f\u00fcr 161 Gefallene aus dem ersten Weltkrieg, es wurde am 23. September 1925 vom Reichspr\u00e4sidenten von Hindenburg enth\u00fcllt. Geschaffen wurde es vom Berliner Bildhauer Willibald Fritsch. Ein in Schritt gehendes Pferd und ein unbekleideter Reiter. An den Seiten befinden sich folgende Inschriften:<\/p>\n<p style=\"text-align: center;\"><strong>Gewidmet von ihren Freunden<\/strong><\/p>\n<p style=\"text-align: center;\"><strong> Unseren gefallenen Helden<\/strong><\/p>\n<p>Ein\u00a0Bild zur Grundsteinlegung am 01. Juni 1924, wurde\u00a0\u00fcbernommen vom Bundesarchiv. Zu sehen ist ein Modell des Ehrenmals, am Sockel standen damals die Namen der Gefallenen. Heute nur noch schwer lesbar.<\/p>\n<p>130 Namen sind entnommen\u00a0aus einer Brosch\u00fcre zum Jubil\u00e4um \u00a0 &#8222;100 Jahre Rennbahn Karlshorst 1894-1994&#8220; \u00a0Quelle: Karlshorst-Online.de<\/p>\n<p>Die Namen wurden in die Datenbank\u00a0eingepflegt.<\/p>\n<p>&nbsp;<\/p>\n","protected":false},"excerpt":{"rendered":"<p>&nbsp; 10318 Berlin Karlshorst Trabrennbahn,\u00a0Treskowallee 129 Bericht und Bilder von Thomas\u00a0Gefallenendenkm\u00e4ler Berlin\/Brandenburg Das Reiterdenkmal steht f\u00fcr 161 Gefallene aus dem ersten Weltkrieg, es wurde am 23. September 1925 vom Reichspr\u00e4sidenten von Hindenburg enth\u00fcllt. Geschaffen wurde es vom Berliner Bildhauer Willibald &hellip; <a href=\"http:\/\/www.denkfried.de\/wp\/?page_id=14674\">Weiterlesen <span class=\"meta-nav\">&rarr;<\/span><\/a><\/p>\n","protected":false},"author":9,"featured_media":0,"parent":26918,"menu_order":0,"comment_status":"closed","ping_status":"open","template":"","meta":{"footnotes":""},"class_list":["post-14674","page","type-page","status-publish","hentry"],"_links":{"self":[{"href":"http:\/\/www.denkfried.de\/wp\/index.php?rest_route=\/wp\/v2\/pages\/14674","targetHints":{"allow":["GET"]}}],"collection":[{"href":"http:\/\/www.denkfried.de\/wp\/index.php?rest_route=\/wp\/v2\/pages"}],"about":[{"href":"http:\/\/www.denkfried.de\/wp\/index.php?rest_route=\/wp\/v2\/types\/page"}],"author":[{"embeddable":true,"href":"http:\/\/www.denkfried.de\/wp\/index.php?rest_route=\/wp\/v2\/users\/9"}],"replies":[{"embeddable":true,"href":"http:\/\/www.denkfried.de\/wp\/index.php?rest_route=%2Fwp%2Fv2%2Fcomments&post=14674"}],"version-history":[{"count":21,"href":"http:\/\/www.denkfried.de\/wp\/index.php?rest_route=\/wp\/v2\/pages\/14674\/revisions"}],"predecessor-version":[{"id":39517,"href":"http:\/\/www.denkfried.de\/wp\/index.php?rest_route=\/wp\/v2\/pages\/14674\/revisions\/39517"}],"up":[{"embeddable":true,"href":"http:\/\/www.denkfried.de\/wp\/index.php?rest_route=\/wp\/v2\/pages\/26918"}],"wp:attachment":[{"href":"http:\/\/www.denkfried.de\/wp\/index.php?rest_route=%2Fwp%2Fv2%2Fmedia&parent=14674"}],"curies":[{"name":"wp","href":"https:\/\/api.w.org\/{rel}","templated":true}]}}