{"id":14531,"date":"2011-11-04T20:25:43","date_gmt":"2011-11-04T19:25:43","guid":{"rendered":"http:\/\/www.denkfried.de\/wp\/?page_id=14531"},"modified":"2015-12-28T22:50:44","modified_gmt":"2015-12-28T21:50:44","slug":"lauchhammer-ost","status":"publish","type":"page","link":"http:\/\/www.denkfried.de\/wp\/?page_id=14531","title":{"rendered":"Lauchhammer &#8211; Ost"},"content":{"rendered":"<p>&nbsp;<\/p>\n<p><strong>01979 Lauchhammer &#8211; Ost\u00a0<\/strong>Zentralfriedhof in der Friedhofstr. 1<\/p>\n<p>Bericht und Bilder von Thomas\u00a0<a href=\"http:\/\/g-bb.jimdo.com\/\">Gefallenendenkm\u00e4ler Berlin\/Brandenburg<\/a><\/p>\n<div id='gallery-1' class='gallery galleryid-14531 gallery-columns-3 gallery-size-thumbnail'><dl class='gallery-item'>\n\t\t\t<dt class='gallery-icon landscape'>\n\t\t\t\t<a href='http:\/\/www.denkfried.de\/wp\/?attachment_id=14536'><img loading=\"lazy\" decoding=\"async\" width=\"150\" height=\"150\" src=\"http:\/\/www.denkfried.de\/wp\/wp-content\/uploads\/2011\/11\/PICT0048-150x150.jpg\" class=\"attachment-thumbnail size-thumbnail\" alt=\"\" \/><\/a>\n\t\t\t<\/dt><\/dl><dl class='gallery-item'>\n\t\t\t<dt class='gallery-icon portrait'>\n\t\t\t\t<a href='http:\/\/www.denkfried.de\/wp\/?attachment_id=14537'><img loading=\"lazy\" decoding=\"async\" width=\"150\" height=\"150\" src=\"http:\/\/www.denkfried.de\/wp\/wp-content\/uploads\/2011\/11\/PICT0050-150x150.jpg\" class=\"attachment-thumbnail size-thumbnail\" alt=\"\" \/><\/a>\n\t\t\t<\/dt><\/dl><dl class='gallery-item'>\n\t\t\t<dt class='gallery-icon landscape'>\n\t\t\t\t<a href='http:\/\/www.denkfried.de\/wp\/?attachment_id=14541'><img loading=\"lazy\" decoding=\"async\" width=\"150\" height=\"150\" src=\"http:\/\/www.denkfried.de\/wp\/wp-content\/uploads\/2011\/11\/PICT0077-150x150.jpg\" class=\"attachment-thumbnail size-thumbnail\" alt=\"\" \/><\/a>\n\t\t\t<\/dt><\/dl><br style=\"clear: both\" \/><dl class='gallery-item'>\n\t\t\t<dt class='gallery-icon landscape'>\n\t\t\t\t<a href='http:\/\/www.denkfried.de\/wp\/?attachment_id=14538'><img loading=\"lazy\" decoding=\"async\" width=\"150\" height=\"150\" src=\"http:\/\/www.denkfried.de\/wp\/wp-content\/uploads\/2011\/11\/PICT0052-150x150.jpg\" class=\"attachment-thumbnail size-thumbnail\" alt=\"\" \/><\/a>\n\t\t\t<\/dt><\/dl><dl class='gallery-item'>\n\t\t\t<dt class='gallery-icon portrait'>\n\t\t\t\t<a href='http:\/\/www.denkfried.de\/wp\/?attachment_id=14539'><img loading=\"lazy\" decoding=\"async\" width=\"150\" height=\"150\" src=\"http:\/\/www.denkfried.de\/wp\/wp-content\/uploads\/2011\/11\/PICT0064-150x150.jpg\" class=\"attachment-thumbnail size-thumbnail\" alt=\"\" \/><\/a>\n\t\t\t<\/dt><\/dl><dl class='gallery-item'>\n\t\t\t<dt class='gallery-icon landscape'>\n\t\t\t\t<a href='http:\/\/www.denkfried.de\/wp\/?attachment_id=14540'><img loading=\"lazy\" decoding=\"async\" width=\"150\" height=\"150\" src=\"http:\/\/www.denkfried.de\/wp\/wp-content\/uploads\/2011\/11\/PICT0074-150x150.jpg\" class=\"attachment-thumbnail size-thumbnail\" alt=\"\" \/><\/a>\n\t\t\t<\/dt><\/dl><br style=\"clear: both\" \/>\n\t\t<\/div>\n\n<p>Hier gibt es eine Kriegsgr\u00e4berst\u00e4tte, mit Gr\u00e4bern aus beiden Weltkrieges.<br \/>\nInsgesamt ruhen hier 104 Namentlich erw\u00e4hnte und zwei Unbekannte Soldaten.<\/p>\n<p>Eine gro\u00dfes Denkmal f\u00fcr die Gefallenen des Ersten Weltkrieges.<\/p>\n<p style=\"text-align: center;\"><em><strong>Ged\u00e4chtnisst\u00e4tte f\u00fcr die Opfer des Weltkrieges 1914 \u2013 18<\/strong><\/em><br \/>\n<em><strong>In Liebe geschaffen von der dankbaren Heimat<\/strong><\/em><\/p>\n<p>An den Ecken stehen zwei Soldaten mit Schwertern.<\/p>\n<p>Zwei kleine Gedenksteine f\u00fcr die Opfer des Zweiten Weltkrieges.<\/p>\n<p style=\"text-align: center;\"><em><strong>Den Opfern von Krieg und Gewaltherrschaft<\/strong><\/em><\/p>\n<p style=\"text-align: left;\">Bei den anderen sind die Jahreszahlen <strong>1939-1945<\/strong> verzeichnet.<\/p>\n<ul>\n<li><a href=\"http:\/\/www.denkfried.de\/wp\/wp-content\/uploads\/2012\/01\/Lauchhammer-Ost.html\">Namensliste<\/a><\/li>\n<\/ul>\n","protected":false},"excerpt":{"rendered":"<p>&nbsp; 01979 Lauchhammer &#8211; Ost\u00a0Zentralfriedhof in der Friedhofstr. 1 Bericht und Bilder von Thomas\u00a0Gefallenendenkm\u00e4ler Berlin\/Brandenburg Hier gibt es eine Kriegsgr\u00e4berst\u00e4tte, mit Gr\u00e4bern aus beiden Weltkrieges. Insgesamt ruhen hier 104 Namentlich erw\u00e4hnte und zwei Unbekannte Soldaten. Eine gro\u00dfes Denkmal f\u00fcr die &hellip; <a href=\"http:\/\/www.denkfried.de\/wp\/?page_id=14531\">Weiterlesen <span class=\"meta-nav\">&rarr;<\/span><\/a><\/p>\n","protected":false},"author":9,"featured_media":0,"parent":5023,"menu_order":0,"comment_status":"closed","ping_status":"open","template":"","meta":{"footnotes":""},"class_list":["post-14531","page","type-page","status-publish","hentry"],"_links":{"self":[{"href":"http:\/\/www.denkfried.de\/wp\/index.php?rest_route=\/wp\/v2\/pages\/14531","targetHints":{"allow":["GET"]}}],"collection":[{"href":"http:\/\/www.denkfried.de\/wp\/index.php?rest_route=\/wp\/v2\/pages"}],"about":[{"href":"http:\/\/www.denkfried.de\/wp\/index.php?rest_route=\/wp\/v2\/types\/page"}],"author":[{"embeddable":true,"href":"http:\/\/www.denkfried.de\/wp\/index.php?rest_route=\/wp\/v2\/users\/9"}],"replies":[{"embeddable":true,"href":"http:\/\/www.denkfried.de\/wp\/index.php?rest_route=%2Fwp%2Fv2%2Fcomments&post=14531"}],"version-history":[{"count":9,"href":"http:\/\/www.denkfried.de\/wp\/index.php?rest_route=\/wp\/v2\/pages\/14531\/revisions"}],"predecessor-version":[{"id":40164,"href":"http:\/\/www.denkfried.de\/wp\/index.php?rest_route=\/wp\/v2\/pages\/14531\/revisions\/40164"}],"up":[{"embeddable":true,"href":"http:\/\/www.denkfried.de\/wp\/index.php?rest_route=\/wp\/v2\/pages\/5023"}],"wp:attachment":[{"href":"http:\/\/www.denkfried.de\/wp\/index.php?rest_route=%2Fwp%2Fv2%2Fmedia&parent=14531"}],"curies":[{"name":"wp","href":"https:\/\/api.w.org\/{rel}","templated":true}]}}