{"id":14500,"date":"2011-11-04T19:30:24","date_gmt":"2011-11-04T18:30:24","guid":{"rendered":"http:\/\/www.denkfried.de\/wp\/?page_id=14500"},"modified":"2015-12-27T16:57:51","modified_gmt":"2015-12-27T15:57:51","slug":"munchen-denkmal-hofgarten","status":"publish","type":"page","link":"http:\/\/www.denkfried.de\/wp\/?page_id=14500","title":{"rendered":"&#8211; Hofgarten"},"content":{"rendered":"<p>&nbsp;<\/p>\n<p><span style=\"text-decoration: underline;\">80539 M\u00fcnchen &#8211; <strong>Hofgarten<\/strong><\/span>\u00a0Franz-Josef-Strau\u00df-Ring 1<\/p>\n<p>Bericht und Bilder von Thomas\u00a0<a href=\"http:\/\/g-bb.jimdo.com\/\">Gefallenendenkm\u00e4ler Berlin\/Brandenburg<\/a><\/p>\n<div id='gallery-1' class='gallery galleryid-14500 gallery-columns-3 gallery-size-thumbnail'><dl class='gallery-item'>\n\t\t\t<dt class='gallery-icon landscape'>\n\t\t\t\t<a href='http:\/\/www.denkfried.de\/wp\/?attachment_id=14502'><img loading=\"lazy\" decoding=\"async\" width=\"150\" height=\"150\" src=\"http:\/\/www.denkfried.de\/wp\/wp-content\/uploads\/2011\/11\/M\u00fcnchen-Hofgarten-Scan-2-PEM-150x150.jpg\" class=\"attachment-thumbnail size-thumbnail\" alt=\"\" \/><\/a>\n\t\t\t<\/dt><\/dl><dl class='gallery-item'>\n\t\t\t<dt class='gallery-icon landscape'>\n\t\t\t\t<a href='http:\/\/www.denkfried.de\/wp\/?attachment_id=14501'><img loading=\"lazy\" decoding=\"async\" width=\"150\" height=\"150\" src=\"http:\/\/www.denkfried.de\/wp\/wp-content\/uploads\/2011\/11\/M\u00fcnchen-Hofgarten-Scan-1-PEM-150x150.jpg\" class=\"attachment-thumbnail size-thumbnail\" alt=\"\" \/><\/a>\n\t\t\t<\/dt><\/dl><dl class='gallery-item'>\n\t\t\t<dt class='gallery-icon landscape'>\n\t\t\t\t<a href='http:\/\/www.denkfried.de\/wp\/?attachment_id=14503'><img loading=\"lazy\" decoding=\"async\" width=\"150\" height=\"150\" src=\"http:\/\/www.denkfried.de\/wp\/wp-content\/uploads\/2011\/11\/SN853118-150x150.jpg\" class=\"attachment-thumbnail size-thumbnail\" alt=\"\" \/><\/a>\n\t\t\t<\/dt><\/dl><br style=\"clear: both\" \/><dl class='gallery-item'>\n\t\t\t<dt class='gallery-icon landscape'>\n\t\t\t\t<a href='http:\/\/www.denkfried.de\/wp\/?attachment_id=14506'><img loading=\"lazy\" decoding=\"async\" width=\"150\" height=\"150\" src=\"http:\/\/www.denkfried.de\/wp\/wp-content\/uploads\/2011\/11\/SN853122-150x150.jpg\" class=\"attachment-thumbnail size-thumbnail\" alt=\"\" \/><\/a>\n\t\t\t<\/dt><\/dl><dl class='gallery-item'>\n\t\t\t<dt class='gallery-icon landscape'>\n\t\t\t\t<a href='http:\/\/www.denkfried.de\/wp\/?attachment_id=14505'><img loading=\"lazy\" decoding=\"async\" width=\"150\" height=\"150\" src=\"http:\/\/www.denkfried.de\/wp\/wp-content\/uploads\/2011\/11\/SN853121-150x150.jpg\" class=\"attachment-thumbnail size-thumbnail\" alt=\"\" \/><\/a>\n\t\t\t<\/dt><\/dl><dl class='gallery-item'>\n\t\t\t<dt class='gallery-icon landscape'>\n\t\t\t\t<a href='http:\/\/www.denkfried.de\/wp\/?attachment_id=14504'><img loading=\"lazy\" decoding=\"async\" width=\"150\" height=\"150\" src=\"http:\/\/www.denkfried.de\/wp\/wp-content\/uploads\/2011\/11\/SN853120-150x150.jpg\" class=\"attachment-thumbnail size-thumbnail\" alt=\"\" \/><\/a>\n\t\t\t<\/dt><\/dl><br style=\"clear: both\" \/>\n\t\t<\/div>\n\n<p>Das Kriegerdenkmal im Hofgarten in M\u00fcnchen wurde zum Gedenken der im Ersten Weltkrieg gefallenen M\u00fcnchner errichtet. Es steht am \u00f6stlichen, tiefer gelegenen Ende des Hofgartens,\u00a0vor dem Geb\u00e4ude der Bayerischen Staatskanzlei.<\/p>\n<p>In einer rechteckigen, 2,25 Meter tiefen, mit Muschelkalk verkleideten Grube steht eine aus Travertinbl\u00f6cken gebildete, ebenfalls rechteckige begehbare Gruft, in der die die Figur des toten Soldaten liegt.\u00a0In die 28 auf 17 Meter messende Grube f\u00fchren vier enge abgewinkelte Treppen an den L\u00e4ngsseiten. An den W\u00e4nden dieses Vorraumes zur Gruft finden sich zwei Reliefs, die marschierende Soldaten und ein Gr\u00e4berfeld zeigen. Zw\u00f6lf Steinbl\u00f6cke tragen die 2 Meter dicke und 250 Tonnen schwere Deckenplatte der Gruft. An ihren Schmalseiten f\u00fchren sieben Stufen hinab zur \u00fcberlebensgro\u00dfen Figur des toten Soldaten; der Innenraum misst 7,30 auf 3,50 Meter.\u00a0Der Entwurf des Denkmals entstammt einer Zusammenarbeit des Bildhauers Karl Knappe mit den Architekten Thomas Wechs und Eberhard Finsterwalder. Bernhard Bleeker schuf den toten Soldaten und den Sockel dazu aus rotem Marmor; 1972 wurde die Originalskulptur durch einen Bronzeabguss, ausgef\u00fchrt von Thomas Wimmer, ausgetauscht; sie befindet sich heute im Bayerischen Armeemuseum in Ingolstadt.\u00a0Die Anlage wurde 1924 in Anwesenheit Rupprechts von Bayern, des Sohnes des letzten bayerischen K\u00f6nigs, eingeweiht, jedoch erst 1928 in allen Details vollendet. Sie steht unter Denkmalschutz.<\/p>\n<p>Inschrift:<br \/>\nAn der westlichen Seite der Deckenplatte ist der Satz\u00a0<strong>\u201eSie werden auferstehen\u201c<\/strong>\u00a0eingemei\u00dfelt; an der \u00f6stlichen Seite steht\u00a0<strong>\u201eUnseren Gefallenen\u201c<\/strong>. Im Innenraum liest man die Inschrift\u00a0<strong>\u201eErbaut\u00a0 vom Obmannsbezirk M\u00fcnchen-Stadt des Bayr. Kriegerbundes den 13.000 gefallenen Heldens\u00f6hnen der Stadt M\u00fcnchen 1914-1918\u201c<\/strong>, auf dem Sockel der Soldatenfigur\u00a0<strong>\u201eBayerns Heer seinen Toten\u201c<\/strong>. Urspr\u00fcnglich trugen die Seitenw\u00e4nde des Vorraums die Namen der M\u00fcnchner Gefallenen. Nach Besch\u00e4digungen im Zweiten Weltkrieg wurde das Denkmal in vereinfachter Form, ohne die Namen, wieder hergerichtet. Die vormals verzeichneten Namen sind nicht mehr nachzuvollziehen, weil die Beschriftungsvorlage (Namensliste) aus den 1920er Jahren ebenfalls abhanden gekommen ist. Im Innenraum brachte man nach dem Zweiten Weltkrieg die zus\u00e4tzliche Widmung an,\u00a0<strong>\u201eZum Gedenken an die 22.000 Gefallenen 11.000 Vermissten 6.600 Opfer des Luftkrieges der Stadt M\u00fcnchen 1939-1945\u201c<\/strong>.<\/p>\n<p><a href=\"http:\/\/de.wikipedia.org\/wiki\/Kriegerdenkmal_im_Hofgarten_(M%C3%BCnchen)\">Text von Wikipedia<\/a><\/p>\n","protected":false},"excerpt":{"rendered":"<p>&nbsp; 80539 M\u00fcnchen &#8211; Hofgarten\u00a0Franz-Josef-Strau\u00df-Ring 1 Bericht und Bilder von Thomas\u00a0Gefallenendenkm\u00e4ler Berlin\/Brandenburg Das Kriegerdenkmal im Hofgarten in M\u00fcnchen wurde zum Gedenken der im Ersten Weltkrieg gefallenen M\u00fcnchner errichtet. Es steht am \u00f6stlichen, tiefer gelegenen Ende des Hofgartens,\u00a0vor dem Geb\u00e4ude der &hellip; <a href=\"http:\/\/www.denkfried.de\/wp\/?page_id=14500\">Weiterlesen <span class=\"meta-nav\">&rarr;<\/span><\/a><\/p>\n","protected":false},"author":9,"featured_media":0,"parent":3691,"menu_order":0,"comment_status":"closed","ping_status":"open","template":"","meta":{"footnotes":""},"class_list":["post-14500","page","type-page","status-publish","hentry"],"_links":{"self":[{"href":"http:\/\/www.denkfried.de\/wp\/index.php?rest_route=\/wp\/v2\/pages\/14500","targetHints":{"allow":["GET"]}}],"collection":[{"href":"http:\/\/www.denkfried.de\/wp\/index.php?rest_route=\/wp\/v2\/pages"}],"about":[{"href":"http:\/\/www.denkfried.de\/wp\/index.php?rest_route=\/wp\/v2\/types\/page"}],"author":[{"embeddable":true,"href":"http:\/\/www.denkfried.de\/wp\/index.php?rest_route=\/wp\/v2\/users\/9"}],"replies":[{"embeddable":true,"href":"http:\/\/www.denkfried.de\/wp\/index.php?rest_route=%2Fwp%2Fv2%2Fcomments&post=14500"}],"version-history":[{"count":8,"href":"http:\/\/www.denkfried.de\/wp\/index.php?rest_route=\/wp\/v2\/pages\/14500\/revisions"}],"predecessor-version":[{"id":39832,"href":"http:\/\/www.denkfried.de\/wp\/index.php?rest_route=\/wp\/v2\/pages\/14500\/revisions\/39832"}],"up":[{"embeddable":true,"href":"http:\/\/www.denkfried.de\/wp\/index.php?rest_route=\/wp\/v2\/pages\/3691"}],"wp:attachment":[{"href":"http:\/\/www.denkfried.de\/wp\/index.php?rest_route=%2Fwp%2Fv2%2Fmedia&parent=14500"}],"curies":[{"name":"wp","href":"https:\/\/api.w.org\/{rel}","templated":true}]}}