{"id":14439,"date":"2011-11-03T22:24:32","date_gmt":"2011-11-03T21:24:32","guid":{"rendered":"http:\/\/www.denkfried.de\/wp\/?page_id=14439"},"modified":"2015-12-30T21:07:50","modified_gmt":"2015-12-30T20:07:50","slug":"dahlewitz","status":"publish","type":"page","link":"http:\/\/www.denkfried.de\/wp\/?page_id=14439","title":{"rendered":"Dahlewitz"},"content":{"rendered":"<p>&nbsp;<\/p>\n<p>Blankenfelde-Mahlow &#8211;<strong> OT Dahlewitz<\/strong><\/p>\n<p>Bericht und Bilder von Thomas\u00a0 <a href=\"http:\/\/g-bb.jimdo.com\/\">Gefallenendenkm\u00e4ler Berlin\/Brandenburg<\/a><\/p>\n<div id='gallery-1' class='gallery galleryid-14439 gallery-columns-3 gallery-size-thumbnail'><dl class='gallery-item'>\n\t\t\t<dt class='gallery-icon landscape'>\n\t\t\t\t<a href='http:\/\/www.denkfried.de\/wp\/?attachment_id=14440'><img loading=\"lazy\" decoding=\"async\" width=\"150\" height=\"150\" src=\"http:\/\/www.denkfried.de\/wp\/wp-content\/uploads\/2011\/11\/Ehrenmal-Weltkriege-Bild-1-150x150.jpg\" class=\"attachment-thumbnail size-thumbnail\" alt=\"\" \/><\/a>\n\t\t\t<\/dt><\/dl><dl class='gallery-item'>\n\t\t\t<dt class='gallery-icon landscape'>\n\t\t\t\t<a href='http:\/\/www.denkfried.de\/wp\/?attachment_id=14441'><img loading=\"lazy\" decoding=\"async\" width=\"150\" height=\"150\" src=\"http:\/\/www.denkfried.de\/wp\/wp-content\/uploads\/2011\/11\/Ehrenmal-Weltkriege-Bild-3-150x150.jpg\" class=\"attachment-thumbnail size-thumbnail\" alt=\"\" \/><\/a>\n\t\t\t<\/dt><\/dl><dl class='gallery-item'>\n\t\t\t<dt class='gallery-icon landscape'>\n\t\t\t\t<a href='http:\/\/www.denkfried.de\/wp\/?attachment_id=14443'><img loading=\"lazy\" decoding=\"async\" width=\"150\" height=\"150\" src=\"http:\/\/www.denkfried.de\/wp\/wp-content\/uploads\/2011\/11\/Ehrenmal-Weltkriege-Bild-6-150x150.jpg\" class=\"attachment-thumbnail size-thumbnail\" alt=\"\" \/><\/a>\n\t\t\t<\/dt><\/dl><br style=\"clear: both\" \/><dl class='gallery-item'>\n\t\t\t<dt class='gallery-icon landscape'>\n\t\t\t\t<a href='http:\/\/www.denkfried.de\/wp\/?attachment_id=32158'><img loading=\"lazy\" decoding=\"async\" width=\"150\" height=\"150\" src=\"http:\/\/www.denkfried.de\/wp\/wp-content\/uploads\/2011\/11\/Dahlewitz-Kriegsgrab-150x150.jpg\" class=\"attachment-thumbnail size-thumbnail\" alt=\"\" \/><\/a>\n\t\t\t<\/dt><\/dl><dl class='gallery-item'>\n\t\t\t<dt class='gallery-icon portrait'>\n\t\t\t\t<a href='http:\/\/www.denkfried.de\/wp\/?attachment_id=32159'><img loading=\"lazy\" decoding=\"async\" width=\"150\" height=\"150\" src=\"http:\/\/www.denkfried.de\/wp\/wp-content\/uploads\/2011\/11\/Dahlewitz-Kriegsgrab-2-150x150.jpg\" class=\"attachment-thumbnail size-thumbnail\" alt=\"\" \/><\/a>\n\t\t\t<\/dt><\/dl>\n\t\t\t<br style='clear: both' \/>\n\t\t<\/div>\n\n<p>Am Totensonntag des Jahres 1925, dem 22. November, wurde in Dahlewitz auf der Dorfaue, westlich vor der Kirche und dem Kirchhof, f\u00fcr die Gefallenen des Ersten Weltkrieges das Kriegerdenkmal eingeweiht, gestiftet von der Ortsgruppe Dahlewitz des Frauenlandbundes Teltow.\u00a0Im Gedenkstein sind die Namen, Vornamen und die Todesdaten von 22 den in der Zeit vom 3. Oktober 1914 bis zum 25. Oktober 1918 Gefallenen aus der Gemeinde Dahlewitz eingemei\u00dfelt.\u00a0Die Vorsitzende der Ortsgruppe und der Ortsgeistliche hielten unter Beteiligung der Einwohner und der Vereine der Gemeinde Dahlewitz die Ansprachen.\u00a0In den Jahren 1994\/95 wurde das Kriegerdenkmal rekonstruiert, die schmiedeeiserne Begrenzung f\u00fcr die kleine Anlage erneuert und im Fr\u00fchjahr 1995 eine Gedenktafel f\u00fcr die Opfer von Krieg und Gewaltherrschaft angebracht.\u00a0Die erforderlichen finanziellen Mittel kamen aus Spenden der Dahlewitzer Bev\u00f6lkerung.\u00a02003\/04 wurde die Schrift nochmals erneuert und erg\u00e4nzt, gleichzeitig erfolgte eine witterungsgesch\u00fctzte Abdeckung am Kriegerdenkmal.<\/p>\n<p>Text \u00fcbernommen von\u00a0<a href=\"http:\/\/www.historisches-dorf-dahlewitz.de\/\" target=\"_blank\">www.historisches-dorf-dahlewitz.de<\/a><\/p>\n<p style=\"text-align: center;\"><em><strong>Gewidmet vom Frauen-Landbund Dahlewitz 1925<\/strong><\/em><\/p>\n<p style=\"text-align: center;\"><em><strong>Zum Gedenken an die Opfer des 2. Weltkrieges 1939 &#8211; 1945<\/strong><\/em><\/p>\n<p style=\"text-align: center;\"><em><strong>Zum Gedenken an die Opfer von Krieg und Gewaltherrschaft<\/strong><\/em><br \/>\n<em><strong>Den Lebenden zur Mahnung<\/strong><\/em><\/p>\n<p>Es konnten 22 Namen in die datenabnk eingepflegt werden.<\/p>\n<p><span style=\"text-decoration: underline;\"><strong>1939-1945<\/strong><\/span><\/p>\n<p>Auf dem Friedhof befindet sich ein Granitkreuz f\u00fcr 7 unbekannte Soldaten, die ende April, anfang Mai\u00a0 gefallenen sind.<\/p>\n","protected":false},"excerpt":{"rendered":"<p>&nbsp; Blankenfelde-Mahlow &#8211; OT Dahlewitz Bericht und Bilder von Thomas\u00a0 Gefallenendenkm\u00e4ler Berlin\/Brandenburg Am Totensonntag des Jahres 1925, dem 22. November, wurde in Dahlewitz auf der Dorfaue, westlich vor der Kirche und dem Kirchhof, f\u00fcr die Gefallenen des Ersten Weltkrieges das &hellip; <a href=\"http:\/\/www.denkfried.de\/wp\/?page_id=14439\">Weiterlesen <span class=\"meta-nav\">&rarr;<\/span><\/a><\/p>\n","protected":false},"author":9,"featured_media":0,"parent":24164,"menu_order":0,"comment_status":"closed","ping_status":"open","template":"","meta":{"footnotes":""},"class_list":["post-14439","page","type-page","status-publish","hentry"],"_links":{"self":[{"href":"http:\/\/www.denkfried.de\/wp\/index.php?rest_route=\/wp\/v2\/pages\/14439","targetHints":{"allow":["GET"]}}],"collection":[{"href":"http:\/\/www.denkfried.de\/wp\/index.php?rest_route=\/wp\/v2\/pages"}],"about":[{"href":"http:\/\/www.denkfried.de\/wp\/index.php?rest_route=\/wp\/v2\/types\/page"}],"author":[{"embeddable":true,"href":"http:\/\/www.denkfried.de\/wp\/index.php?rest_route=\/wp\/v2\/users\/9"}],"replies":[{"embeddable":true,"href":"http:\/\/www.denkfried.de\/wp\/index.php?rest_route=%2Fwp%2Fv2%2Fcomments&post=14439"}],"version-history":[{"count":13,"href":"http:\/\/www.denkfried.de\/wp\/index.php?rest_route=\/wp\/v2\/pages\/14439\/revisions"}],"predecessor-version":[{"id":40288,"href":"http:\/\/www.denkfried.de\/wp\/index.php?rest_route=\/wp\/v2\/pages\/14439\/revisions\/40288"}],"up":[{"embeddable":true,"href":"http:\/\/www.denkfried.de\/wp\/index.php?rest_route=\/wp\/v2\/pages\/24164"}],"wp:attachment":[{"href":"http:\/\/www.denkfried.de\/wp\/index.php?rest_route=%2Fwp%2Fv2%2Fmedia&parent=14439"}],"curies":[{"name":"wp","href":"https:\/\/api.w.org\/{rel}","templated":true}]}}