{"id":14288,"date":"2011-11-01T23:06:54","date_gmt":"2011-11-01T22:06:54","guid":{"rendered":"http:\/\/www.denkfried.de\/wp\/?page_id=14288"},"modified":"2015-12-30T21:34:31","modified_gmt":"2015-12-30T20:34:31","slug":"luckenwalde-waldfriedhof","status":"publish","type":"page","link":"http:\/\/www.denkfried.de\/wp\/?page_id=14288","title":{"rendered":"Waldfriedhof"},"content":{"rendered":"<p>&nbsp;<\/p>\n<p><strong>Waldfriedhof in Luckenwalde<\/strong> in der Stra\u00dfe des Friedens<\/p>\n<p>Bericht und Bilder von Thomas\u00a0 <a href=\"http:\/\/g-bb.jimdo.com\/\">Gefallenendenkm\u00e4ler Berlin\/Brandenburg<\/a><\/p>\n<div id='gallery-1' class='gallery galleryid-14288 gallery-columns-4 gallery-size-thumbnail'><dl class='gallery-item'>\n\t\t\t<dt class='gallery-icon landscape'>\n\t\t\t\t<a href='http:\/\/www.denkfried.de\/wp\/?attachment_id=14292'><img loading=\"lazy\" decoding=\"async\" width=\"150\" height=\"150\" src=\"http:\/\/www.denkfried.de\/wp\/wp-content\/uploads\/2011\/11\/4-150x150.jpg\" class=\"attachment-thumbnail size-thumbnail\" alt=\"\" \/><\/a>\n\t\t\t<\/dt><\/dl><dl class='gallery-item'>\n\t\t\t<dt class='gallery-icon landscape'>\n\t\t\t\t<a href='http:\/\/www.denkfried.de\/wp\/?attachment_id=14290'><img loading=\"lazy\" decoding=\"async\" width=\"150\" height=\"150\" src=\"http:\/\/www.denkfried.de\/wp\/wp-content\/uploads\/2011\/11\/21-150x150.jpg\" class=\"attachment-thumbnail size-thumbnail\" alt=\"\" \/><\/a>\n\t\t\t<\/dt><\/dl><dl class='gallery-item'>\n\t\t\t<dt class='gallery-icon landscape'>\n\t\t\t\t<a href='http:\/\/www.denkfried.de\/wp\/?attachment_id=14291'><img loading=\"lazy\" decoding=\"async\" width=\"150\" height=\"150\" src=\"http:\/\/www.denkfried.de\/wp\/wp-content\/uploads\/2011\/11\/31-150x150.jpg\" class=\"attachment-thumbnail size-thumbnail\" alt=\"\" \/><\/a>\n\t\t\t<\/dt><\/dl><dl class='gallery-item'>\n\t\t\t<dt class='gallery-icon landscape'>\n\t\t\t\t<a href='http:\/\/www.denkfried.de\/wp\/?attachment_id=14293'><img loading=\"lazy\" decoding=\"async\" width=\"150\" height=\"150\" src=\"http:\/\/www.denkfried.de\/wp\/wp-content\/uploads\/2011\/11\/6-150x150.jpg\" class=\"attachment-thumbnail size-thumbnail\" alt=\"\" \/><\/a>\n\t\t\t<\/dt><\/dl><br style=\"clear: both\" \/><dl class='gallery-item'>\n\t\t\t<dt class='gallery-icon landscape'>\n\t\t\t\t<a href='http:\/\/www.denkfried.de\/wp\/?attachment_id=14296'><img loading=\"lazy\" decoding=\"async\" width=\"150\" height=\"150\" src=\"http:\/\/www.denkfried.de\/wp\/wp-content\/uploads\/2011\/11\/DSCF0045-150x150.jpg\" class=\"attachment-thumbnail size-thumbnail\" alt=\"\" \/><\/a>\n\t\t\t<\/dt><\/dl><dl class='gallery-item'>\n\t\t\t<dt class='gallery-icon portrait'>\n\t\t\t\t<a href='http:\/\/www.denkfried.de\/wp\/?attachment_id=14294'><img loading=\"lazy\" decoding=\"async\" width=\"150\" height=\"150\" src=\"http:\/\/www.denkfried.de\/wp\/wp-content\/uploads\/2011\/11\/DSCF0038-150x150.jpg\" class=\"attachment-thumbnail size-thumbnail\" alt=\"\" \/><\/a>\n\t\t\t<\/dt><\/dl><dl class='gallery-item'>\n\t\t\t<dt class='gallery-icon portrait'>\n\t\t\t\t<a href='http:\/\/www.denkfried.de\/wp\/?attachment_id=14295'><img loading=\"lazy\" decoding=\"async\" width=\"150\" height=\"150\" src=\"http:\/\/www.denkfried.de\/wp\/wp-content\/uploads\/2011\/11\/DSCF0040-150x150.jpg\" class=\"attachment-thumbnail size-thumbnail\" alt=\"\" \/><\/a>\n\t\t\t<\/dt><\/dl><dl class='gallery-item'>\n\t\t\t<dt class='gallery-icon portrait'>\n\t\t\t\t<a href='http:\/\/www.denkfried.de\/wp\/?attachment_id=14297'><img loading=\"lazy\" decoding=\"async\" width=\"150\" height=\"150\" src=\"http:\/\/www.denkfried.de\/wp\/wp-content\/uploads\/2011\/11\/DSCF0048-150x150.jpg\" class=\"attachment-thumbnail size-thumbnail\" alt=\"\" \/><\/a>\n\t\t\t<\/dt><\/dl><br style=\"clear: both\" \/>\n\t\t<\/div>\n\n<p>Hier gibt es eine Anlage f\u00fcr Gefallenen und Zivile Opfer des Zweiten Weltkrieges.<\/p>\n<p>Im vorderen Bereich befinden sich links und rechts Einzelgr\u00e4ber, welche f\u00fcr Soldaten angelegt sind. Hier sind auch Dienstr\u00e4nge verzeichnet. In der Mitte ist eine Gedenkanlage mit einer Inschrift:<\/p>\n<p style=\"text-align: center;\"><em><strong>Den Namen uns Namenlosen Soldaten, M\u00e4nnern, Frauen und Kindern<\/strong><\/em><br \/>\n<em><strong>Welche in den sinnlosen Hitlerkrieg bei den K\u00e4mpfen um Luckenwalde<\/strong><\/em><br \/>\n<em><strong>Ihr Leben gaben April-Mai 1945<\/strong><\/em><br \/>\n<em><strong>Ihr Tod sei der Nachwelt Mahnung<\/strong><\/em><\/p>\n<p>Im Hinteren Bereich befinden sich Sammelgr\u00e4ber.<\/p>\n<p>Insgesamt fanden hier 351 Kriegstote ihre letzte Ruhe.<\/p>\n<p><span style=\"text-decoration: underline;\"><strong>Ehrenfeld Mohrungen<\/strong><\/span><\/p>\n<p>Hinter dem Feld f\u00fcr die Gefallenen ist eine Anlage f\u00fcr Heimatvertriebene.<\/p>\n<p style=\"text-align: center;\"><em><strong>Wir Gedenken der 585 Opfer des 2. Weltkrieges 1939 &#8211; 1945<\/strong><\/em><br \/>\n<em><strong>Die infolge von Krieg und Gewaltherrschaft in Luckenwalde<\/strong><\/em><br \/>\n<em><strong>ums Leben kamen und auf dem Ehrenfeld Mohrungen<\/strong><\/em><br \/>\n<em><strong>ihre letzte Ruhe fanden<\/strong><\/em><br \/>\n<em><strong>&#8222;Sorgt ihr, die Ihr noch im Leben steht, dass Friede bleibe!&#8220;<\/strong><\/em><\/p>\n<p style=\"text-align: center;\"><em><strong>Heimatzuspruch und Tr\u00f6stung &#8211; Wir Ehren unsere Toten<\/strong><\/em><br \/>\n<em><strong>Heimatvertriebene aus dem Kreis Mohrungen in Ostpreussen<\/strong><\/em><br \/>\n<em><strong>und anderen Heimtgebieten im Osten, die von 1945 bis 1947<\/strong><\/em><br \/>\n<em><strong>im Luckenwalder Umfeld durch Krieg und Flucht<\/strong><\/em><br \/>\n<em><strong>Ihr Leben Verloren. &#8211; BdV Teltow &#8211; Fl\u00e4ming<\/strong><\/em><\/p>\n<p style=\"text-align: center;\">\n","protected":false},"excerpt":{"rendered":"<p>&nbsp; Waldfriedhof in Luckenwalde in der Stra\u00dfe des Friedens Bericht und Bilder von Thomas\u00a0 Gefallenendenkm\u00e4ler Berlin\/Brandenburg Hier gibt es eine Anlage f\u00fcr Gefallenen und Zivile Opfer des Zweiten Weltkrieges. Im vorderen Bereich befinden sich links und rechts Einzelgr\u00e4ber, welche f\u00fcr &hellip; <a href=\"http:\/\/www.denkfried.de\/wp\/?page_id=14288\">Weiterlesen <span class=\"meta-nav\">&rarr;<\/span><\/a><\/p>\n","protected":false},"author":9,"featured_media":0,"parent":15721,"menu_order":0,"comment_status":"closed","ping_status":"open","template":"","meta":{"footnotes":""},"class_list":["post-14288","page","type-page","status-publish","hentry"],"_links":{"self":[{"href":"http:\/\/www.denkfried.de\/wp\/index.php?rest_route=\/wp\/v2\/pages\/14288","targetHints":{"allow":["GET"]}}],"collection":[{"href":"http:\/\/www.denkfried.de\/wp\/index.php?rest_route=\/wp\/v2\/pages"}],"about":[{"href":"http:\/\/www.denkfried.de\/wp\/index.php?rest_route=\/wp\/v2\/types\/page"}],"author":[{"embeddable":true,"href":"http:\/\/www.denkfried.de\/wp\/index.php?rest_route=\/wp\/v2\/users\/9"}],"replies":[{"embeddable":true,"href":"http:\/\/www.denkfried.de\/wp\/index.php?rest_route=%2Fwp%2Fv2%2Fcomments&post=14288"}],"version-history":[{"count":11,"href":"http:\/\/www.denkfried.de\/wp\/index.php?rest_route=\/wp\/v2\/pages\/14288\/revisions"}],"predecessor-version":[{"id":40310,"href":"http:\/\/www.denkfried.de\/wp\/index.php?rest_route=\/wp\/v2\/pages\/14288\/revisions\/40310"}],"up":[{"embeddable":true,"href":"http:\/\/www.denkfried.de\/wp\/index.php?rest_route=\/wp\/v2\/pages\/15721"}],"wp:attachment":[{"href":"http:\/\/www.denkfried.de\/wp\/index.php?rest_route=%2Fwp%2Fv2%2Fmedia&parent=14288"}],"curies":[{"name":"wp","href":"https:\/\/api.w.org\/{rel}","templated":true}]}}