{"id":14211,"date":"2011-10-31T22:02:04","date_gmt":"2011-10-31T21:02:04","guid":{"rendered":"http:\/\/www.denkfried.de\/wp\/?page_id=14211"},"modified":"2015-11-16T19:30:50","modified_gmt":"2015-11-16T18:30:50","slug":"friedrichshain-parochial-friedhof-2","status":"publish","type":"page","link":"http:\/\/www.denkfried.de\/wp\/?page_id=14211","title":{"rendered":"&#8211; Parochial Friedhof 2"},"content":{"rendered":"<p>&nbsp;<\/p>\n<p><span style=\"text-decoration: underline;\">12679 Berlin &#8211; <strong>Friedrichshain<\/strong><\/span><\/p>\n<p><strong>Evangelischer Georgen-Parochial-Friedhof 2<\/strong>,\u00a0Landsberger Allee 48-50<\/p>\n<p>Bericht und Bilder von Thomas\u00a0<a href=\"http:\/\/g-bb.jimdo.com\/\">Gefallenendenkm\u00e4ler Berlin\/Brandenburg<\/a><\/p>\n<div id='gallery-1' class='gallery galleryid-14211 gallery-columns-3 gallery-size-thumbnail'><dl class='gallery-item'>\n\t\t\t<dt class='gallery-icon landscape'>\n\t\t\t\t<a href='http:\/\/www.denkfried.de\/wp\/?attachment_id=34470'><img loading=\"lazy\" decoding=\"async\" width=\"150\" height=\"150\" src=\"http:\/\/www.denkfried.de\/wp\/wp-content\/uploads\/2011\/10\/Berlin-Friedrichshain-Kriegstote-150x150.jpg\" class=\"attachment-thumbnail size-thumbnail\" alt=\"\" aria-describedby=\"gallery-1-34470\" \/><\/a>\n\t\t\t<\/dt>\n\t\t\t\t<dd class='wp-caption-text gallery-caption' id='gallery-1-34470'>\n\t\t\t\tGrabfeld I\n\t\t\t\t<\/dd><\/dl><dl class='gallery-item'>\n\t\t\t<dt class='gallery-icon landscape'>\n\t\t\t\t<a href='http:\/\/www.denkfried.de\/wp\/?attachment_id=34469'><img loading=\"lazy\" decoding=\"async\" width=\"150\" height=\"150\" src=\"http:\/\/www.denkfried.de\/wp\/wp-content\/uploads\/2011\/10\/Berlin-Friedrichshain-Kriegsgr\u00e4berfeld-150x150.jpg\" class=\"attachment-thumbnail size-thumbnail\" alt=\"\" aria-describedby=\"gallery-1-34469\" \/><\/a>\n\t\t\t<\/dt>\n\t\t\t\t<dd class='wp-caption-text gallery-caption' id='gallery-1-34469'>\n\t\t\t\tGro\u00dfes Kriegsgr\u00e4berfeld\n\t\t\t\t<\/dd><\/dl><dl class='gallery-item'>\n\t\t\t<dt class='gallery-icon portrait'>\n\t\t\t\t<a href='http:\/\/www.denkfried.de\/wp\/?attachment_id=14216'><img loading=\"lazy\" decoding=\"async\" width=\"150\" height=\"150\" src=\"http:\/\/www.denkfried.de\/wp\/wp-content\/uploads\/2011\/10\/DSCF12471-150x150.jpg\" class=\"attachment-thumbnail size-thumbnail\" alt=\"\" aria-describedby=\"gallery-1-14216\" \/><\/a>\n\t\t\t<\/dt>\n\t\t\t\t<dd class='wp-caption-text gallery-caption' id='gallery-1-14216'>\n\t\t\t\tDenkmal\n\t\t\t\t<\/dd><\/dl><br style=\"clear: both\" \/><dl class='gallery-item'>\n\t\t\t<dt class='gallery-icon landscape'>\n\t\t\t\t<a href='http:\/\/www.denkfried.de\/wp\/?attachment_id=14214'><img loading=\"lazy\" decoding=\"async\" width=\"150\" height=\"150\" src=\"http:\/\/www.denkfried.de\/wp\/wp-content\/uploads\/2011\/10\/DSCF12371-150x150.jpg\" class=\"attachment-thumbnail size-thumbnail\" alt=\"\" aria-describedby=\"gallery-1-14214\" \/><\/a>\n\t\t\t<\/dt>\n\t\t\t\t<dd class='wp-caption-text gallery-caption' id='gallery-1-14214'>\n\t\t\t\tEhrenhain\n\t\t\t\t<\/dd><\/dl><dl class='gallery-item'>\n\t\t\t<dt class='gallery-icon portrait'>\n\t\t\t\t<a href='http:\/\/www.denkfried.de\/wp\/?attachment_id=14213'><img loading=\"lazy\" decoding=\"async\" width=\"150\" height=\"150\" src=\"http:\/\/www.denkfried.de\/wp\/wp-content\/uploads\/2011\/10\/DSCF1222-150x150.jpg\" class=\"attachment-thumbnail size-thumbnail\" alt=\"\" aria-describedby=\"gallery-1-14213\" \/><\/a>\n\t\t\t<\/dt>\n\t\t\t\t<dd class='wp-caption-text gallery-caption' id='gallery-1-14213'>\n\t\t\t\tDenkmal am Ehrenhain\n\t\t\t\t<\/dd><\/dl><dl class='gallery-item'>\n\t\t\t<dt class='gallery-icon landscape'>\n\t\t\t\t<a href='http:\/\/www.denkfried.de\/wp\/?attachment_id=14215'><img loading=\"lazy\" decoding=\"async\" width=\"150\" height=\"150\" src=\"http:\/\/www.denkfried.de\/wp\/wp-content\/uploads\/2011\/10\/DSCF12451-150x150.jpg\" class=\"attachment-thumbnail size-thumbnail\" alt=\"\" aria-describedby=\"gallery-1-14215\" \/><\/a>\n\t\t\t<\/dt>\n\t\t\t\t<dd class='wp-caption-text gallery-caption' id='gallery-1-14215'>\n\t\t\t\tDenkmal am Ehrenhain\n\t\t\t\t<\/dd><\/dl><br style=\"clear: both\" \/>\n\t\t<\/div>\n\n<p><span style=\"text-decoration: underline;\"><strong>Kriegsgr\u00e4ber 1939-1945<\/strong><\/span><\/p>\n<p>Die ersten Kriegstoten befinden sich vom Eingang der Landberger Allee, links nach der ersten Kreuzung. M\u00f6glicherweise waren diese private Familiengr\u00e4ber, hier ruhen 4 Kriegstote.<\/p>\n<p>Ein kleiner Ehrenhain und ein Gr\u00e4berfeld sind auf diesen Friedhof. Am Ehrenhain ist ein Gedenkstele, welche f\u00fcr alle Kriegstoten hier steht. Eine Seite tr\u00e4gt die Kriegsjahre 1939-1945. Am Rand des Ehrenhains sind die Gr\u00e4ber angeordnet.<\/p>\n<address style=\"text-align: center;\"><em><strong>Zum Gedenkan an die Toten des 2. Weltkrieges<\/strong><\/em><\/address>\n<address style=\"text-align: center;\"><em><strong>die auf diesen Kirchhof ruhen Gefallenen und Bombenopfer<\/strong><\/em><\/address>\n<address style=\"text-align: center;\"><em><strong>auch achtzig Menschen die in der Not der Jahre 1945-1947<\/strong><\/em><\/address>\n<address style=\"text-align: center;\"><em><strong>verzweifelten und selber den Tod suchten.<\/strong><\/em><\/address>\n<address style=\"text-align: center;\">\u00a0<\/address>\n<address style=\"text-align: center;\"><strong>Ich schreie zum Herrn mit meiner Stimme.<\/strong><\/address>\n<address style=\"text-align: center;\"><strong>Ich Sch\u00fctte meine Klage vor ihm aus<\/strong><\/address>\n<address style=\"text-align: center;\"><strong>und zeige an vor ihm meine Not.<\/strong> Psalm 142<\/address>\n<address style=\"text-align: center;\">\u00a0<\/address>\n<p>Das Gr\u00e4berfeld ist von einem Weg und von Hecken eingeschlossen. Ein gemauertes Denkmal mit einer trauernden Frau, steht Zentral im Feld. Beim Besuch im Ferbruar 2014, konnten noch Sammelgr\u00e4ber dokumentiert werden.<\/p>\n<p>Insgesamt sind hier 1056 Kriegsopfer begraben.<\/p>\n<p>Die Namen werden in die Datenbanken eingepflegt.<\/p>\n","protected":false},"excerpt":{"rendered":"<p>&nbsp; 12679 Berlin &#8211; Friedrichshain Evangelischer Georgen-Parochial-Friedhof 2,\u00a0Landsberger Allee 48-50 Bericht und Bilder von Thomas\u00a0Gefallenendenkm\u00e4ler Berlin\/Brandenburg Kriegsgr\u00e4ber 1939-1945 Die ersten Kriegstoten befinden sich vom Eingang der Landberger Allee, links nach der ersten Kreuzung. M\u00f6glicherweise waren diese private Familiengr\u00e4ber, hier ruhen &hellip; <a href=\"http:\/\/www.denkfried.de\/wp\/?page_id=14211\">Weiterlesen <span class=\"meta-nav\">&rarr;<\/span><\/a><\/p>\n","protected":false},"author":9,"featured_media":0,"parent":16075,"menu_order":0,"comment_status":"closed","ping_status":"open","template":"","meta":{"footnotes":""},"class_list":["post-14211","page","type-page","status-publish","hentry"],"_links":{"self":[{"href":"http:\/\/www.denkfried.de\/wp\/index.php?rest_route=\/wp\/v2\/pages\/14211","targetHints":{"allow":["GET"]}}],"collection":[{"href":"http:\/\/www.denkfried.de\/wp\/index.php?rest_route=\/wp\/v2\/pages"}],"about":[{"href":"http:\/\/www.denkfried.de\/wp\/index.php?rest_route=\/wp\/v2\/types\/page"}],"author":[{"embeddable":true,"href":"http:\/\/www.denkfried.de\/wp\/index.php?rest_route=\/wp\/v2\/users\/9"}],"replies":[{"embeddable":true,"href":"http:\/\/www.denkfried.de\/wp\/index.php?rest_route=%2Fwp%2Fv2%2Fcomments&post=14211"}],"version-history":[{"count":18,"href":"http:\/\/www.denkfried.de\/wp\/index.php?rest_route=\/wp\/v2\/pages\/14211\/revisions"}],"predecessor-version":[{"id":39433,"href":"http:\/\/www.denkfried.de\/wp\/index.php?rest_route=\/wp\/v2\/pages\/14211\/revisions\/39433"}],"up":[{"embeddable":true,"href":"http:\/\/www.denkfried.de\/wp\/index.php?rest_route=\/wp\/v2\/pages\/16075"}],"wp:attachment":[{"href":"http:\/\/www.denkfried.de\/wp\/index.php?rest_route=%2Fwp%2Fv2%2Fmedia&parent=14211"}],"curies":[{"name":"wp","href":"https:\/\/api.w.org\/{rel}","templated":true}]}}