{"id":14188,"date":"2011-10-31T21:07:30","date_gmt":"2011-10-31T20:07:30","guid":{"rendered":"http:\/\/www.denkfried.de\/wp\/?page_id=14188"},"modified":"2015-12-23T16:22:55","modified_gmt":"2015-12-23T15:22:55","slug":"prenzlauer-berg-gedenktafel","status":"publish","type":"page","link":"http:\/\/www.denkfried.de\/wp\/?page_id=14188","title":{"rendered":"Gedenktafel"},"content":{"rendered":"<p>&nbsp;<\/p>\n<p><span style=\"text-decoration: underline;\"><strong>10405 Berlin-Prenzlauer Berg<\/strong><\/span> &#8211; Gedenktafeln<\/p>\n<p>Bericht und Bilder von Thomas\u00a0<a href=\"http:\/\/g-bb.jimdo.com\/\">Gefallenendenkm\u00e4ler Berlin\/Brandenburg<\/a><\/p>\n<div id='gallery-1' class='gallery galleryid-14188 gallery-columns-4 gallery-size-thumbnail'><dl class='gallery-item'>\n\t\t\t<dt class='gallery-icon landscape'>\n\t\t\t\t<a href='http:\/\/www.denkfried.de\/wp\/?attachment_id=14190'><img loading=\"lazy\" decoding=\"async\" width=\"150\" height=\"150\" src=\"http:\/\/www.denkfried.de\/wp\/wp-content\/uploads\/2011\/10\/DSCF11981-150x150.jpg\" class=\"attachment-thumbnail size-thumbnail\" alt=\"\" \/><\/a>\n\t\t\t<\/dt><\/dl><dl class='gallery-item'>\n\t\t\t<dt class='gallery-icon portrait'>\n\t\t\t\t<a href='http:\/\/www.denkfried.de\/wp\/?attachment_id=14191'><img loading=\"lazy\" decoding=\"async\" width=\"150\" height=\"150\" src=\"http:\/\/www.denkfried.de\/wp\/wp-content\/uploads\/2011\/10\/DSCF11991-150x150.jpg\" class=\"attachment-thumbnail size-thumbnail\" alt=\"\" \/><\/a>\n\t\t\t<\/dt><\/dl><dl class='gallery-item'>\n\t\t\t<dt class='gallery-icon landscape'>\n\t\t\t\t<a href='http:\/\/www.denkfried.de\/wp\/?attachment_id=14189'><img loading=\"lazy\" decoding=\"async\" width=\"150\" height=\"150\" src=\"http:\/\/www.denkfried.de\/wp\/wp-content\/uploads\/2011\/10\/DSCF1189-150x150.jpg\" class=\"attachment-thumbnail size-thumbnail\" alt=\"\" \/><\/a>\n\t\t\t<\/dt><\/dl><dl class='gallery-item'>\n\t\t\t<dt class='gallery-icon landscape'>\n\t\t\t\t<a href='http:\/\/www.denkfried.de\/wp\/?attachment_id=34302'><img loading=\"lazy\" decoding=\"async\" width=\"150\" height=\"150\" src=\"http:\/\/www.denkfried.de\/wp\/wp-content\/uploads\/2011\/10\/Berlin-Prenzlauer-Berg-Gedenktafel-Bombenopfer-150x150.jpg\" class=\"attachment-thumbnail size-thumbnail\" alt=\"\" \/><\/a>\n\t\t\t<\/dt><\/dl><br style=\"clear: both\" \/>\n\t\t<\/div>\n\n<p><span style=\"text-decoration: underline;\"><strong>Gedenktafeln 1914-1918<\/strong><\/span><\/p>\n<p>Immanuelkirchengemeinde befindet sich in der Immanuelkirchstra\u00dfe 1 A. Links und recht neben dem Altar, sind sehr gro\u00dfe Tafeln f\u00fcr Gefallene aus dem ersten Weltkrieg.<br \/>\nDiese Kunstvoll gestalteten Ehrentafeln wurden im Jahr 1922 angefertigt.<\/p>\n<p>\u00dcber beide Tafeln sind zwei Engel mit je einen Kranz in der Hand.<br \/>\nMittig der beiden, ist eine Sonne mit einem Eisernen Kreuz und die<br \/>\nKriegsjahre 1914 &#8211; 1918 stehen \u00fcber der Sonne.<\/p>\n<p>\u00dcber den zahlreichen Namen ist folgender Spruch:<\/p>\n<p style=\"text-align: center;\"><strong>Aus der Immanuelgemeinde starben im Weltkriege<br \/>\n1914-18 den Heldentod f\u00fcr\u00b4s Vaterland<\/strong><\/p>\n<p>Auf der Linken Tafel sind die Gefallenen von 1914 bis 1916 niedergeschrieben.\u00a0Die rechte Tafel tr\u00e4gt die Namen von 1916 bis zum Kriegsende 1918.<\/p>\n<p><span style=\"text-decoration: underline;\"><strong>Gedenktafel 1945 Bombenopfer<\/strong><\/span><\/p>\n<p>Auf dem Gel\u00e4nde des ehemaligen Gaswerkes an der Danziger Stra\u00dfe (seit 1950 Gaswerk Dimitroffstra\u00dfe) in Prenzlauer Berg wurde nach 1945 dieses Metallschild zur Erinnerung und Mahnung angebracht. Die Aufschrift lautet:<\/p>\n<p style=\"text-align: center;\"><em><strong>&#8222;Mahnung an Alle!<\/strong><\/em><br \/>\n<em><strong> Die Kollegen des Gaswerks Dimitroffstr. verloren im 2. Weltkrieg:<\/strong><\/em><\/p>\n<p style=\"text-align: center;\"><em><strong> Durch Bomben 21 Tote<\/strong><\/em><br \/>\n<em><strong> durch Bomben 6 Besch\u00e4digte<\/strong><\/em><br \/>\n<em><strong> durch Bomben 300 Wohnr\u00e4ume total zerst\u00f6rt<\/strong><\/em><br \/>\n<em><strong> durch Bomben 130 Wohnr\u00e4ume teilbesch\u00e4digt<\/strong><\/em><br \/>\n<em><strong> an der Front 68 Tote<\/strong><\/em><br \/>\n<em><strong> an der Front 8 Besch\u00e4digte<\/strong><\/em><\/p>\n<p style=\"text-align: center;\"><em><strong> Unser Werk wurde durch Bomben vollkommen au\u00dfer Betrieb gesetzt<\/strong><\/em><br \/>\n<em><strong> Darum sind wir K\u00e4mpfer f\u00fcr den Frieden!<\/strong><\/em><br \/>\n<em><strong> K\u00e4mpft alle mit!&#8220;<\/strong><\/em><\/p>\n<p>Quelle: Bild und Text zur Gedenktafel des ehemaligen Gaswerkes <a href=\"http:\/\/www.museum-digital.de\/berlin\/index.php?t=home\">museum.digital.de<\/a><\/p>\n","protected":false},"excerpt":{"rendered":"<p>&nbsp; 10405 Berlin-Prenzlauer Berg &#8211; Gedenktafeln Bericht und Bilder von Thomas\u00a0Gefallenendenkm\u00e4ler Berlin\/Brandenburg Gedenktafeln 1914-1918 Immanuelkirchengemeinde befindet sich in der Immanuelkirchstra\u00dfe 1 A. Links und recht neben dem Altar, sind sehr gro\u00dfe Tafeln f\u00fcr Gefallene aus dem ersten Weltkrieg. Diese Kunstvoll &hellip; <a href=\"http:\/\/www.denkfried.de\/wp\/?page_id=14188\">Weiterlesen <span class=\"meta-nav\">&rarr;<\/span><\/a><\/p>\n","protected":false},"author":9,"featured_media":0,"parent":16821,"menu_order":0,"comment_status":"closed","ping_status":"open","template":"","meta":{"footnotes":""},"class_list":["post-14188","page","type-page","status-publish","hentry"],"_links":{"self":[{"href":"http:\/\/www.denkfried.de\/wp\/index.php?rest_route=\/wp\/v2\/pages\/14188","targetHints":{"allow":["GET"]}}],"collection":[{"href":"http:\/\/www.denkfried.de\/wp\/index.php?rest_route=\/wp\/v2\/pages"}],"about":[{"href":"http:\/\/www.denkfried.de\/wp\/index.php?rest_route=\/wp\/v2\/types\/page"}],"author":[{"embeddable":true,"href":"http:\/\/www.denkfried.de\/wp\/index.php?rest_route=\/wp\/v2\/users\/9"}],"replies":[{"embeddable":true,"href":"http:\/\/www.denkfried.de\/wp\/index.php?rest_route=%2Fwp%2Fv2%2Fcomments&post=14188"}],"version-history":[{"count":14,"href":"http:\/\/www.denkfried.de\/wp\/index.php?rest_route=\/wp\/v2\/pages\/14188\/revisions"}],"predecessor-version":[{"id":39679,"href":"http:\/\/www.denkfried.de\/wp\/index.php?rest_route=\/wp\/v2\/pages\/14188\/revisions\/39679"}],"up":[{"embeddable":true,"href":"http:\/\/www.denkfried.de\/wp\/index.php?rest_route=\/wp\/v2\/pages\/16821"}],"wp:attachment":[{"href":"http:\/\/www.denkfried.de\/wp\/index.php?rest_route=%2Fwp%2Fv2%2Fmedia&parent=14188"}],"curies":[{"name":"wp","href":"https:\/\/api.w.org\/{rel}","templated":true}]}}