{"id":14099,"date":"2011-10-31T18:02:51","date_gmt":"2011-10-31T17:02:51","guid":{"rendered":"http:\/\/www.denkfried.de\/wp\/?page_id=14099"},"modified":"2016-04-30T21:04:14","modified_gmt":"2016-04-30T19:04:14","slug":"westend-heimatvertriebene","status":"publish","type":"page","link":"http:\/\/www.denkfried.de\/wp\/?page_id=14099","title":{"rendered":"Westend Denkm\u00e4ler"},"content":{"rendered":"<p>&nbsp;<\/p>\n<p><strong>Berlin-Westend Denkm\u00e4ler<\/strong><\/p>\n<p>Bericht und Bilder von Thomas\u00a0 <a href=\"http:\/\/g-bb.jimdo.com\/\">Gefallenendenkm\u00e4ler Berlin\/Brandenburg<\/a><\/p>\n<div id='gallery-1' class='gallery galleryid-14099 gallery-columns-3 gallery-size-thumbnail'><dl class='gallery-item'>\n\t\t\t<dt class='gallery-icon landscape'>\n\t\t\t\t<a href='http:\/\/www.denkfried.de\/wp\/?attachment_id=14100'><img loading=\"lazy\" decoding=\"async\" width=\"150\" height=\"150\" src=\"http:\/\/www.denkfried.de\/wp\/wp-content\/uploads\/2011\/10\/Heimatvertriebene-1-150x150.jpg\" class=\"attachment-thumbnail size-thumbnail\" alt=\"\" \/><\/a>\n\t\t\t<\/dt><\/dl><dl class='gallery-item'>\n\t\t\t<dt class='gallery-icon landscape'>\n\t\t\t\t<a href='http:\/\/www.denkfried.de\/wp\/?attachment_id=14102'><img loading=\"lazy\" decoding=\"async\" width=\"150\" height=\"150\" src=\"http:\/\/www.denkfried.de\/wp\/wp-content\/uploads\/2011\/10\/Heimatvertriebene-3-150x150.jpg\" class=\"attachment-thumbnail size-thumbnail\" alt=\"\" \/><\/a>\n\t\t\t<\/dt><\/dl><dl class='gallery-item'>\n\t\t\t<dt class='gallery-icon landscape'>\n\t\t\t\t<a href='http:\/\/www.denkfried.de\/wp\/?attachment_id=14103'><img loading=\"lazy\" decoding=\"async\" width=\"150\" height=\"150\" src=\"http:\/\/www.denkfried.de\/wp\/wp-content\/uploads\/2011\/10\/Heimatvertriebene-4-150x150.jpg\" class=\"attachment-thumbnail size-thumbnail\" alt=\"\" \/><\/a>\n\t\t\t<\/dt><\/dl><br style=\"clear: both\" \/><dl class='gallery-item'>\n\t\t\t<dt class='gallery-icon landscape'>\n\t\t\t\t<a href='http:\/\/www.denkfried.de\/wp\/?attachment_id=40729'><img loading=\"lazy\" decoding=\"async\" width=\"150\" height=\"150\" src=\"http:\/\/www.denkfried.de\/wp\/wp-content\/uploads\/2011\/10\/Gedenktafel-Vetriebenendenkmal-150x150.jpg\" class=\"attachment-thumbnail size-thumbnail\" alt=\"\" \/><\/a>\n\t\t\t<\/dt><\/dl><dl class='gallery-item'>\n\t\t\t<dt class='gallery-icon landscape'>\n\t\t\t\t<a href='http:\/\/www.denkfried.de\/wp\/?attachment_id=40707'><img loading=\"lazy\" decoding=\"async\" width=\"150\" height=\"150\" src=\"http:\/\/www.denkfried.de\/wp\/wp-content\/uploads\/2011\/10\/Denkmal-Berlin-Westend-Landsmannschaft-150x150.jpg\" class=\"attachment-thumbnail size-thumbnail\" alt=\"\" \/><\/a>\n\t\t\t<\/dt><\/dl>\n\t\t\t<br style='clear: both' \/>\n\t\t<\/div>\n\n<p style=\"text-align: left;\"><strong>Denkmal f\u00fcr die Vertriebenen<\/strong><\/p>\n<p style=\"text-align: left;\">Auf dem Theodor Heuss Platz, mit einer ewigen Flamme. Vorne ist folgende Inschrift:<\/p>\n<p style=\"text-align: center;\"><strong>Freiheit, Recht, Friede<\/strong>.<\/p>\n<address>\u00a0<\/address>\n<address>Folgendes stand auf der Linken Seite:<\/address>\n<p style=\"text-align: center;\"><em><strong>Diese Flamme wird brennen bis zur Wiederherstellung der deutschen Einheit und der Verwirklichung des Rechts auf Heimat. Berlin, am 10.September 1955. Die Landsmannschaften der deutschen Heimatvertriebenen.<\/strong><\/em><\/p>\n<p style=\"text-align: left;\">Diese Tafel befindet sich jetzt, in der Ausstellung in Spandau in der Zitadelle.<\/p>\n<p style=\"text-align: left;\"><strong>Gedenkstein<\/strong> Kirschenallee 23<\/p>\n<p style=\"text-align: left;\">Auf dem Gel\u00e4nde des Verbindungshauses der Landsmannschaft Brandenburg zu Berlin im Coburg Convent. Im Garten gibt es einen Gedenkstein f\u00fcr die Opfer beider Weltkriege. Zu Kriegszeiten des ersten Weltkrieges dienten die Verbindungsh\u00e4user auch als Lazarette und Erholungsr\u00e4ume. Es fielen hier von der\u00a0Ascania-Brandenburgia 29 und Guilelmia 26 \u00a0Bundesbr\u00fcder. Inschrift auf dem Gedenkstein:<\/p>\n<p style=\"text-align: center;\"><em><strong>Unseren Toten zum Gedenken<\/strong><\/em><\/p>\n<p style=\"text-align: left;\">Ob es noch eine Gedenktafel im Haus gibt ist noch nicht bekannt.<\/p>\n","protected":false},"excerpt":{"rendered":"<p>&nbsp; Berlin-Westend Denkm\u00e4ler Bericht und Bilder von Thomas\u00a0 Gefallenendenkm\u00e4ler Berlin\/Brandenburg Denkmal f\u00fcr die Vertriebenen Auf dem Theodor Heuss Platz, mit einer ewigen Flamme. Vorne ist folgende Inschrift: Freiheit, Recht, Friede. \u00a0 Folgendes stand auf der Linken Seite: Diese Flamme wird &hellip; <a href=\"http:\/\/www.denkfried.de\/wp\/?page_id=14099\">Weiterlesen <span class=\"meta-nav\">&rarr;<\/span><\/a><\/p>\n","protected":false},"author":9,"featured_media":0,"parent":15527,"menu_order":0,"comment_status":"closed","ping_status":"open","template":"","meta":{"footnotes":""},"class_list":["post-14099","page","type-page","status-publish","hentry"],"_links":{"self":[{"href":"http:\/\/www.denkfried.de\/wp\/index.php?rest_route=\/wp\/v2\/pages\/14099","targetHints":{"allow":["GET"]}}],"collection":[{"href":"http:\/\/www.denkfried.de\/wp\/index.php?rest_route=\/wp\/v2\/pages"}],"about":[{"href":"http:\/\/www.denkfried.de\/wp\/index.php?rest_route=\/wp\/v2\/types\/page"}],"author":[{"embeddable":true,"href":"http:\/\/www.denkfried.de\/wp\/index.php?rest_route=\/wp\/v2\/users\/9"}],"replies":[{"embeddable":true,"href":"http:\/\/www.denkfried.de\/wp\/index.php?rest_route=%2Fwp%2Fv2%2Fcomments&post=14099"}],"version-history":[{"count":20,"href":"http:\/\/www.denkfried.de\/wp\/index.php?rest_route=\/wp\/v2\/pages\/14099\/revisions"}],"predecessor-version":[{"id":40730,"href":"http:\/\/www.denkfried.de\/wp\/index.php?rest_route=\/wp\/v2\/pages\/14099\/revisions\/40730"}],"up":[{"embeddable":true,"href":"http:\/\/www.denkfried.de\/wp\/index.php?rest_route=\/wp\/v2\/pages\/15527"}],"wp:attachment":[{"href":"http:\/\/www.denkfried.de\/wp\/index.php?rest_route=%2Fwp%2Fv2%2Fmedia&parent=14099"}],"curies":[{"name":"wp","href":"https:\/\/api.w.org\/{rel}","templated":true}]}}