{"id":14047,"date":"2011-10-29T22:37:42","date_gmt":"2011-10-29T20:37:42","guid":{"rendered":"http:\/\/www.denkfried.de\/wp\/?page_id=14047"},"modified":"2015-11-28T14:27:29","modified_gmt":"2015-11-28T13:27:29","slug":"berlin-alter-garnisonfriedhof","status":"publish","type":"page","link":"http:\/\/www.denkfried.de\/wp\/?page_id=14047","title":{"rendered":"Alter Garnisonfriedhof"},"content":{"rendered":"<p>&nbsp;<\/p>\n<p><strong>Alter Garnisonfriedhof Berlin<\/strong><\/p>\n<p>Bericht und Bilder von Thomas\u00a0<a href=\"http:\/\/g-bb.jimdo.com\/\">Gefallenendenkm\u00e4ler Berlin\/Brandenburg<\/a><\/p>\n<div id='gallery-1' class='gallery galleryid-14047 gallery-columns-3 gallery-size-thumbnail'><dl class='gallery-item'>\n\t\t\t<dt class='gallery-icon landscape'>\n\t\t\t\t<a href='http:\/\/www.denkfried.de\/wp\/?attachment_id=14052'><img loading=\"lazy\" decoding=\"async\" width=\"150\" height=\"150\" src=\"http:\/\/www.denkfried.de\/wp\/wp-content\/uploads\/2011\/10\/DSCF0003-150x150.jpg\" class=\"attachment-thumbnail size-thumbnail\" alt=\"\" \/><\/a>\n\t\t\t<\/dt><\/dl><dl class='gallery-item'>\n\t\t\t<dt class='gallery-icon landscape'>\n\t\t\t\t<a href='http:\/\/www.denkfried.de\/wp\/?attachment_id=14054'><img loading=\"lazy\" decoding=\"async\" width=\"150\" height=\"150\" src=\"http:\/\/www.denkfried.de\/wp\/wp-content\/uploads\/2011\/10\/DSCF00294-150x150.jpg\" class=\"attachment-thumbnail size-thumbnail\" alt=\"\" \/><\/a>\n\t\t\t<\/dt><\/dl><dl class='gallery-item'>\n\t\t\t<dt class='gallery-icon landscape'>\n\t\t\t\t<a href='http:\/\/www.denkfried.de\/wp\/?attachment_id=14053'><img loading=\"lazy\" decoding=\"async\" width=\"150\" height=\"150\" src=\"http:\/\/www.denkfried.de\/wp\/wp-content\/uploads\/2011\/10\/DSCF0025-150x150.jpg\" class=\"attachment-thumbnail size-thumbnail\" alt=\"\" \/><\/a>\n\t\t\t<\/dt><\/dl><br style=\"clear: both\" \/><dl class='gallery-item'>\n\t\t\t<dt class='gallery-icon landscape'>\n\t\t\t\t<a href='http:\/\/www.denkfried.de\/wp\/?attachment_id=17896'><img loading=\"lazy\" decoding=\"async\" width=\"150\" height=\"150\" src=\"http:\/\/www.denkfried.de\/wp\/wp-content\/uploads\/2011\/10\/DSCF00144-150x150.jpg\" class=\"attachment-thumbnail size-thumbnail\" alt=\"\" \/><\/a>\n\t\t\t<\/dt><\/dl><dl class='gallery-item'>\n\t\t\t<dt class='gallery-icon portrait'>\n\t\t\t\t<a href='http:\/\/www.denkfried.de\/wp\/?attachment_id=17897'><img loading=\"lazy\" decoding=\"async\" width=\"150\" height=\"150\" src=\"http:\/\/www.denkfried.de\/wp\/wp-content\/uploads\/2011\/10\/DSCF0032-150x150.jpg\" class=\"attachment-thumbnail size-thumbnail\" alt=\"\" \/><\/a>\n\t\t\t<\/dt><\/dl><dl class='gallery-item'>\n\t\t\t<dt class='gallery-icon portrait'>\n\t\t\t\t<a href='http:\/\/www.denkfried.de\/wp\/?attachment_id=14056'><img loading=\"lazy\" decoding=\"async\" width=\"150\" height=\"150\" src=\"http:\/\/www.denkfried.de\/wp\/wp-content\/uploads\/2011\/10\/l\u00fctzow-150x150.jpg\" class=\"attachment-thumbnail size-thumbnail\" alt=\"\" \/><\/a>\n\t\t\t<\/dt><\/dl><br style=\"clear: both\" \/><dl class='gallery-item'>\n\t\t\t<dt class='gallery-icon portrait'>\n\t\t\t\t<a href='http:\/\/www.denkfried.de\/wp\/?attachment_id=14055'><img loading=\"lazy\" decoding=\"async\" width=\"150\" height=\"150\" src=\"http:\/\/www.denkfried.de\/wp\/wp-content\/uploads\/2011\/10\/DSCF00491-150x150.jpg\" class=\"attachment-thumbnail size-thumbnail\" alt=\"\" \/><\/a>\n\t\t\t<\/dt><\/dl><dl class='gallery-item'>\n\t\t\t<dt class='gallery-icon landscape'>\n\t\t\t\t<a href='http:\/\/www.denkfried.de\/wp\/?attachment_id=17898'><img loading=\"lazy\" decoding=\"async\" width=\"150\" height=\"150\" src=\"http:\/\/www.denkfried.de\/wp\/wp-content\/uploads\/2011\/10\/DSCF00422-150x150.jpg\" class=\"attachment-thumbnail size-thumbnail\" alt=\"\" \/><\/a>\n\t\t\t<\/dt><\/dl><dl class='gallery-item'>\n\t\t\t<dt class='gallery-icon landscape'>\n\t\t\t\t<a href='http:\/\/www.denkfried.de\/wp\/?attachment_id=17899'><img loading=\"lazy\" decoding=\"async\" width=\"150\" height=\"150\" src=\"http:\/\/www.denkfried.de\/wp\/wp-content\/uploads\/2011\/10\/DSCF00591-150x150.jpg\" class=\"attachment-thumbnail size-thumbnail\" alt=\"\" \/><\/a>\n\t\t\t<\/dt><\/dl><br style=\"clear: both\" \/>\n\t\t<\/div>\n\n<p>Der Alte Garnisonfriedhof liegt im Bezirk Mitte in der N\u00e4he des Rosenthaler Platzes. Er umfasst etwa 0,9 ha. Er wird umschlossen durch folgende Stra\u00dfen: Kleine Rosenthaler Stra\u00dfe (Eingang), Linienstra\u00dfe, Gormannstra\u00dfe und Mulackstra\u00dfe.<\/p>\n<p>Der Alte Garnisonfriedhof im Bezirk Mitte ist der \u00e4lteste Milit\u00e4rfriedhof Berlins. Sein Anfang f\u00e4llt mit der Gr\u00fcndung Preu\u00dfens zusammen. Die Aufl\u00f6sung Preu\u00dfens 1947 markiert sein Ende.<\/p>\n<p><span style=\"text-decoration: underline;\"><strong>Massengr\u00e4ber<\/strong><\/span><\/p>\n<p>Eine Anlage f\u00fcr Tote aus den letzten Kriegstagen. Insgesamt haben hier <strong>1084 Kriegsopfer<\/strong> ihre letzte Ruhe gefunden, von diesen sind <strong>788 Unbekannt<\/strong>.<\/p>\n<ul>\n<li><strong><a href=\"http:\/\/www.denkfried.de\/wp\/wp-content\/uploads\/2011\/10\/AlterGarnisonsfriedhof.html\">Namensliste Massengr\u00e4ber<\/a><\/strong><\/li>\n<\/ul>\n<p>Namensliste private Gr\u00e4ber<\/p>\n<p>Der Garnisonfriedhof wurde \u00fcber Berlin hinaus bekannt, als f\u00fchrende Offiziere um Adolph von L\u00fctzow nach 1815 hier ihre letzte Ruhe fanden. Das Grab des legend\u00e4ren F\u00fchrers der &#8222;schwarzen Freischar&#8220;, Adolph von L\u00fctzow (1782 &#8211; 1834), ist durch zwei Gedenksteine gekennzeichnet, einer davon gewidmet von den Waffengef\u00e4hrten.<\/p>\n<p>Weitere Informationen gibt es auf der Netzseite:\u00a0<a href=\"http:\/\/www.garnisonfriedhof-berlin.de\/\" target=\"_blank\">http:\/\/www.garnisonfriedhof-berlin.de\/<\/a><\/p>\n","protected":false},"excerpt":{"rendered":"<p>&nbsp; Alter Garnisonfriedhof Berlin Bericht und Bilder von Thomas\u00a0Gefallenendenkm\u00e4ler Berlin\/Brandenburg Der Alte Garnisonfriedhof liegt im Bezirk Mitte in der N\u00e4he des Rosenthaler Platzes. Er umfasst etwa 0,9 ha. Er wird umschlossen durch folgende Stra\u00dfen: Kleine Rosenthaler Stra\u00dfe (Eingang), Linienstra\u00dfe, Gormannstra\u00dfe &hellip; <a href=\"http:\/\/www.denkfried.de\/wp\/?page_id=14047\">Weiterlesen <span class=\"meta-nav\">&rarr;<\/span><\/a><\/p>\n","protected":false},"author":9,"featured_media":0,"parent":15729,"menu_order":0,"comment_status":"closed","ping_status":"open","template":"","meta":{"footnotes":""},"class_list":["post-14047","page","type-page","status-publish","hentry"],"_links":{"self":[{"href":"http:\/\/www.denkfried.de\/wp\/index.php?rest_route=\/wp\/v2\/pages\/14047","targetHints":{"allow":["GET"]}}],"collection":[{"href":"http:\/\/www.denkfried.de\/wp\/index.php?rest_route=\/wp\/v2\/pages"}],"about":[{"href":"http:\/\/www.denkfried.de\/wp\/index.php?rest_route=\/wp\/v2\/types\/page"}],"author":[{"embeddable":true,"href":"http:\/\/www.denkfried.de\/wp\/index.php?rest_route=\/wp\/v2\/users\/9"}],"replies":[{"embeddable":true,"href":"http:\/\/www.denkfried.de\/wp\/index.php?rest_route=%2Fwp%2Fv2%2Fcomments&post=14047"}],"version-history":[{"count":13,"href":"http:\/\/www.denkfried.de\/wp\/index.php?rest_route=\/wp\/v2\/pages\/14047\/revisions"}],"predecessor-version":[{"id":39540,"href":"http:\/\/www.denkfried.de\/wp\/index.php?rest_route=\/wp\/v2\/pages\/14047\/revisions\/39540"}],"up":[{"embeddable":true,"href":"http:\/\/www.denkfried.de\/wp\/index.php?rest_route=\/wp\/v2\/pages\/15729"}],"wp:attachment":[{"href":"http:\/\/www.denkfried.de\/wp\/index.php?rest_route=%2Fwp%2Fv2%2Fmedia&parent=14047"}],"curies":[{"name":"wp","href":"https:\/\/api.w.org\/{rel}","templated":true}]}}