{"id":14008,"date":"2011-10-29T21:50:02","date_gmt":"2011-10-29T19:50:02","guid":{"rendered":"http:\/\/www.denkfried.de\/wp\/?page_id=14008"},"modified":"2013-07-27T15:35:46","modified_gmt":"2013-07-27T13:35:46","slug":"potsdam-nattwerder","status":"publish","type":"page","link":"http:\/\/www.denkfried.de\/wp\/?page_id=14008","title":{"rendered":"Nattwerder"},"content":{"rendered":"<p>&nbsp;<\/p>\n<p><span style=\"text-decoration: underline;\">14469 Potsdam &#8211; <strong>OT Nattwerder<\/strong><\/span><\/p>\n<p>Bericht und Bilder von Thomas <a href=\"http:\/\/potsdamer-ehrenmale.de.tl\/Hauptseite.htm\">Potsdamer-Ehrenmale.de<\/a><\/p>\n<div id='gallery-1' class='gallery galleryid-14008 gallery-columns-3 gallery-size-thumbnail'><dl class='gallery-item'>\n\t\t\t<dt class='gallery-icon landscape'>\n\t\t\t\t<a href='http:\/\/www.denkfried.de\/wp\/?attachment_id=14014'><img loading=\"lazy\" decoding=\"async\" width=\"150\" height=\"150\" src=\"http:\/\/www.denkfried.de\/wp\/wp-content\/uploads\/2011\/10\/PICT0011-150x150.jpg\" class=\"attachment-thumbnail size-thumbnail\" alt=\"\" \/><\/a>\n\t\t\t<\/dt><\/dl><dl class='gallery-item'>\n\t\t\t<dt class='gallery-icon landscape'>\n\t\t\t\t<a href='http:\/\/www.denkfried.de\/wp\/?attachment_id=14013'><img loading=\"lazy\" decoding=\"async\" width=\"150\" height=\"150\" src=\"http:\/\/www.denkfried.de\/wp\/wp-content\/uploads\/2011\/10\/PICT0007-150x150.jpg\" class=\"attachment-thumbnail size-thumbnail\" alt=\"\" \/><\/a>\n\t\t\t<\/dt><\/dl><dl class='gallery-item'>\n\t\t\t<dt class='gallery-icon landscape'>\n\t\t\t\t<a href='http:\/\/www.denkfried.de\/wp\/?attachment_id=14012'><img loading=\"lazy\" decoding=\"async\" width=\"150\" height=\"150\" src=\"http:\/\/www.denkfried.de\/wp\/wp-content\/uploads\/2011\/10\/PICT0005-150x150.jpg\" class=\"attachment-thumbnail size-thumbnail\" alt=\"\" \/><\/a>\n\t\t\t<\/dt><\/dl><br style=\"clear: both\" \/><dl class='gallery-item'>\n\t\t\t<dt class='gallery-icon landscape'>\n\t\t\t\t<a href='http:\/\/www.denkfried.de\/wp\/?attachment_id=14011'><img loading=\"lazy\" decoding=\"async\" width=\"150\" height=\"150\" src=\"http:\/\/www.denkfried.de\/wp\/wp-content\/uploads\/2011\/10\/Tafel-1813-15-Bild-1-150x150.jpg\" class=\"attachment-thumbnail size-thumbnail\" alt=\"\" \/><\/a>\n\t\t\t<\/dt><\/dl><dl class='gallery-item'>\n\t\t\t<dt class='gallery-icon portrait'>\n\t\t\t\t<a href='http:\/\/www.denkfried.de\/wp\/?attachment_id=14015'><img loading=\"lazy\" decoding=\"async\" width=\"150\" height=\"150\" src=\"http:\/\/www.denkfried.de\/wp\/wp-content\/uploads\/2011\/10\/DSCF00941-150x150.jpg\" class=\"attachment-thumbnail size-thumbnail\" alt=\"\" \/><\/a>\n\t\t\t<\/dt><\/dl>\n\t\t\t<br style='clear: both' \/>\n\t\t<\/div>\n\n<p>Kirche in der Dorfstra\u00dfe<\/p>\n<p><span style=\"text-decoration: underline;\"><strong>Gedenktafel 1813-15<\/strong><\/span><\/p>\n<address style=\"text-align: center;\"><em><strong>Aus diesem Kirchspiel starben f\u00fcr K\u00f6nig und Vaterland<\/strong><\/em><\/address>\n<address style=\"text-align: center;\"><em><strong>in den Kriegen 1813 bis 1815:<\/strong><\/em><\/address>\n<address style=\"text-align: center;\">\u00a0<\/address>\n<p>Gerich Christian-Friedrich aus Nattwerder<br \/>\nGerich Friedrich-Wilhelm aus Nattwerder<br \/>\nSchweingruber Heinrich aus Golm<br \/>\nZech Benedikt aus Golm<\/p>\n<address style=\"text-align: center;\"><em><strong>Sie zogen hier mit Gott zum Streite. F\u00fcr K\u00f6nig und Vaterland.<\/strong><\/em><\/address>\n<address style=\"text-align: center;\"><em><strong>Der Tod nahm sie von unsere Seite. Und f\u00fchrte sie ins be\u00dfre Land.<\/strong><\/em><\/address>\n<address style=\"text-align: center;\"><em><strong>Im Himmel fanden sie ihr Gl\u00fcck. Doch bleibt ihr Nam bei uns zur\u00fcck.<\/strong><\/em><\/address>\n<address style=\"text-align: center;\">\u00a0<\/address>\n<p><span style=\"text-decoration: underline;\"><strong>Private Gr\u00e4ber \u00a01939-1945<\/strong><\/span><\/p>\n<address>Funker Friedrich Mauerhof * 23.07.1926 vermi\u00dft 1946<\/address>\n<p>(<strong>Friedrich Mauerhof<\/strong>\u00a0wurde noch nicht auf einen vom Volksbund errichteten Soldatenfriedhof \u00fcberf\u00fchrt.\u00a0Nach den uns vorliegenden Informationen befindet sich sein Grab derzeit noch an folgendem Ort: Cholmy &#8211; Belarus.\u00a0Der Volksbund ist bem\u00fcht, auf der Grundlage von Kriegsgr\u00e4berabkommen die Gr\u00e4ber der deutschen Soldaten zu finden und ihnen auf Dauer gesicherte Ruhest\u00e4tten zu geben. Wir hoffen, in nicht allzu ferner Zukunft auch das Grab von Friedrich Mauerhof zu finden und die Gebeine auf einen Soldatenfriedhof \u00fcberf\u00fchren zu k\u00f6nnen. Volksbund)<\/p>\n<address>Friedrich Wilhelm * 19.08.1921 \u2020 04.03.1942<br \/>\nFritz Kr\u00f6ning * 05.05.1906 vermi\u00dft 1945<\/address>\n<address>\u00a0<\/address>\n<address>\u00a0<\/address>\n","protected":false},"excerpt":{"rendered":"<p>&nbsp; 14469 Potsdam &#8211; OT Nattwerder Bericht und Bilder von Thomas Potsdamer-Ehrenmale.de Kirche in der Dorfstra\u00dfe Gedenktafel 1813-15 Aus diesem Kirchspiel starben f\u00fcr K\u00f6nig und Vaterland in den Kriegen 1813 bis 1815: \u00a0 Gerich Christian-Friedrich aus Nattwerder Gerich Friedrich-Wilhelm aus &hellip; <a href=\"http:\/\/www.denkfried.de\/wp\/?page_id=14008\">Weiterlesen <span class=\"meta-nav\">&rarr;<\/span><\/a><\/p>\n","protected":false},"author":9,"featured_media":0,"parent":4652,"menu_order":0,"comment_status":"closed","ping_status":"open","template":"","meta":{"footnotes":""},"class_list":["post-14008","page","type-page","status-publish","hentry"],"_links":{"self":[{"href":"http:\/\/www.denkfried.de\/wp\/index.php?rest_route=\/wp\/v2\/pages\/14008","targetHints":{"allow":["GET"]}}],"collection":[{"href":"http:\/\/www.denkfried.de\/wp\/index.php?rest_route=\/wp\/v2\/pages"}],"about":[{"href":"http:\/\/www.denkfried.de\/wp\/index.php?rest_route=\/wp\/v2\/types\/page"}],"author":[{"embeddable":true,"href":"http:\/\/www.denkfried.de\/wp\/index.php?rest_route=\/wp\/v2\/users\/9"}],"replies":[{"embeddable":true,"href":"http:\/\/www.denkfried.de\/wp\/index.php?rest_route=%2Fwp%2Fv2%2Fcomments&post=14008"}],"version-history":[{"count":13,"href":"http:\/\/www.denkfried.de\/wp\/index.php?rest_route=\/wp\/v2\/pages\/14008\/revisions"}],"predecessor-version":[{"id":31932,"href":"http:\/\/www.denkfried.de\/wp\/index.php?rest_route=\/wp\/v2\/pages\/14008\/revisions\/31932"}],"up":[{"embeddable":true,"href":"http:\/\/www.denkfried.de\/wp\/index.php?rest_route=\/wp\/v2\/pages\/4652"}],"wp:attachment":[{"href":"http:\/\/www.denkfried.de\/wp\/index.php?rest_route=%2Fwp%2Fv2%2Fmedia&parent=14008"}],"curies":[{"name":"wp","href":"https:\/\/api.w.org\/{rel}","templated":true}]}}