{"id":13728,"date":"2011-10-29T11:52:43","date_gmt":"2011-10-29T09:52:43","guid":{"rendered":"http:\/\/www.denkfried.de\/wp\/?page_id=13728"},"modified":"2015-12-28T22:24:27","modified_gmt":"2015-12-28T21:24:27","slug":"paaren-im-glien-gedenktafeln","status":"publish","type":"page","link":"http:\/\/www.denkfried.de\/wp\/?page_id=13728","title":{"rendered":"Paaren im Glien &#8211; Gedenktafeln"},"content":{"rendered":"<p>&nbsp;<\/p>\n<p><strong>14621 Paaren im Glien<\/strong> &#8211; Gedenktafeln<\/p>\n<p>Bericht und Bilder von Thomas\u00a0<a href=\"http:\/\/g-bb.jimdo.com\/\">Gefallenendenkm\u00e4ler Berlin\/Brandenburg<\/a><\/p>\n<div id='gallery-1' class='gallery galleryid-13728 gallery-columns-3 gallery-size-thumbnail'><dl class='gallery-item'>\n\t\t\t<dt class='gallery-icon portrait'>\n\t\t\t\t<a href='http:\/\/www.denkfried.de\/wp\/?attachment_id=13729'><img loading=\"lazy\" decoding=\"async\" width=\"150\" height=\"150\" src=\"http:\/\/www.denkfried.de\/wp\/wp-content\/uploads\/2011\/10\/Tafel-I-Bild-1-150x150.jpg\" class=\"attachment-thumbnail size-thumbnail\" alt=\"\" \/><\/a>\n\t\t\t<\/dt><\/dl><dl class='gallery-item'>\n\t\t\t<dt class='gallery-icon landscape'>\n\t\t\t\t<a href='http:\/\/www.denkfried.de\/wp\/?attachment_id=13730'><img loading=\"lazy\" decoding=\"async\" width=\"150\" height=\"150\" src=\"http:\/\/www.denkfried.de\/wp\/wp-content\/uploads\/2011\/10\/Tafel-I-Bild-2-150x150.jpg\" class=\"attachment-thumbnail size-thumbnail\" alt=\"\" \/><\/a>\n\t\t\t<\/dt><\/dl><dl class='gallery-item'>\n\t\t\t<dt class='gallery-icon landscape'>\n\t\t\t\t<a href='http:\/\/www.denkfried.de\/wp\/?attachment_id=13731'><img loading=\"lazy\" decoding=\"async\" width=\"150\" height=\"150\" src=\"http:\/\/www.denkfried.de\/wp\/wp-content\/uploads\/2011\/10\/Tafel-I-Bild-4-150x150.jpg\" class=\"attachment-thumbnail size-thumbnail\" alt=\"\" \/><\/a>\n\t\t\t<\/dt><\/dl><br style=\"clear: both\" \/><dl class='gallery-item'>\n\t\t\t<dt class='gallery-icon portrait'>\n\t\t\t\t<a href='http:\/\/www.denkfried.de\/wp\/?attachment_id=13732'><img loading=\"lazy\" decoding=\"async\" width=\"150\" height=\"150\" src=\"http:\/\/www.denkfried.de\/wp\/wp-content\/uploads\/2011\/10\/Tafel-II-Bild-1-150x150.jpg\" class=\"attachment-thumbnail size-thumbnail\" alt=\"\" \/><\/a>\n\t\t\t<\/dt><\/dl><dl class='gallery-item'>\n\t\t\t<dt class='gallery-icon portrait'>\n\t\t\t\t<a href='http:\/\/www.denkfried.de\/wp\/?attachment_id=13734'><img loading=\"lazy\" decoding=\"async\" width=\"150\" height=\"150\" src=\"http:\/\/www.denkfried.de\/wp\/wp-content\/uploads\/2011\/10\/Tafel-II-Bild-4-150x150.jpg\" class=\"attachment-thumbnail size-thumbnail\" alt=\"\" \/><\/a>\n\t\t\t<\/dt><\/dl><dl class='gallery-item'>\n\t\t\t<dt class='gallery-icon landscape'>\n\t\t\t\t<a href='http:\/\/www.denkfried.de\/wp\/?attachment_id=13733'><img loading=\"lazy\" decoding=\"async\" width=\"150\" height=\"150\" src=\"http:\/\/www.denkfried.de\/wp\/wp-content\/uploads\/2011\/10\/Tafel-II-Bild-3-150x150.jpg\" class=\"attachment-thumbnail size-thumbnail\" alt=\"\" \/><\/a>\n\t\t\t<\/dt><\/dl><br style=\"clear: both\" \/>\n\t\t<\/div>\n\n<p>In der Evangelischen Kirche gibt es zwei Gedenktafeln, auf ihnen sind die Namen von Soldaten des Deutsch-D\u00e4nischen Krieg 1864, Preu\u00dfisch-Deutschen Krieg 1866, und des Deutsch-Franz\u00f6sischen Krieges 1870-71 niedergeschrieben.<\/p>\n<p>Die Namen \u00e4hneln sich auf beiden Tafeln.<\/p>\n<p>Hier wurden wahrscheinlich die erhaltenen Orden angebracht,<br \/>\nzu sehen sind noch die Ordensb\u00e4nder.<\/p>\n<p style=\"text-align: center;\"><em><strong>Mit Gott f\u00fcr K\u00f6nig und Vaterland,<\/strong><\/em><br \/>\n<em><strong>waren aus diesem Kirchspiel eingezogen, und K\u00e4mpften<\/strong><\/em><br \/>\n<em><strong>in den glorreichen Feldz\u00fcgen 1864,66,1870-71<\/strong><\/em><\/p>\n<p><em><strong>Paaren den 2. September 1900<\/strong><\/em><\/p>\n<p>&nbsp;<\/p>\n<p><span style=\"text-decoration: underline;\">Namensliste:<\/span><\/p>\n<p>Bathe L. &#8211; F\u00fcsilier &#8211; Nr. 35 &#8211; 1864,1866,1870-71<br \/>\nBathe Fr. &#8211; Musketier &#8211; Nr. 24 &#8211; 1864,1866,1870-71<br \/>\nBathe W. &#8211; F\u00fcsilier &#8211; Nr. 35 &#8211; 1870-71<br \/>\nBeuster Fr. &#8211; Musketier &#8211; Nr. 24 &#8211; 1870-71<br \/>\nBillerbeck Aug. &#8211; Musketier &#8211; Nr. 24 &#8211; 1870-71<br \/>\nBillerbeck K. &#8211; J\u00e4ger &#8211; Nr. 3 &#8211; 1866,1870-71<br \/>\nBreithoff Fr. &#8211; 1864,1866,1870-71<br \/>\nFriesicke W. &#8211; 1864,1866,1870-71<br \/>\nGenschow K. &#8211; K\u00fcrasier &#8211; Nr. 6 &#8211; 1870-71<br \/>\nGersabeck L. &#8211; Garde &#8211; Nr. 4<br \/>\nGutschow W. &#8211; 1864,1866,1870-71<br \/>\nHorchert Frd. &#8211; K\u00fcrasier &#8211; Nr. 6 &#8211; 1864,1866,1870-71<br \/>\nHorchert H. &#8211; Dragoner-Garde Nr. 2 &#8211; 1866,1870-71<br \/>\nJersabeck L. &#8211; 1864,1866,1870-71<br \/>\nKawinkel Aug. &#8211; Musketier &#8211; Nr. 24 &#8211; 1870-71<br \/>\nKerber K. &#8211; 1870-71<br \/>\nKersten Aug. &#8211; Fest.-Artillerie &#8211; Nr. 3 &#8211; 1870-71<br \/>\nKersten Fr. &#8211; 1870-71<br \/>\nKersten K. &#8211; Fest.-Artillerie. &#8211; Nr. 3 &#8211; 1870-71<br \/>\nLange Aug. &#8211; Musketier &#8211; Nr. 24 &#8211; 1864,1866,1870-71<br \/>\nMiericke W. &#8211; Musketier &#8211; Nr. 24 &#8211; 1866,1870-71<br \/>\nM\u00fcller Ad. &#8211; Musketier &#8211; Nr. 24 &#8211; 1870-71<br \/>\nRogge Fr. &#8211; Musketier &#8211; Nr. 24 &#8211; 1870-71<br \/>\nRogge K. &#8211; F\u00fcsilier &#8211; Nr. 24 &#8211; 1864,1866,1870-71<br \/>\nSchilling K. &#8211; Musketier &#8211; Nr. 24 &#8211; 1866,1870-71<br \/>\nSchilling K. &#8211; F\u00fcsilier &#8211; Nr. 35 &#8211; 1870-71<br \/>\nSchilling W. &#8211; F\u00fcsilier &#8211; Nr. 35 &#8211; 1870-71<br \/>\nSchilling W. &#8211; Musketier &#8211; Nr. 24 &#8211; 1870-71<br \/>\nSchuchardt L. &#8211; 1864,1866,1870-71<br \/>\nSchurbaum Fr. &#8211; K\u00fcrasier &#8211; Nr. 6 &#8211; 1870-71<br \/>\nSeeburg Fr. &#8211; 1870-71<br \/>\nStieb Fr. &#8211; Train. &#8211; 1864,1866,1870-71<br \/>\nVieth K. &#8211; Musketier &#8211; Nr. 24 &#8211; 1870-71<br \/>\nVieth S. &#8211; Ulane &#8211; Nr. 11 &#8211; 1870-71<br \/>\nVieth W. &#8211; F\u00fcsilier &#8211; Nr. 35 &#8211; 1870-71<br \/>\nVoigt W. &#8211; F\u00fcsilier &#8211; Nr. 24 &#8211; 1864,1866,1870-71<br \/>\nWendland K. &#8211; F\u00fcsilier &#8211; Nr. 35 &#8211; 1870-71<\/p>\n","protected":false},"excerpt":{"rendered":"<p>&nbsp; 14621 Paaren im Glien &#8211; Gedenktafeln Bericht und Bilder von Thomas\u00a0Gefallenendenkm\u00e4ler Berlin\/Brandenburg In der Evangelischen Kirche gibt es zwei Gedenktafeln, auf ihnen sind die Namen von Soldaten des Deutsch-D\u00e4nischen Krieg 1864, Preu\u00dfisch-Deutschen Krieg 1866, und des Deutsch-Franz\u00f6sischen Krieges 1870-71 &hellip; <a href=\"http:\/\/www.denkfried.de\/wp\/?page_id=13728\">Weiterlesen <span class=\"meta-nav\">&rarr;<\/span><\/a><\/p>\n","protected":false},"author":9,"featured_media":0,"parent":5301,"menu_order":0,"comment_status":"closed","ping_status":"open","template":"","meta":{"footnotes":""},"class_list":["post-13728","page","type-page","status-publish","hentry"],"_links":{"self":[{"href":"http:\/\/www.denkfried.de\/wp\/index.php?rest_route=\/wp\/v2\/pages\/13728","targetHints":{"allow":["GET"]}}],"collection":[{"href":"http:\/\/www.denkfried.de\/wp\/index.php?rest_route=\/wp\/v2\/pages"}],"about":[{"href":"http:\/\/www.denkfried.de\/wp\/index.php?rest_route=\/wp\/v2\/types\/page"}],"author":[{"embeddable":true,"href":"http:\/\/www.denkfried.de\/wp\/index.php?rest_route=\/wp\/v2\/users\/9"}],"replies":[{"embeddable":true,"href":"http:\/\/www.denkfried.de\/wp\/index.php?rest_route=%2Fwp%2Fv2%2Fcomments&post=13728"}],"version-history":[{"count":9,"href":"http:\/\/www.denkfried.de\/wp\/index.php?rest_route=\/wp\/v2\/pages\/13728\/revisions"}],"predecessor-version":[{"id":40140,"href":"http:\/\/www.denkfried.de\/wp\/index.php?rest_route=\/wp\/v2\/pages\/13728\/revisions\/40140"}],"up":[{"embeddable":true,"href":"http:\/\/www.denkfried.de\/wp\/index.php?rest_route=\/wp\/v2\/pages\/5301"}],"wp:attachment":[{"href":"http:\/\/www.denkfried.de\/wp\/index.php?rest_route=%2Fwp%2Fv2%2Fmedia&parent=13728"}],"curies":[{"name":"wp","href":"https:\/\/api.w.org\/{rel}","templated":true}]}}