{"id":13703,"date":"2011-10-29T11:25:58","date_gmt":"2011-10-29T09:25:58","guid":{"rendered":"http:\/\/www.denkfried.de\/wp\/?page_id=13703"},"modified":"2015-12-28T22:23:15","modified_gmt":"2015-12-28T21:23:15","slug":"ketzin-ot-falkenrehde","status":"publish","type":"page","link":"http:\/\/www.denkfried.de\/wp\/?page_id=13703","title":{"rendered":"Ketzin &#8211; OT Falkenrehde"},"content":{"rendered":"<p>&nbsp;<\/p>\n<p><span style=\"text-decoration: underline;\">14669\u00a0Ketzin &#8211; <strong>OT Falkenrehde<\/strong><\/span><\/p>\n<p>Bericht und Bilder von Thomas\u00a0<a href=\"http:\/\/g-bb.jimdo.com\/\">Gefallenendenkm\u00e4ler Berlin\/Brandenburg<\/a><\/p>\n<div id='gallery-1' class='gallery galleryid-13703 gallery-columns-3 gallery-size-thumbnail'><dl class='gallery-item'>\n\t\t\t<dt class='gallery-icon portrait'>\n\t\t\t\t<a href='http:\/\/www.denkfried.de\/wp\/?attachment_id=13704'><img loading=\"lazy\" decoding=\"async\" width=\"150\" height=\"150\" src=\"http:\/\/www.denkfried.de\/wp\/wp-content\/uploads\/2011\/10\/1-WK-Bild-2-150x150.jpg\" class=\"attachment-thumbnail size-thumbnail\" alt=\"\" \/><\/a>\n\t\t\t<\/dt><\/dl><dl class='gallery-item'>\n\t\t\t<dt class='gallery-icon landscape'>\n\t\t\t\t<a href='http:\/\/www.denkfried.de\/wp\/?attachment_id=13706'><img loading=\"lazy\" decoding=\"async\" width=\"150\" height=\"150\" src=\"http:\/\/www.denkfried.de\/wp\/wp-content\/uploads\/2011\/10\/1-WK-Bild-6-150x150.jpg\" class=\"attachment-thumbnail size-thumbnail\" alt=\"\" \/><\/a>\n\t\t\t<\/dt><\/dl><dl class='gallery-item'>\n\t\t\t<dt class='gallery-icon landscape'>\n\t\t\t\t<a href='http:\/\/www.denkfried.de\/wp\/?attachment_id=13707'><img loading=\"lazy\" decoding=\"async\" width=\"150\" height=\"150\" src=\"http:\/\/www.denkfried.de\/wp\/wp-content\/uploads\/2011\/10\/2-WK-Bild-1-150x150.jpg\" class=\"attachment-thumbnail size-thumbnail\" alt=\"\" \/><\/a>\n\t\t\t<\/dt><\/dl><br style=\"clear: both\" \/><dl class='gallery-item'>\n\t\t\t<dt class='gallery-icon portrait'>\n\t\t\t\t<a href='http:\/\/www.denkfried.de\/wp\/?attachment_id=13708'><img loading=\"lazy\" decoding=\"async\" width=\"150\" height=\"150\" src=\"http:\/\/www.denkfried.de\/wp\/wp-content\/uploads\/2011\/10\/2-WK-Bild-2-150x150.jpg\" class=\"attachment-thumbnail size-thumbnail\" alt=\"\" \/><\/a>\n\t\t\t<\/dt><\/dl><dl class='gallery-item'>\n\t\t\t<dt class='gallery-icon landscape'>\n\t\t\t\t<a href='http:\/\/www.denkfried.de\/wp\/?attachment_id=13709'><img loading=\"lazy\" decoding=\"async\" width=\"150\" height=\"150\" src=\"http:\/\/www.denkfried.de\/wp\/wp-content\/uploads\/2011\/10\/2-WK-Bild-3-Feld-1-150x150.jpg\" class=\"attachment-thumbnail size-thumbnail\" alt=\"\" \/><\/a>\n\t\t\t<\/dt><\/dl><dl class='gallery-item'>\n\t\t\t<dt class='gallery-icon landscape'>\n\t\t\t\t<a href='http:\/\/www.denkfried.de\/wp\/?attachment_id=13710'><img loading=\"lazy\" decoding=\"async\" width=\"150\" height=\"150\" src=\"http:\/\/www.denkfried.de\/wp\/wp-content\/uploads\/2011\/10\/2-WK-Bild-4-Feld-2-150x150.jpg\" class=\"attachment-thumbnail size-thumbnail\" alt=\"\" \/><\/a>\n\t\t\t<\/dt><\/dl><br style=\"clear: both\" \/>\n\t\t<\/div>\n\n<p>Auf dem Friedhof in der Potsdamer Allee, hier steht gegen\u00fcber dem Eingang ein Denkmal f\u00fcr die Gefallenen des Ersten Weltkrieges.<\/p>\n<p style=\"text-align: center;\"><em><strong>Dem Andenken ihrer im Weltkrieg f\u00fcr das Vaterland gefallenen S\u00f6hne\u00a0<\/strong><\/em><br \/>\n<em><strong>Die Gemeinde Falkenrehde 1914 &#8211; 1918<\/strong><\/em><\/p>\n<p>Hier sind 14 Namen verzeichnet. Daneben ist ein kleiner Findling.<\/p>\n<p style=\"text-align: center;\"><em><strong>Zum Gedenken an die Gefallenen des 2 Weltkriege<\/strong><strong>s<\/strong><\/em><\/p>\n<p>Hier sind 22 Namen aufgef\u00fchrt.<\/p>\n<p>Im hinteren Bereich befindet sich ein Anlage f\u00fcr weitere Gefallenen des Zweiten Weltkrieges. Hier ruhen Insgesamt 20 Kriegstote davon blieben\u00a04 Unbekannt welche am 05.05.1945 starben.<\/p>\n<p>Die Namen wurden in die Datenbank Eingepflegt.<\/p>\n","protected":false},"excerpt":{"rendered":"<p>&nbsp; 14669\u00a0Ketzin &#8211; OT Falkenrehde Bericht und Bilder von Thomas\u00a0Gefallenendenkm\u00e4ler Berlin\/Brandenburg Auf dem Friedhof in der Potsdamer Allee, hier steht gegen\u00fcber dem Eingang ein Denkmal f\u00fcr die Gefallenen des Ersten Weltkrieges. Dem Andenken ihrer im Weltkrieg f\u00fcr das Vaterland gefallenen &hellip; <a href=\"http:\/\/www.denkfried.de\/wp\/?page_id=13703\">Weiterlesen <span class=\"meta-nav\">&rarr;<\/span><\/a><\/p>\n","protected":false},"author":9,"featured_media":0,"parent":10173,"menu_order":0,"comment_status":"closed","ping_status":"open","template":"","meta":{"footnotes":""},"class_list":["post-13703","page","type-page","status-publish","hentry"],"_links":{"self":[{"href":"http:\/\/www.denkfried.de\/wp\/index.php?rest_route=\/wp\/v2\/pages\/13703","targetHints":{"allow":["GET"]}}],"collection":[{"href":"http:\/\/www.denkfried.de\/wp\/index.php?rest_route=\/wp\/v2\/pages"}],"about":[{"href":"http:\/\/www.denkfried.de\/wp\/index.php?rest_route=\/wp\/v2\/types\/page"}],"author":[{"embeddable":true,"href":"http:\/\/www.denkfried.de\/wp\/index.php?rest_route=\/wp\/v2\/users\/9"}],"replies":[{"embeddable":true,"href":"http:\/\/www.denkfried.de\/wp\/index.php?rest_route=%2Fwp%2Fv2%2Fcomments&post=13703"}],"version-history":[{"count":12,"href":"http:\/\/www.denkfried.de\/wp\/index.php?rest_route=\/wp\/v2\/pages\/13703\/revisions"}],"predecessor-version":[{"id":40137,"href":"http:\/\/www.denkfried.de\/wp\/index.php?rest_route=\/wp\/v2\/pages\/13703\/revisions\/40137"}],"up":[{"embeddable":true,"href":"http:\/\/www.denkfried.de\/wp\/index.php?rest_route=\/wp\/v2\/pages\/10173"}],"wp:attachment":[{"href":"http:\/\/www.denkfried.de\/wp\/index.php?rest_route=%2Fwp%2Fv2%2Fmedia&parent=13703"}],"curies":[{"name":"wp","href":"https:\/\/api.w.org\/{rel}","templated":true}]}}