{"id":13676,"date":"2011-10-28T22:26:52","date_gmt":"2011-10-28T20:26:52","guid":{"rendered":"http:\/\/www.denkfried.de\/wp\/?page_id=13676"},"modified":"2015-12-28T22:27:37","modified_gmt":"2015-12-28T21:27:37","slug":"lebus-ot-schonflies","status":"publish","type":"page","link":"http:\/\/www.denkfried.de\/wp\/?page_id=13676","title":{"rendered":"Sch\u00f6nflie\u00df"},"content":{"rendered":"<p>&nbsp;<\/p>\n<p><span style=\"text-decoration: underline;\">15326\u00a0Lebus &#8211; <strong>OT Sch\u00f6nflie\u00df<\/strong><\/span><\/p>\n<p style=\"text-align: left;\">Bericht und Bilder von Thomas\u00a0<a href=\"http:\/\/g-bb.jimdo.com\/\">Gefallenendenkm\u00e4ler Berlin\/Brandenburg<\/a><\/p>\n<div style=\"text-align: left;\">\n<div id='gallery-1' class='gallery galleryid-13676 gallery-columns-3 gallery-size-thumbnail'><dl class='gallery-item'>\n\t\t\t<dt class='gallery-icon portrait'>\n\t\t\t\t<a href='http:\/\/www.denkfried.de\/wp\/?attachment_id=13678'><img loading=\"lazy\" decoding=\"async\" width=\"150\" height=\"150\" src=\"http:\/\/www.denkfried.de\/wp\/wp-content\/uploads\/2011\/10\/118-150x150.jpg\" class=\"attachment-thumbnail size-thumbnail\" alt=\"\" \/><\/a>\n\t\t\t<\/dt><\/dl><dl class='gallery-item'>\n\t\t\t<dt class='gallery-icon landscape'>\n\t\t\t\t<a href='http:\/\/www.denkfried.de\/wp\/?attachment_id=13679'><img loading=\"lazy\" decoding=\"async\" width=\"150\" height=\"150\" src=\"http:\/\/www.denkfried.de\/wp\/wp-content\/uploads\/2011\/10\/215-150x150.jpg\" class=\"attachment-thumbnail size-thumbnail\" alt=\"\" \/><\/a>\n\t\t\t<\/dt><\/dl><dl class='gallery-item'>\n\t\t\t<dt class='gallery-icon landscape'>\n\t\t\t\t<a href='http:\/\/www.denkfried.de\/wp\/?attachment_id=13680'><img loading=\"lazy\" decoding=\"async\" width=\"150\" height=\"150\" src=\"http:\/\/www.denkfried.de\/wp\/wp-content\/uploads\/2011\/10\/312-150x150.jpg\" class=\"attachment-thumbnail size-thumbnail\" alt=\"\" \/><\/a>\n\t\t\t<\/dt><\/dl><br style=\"clear: both\" \/><dl class='gallery-item'>\n\t\t\t<dt class='gallery-icon landscape'>\n\t\t\t\t<a href='http:\/\/www.denkfried.de\/wp\/?attachment_id=13681'><img loading=\"lazy\" decoding=\"async\" width=\"150\" height=\"150\" src=\"http:\/\/www.denkfried.de\/wp\/wp-content\/uploads\/2011\/10\/49-150x150.jpg\" class=\"attachment-thumbnail size-thumbnail\" alt=\"\" \/><\/a>\n\t\t\t<\/dt><\/dl><dl class='gallery-item'>\n\t\t\t<dt class='gallery-icon landscape'>\n\t\t\t\t<a href='http:\/\/www.denkfried.de\/wp\/?attachment_id=13683'><img loading=\"lazy\" decoding=\"async\" width=\"150\" height=\"150\" src=\"http:\/\/www.denkfried.de\/wp\/wp-content\/uploads\/2011\/10\/69-150x150.jpg\" class=\"attachment-thumbnail size-thumbnail\" alt=\"\" \/><\/a>\n\t\t\t<\/dt><\/dl><dl class='gallery-item'>\n\t\t\t<dt class='gallery-icon landscape'>\n\t\t\t\t<a href='http:\/\/www.denkfried.de\/wp\/?attachment_id=13682'><img loading=\"lazy\" decoding=\"async\" width=\"150\" height=\"150\" src=\"http:\/\/www.denkfried.de\/wp\/wp-content\/uploads\/2011\/10\/56-150x150.jpg\" class=\"attachment-thumbnail size-thumbnail\" alt=\"\" \/><\/a>\n\t\t\t<\/dt><\/dl><br style=\"clear: both\" \/>\n\t\t<\/div>\n\n<p><span style=\"text-decoration: underline;\"><strong>Denkmal 1914-1918<\/strong><\/span><\/p>\n<p>Am Eingang des Kirchhofs, steht links das Besch\u00e4digte Denkmal.<\/p>\n<address style=\"text-align: center;\"><em><strong>Ihren gefallenen Helden<\/strong><\/em><\/address>\n<address style=\"text-align: center;\"><em><strong>die Gemeinde Sch\u00f6nflie\u00df 1914-1918<\/strong><\/em><\/address>\n<address style=\"text-align: center;\">\u00a0<\/address>\n<p><span style=\"text-decoration: underline;\"><strong>Kriegsgr\u00e4ber 1939-1945<\/strong><\/span><\/p>\n<p>Ein Gr\u00e4berfeld ist neben der alten Dorfkirche, hier stehen 14 Holzkreuze f\u00fcr 28 Gefallene.<\/p>\n<address style=\"text-align: left;\">Wehrmann Blaschke Karl *\u00a014.12.1909 \u2020\u00a016.04.1945<\/address>\n<address style=\"text-align: left;\">Gefreiter Blum Mathias *\u00a018.09.1909 \u2020\u00a016.04.1945<\/address>\n<address style=\"text-align: left;\">Gefreiter D\u00f6nges Georg *\u00a004.03.1907 \u2020\u00a018.03.1945<\/address>\n<address style=\"text-align: left;\">Fischer Heinz-Wilhelm *\u00a012.05.1925 \u2020\u00a0April 1945<\/address>\n<address style=\"text-align: left;\">Feldwebel Gr\u00e4ser Fritz \u00a0* 02.08.1919 \u2020\u00a018.03.1945<\/address>\n<address style=\"text-align: left;\">Volksturmmann Heller August *\u00a020.08.1897 \u2020\u00a0April 1945<\/address>\n<address style=\"text-align: left;\">Grenadier Heuer Hermann *\u00a025.06.1913 \u2020\u00a016.04.1945<\/address>\n<address style=\"text-align: left;\">Grenadier Humburg Karl-Heinz *\u00a022.05.1927 \u2020\u00a015.04.1945<\/address>\n<address style=\"text-align: left;\">Soldat Krei Max *\u00a001.10.1907 \u2020\u00a017.04.1945<\/address>\n<address style=\"text-align: left;\">Obergefreiter Meisenzahl Lothar *\u00a025.08.1921 \u2020\u00a0April 1945<\/address>\n<address style=\"text-align: left;\">Gefreiter Merz Otto * 22.01.1915\u00a0\u2020\u00a010.04.1945<\/address>\n<address style=\"text-align: left;\">M\u00fcller\u00a0Hieronymus *\u00a022.08.1926 \u2020\u00a004.04.1945<\/address>\n<address style=\"text-align: left;\">Volksturmmann\u00a0Pietsch Friedrich *\u00a011.06.1895 \u2020\u00a012.04.1945<\/address>\n<address style=\"text-align: left;\">Kanonier Veckenstedt Wolfram *\u00a001.07.1926 \u2020\u00a010.02.1945<\/address>\n<\/div>\n","protected":false},"excerpt":{"rendered":"<p>&nbsp; 15326\u00a0Lebus &#8211; OT Sch\u00f6nflie\u00df Bericht und Bilder von Thomas\u00a0Gefallenendenkm\u00e4ler Berlin\/Brandenburg Denkmal 1914-1918 Am Eingang des Kirchhofs, steht links das Besch\u00e4digte Denkmal. Ihren gefallenen Helden die Gemeinde Sch\u00f6nflie\u00df 1914-1918 \u00a0 Kriegsgr\u00e4ber 1939-1945 Ein Gr\u00e4berfeld ist neben der alten Dorfkirche, hier &hellip; <a href=\"http:\/\/www.denkfried.de\/wp\/?page_id=13676\">Weiterlesen <span class=\"meta-nav\">&rarr;<\/span><\/a><\/p>\n","protected":false},"author":9,"featured_media":0,"parent":13665,"menu_order":0,"comment_status":"closed","ping_status":"open","template":"","meta":{"footnotes":""},"class_list":["post-13676","page","type-page","status-publish","hentry"],"_links":{"self":[{"href":"http:\/\/www.denkfried.de\/wp\/index.php?rest_route=\/wp\/v2\/pages\/13676","targetHints":{"allow":["GET"]}}],"collection":[{"href":"http:\/\/www.denkfried.de\/wp\/index.php?rest_route=\/wp\/v2\/pages"}],"about":[{"href":"http:\/\/www.denkfried.de\/wp\/index.php?rest_route=\/wp\/v2\/types\/page"}],"author":[{"embeddable":true,"href":"http:\/\/www.denkfried.de\/wp\/index.php?rest_route=\/wp\/v2\/users\/9"}],"replies":[{"embeddable":true,"href":"http:\/\/www.denkfried.de\/wp\/index.php?rest_route=%2Fwp%2Fv2%2Fcomments&post=13676"}],"version-history":[{"count":20,"href":"http:\/\/www.denkfried.de\/wp\/index.php?rest_route=\/wp\/v2\/pages\/13676\/revisions"}],"predecessor-version":[{"id":40144,"href":"http:\/\/www.denkfried.de\/wp\/index.php?rest_route=\/wp\/v2\/pages\/13676\/revisions\/40144"}],"up":[{"embeddable":true,"href":"http:\/\/www.denkfried.de\/wp\/index.php?rest_route=\/wp\/v2\/pages\/13665"}],"wp:attachment":[{"href":"http:\/\/www.denkfried.de\/wp\/index.php?rest_route=%2Fwp%2Fv2%2Fmedia&parent=13676"}],"curies":[{"name":"wp","href":"https:\/\/api.w.org\/{rel}","templated":true}]}}