{"id":13557,"date":"2011-10-28T17:48:34","date_gmt":"2011-10-28T15:48:34","guid":{"rendered":"http:\/\/www.denkfried.de\/wp\/?page_id=13557"},"modified":"2015-12-28T22:13:45","modified_gmt":"2015-12-28T21:13:45","slug":"dallgow-doberitz-ot-rohrbeck","status":"publish","type":"page","link":"http:\/\/www.denkfried.de\/wp\/?page_id=13557","title":{"rendered":"Rohrbeck"},"content":{"rendered":"<p>&nbsp;<\/p>\n<p><strong>14624 Dallgow-D\u00f6beritz<\/strong> &#8211; OT Rohrbeck<\/p>\n<p>Bericht und Bilder von Thomas\u00a0<a href=\"http:\/\/g-bb.jimdo.com\/\">Gefallenendenkm\u00e4ler Berlin\/Brandenburg<\/a><\/p>\n<div id='gallery-1' class='gallery galleryid-13557 gallery-columns-4 gallery-size-thumbnail'><dl class='gallery-item'>\n\t\t\t<dt class='gallery-icon landscape'>\n\t\t\t\t<a href='http:\/\/www.denkfried.de\/wp\/?attachment_id=13582'><img loading=\"lazy\" decoding=\"async\" width=\"150\" height=\"150\" src=\"http:\/\/www.denkfried.de\/wp\/wp-content\/uploads\/2011\/10\/rohrbeck-150x150.jpg\" class=\"attachment-thumbnail size-thumbnail\" alt=\"\" \/><\/a>\n\t\t\t<\/dt><\/dl><dl class='gallery-item'>\n\t\t\t<dt class='gallery-icon portrait'>\n\t\t\t\t<a href='http:\/\/www.denkfried.de\/wp\/?attachment_id=13583'><img loading=\"lazy\" decoding=\"async\" width=\"150\" height=\"150\" src=\"http:\/\/www.denkfried.de\/wp\/wp-content\/uploads\/2011\/10\/rohrbeck-2-150x150.jpg\" class=\"attachment-thumbnail size-thumbnail\" alt=\"\" \/><\/a>\n\t\t\t<\/dt><\/dl>\n\t\t\t<br style='clear: both' \/>\n\t\t<\/div>\n\n<p>Hier gibt es ein Denkmal f\u00fcr Gefallene des Ersten Weltkrieges.<\/p>\n<p>Einst Kr\u00f6nte hier ein Preu\u00dfischer Adler, der sp\u00e4ter durch ein Eisernes Kreuz ersetzt wurde.<br \/>\nNun befindet sich eine Friedenstaube auf dem Ehrenmal.<\/p>\n<p style=\"text-align: center;\"><em><strong>F\u00fcr das Vaterland starben im Weltkriege 1914 &#8211; 1918<\/strong><\/em><br \/>\n<em><strong>Ehre ihrem Andenken!<\/strong><\/em><\/p>\n<p>Sp\u00e4ter hinzugef\u00fcgt:\u00a0<em><strong>Den Toten aller Kriege<\/strong><\/em><\/p>\n","protected":false},"excerpt":{"rendered":"<p>&nbsp; 14624 Dallgow-D\u00f6beritz &#8211; OT Rohrbeck Bericht und Bilder von Thomas\u00a0Gefallenendenkm\u00e4ler Berlin\/Brandenburg Hier gibt es ein Denkmal f\u00fcr Gefallene des Ersten Weltkrieges. Einst Kr\u00f6nte hier ein Preu\u00dfischer Adler, der sp\u00e4ter durch ein Eisernes Kreuz ersetzt wurde. Nun befindet sich eine &hellip; <a href=\"http:\/\/www.denkfried.de\/wp\/?page_id=13557\">Weiterlesen <span class=\"meta-nav\">&rarr;<\/span><\/a><\/p>\n","protected":false},"author":9,"featured_media":0,"parent":5311,"menu_order":0,"comment_status":"closed","ping_status":"open","template":"","meta":{"footnotes":""},"class_list":["post-13557","page","type-page","status-publish","hentry"],"_links":{"self":[{"href":"http:\/\/www.denkfried.de\/wp\/index.php?rest_route=\/wp\/v2\/pages\/13557","targetHints":{"allow":["GET"]}}],"collection":[{"href":"http:\/\/www.denkfried.de\/wp\/index.php?rest_route=\/wp\/v2\/pages"}],"about":[{"href":"http:\/\/www.denkfried.de\/wp\/index.php?rest_route=\/wp\/v2\/types\/page"}],"author":[{"embeddable":true,"href":"http:\/\/www.denkfried.de\/wp\/index.php?rest_route=\/wp\/v2\/users\/9"}],"replies":[{"embeddable":true,"href":"http:\/\/www.denkfried.de\/wp\/index.php?rest_route=%2Fwp%2Fv2%2Fcomments&post=13557"}],"version-history":[{"count":8,"href":"http:\/\/www.denkfried.de\/wp\/index.php?rest_route=\/wp\/v2\/pages\/13557\/revisions"}],"predecessor-version":[{"id":40125,"href":"http:\/\/www.denkfried.de\/wp\/index.php?rest_route=\/wp\/v2\/pages\/13557\/revisions\/40125"}],"up":[{"embeddable":true,"href":"http:\/\/www.denkfried.de\/wp\/index.php?rest_route=\/wp\/v2\/pages\/5311"}],"wp:attachment":[{"href":"http:\/\/www.denkfried.de\/wp\/index.php?rest_route=%2Fwp%2Fv2%2Fmedia&parent=13557"}],"curies":[{"name":"wp","href":"https:\/\/api.w.org\/{rel}","templated":true}]}}