{"id":13550,"date":"2011-10-28T17:40:39","date_gmt":"2011-10-28T15:40:39","guid":{"rendered":"http:\/\/www.denkfried.de\/wp\/?page_id=13550"},"modified":"2015-12-28T22:10:32","modified_gmt":"2015-12-28T21:10:32","slug":"dallgow-doberitz-dallgow-ausbau","status":"publish","type":"page","link":"http:\/\/www.denkfried.de\/wp\/?page_id=13550","title":{"rendered":"Dallgow Ausbau"},"content":{"rendered":"<p>&nbsp;<\/p>\n<p><strong>14624 Dallgow D\u00f6beritz<\/strong> &#8211; Dallgow Ausbau<\/p>\n<p>Bericht und Bilder von Thomas\u00a0<a href=\"http:\/\/g-bb.jimdo.com\/\">Gefallenendenkm\u00e4ler Berlin\/Brandenburg<\/a><\/p>\n<div id='gallery-1' class='gallery galleryid-13550 gallery-columns-4 gallery-size-thumbnail'><dl class='gallery-item'>\n\t\t\t<dt class='gallery-icon landscape'>\n\t\t\t\t<a href='http:\/\/www.denkfried.de\/wp\/?attachment_id=36558'><img loading=\"lazy\" decoding=\"async\" width=\"150\" height=\"150\" src=\"http:\/\/www.denkfried.de\/wp\/wp-content\/uploads\/2011\/10\/Dallgow-D\u00f6beritz-Ausbau-Kriegsgr\u00e4berst\u00e4tte-1-150x150.jpg\" class=\"attachment-thumbnail size-thumbnail\" alt=\"\" \/><\/a>\n\t\t\t<\/dt><\/dl><dl class='gallery-item'>\n\t\t\t<dt class='gallery-icon landscape'>\n\t\t\t\t<a href='http:\/\/www.denkfried.de\/wp\/?attachment_id=36557'><img loading=\"lazy\" decoding=\"async\" width=\"150\" height=\"150\" src=\"http:\/\/www.denkfried.de\/wp\/wp-content\/uploads\/2011\/10\/Dallgow-D\u00f6beritz-Ausbau-Kriegsgr\u00e4berst\u00e4tte-150x150.jpg\" class=\"attachment-thumbnail size-thumbnail\" alt=\"\" \/><\/a>\n\t\t\t<\/dt><\/dl><dl class='gallery-item'>\n\t\t\t<dt class='gallery-icon landscape'>\n\t\t\t\t<a href='http:\/\/www.denkfried.de\/wp\/?attachment_id=36559'><img loading=\"lazy\" decoding=\"async\" width=\"150\" height=\"150\" src=\"http:\/\/www.denkfried.de\/wp\/wp-content\/uploads\/2011\/10\/Dallgow-D\u00f6beritz-Kriegsgr\u00e4ber-150x150.jpg\" class=\"attachment-thumbnail size-thumbnail\" alt=\"\" \/><\/a>\n\t\t\t<\/dt><\/dl><dl class='gallery-item'>\n\t\t\t<dt class='gallery-icon landscape'>\n\t\t\t\t<a href='http:\/\/www.denkfried.de\/wp\/?attachment_id=36560'><img loading=\"lazy\" decoding=\"async\" width=\"150\" height=\"150\" src=\"http:\/\/www.denkfried.de\/wp\/wp-content\/uploads\/2011\/10\/Dallgow-D\u00f6beritz-Kriesgopfer-150x150.jpg\" class=\"attachment-thumbnail size-thumbnail\" alt=\"\" \/><\/a>\n\t\t\t<\/dt><\/dl><br style=\"clear: both\" \/>\n\t\t<\/div>\n\n<p>In Dallgow-Ausbau, gleich hinter der Stadtgrenze von Berlin an der B 5 gelegen, liegt der alte Charlottenburger Friedhof. Am S\u00fcdende gibt es die Anlage f\u00fcr Kriegsopfer aus verschiedenen Nationen. Auf 4 Bronzetafeln sind die Namen der Toten verzeichnet.<\/p>\n<p style=\"text-align: center;\"><strong>Auf diesem Friedhof ruhen 170 Opfer des Krieges 1939 &#8211; 1945<\/strong><\/p>\n<p style=\"text-align: center;\"><strong><em>\u201eSorgt ihr, die ihr noch im Leben steht, dass Frieden bleibt,<\/em><\/strong><br \/>\n<strong><em>Frieden zwischen den Menschen, Frieden zwischen den V\u00f6lkern\u201c<\/em><\/strong><br \/>\n<em>Theodor Heuss<\/em><\/p>\n<p style=\"text-align: left;\">Wie es zu dieser Grablage kommt konnte noch nicht ermittelt werden. Im Abgleich der Namen beim Volksbund, fiel mir auf das die Mehrheit weit entfernt Verstorben ist. Viele im berliner Bezirk K\u00f6penick, der Weg hierher f\u00fchrt einmal Komplett durch Berlin. Auf der Kriegsgr\u00e4berst\u00e4tte ruhen Deutsche, Belgier, Jugoslawen, Polen, Russen, Tschechen, Kroaten, Holl\u00e4nder und ein Serbe. Unter den Toten blieben 8 Namenlos.<\/p>\n<p style=\"text-align: left;\">Die Namen wurden in die <a href=\"http:\/\/s2wk.gedenk-tafel.de\/comb\/\">Datenbank<\/a> eingepflegt.<\/p>\n","protected":false},"excerpt":{"rendered":"<p>&nbsp; 14624 Dallgow D\u00f6beritz &#8211; Dallgow Ausbau Bericht und Bilder von Thomas\u00a0Gefallenendenkm\u00e4ler Berlin\/Brandenburg In Dallgow-Ausbau, gleich hinter der Stadtgrenze von Berlin an der B 5 gelegen, liegt der alte Charlottenburger Friedhof. Am S\u00fcdende gibt es die Anlage f\u00fcr Kriegsopfer aus &hellip; <a href=\"http:\/\/www.denkfried.de\/wp\/?page_id=13550\">Weiterlesen <span class=\"meta-nav\">&rarr;<\/span><\/a><\/p>\n","protected":false},"author":9,"featured_media":0,"parent":5311,"menu_order":0,"comment_status":"closed","ping_status":"open","template":"","meta":{"footnotes":""},"class_list":["post-13550","page","type-page","status-publish","hentry"],"_links":{"self":[{"href":"http:\/\/www.denkfried.de\/wp\/index.php?rest_route=\/wp\/v2\/pages\/13550","targetHints":{"allow":["GET"]}}],"collection":[{"href":"http:\/\/www.denkfried.de\/wp\/index.php?rest_route=\/wp\/v2\/pages"}],"about":[{"href":"http:\/\/www.denkfried.de\/wp\/index.php?rest_route=\/wp\/v2\/types\/page"}],"author":[{"embeddable":true,"href":"http:\/\/www.denkfried.de\/wp\/index.php?rest_route=\/wp\/v2\/users\/9"}],"replies":[{"embeddable":true,"href":"http:\/\/www.denkfried.de\/wp\/index.php?rest_route=%2Fwp%2Fv2%2Fcomments&post=13550"}],"version-history":[{"count":15,"href":"http:\/\/www.denkfried.de\/wp\/index.php?rest_route=\/wp\/v2\/pages\/13550\/revisions"}],"predecessor-version":[{"id":40121,"href":"http:\/\/www.denkfried.de\/wp\/index.php?rest_route=\/wp\/v2\/pages\/13550\/revisions\/40121"}],"up":[{"embeddable":true,"href":"http:\/\/www.denkfried.de\/wp\/index.php?rest_route=\/wp\/v2\/pages\/5311"}],"wp:attachment":[{"href":"http:\/\/www.denkfried.de\/wp\/index.php?rest_route=%2Fwp%2Fv2%2Fmedia&parent=13550"}],"curies":[{"name":"wp","href":"https:\/\/api.w.org\/{rel}","templated":true}]}}