{"id":13339,"date":"2011-10-25T18:56:31","date_gmt":"2011-10-25T16:56:31","guid":{"rendered":"http:\/\/www.denkfried.de\/wp\/?page_id=13339"},"modified":"2015-12-27T21:08:35","modified_gmt":"2015-12-27T20:08:35","slug":"lichterfelde-denkmaler","status":"publish","type":"page","link":"http:\/\/www.denkfried.de\/wp\/?page_id=13339","title":{"rendered":"Lichterfelde &#8211; DM"},"content":{"rendered":"<p>&nbsp;<\/p>\n<p><strong>Berlin-Lichterfelde<\/strong> Denkm\u00e4ler<\/p>\n<p>Bericht und Bilder von Thomas\u00a0<a href=\"http:\/\/g-bb.jimdo.com\/\">Gefallenendenkm\u00e4ler Berlin\/Brandenburg<\/a><\/p>\n<div id='gallery-1' class='gallery galleryid-13339 gallery-columns-4 gallery-size-thumbnail'><dl class='gallery-item'>\n\t\t\t<dt class='gallery-icon portrait'>\n\t\t\t\t<a href='http:\/\/www.denkfried.de\/wp\/?attachment_id=30163'><img loading=\"lazy\" decoding=\"async\" width=\"150\" height=\"150\" src=\"http:\/\/www.denkfried.de\/wp\/wp-content\/uploads\/2011\/10\/Ehrenmal-denkmal-Berlin-Lichterfelde-150x150.jpg\" class=\"attachment-thumbnail size-thumbnail\" alt=\"\" aria-describedby=\"gallery-1-30163\" \/><\/a>\n\t\t\t<\/dt>\n\t\t\t\t<dd class='wp-caption-text gallery-caption' id='gallery-1-30163'>\n\t\t\t\tDenkmal 1864,1866,1870-71\n\t\t\t\t<\/dd><\/dl><dl class='gallery-item'>\n\t\t\t<dt class='gallery-icon landscape'>\n\t\t\t\t<a href='http:\/\/www.denkfried.de\/wp\/?attachment_id=13340'><img loading=\"lazy\" decoding=\"async\" width=\"150\" height=\"150\" src=\"http:\/\/www.denkfried.de\/wp\/wp-content\/uploads\/2011\/10\/DSCF12393-150x150.jpg\" class=\"attachment-thumbnail size-thumbnail\" alt=\"\" aria-describedby=\"gallery-1-13340\" \/><\/a>\n\t\t\t<\/dt>\n\t\t\t\t<dd class='wp-caption-text gallery-caption' id='gallery-1-13340'>\n\t\t\t\tDenkmal Weltkriege\n\t\t\t\t<\/dd><\/dl><dl class='gallery-item'>\n\t\t\t<dt class='gallery-icon portrait'>\n\t\t\t\t<a href='http:\/\/www.denkfried.de\/wp\/?attachment_id=13341'><img loading=\"lazy\" decoding=\"async\" width=\"150\" height=\"150\" src=\"http:\/\/www.denkfried.de\/wp\/wp-content\/uploads\/2011\/10\/DSCF1240-150x150.jpg\" class=\"attachment-thumbnail size-thumbnail\" alt=\"\" aria-describedby=\"gallery-1-13341\" \/><\/a>\n\t\t\t<\/dt>\n\t\t\t\t<dd class='wp-caption-text gallery-caption' id='gallery-1-13341'>\n\t\t\t\tDenkmal Weltkriege\n\t\t\t\t<\/dd><\/dl><dl class='gallery-item'>\n\t\t\t<dt class='gallery-icon portrait'>\n\t\t\t\t<a href='http:\/\/www.denkfried.de\/wp\/?attachment_id=30079'><img loading=\"lazy\" decoding=\"async\" width=\"150\" height=\"150\" src=\"http:\/\/www.denkfried.de\/wp\/wp-content\/uploads\/2011\/10\/Berlin-Lichterfelde-Kriegsopferstock-150x150.jpg\" class=\"attachment-thumbnail size-thumbnail\" alt=\"\" aria-describedby=\"gallery-1-30079\" \/><\/a>\n\t\t\t<\/dt>\n\t\t\t\t<dd class='wp-caption-text gallery-caption' id='gallery-1-30079'>\n\t\t\t\tKriegsopferstock\n\t\t\t\t<\/dd><\/dl><br style=\"clear: both\" \/>\n\t\t<\/div>\n\n<p><span style=\"text-decoration: underline;\"><strong>Denkmal Befreiungskriege<\/strong><\/span><\/p>\n<p>Wo sich das Denkmal befand, konnte noch nicht herausgefunden werden. Eine Gedenkanlage aus Findlingen, davor ein Eisernens Kreuz mit Blumen. Auf ein gro\u00dfen Findling ist ein bronzener Adler, und eine bronzene Tafel mit folgender Inschrift:<\/p>\n<address style=\"text-align: center;\">\u00a0<strong>Zur Erinnerung an die Siegreichen Kriege<\/strong><\/address>\n<address style=\"text-align: center;\"><strong>1864, 1866, 1870-71<\/strong><\/address>\n<address>\u00a0<\/address>\n<p><span style=\"text-decoration: underline;\"><strong>Kriegsopferstock<\/strong><\/span><\/p>\n<p>Ob es in der Kirche ein Opferstock f\u00fcr die Kriegstoten gab, ist nicht bekannt. Meist zur Kriegshilfe um Spenden zu Sammel eingef\u00fchrt. Auf der R\u00fcckseite der Postkarte ist folgende Aufschrift:<\/p>\n<p>Es eint die Br\u00fcder all\u00b4vom deutschen Stamme. Ein Eisenband, das bitt\u00b4re Not geschwei\u00dft. In unseres Daseinskampfes heil\u00b4ger Flamme Die &#8222;eint&#8220;, &#8222;stark&#8220;, &#8222;gerecht&#8220; und &#8222;furchtlos&#8220; hei\u00dft! Tut auf die H\u00e4nde denn zum reichsten Geben, zu lindern drau\u00dfen und daheim das Leid. In dem Bewu\u00dftsein, da\u00df f\u00fcr\u00b4s ganze Leben. Ihr dennoch Schuldner unserer Helden seid! Otto Schlotke<\/p>\n<p><span style=\"text-decoration: underline;\"><strong>Denkmal Weltkriege<\/strong><\/span><\/p>\n<p><strong>Goethe Oberschule<\/strong> in der Drakestra\u00dfe 72-75<\/p>\n<p>Am Weg zum Eingang steht auf der rechten Seite eine Ehrenmal.<br \/>\nAuf einem Stein sind Buchstaben aus Eisen angebracht.<\/p>\n<p style=\"text-align: center;\"><strong>1914-1918\u00a0 \u00a0 \u00a01939-1945<br \/>\nUnseren Kameraden vom<br \/>\nLichterfelder Realgymnasium<br \/>\nWeddigenschule<\/strong><\/p>\n<p>&nbsp;<\/p>\n","protected":false},"excerpt":{"rendered":"<p>&nbsp; Berlin-Lichterfelde Denkm\u00e4ler Bericht und Bilder von Thomas\u00a0Gefallenendenkm\u00e4ler Berlin\/Brandenburg Denkmal Befreiungskriege Wo sich das Denkmal befand, konnte noch nicht herausgefunden werden. Eine Gedenkanlage aus Findlingen, davor ein Eisernens Kreuz mit Blumen. Auf ein gro\u00dfen Findling ist ein bronzener Adler, und &hellip; <a href=\"http:\/\/www.denkfried.de\/wp\/?page_id=13339\">Weiterlesen <span class=\"meta-nav\">&rarr;<\/span><\/a><\/p>\n","protected":false},"author":9,"featured_media":0,"parent":15564,"menu_order":0,"comment_status":"closed","ping_status":"open","template":"","meta":{"footnotes":""},"class_list":["post-13339","page","type-page","status-publish","hentry"],"_links":{"self":[{"href":"http:\/\/www.denkfried.de\/wp\/index.php?rest_route=\/wp\/v2\/pages\/13339","targetHints":{"allow":["GET"]}}],"collection":[{"href":"http:\/\/www.denkfried.de\/wp\/index.php?rest_route=\/wp\/v2\/pages"}],"about":[{"href":"http:\/\/www.denkfried.de\/wp\/index.php?rest_route=\/wp\/v2\/types\/page"}],"author":[{"embeddable":true,"href":"http:\/\/www.denkfried.de\/wp\/index.php?rest_route=\/wp\/v2\/users\/9"}],"replies":[{"embeddable":true,"href":"http:\/\/www.denkfried.de\/wp\/index.php?rest_route=%2Fwp%2Fv2%2Fcomments&post=13339"}],"version-history":[{"count":21,"href":"http:\/\/www.denkfried.de\/wp\/index.php?rest_route=\/wp\/v2\/pages\/13339\/revisions"}],"predecessor-version":[{"id":39973,"href":"http:\/\/www.denkfried.de\/wp\/index.php?rest_route=\/wp\/v2\/pages\/13339\/revisions\/39973"}],"up":[{"embeddable":true,"href":"http:\/\/www.denkfried.de\/wp\/index.php?rest_route=\/wp\/v2\/pages\/15564"}],"wp:attachment":[{"href":"http:\/\/www.denkfried.de\/wp\/index.php?rest_route=%2Fwp%2Fv2%2Fmedia&parent=13339"}],"curies":[{"name":"wp","href":"https:\/\/api.w.org\/{rel}","templated":true}]}}