{"id":13321,"date":"2011-10-25T18:32:39","date_gmt":"2011-10-25T16:32:39","guid":{"rendered":"http:\/\/www.denkfried.de\/wp\/?page_id=13321"},"modified":"2015-12-27T21:33:55","modified_gmt":"2015-12-27T20:33:55","slug":"zehlendorf-denkmaler","status":"publish","type":"page","link":"http:\/\/www.denkfried.de\/wp\/?page_id=13321","title":{"rendered":"Zehlendorf &#8211; Denkm\u00e4ler"},"content":{"rendered":"<p>&nbsp;<\/p>\n<p><strong>Berlin-Zehlendorf<\/strong> Denkm\u00e4ler<\/p>\n<p>Bericht und Bilder von Thomas\u00a0<a href=\"http:\/\/g-bb.jimdo.com\/\">Gefallenendenkm\u00e4ler Berlin\/Brandenburg<\/a><\/p>\n<div id='gallery-1' class='gallery galleryid-13321 gallery-columns-4 gallery-size-thumbnail'><dl class='gallery-item'>\n\t\t\t<dt class='gallery-icon portrait'>\n\t\t\t\t<a href='http:\/\/www.denkfried.de\/wp\/?attachment_id=13330'><img loading=\"lazy\" decoding=\"async\" width=\"150\" height=\"150\" src=\"http:\/\/www.denkfried.de\/wp\/wp-content\/uploads\/2011\/10\/Ehrenmal-1871-Bild-1-150x150.jpg\" class=\"attachment-thumbnail size-thumbnail\" alt=\"\" \/><\/a>\n\t\t\t<\/dt><\/dl><dl class='gallery-item'>\n\t\t\t<dt class='gallery-icon portrait'>\n\t\t\t\t<a href='http:\/\/www.denkfried.de\/wp\/?attachment_id=13331'><img loading=\"lazy\" decoding=\"async\" width=\"150\" height=\"150\" src=\"http:\/\/www.denkfried.de\/wp\/wp-content\/uploads\/2011\/10\/Ehrenmal-1871-Bild-2-150x150.jpg\" class=\"attachment-thumbnail size-thumbnail\" alt=\"\" \/><\/a>\n\t\t\t<\/dt><\/dl><dl class='gallery-item'>\n\t\t\t<dt class='gallery-icon landscape'>\n\t\t\t\t<a href='http:\/\/www.denkfried.de\/wp\/?attachment_id=13332'><img loading=\"lazy\" decoding=\"async\" width=\"150\" height=\"150\" src=\"http:\/\/www.denkfried.de\/wp\/wp-content\/uploads\/2011\/10\/Ehrenmal-1871-Bild-3-150x150.jpg\" class=\"attachment-thumbnail size-thumbnail\" alt=\"\" \/><\/a>\n\t\t\t<\/dt><\/dl><dl class='gallery-item'>\n\t\t\t<dt class='gallery-icon landscape'>\n\t\t\t\t<a href='http:\/\/www.denkfried.de\/wp\/?attachment_id=13327'><img loading=\"lazy\" decoding=\"async\" width=\"150\" height=\"150\" src=\"http:\/\/www.denkfried.de\/wp\/wp-content\/uploads\/2011\/10\/DSCF1338-150x150.jpg\" class=\"attachment-thumbnail size-thumbnail\" alt=\"\" \/><\/a>\n\t\t\t<\/dt><\/dl><br style=\"clear: both\" \/><dl class='gallery-item'>\n\t\t\t<dt class='gallery-icon landscape'>\n\t\t\t\t<a href='http:\/\/www.denkfried.de\/wp\/?attachment_id=13328'><img loading=\"lazy\" decoding=\"async\" width=\"150\" height=\"150\" src=\"http:\/\/www.denkfried.de\/wp\/wp-content\/uploads\/2011\/10\/DSCF1340-150x150.jpg\" class=\"attachment-thumbnail size-thumbnail\" alt=\"\" \/><\/a>\n\t\t\t<\/dt><\/dl><dl class='gallery-item'>\n\t\t\t<dt class='gallery-icon landscape'>\n\t\t\t\t<a href='http:\/\/www.denkfried.de\/wp\/?attachment_id=13329'><img loading=\"lazy\" decoding=\"async\" width=\"150\" height=\"150\" src=\"http:\/\/www.denkfried.de\/wp\/wp-content\/uploads\/2011\/10\/DSCF1343-150x150.jpg\" class=\"attachment-thumbnail size-thumbnail\" alt=\"\" \/><\/a>\n\t\t\t<\/dt><\/dl><dl class='gallery-item'>\n\t\t\t<dt class='gallery-icon portrait'>\n\t\t\t\t<a href='http:\/\/www.denkfried.de\/wp\/?attachment_id=36330'><img loading=\"lazy\" decoding=\"async\" width=\"150\" height=\"150\" src=\"http:\/\/www.denkfried.de\/wp\/wp-content\/uploads\/2011\/10\/Berlin-Turn-und-Sportverein-Denkschrift-Kriegsopfer-150x150.jpg\" class=\"attachment-thumbnail size-thumbnail\" alt=\"\" \/><\/a>\n\t\t\t<\/dt><\/dl><dl class='gallery-item'>\n\t\t\t<dt class='gallery-icon landscape'>\n\t\t\t\t<a href='http:\/\/www.denkfried.de\/wp\/?attachment_id=36331'><img loading=\"lazy\" decoding=\"async\" width=\"150\" height=\"150\" src=\"http:\/\/www.denkfried.de\/wp\/wp-content\/uploads\/2011\/10\/Berlin-Turn-und-Sportverein-Denkschrift-Kriegsopfer-1-150x150.jpg\" class=\"attachment-thumbnail size-thumbnail\" alt=\"\" \/><\/a>\n\t\t\t<\/dt><\/dl><br style=\"clear: both\" \/>\n\t\t<\/div>\n\n<p><span style=\"text-decoration: underline;\"><strong>Die Friedens-Eiche<\/strong><\/span><\/p>\n<p>An der heute viel befahrenen Stra\u00dfenkreuzung Clayallee\/ Ecke Berliner Stra\u00dfe befand sich einst\u00a0der Dorfkern von Zehlendorf mit seinen typischen Elementen wie Schulhaus oder Kirche mit angrenzendem Friedhof. Die Kirche wurde 1768 erbaut. Direkt auf dem Platz vor dem Schulhaus und der Kirche wurde 1871 eine Stiel-Eiche (Quercus robur) gepflanzt. Die &#8222;Friedens-Eiche&#8220; von Zehlendorf soll an den Friedensschluss nach dem Deutsch-Franz\u00f6sischen Krieg 1870 bis 1871 erinnern. Heute hat die Eiche einen Stammumfang von rund 4 m und \u00fcberzeugt durch ihre Sch\u00f6nheit. Der Standort hat ihr die M\u00f6glichkeit gegeben, sich frei zu entfalten und eine herrliche Krone auszubilden.<\/p>\n<p><span style=\"text-decoration: underline;\"><strong>Denkmal 1914-1918<\/strong><\/span><\/p>\n<p>Auf dem Gel\u00e4nde des Turn und Sportvereins Zehlendorf 1888.e.V.\u00a0steht ein Denkmal f\u00fcr die Gefallenen aus dem ersten Weltkrieg.\u00a0Sp\u00e4ter wurde auch eine Platte angebracht, f\u00fcr den zweiten Weltkrieg.<\/p>\n<address style=\"text-align: center;\"><em><strong>Aus unseren reihen fanden<\/strong><\/em><\/address>\n<address style=\"text-align: center;\"><em><strong>den Tod f\u00fcr\u00b4s Vaterland:<br \/>\nIhr Andenken ehrt der<\/strong><\/em><\/address>\n<address style=\"text-align: center;\"><em><strong>Zehlendorfer Turn- und Sportverein v. 1888<\/strong><\/em><\/address>\n<address style=\"text-align: center;\">\u00a0<\/address>\n<address style=\"text-align: center;\"><em><strong>Den Opfern des zweiten Weltkrieges zum Gedenken<\/strong><\/em><\/address>\n<address style=\"text-align: center;\">\u00a0<\/address>\n<p style=\"text-align: left;\"><span style=\"text-decoration: underline;\"><strong>Denkschrift<\/strong><\/span><\/p>\n<p style=\"text-align: left;\">Der Zehlendorfer Turn und Sporterverein 1888 e.V. hat zum Andenken seiner im Krieg gebliebenen und Vermi\u00dften 1919 ein Denkschrift herausgeben. Vom Verein sind 123 Mitglieder in das Heer eingetreten. Aufgef\u00fchrt sind alle Namen mit Angaben zum Orden des Eisernen Kreuzes. Unter den Turngenossen waren, 19 Offiziere, 6 Offizier-Stellvertreter, 23 Unteroffiziere, 19 Gefreite und 54 Soldaten. Von Ihnen erhielten 51 Das Eiserne Kreuz 2. Klasse und 6 erwarben das Eiserne Kreuz 1. Klasse. Im Krieg Verwundet wurden 28\u00a0Turngenossen. Bei den Gefallenen gibt es teilweise weitere Informationen, zum\u00a0Todestag und Ort.<\/p>\n<p style=\"text-align: left;\">Insgesamt sind in Verbindung mit dem Denkmal 34 Namen von Gefallenen dokumentiert worden,\u00a0am Denkmal sind mehr Namen von Gefallenen als in der Denkschrift. \u00dcber das Denkmal steht nichts im Heft, hier ist die Planung den\u00a0Gefallenen in drei Ehrentafel zum Gedenken in das Vereinsheim ein Platz zu geben.<\/p>\n<p style=\"text-align: left;\">Die Namen wurden in die Datenbank eingepflegt.<\/p>\n","protected":false},"excerpt":{"rendered":"<p>&nbsp; Berlin-Zehlendorf Denkm\u00e4ler Bericht und Bilder von Thomas\u00a0Gefallenendenkm\u00e4ler Berlin\/Brandenburg Die Friedens-Eiche An der heute viel befahrenen Stra\u00dfenkreuzung Clayallee\/ Ecke Berliner Stra\u00dfe befand sich einst\u00a0der Dorfkern von Zehlendorf mit seinen typischen Elementen wie Schulhaus oder Kirche mit angrenzendem Friedhof. Die Kirche &hellip; <a href=\"http:\/\/www.denkfried.de\/wp\/?page_id=13321\">Weiterlesen <span class=\"meta-nav\">&rarr;<\/span><\/a><\/p>\n","protected":false},"author":9,"featured_media":0,"parent":15547,"menu_order":0,"comment_status":"closed","ping_status":"open","template":"","meta":{"footnotes":""},"class_list":["post-13321","page","type-page","status-publish","hentry"],"_links":{"self":[{"href":"http:\/\/www.denkfried.de\/wp\/index.php?rest_route=\/wp\/v2\/pages\/13321","targetHints":{"allow":["GET"]}}],"collection":[{"href":"http:\/\/www.denkfried.de\/wp\/index.php?rest_route=\/wp\/v2\/pages"}],"about":[{"href":"http:\/\/www.denkfried.de\/wp\/index.php?rest_route=\/wp\/v2\/types\/page"}],"author":[{"embeddable":true,"href":"http:\/\/www.denkfried.de\/wp\/index.php?rest_route=\/wp\/v2\/users\/9"}],"replies":[{"embeddable":true,"href":"http:\/\/www.denkfried.de\/wp\/index.php?rest_route=%2Fwp%2Fv2%2Fcomments&post=13321"}],"version-history":[{"count":21,"href":"http:\/\/www.denkfried.de\/wp\/index.php?rest_route=\/wp\/v2\/pages\/13321\/revisions"}],"predecessor-version":[{"id":39998,"href":"http:\/\/www.denkfried.de\/wp\/index.php?rest_route=\/wp\/v2\/pages\/13321\/revisions\/39998"}],"up":[{"embeddable":true,"href":"http:\/\/www.denkfried.de\/wp\/index.php?rest_route=\/wp\/v2\/pages\/15547"}],"wp:attachment":[{"href":"http:\/\/www.denkfried.de\/wp\/index.php?rest_route=%2Fwp%2Fv2%2Fmedia&parent=13321"}],"curies":[{"name":"wp","href":"https:\/\/api.w.org\/{rel}","templated":true}]}}