{"id":13278,"date":"2011-10-25T16:28:20","date_gmt":"2011-10-25T14:28:20","guid":{"rendered":"http:\/\/www.denkfried.de\/wp\/?page_id=13278"},"modified":"2015-12-27T21:17:45","modified_gmt":"2015-12-27T20:17:45","slug":"nikolassee","status":"publish","type":"page","link":"http:\/\/www.denkfried.de\/wp\/?page_id=13278","title":{"rendered":"Nikolassee DM"},"content":{"rendered":"<p>&nbsp;<\/p>\n<p><strong>14129 Nikolassee <\/strong>Denkmal, Tafel<\/p>\n<p>Bericht und Bilder von Thomas\u00a0<a href=\"http:\/\/g-bb.jimdo.com\/\">Gefallenendenkm\u00e4ler Berlin\/Brandenburg<\/a><\/p>\n<div id='gallery-1' class='gallery galleryid-13278 gallery-columns-4 gallery-size-thumbnail'><dl class='gallery-item'>\n\t\t\t<dt class='gallery-icon landscape'>\n\t\t\t\t<a href='http:\/\/www.denkfried.de\/wp\/?attachment_id=36042'><img loading=\"lazy\" decoding=\"async\" width=\"150\" height=\"150\" src=\"http:\/\/www.denkfried.de\/wp\/wp-content\/uploads\/2011\/10\/Berlin-Nikolassee-Kriegerdenkmal-Gefallenendenkmal-Ehrenmal-150x150.jpg\" class=\"attachment-thumbnail size-thumbnail\" alt=\"\" \/><\/a>\n\t\t\t<\/dt><\/dl><dl class='gallery-item'>\n\t\t\t<dt class='gallery-icon landscape'>\n\t\t\t\t<a href='http:\/\/www.denkfried.de\/wp\/?attachment_id=13289'><img loading=\"lazy\" decoding=\"async\" width=\"150\" height=\"150\" src=\"http:\/\/www.denkfried.de\/wp\/wp-content\/uploads\/2011\/10\/Nikolassee1-150x150.jpg\" class=\"attachment-thumbnail size-thumbnail\" alt=\"\" \/><\/a>\n\t\t\t<\/dt><\/dl><dl class='gallery-item'>\n\t\t\t<dt class='gallery-icon landscape'>\n\t\t\t\t<a href='http:\/\/www.denkfried.de\/wp\/?attachment_id=36056'><img loading=\"lazy\" decoding=\"async\" width=\"150\" height=\"150\" src=\"http:\/\/www.denkfried.de\/wp\/wp-content\/uploads\/2011\/10\/Berlin-Nikolassee-Ehrenmal-150x150.jpg\" class=\"attachment-thumbnail size-thumbnail\" alt=\"\" \/><\/a>\n\t\t\t<\/dt><\/dl><dl class='gallery-item'>\n\t\t\t<dt class='gallery-icon portrait'>\n\t\t\t\t<a href='http:\/\/www.denkfried.de\/wp\/?attachment_id=36054'><img loading=\"lazy\" decoding=\"async\" width=\"150\" height=\"150\" src=\"http:\/\/www.denkfried.de\/wp\/wp-content\/uploads\/2011\/10\/Berlin-Nikolassee-Gedenktafel-Ehrentafel-150x150.jpg\" class=\"attachment-thumbnail size-thumbnail\" alt=\"\" \/><\/a>\n\t\t\t<\/dt><\/dl><br style=\"clear: both\" \/>\n\t\t<\/div>\n\n<p>Gegen\u00fcber der Evangelischen Kirche im Kirchweg 6, steht im hinteren Bereich einer Gr\u00fcnanlage ein Denkmal,\u00a0f\u00fcr die Gefallenen des Ersten Weltkrieges. Hier ist ein Soldat zu sehen welcher ein Schild und ein Schwert tr\u00e4gt, vor ihn ein ersch\u00f6pfter Krieger. Eine Postkarte aus meiner Sammlung zeigt die Denkmalanlage im guten Zustand, aktuelle ist kaum etwas von der Inschrift zu Lesen. Zentral sind zwei Soldaten, ein ersch\u00f6pfter und ein K\u00e4mpfender. Dar\u00fcber sind die Kriegsjahre 1914-1918 angebracht. Links und recht davon ist folgende Inschrift verzeichnet:<\/p>\n<p style=\"text-align: center;\"><em><strong>Gewaltiges haben Sie geleistet f\u00fcr Uns<\/strong><\/em><\/p>\n<p style=\"text-align: center;\"><em><strong>Sei getreu bis an den Tod<\/strong><\/em><\/p>\n<p style=\"text-align: center;\"><em><strong>Ihr Andenken in Ehren<\/strong><\/em><\/p>\n<p>Bei einem Entwurf von 1920 von Erich Blunck mit der Bezeichnung\u00a0<span style=\"color: #5b4b4b;\">Krieger-Denkstein Nikolassee, hier war ein anders Denkmal vorgesehen. Ein geschliffenes Denkmal sollte an der Vorderseite die Namen verzeichnet werden. Folgende Inschrift war angedacht: Auf dem Feld der Ehre Starben f\u00fcr\u00b4s Vaterland 1914-1918, Ehre Ihrem Andenken. Auf der R\u00fcckseite: Die Gemeinde Nikolassee Ihren tapferen S\u00f6hnen 1920 sowie folgendes Zitat von E<\/span>rnst Moritz Arndt:\u00a0<span style=\"color: #600b00;\">Ewig, Mensch, sollst du das loben,\u00a0<\/span><span style=\"color: #600b00;\">Was die Erdennot besiegt\u00a0<\/span><span style=\"color: #600b00;\">Und im stolzen Flug nach oben\u00a0<\/span><span style=\"color: #600b00;\">Mit des Geistes Fl\u00fcgeln fliegt,\u00a0<\/span><span style=\"color: #600b00;\">Was mit hochgebornen Seelen\u00a0<\/span><span style=\"color: #600b00;\">Um die stolze Freiheit wirbt\u00a0<\/span><span style=\"color: #600b00;\">Und nicht rechnen kann und z\u00e4hlen,\u00a0<\/span><span style=\"color: #600b00;\">Wo sich&#8217;s ehrlich lebt und stirbt.\u00a0<\/span><\/p>\n<p><strong>Gedenktafel<\/strong><\/p>\n<p>M\u00f6glicherweise wurde die Gedenktafel in Verbindung mit dem Kriegerdenkmal errichtet. Aufgef\u00fchrt sind hier 129 Namen von Gefallenen und Vermi\u00dften. Da am Denkmal zu wenig Platz gewesen ist. Die Tafel befand sich hinter der Kanzel,\u00a0heute steht sie\u00a0in der Friedhofskapelle, \u00fcber den Namen ist folgende Inschrift:<\/p>\n<p style=\"text-align: center;\"><strong>F\u00fcr\u00b4s Vaterland starben aus unserer Gemeinde<\/strong><\/p>\n<p>Angegeben sind die Namen mit Todesdatum, unter den Namen ist ein Adler mit Fahnen.<\/p>\n<p>Die Namen werden in die Datenbank eingepflegt.<\/p>\n<ul>\n<li><strong><a href=\"http:\/\/www.denkfried.de\/wp\/wp-content\/uploads\/2012\/01\/Nikolassee.html\">Namensliste<\/a><\/strong><\/li>\n<\/ul>\n<p><span style=\"color: #000000;\"><strong><br \/>\n<\/strong><\/span><\/p>\n","protected":false},"excerpt":{"rendered":"<p>&nbsp; 14129 Nikolassee Denkmal, Tafel Bericht und Bilder von Thomas\u00a0Gefallenendenkm\u00e4ler Berlin\/Brandenburg Gegen\u00fcber der Evangelischen Kirche im Kirchweg 6, steht im hinteren Bereich einer Gr\u00fcnanlage ein Denkmal,\u00a0f\u00fcr die Gefallenen des Ersten Weltkrieges. Hier ist ein Soldat zu sehen welcher ein Schild &hellip; <a href=\"http:\/\/www.denkfried.de\/wp\/?page_id=13278\">Weiterlesen <span class=\"meta-nav\">&rarr;<\/span><\/a><\/p>\n","protected":false},"author":9,"featured_media":0,"parent":4571,"menu_order":0,"comment_status":"closed","ping_status":"open","template":"","meta":{"footnotes":""},"class_list":["post-13278","page","type-page","status-publish","hentry"],"_links":{"self":[{"href":"http:\/\/www.denkfried.de\/wp\/index.php?rest_route=\/wp\/v2\/pages\/13278","targetHints":{"allow":["GET"]}}],"collection":[{"href":"http:\/\/www.denkfried.de\/wp\/index.php?rest_route=\/wp\/v2\/pages"}],"about":[{"href":"http:\/\/www.denkfried.de\/wp\/index.php?rest_route=\/wp\/v2\/types\/page"}],"author":[{"embeddable":true,"href":"http:\/\/www.denkfried.de\/wp\/index.php?rest_route=\/wp\/v2\/users\/9"}],"replies":[{"embeddable":true,"href":"http:\/\/www.denkfried.de\/wp\/index.php?rest_route=%2Fwp%2Fv2%2Fcomments&post=13278"}],"version-history":[{"count":29,"href":"http:\/\/www.denkfried.de\/wp\/index.php?rest_route=\/wp\/v2\/pages\/13278\/revisions"}],"predecessor-version":[{"id":39983,"href":"http:\/\/www.denkfried.de\/wp\/index.php?rest_route=\/wp\/v2\/pages\/13278\/revisions\/39983"}],"up":[{"embeddable":true,"href":"http:\/\/www.denkfried.de\/wp\/index.php?rest_route=\/wp\/v2\/pages\/4571"}],"wp:attachment":[{"href":"http:\/\/www.denkfried.de\/wp\/index.php?rest_route=%2Fwp%2Fv2%2Fmedia&parent=13278"}],"curies":[{"name":"wp","href":"https:\/\/api.w.org\/{rel}","templated":true}]}}